{"id":3126,"date":"2024-04-21T06:17:30","date_gmt":"2024-04-21T06:17:30","guid":{"rendered":"https:\/\/linktonkitchen.com\/?post_type=product&#038;p=3126"},"modified":"2026-02-04T01:44:23","modified_gmt":"2026-02-04T01:44:23","slug":"wholesale-large-pressure-cooker","status":"publish","type":"product","link":"https:\/\/www.linktonkitchen.com\/de\/product\/wholesale-large-pressure-cooker\/","title":{"rendered":"Gro\u00dfhandel gro\u00dfer Schnellkochtopf 10-84QT, kommerzieller Edelstahl Schnellkochtopf"},"content":{"rendered":"<div class=\"wp-block-columns is-layout-flex wp-container-core-columns-is-layout-9d6595d7 wp-block-columns-is-layout-flex\">\n<div class=\"wp-block-column is-layout-flow wp-block-column-is-layout-flow\">\n<figure class=\"wp-block-embed is-type-video is-provider-youtube wp-block-embed-youtube wp-embed-aspect-16-9 wp-has-aspect-ratio\"><div class=\"wp-block-embed__wrapper\">\n<iframe title=\"Explosionsgesch\u00fctzter Schnellkochtopf mit mehrfachem Detailschutz f\u00fcr sicheres Kochen.#cookware\" width=\"940\" height=\"529\" src=\"https:\/\/www.youtube.com\/embed\/03o9Urhxw1w?feature=oembed\" frameborder=\"0\" allow=\"accelerometer; autoplay; clipboard-write; encrypted-media; gyroscope; picture-in-picture; web-share\" referrerpolicy=\"strict-origin-when-cross-origin\" allowfullscreen><\/iframe>\n<\/div><\/figure>\n<\/div>\n\n\n\n<div class=\"wp-block-column is-layout-flow wp-block-column-is-layout-flow\">\n<h2 class=\"wp-block-heading\">Gro\u00dfer Schnellkochtopf Parameter:<\/h2>\n\n\n\n<figure class=\"wp-block-table\"><table class=\"has-fixed-layout\"><tbody><tr><td>Modell Nr.<\/td><td>Kapazit\u00e4t<\/td><td>Durchmesser der M\u00fcndung<\/td><td>Bruttogewicht (kg)<\/td><\/tr><tr><td rowspan=\"7\">LT-FB<\/td><td>11L<\/td><td>28cm<\/td><td>4,82 kg<\/td><\/tr><tr><td>13L<\/td><td>30cm<\/td><td>5,84 kg<\/td><\/tr><tr><td>15L<\/td><td>32cm<\/td><td>6.04kg<\/td><\/tr><tr><td>26L<\/td><td>36cm<\/td><td>9,8 kg<\/td><\/tr><tr><td>40L<\/td><td>40cm<\/td><td>13,43 kg<\/td><\/tr><tr><td>50L<\/td><td>44cm<\/td><td>16,27 kg<\/td><\/tr><tr><td>80L<\/td><td>50cm<\/td><td>18,17 kg<\/td><\/tr><\/tbody><\/table><\/figure>\n<\/div>\n<\/div>\n\n\n\n<div class=\"wp-block-columns is-layout-flex wp-container-core-columns-is-layout-9d6595d7 wp-block-columns-is-layout-flex\">\n<div class=\"wp-block-column is-layout-flow wp-block-column-is-layout-flow\">\n<h2 class=\"wp-block-heading\">Gro\u00dfer Schnellkochtopf Merkmale:<\/h2>\n\n\n\n<p><strong>Kommerzielle Optionen mit gro\u00dfer Kapazit\u00e4t<\/strong>: Das Fassungsverm\u00f6gen reicht von 20 l bis 80 l und ist f\u00fcr Umgebungen mit hoher Kochfrequenz wie Restaurants, Kantinen, Zentralk\u00fcchen und gro\u00dfe Bankette konzipiert.<\/p>\n\n\n\n<p><strong>Hochglanzpoliertes Material aus Edelstahl<\/strong>: Das Ganze ist aus hochgl\u00e4nzendem Edelstahl gefertigt, der korrosionsbest\u00e4ndig, rostfrei, leicht zu reinigen und langlebig ist.<\/p>\n\n\n\n<p><strong>Verdickter Topfk\u00f6rper<\/strong>: Das verdickte Design des Topfk\u00f6rpers erh\u00f6ht die Gesamtfestigkeit, verbessert die W\u00e4rmeerhaltungsleistung, hat eine hohe W\u00e4rmespeicherkapazit\u00e4t und h\u00e4lt eine konstante Temperatur beim Kochen aufrecht.<\/p>\n\n\n\n<p><strong>Hochbelastbare Sicherheitsschloss-Deckelstruktur<\/strong>: Mit einem verst\u00e4rkten Verschlusssystem und einem pr\u00e4zisen Druckbegrenzungsventil sorgen mehrere Schutzschichten daf\u00fcr, dass der Topfdeckel beim Kochen unter hohem Druck fest und unversehrt bleibt, und verbessern die Stabilit\u00e4t des Gebrauchs.<\/p>\n\n\n\n<p><strong>Hohe Effizienz und Energieeinsparung<\/strong>: Durch den Druckzyklus werden Hitze und Geschmack schnell gespeichert, die traditionelle Schmorzeit wird erheblich verk\u00fcrzt, und es wird Gas und Arbeit gespart.<\/p>\n\n\n\n<p><strong>Anpassungsf\u00e4hig an eine Vielzahl von \u00d6fen<\/strong>: Geeignet f\u00fcr eine Vielzahl von Heizmethoden wie Gas\u00f6fen, Elektro\u00f6fen und Keramik\u00f6fen, die K\u00fcche ist flexibler.<\/p>\n<\/div>\n\n\n\n<div class=\"wp-block-column is-vertically-aligned-top is-layout-flow wp-block-column-is-layout-flow\">\n<figure class=\"wp-block-image size-full\"><img fetchpriority=\"high\" decoding=\"async\" width=\"643\" height=\"643\" src=\"https:\/\/www.linktonkitchen.com\/wp-content\/uploads\/2024\/10\/large-pressure-cooker-manufacturer.webp\" alt=\"Hersteller gro\u00dfer Schnellkocht\u00f6pfe\" class=\"wp-image-4962\" srcset=\"https:\/\/www.linktonkitchen.com\/wp-content\/uploads\/2024\/10\/large-pressure-cooker-manufacturer.webp 643w, https:\/\/www.linktonkitchen.com\/wp-content\/uploads\/2024\/10\/large-pressure-cooker-manufacturer-300x300.webp 300w, https:\/\/www.linktonkitchen.com\/wp-content\/uploads\/2024\/10\/large-pressure-cooker-manufacturer-150x150.webp 150w, https:\/\/www.linktonkitchen.com\/wp-content\/uploads\/2024\/10\/large-pressure-cooker-manufacturer-12x12.webp 12w, https:\/\/www.linktonkitchen.com\/wp-content\/uploads\/2024\/10\/large-pressure-cooker-manufacturer-285x285.webp 285w, https:\/\/www.linktonkitchen.com\/wp-content\/uploads\/2024\/10\/large-pressure-cooker-manufacturer-270x270.webp 270w, https:\/\/www.linktonkitchen.com\/wp-content\/uploads\/2024\/10\/large-pressure-cooker-manufacturer-540x540.webp 540w\" sizes=\"(max-width: 643px) 100vw, 643px\" \/><\/figure>\n<\/div>\n<\/div>\n\n\n\n<div class=\"wp-block-columns is-layout-flex wp-container-core-columns-is-layout-9d6595d7 wp-block-columns-is-layout-flex\">\n<div class=\"wp-block-column is-layout-flow wp-block-column-is-layout-flow\">\n<figure class=\"wp-block-image size-full\"><img decoding=\"async\" width=\"546\" height=\"462\" src=\"https:\/\/www.linktonkitchen.com\/wp-content\/uploads\/2025\/03\/custom-pressure-cooker-Color.webp\" alt=\"Custom Schnellkochtopf Farbe\" class=\"wp-image-5270\" srcset=\"https:\/\/www.linktonkitchen.com\/wp-content\/uploads\/2025\/03\/custom-pressure-cooker-Color.webp 546w, https:\/\/www.linktonkitchen.com\/wp-content\/uploads\/2025\/03\/custom-pressure-cooker-Color-300x254.webp 300w, https:\/\/www.linktonkitchen.com\/wp-content\/uploads\/2025\/03\/custom-pressure-cooker-Color-14x12.webp 14w, https:\/\/www.linktonkitchen.com\/wp-content\/uploads\/2025\/03\/custom-pressure-cooker-Color-285x241.webp 285w, https:\/\/www.linktonkitchen.com\/wp-content\/uploads\/2025\/03\/custom-pressure-cooker-Color-150x127.webp 150w\" sizes=\"(max-width: 546px) 100vw, 546px\" \/><\/figure>\n<\/div>\n\n\n\n<div class=\"wp-block-column is-vertically-aligned-center is-layout-flow wp-block-column-is-layout-flow\">\n<h2 class=\"wp-block-heading\">Individueller gro\u00dfer Schnellkochtopf:<\/h2>\n\n\n\n<p>Wir bieten flexible OEM- und ODM-Anpassungsdienste an, um den unterschiedlichen Marktanforderungen und der Markenpositionierung gerecht zu werden.<\/p>\n\n\n\n<p><strong>Kapazit\u00e4tsbereich:&nbsp;<\/strong>W\u00e4hlen Sie zwischen 5 und 80 Litern, um den Anforderungen unterschiedlicher Familiengr\u00f6\u00dfen gerecht zu werden.<\/p>\n\n\n\n<p><strong>Oberfl\u00e4che:&nbsp;<\/strong>Erh\u00e4ltlich in den Ausf\u00fchrungen Hochglanzpolieren (Hochglanz), Satinieren (geb\u00fcrstetes Aussehen) oder individuelle Farbbeschichtung.<\/p>\n\n\n\n<p><strong>Branding und Logo:<\/strong><\/p>\n\n\n\n<ul class=\"wp-block-list\">\n<li>Lasergravur auf dem Topfk\u00f6rper.<\/li>\n\n\n\n<li>Pr\u00e4gung auf der Unterseite.<\/li>\n\n\n\n<li>Individuelles Logo auf Griffen und Druckventilen.<\/li>\n<\/ul>\n\n\n\n<p><strong>Verpackungsdesign:&nbsp;<\/strong>Vollst\u00e4ndig angepasste Farbboxen, Bedienungsanleitungen und Versandkartons mit der visuellen Identit\u00e4t Ihrer Marke.<\/p>\n<\/div>\n<\/div>","protected":false},"excerpt":{"rendered":"<p>Der Gro\u00dfhandels-Schnellkochtopf f\u00fcr den kommerziellen Gebrauch ist in Gr\u00f6\u00dfen von 10L-80L erh\u00e4ltlich und unterst\u00fctzt Schmoren, Kochen, D\u00e4mpfen und andere Funktionen, um den Anforderungen des Kochens in gro\u00dfem Ma\u00dfstab gerecht zu werden. Er ist sicher, energiesparend und effizient. Kontaktieren Sie uns f\u00fcr Produktkataloge und Anfragen!<\/p>\n<h2>Gro\u00dfer Schnellkochtopf Merkmale:<\/h2>\n<table width=\"402\">\n<tbody>\n<tr>\n<td width=\"145\">Hersteller<\/td>\n<td width=\"257\">Linkton<\/td>\n<\/tr>\n<tr>\n<td width=\"145\">Kapazit\u00e4t<\/td>\n<td width=\"257\">11L\/13L\/15L\/22L\/26L\/34L\/40L\/50L\/80L<\/td>\n<\/tr>\n<tr>\n<td>Material<\/td>\n<td>Rostfreier Stahl<\/td>\n<\/tr>\n<tr>\n<td>Funktion<\/td>\n<td width=\"257\">1. 60kpa schnelles Kochen\u00a0<br \/>2. Explosionsgesch\u00fctztes Sicherheitssystem <br \/>3. Bakelit-Knauf f\u00fcr einfaches Verschlie\u00dfen und \u00d6ffnen<br \/>4. Bequeme Reinigung<\/td>\n<\/tr>\n<tr>\n<td>Geeigneter Herd<\/td>\n<td>Herd\/Induktionsherd\/ Gasherd\/ Elektroherd\/ Keramikherd\/ Halogenherd<\/td>\n<\/tr>\n<tr>\n<td>Konfiguration<\/td>\n<td width=\"257\">Manuell\/Druckbegrenzungsventil\/auslaufsicherer Beh\u00e4lter\/Reinigungsnadel<\/td>\n<\/tr>\n<tr>\n<td>OEM\/ODM<\/td>\n<td>Annehmbar<\/td>\n<\/tr>\n<tr>\n<td>Muster<\/td>\n<td>MOQ 1 St\u00fcck<\/td>\n<\/tr>\n<\/tbody>\n<\/table>","protected":false},"featured_media":6144,"template":"","meta":{"_acf_changed":false},"product-application":[],"product-capacity":[],"product_brand":[],"product_cat":[55],"product_tag":[82],"class_list":{"0":"post-3126","1":"product","2":"type-product","3":"status-publish","4":"has-post-thumbnail","6":"product_cat-pressure-cooker-wholesale","7":"product_tag-wholesale-large-pressure-cooker","9":"first","10":"instock","11":"shipping-taxable","12":"product-type-simple"},"acf":[],"_links":{"self":[{"href":"https:\/\/www.linktonkitchen.com\/de\/wp-json\/wp\/v2\/product\/3126","targetHints":{"allow":["GET"]}}],"collection":[{"href":"https:\/\/www.linktonkitchen.com\/de\/wp-json\/wp\/v2\/product"}],"about":[{"href":"https:\/\/www.linktonkitchen.com\/de\/wp-json\/wp\/v2\/types\/product"}],"version-history":[{"count":0,"href":"https:\/\/www.linktonkitchen.com\/de\/wp-json\/wp\/v2\/product\/3126\/revisions"}],"wp:featuredmedia":[{"embeddable":true,"href":"https:\/\/www.linktonkitchen.com\/de\/wp-json\/wp\/v2\/media\/6144"}],"wp:attachment":[{"href":"https:\/\/www.linktonkitchen.com\/de\/wp-json\/wp\/v2\/media?parent=3126"}],"wp:term":[{"taxonomy":"product-application","embeddable":true,"href":"https:\/\/www.linktonkitchen.com\/de\/wp-json\/wp\/v2\/product-application?post=3126"},{"taxonomy":"product-capacity","embeddable":true,"href":"https:\/\/www.linktonkitchen.com\/de\/wp-json\/wp\/v2\/product-capacity?post=3126"},{"taxonomy":"product_brand","embeddable":true,"href":"https:\/\/www.linktonkitchen.com\/de\/wp-json\/wp\/v2\/product_brand?post=3126"},{"taxonomy":"product_cat","embeddable":true,"href":"https:\/\/www.linktonkitchen.com\/de\/wp-json\/wp\/v2\/product_cat?post=3126"},{"taxonomy":"product_tag","embeddable":true,"href":"https:\/\/www.linktonkitchen.com\/de\/wp-json\/wp\/v2\/product_tag?post=3126"}],"curies":[{"name":"wp","href":"https:\/\/api.w.org\/{rel}","templated":true}]}}