{"id":3164,"date":"2024-04-21T07:26:37","date_gmt":"2024-04-21T07:26:37","guid":{"rendered":"https:\/\/linktonkitchen.com\/?post_type=product&#038;p=3164"},"modified":"2026-02-05T03:45:48","modified_gmt":"2026-02-05T03:45:48","slug":"wholesale-pressure-cooker-with-double-handle","status":"publish","type":"product","link":"https:\/\/www.linktonkitchen.com\/de\/product\/wholesale-pressure-cooker-with-double-handle\/","title":{"rendered":"Gro\u00dfhandel Schnellkochtopf mit Doppelgriff, gro\u00dfer Schnellkochtopf Hersteller"},"content":{"rendered":"<div class=\"wp-block-columns is-layout-flex wp-container-core-columns-is-layout-9d6595d7 wp-block-columns-is-layout-flex\">\n<div class=\"wp-block-column is-layout-flow wp-block-column-is-layout-flow\">\n<h2 class=\"wp-block-heading\">Schnellkochtopf Parameter:<\/h2>\n\n\n\n<figure class=\"wp-block-table\"><table><tbody><tr><td>Modell Nr.<\/td><td>Durchmesser der M\u00fcndung<\/td><td>Kapazit\u00e4t<\/td><td>Gewicht <\/td><\/tr><tr><td rowspan=\"3\">LT-SB<\/td><td>28cm<\/td><td>10L<\/td><td>3,76 kg<\/td><\/tr><tr><td>30cm<\/td><td>12L<\/td><td>4,69 kg<\/td><\/tr><tr><td>32cm<\/td><td>16L<\/td><td>5,15 kg<\/td><\/tr><\/tbody><\/table><\/figure>\n\n\n\n<h2 class=\"wp-block-heading\">Schnellkochtopf Merkmale:<\/h2>\n\n\n\n<p><strong>Extra gro\u00dfes Fassungsverm\u00f6gen f\u00fcr den gewerblichen und famili\u00e4ren Gebrauch: <\/strong>Erh\u00e4ltlich in den Gr\u00f6\u00dfen 10 l, 12 l und 16 l. Ideal f\u00fcr gro\u00dfe Familien, Restaurants, Cateringservices und den Bedarf an Gro\u00dfk\u00fcchen.<\/p>\n\n\n\n<p><strong>Intelligente Rotpunkt-Druckanzeige und Sicherheitssperre: <\/strong>Verf\u00fcgt \u00fcber ein intelligentes Rotpunktsystem, das sich aktiviert, wenn der Innendruck 4 kPa erreicht. Der rote Punkt steigt auf und verriegelt automatisch den Deckel, um die Sicherheit beim Kochen unter hohem Druck zu gew\u00e4hrleisten.<\/p>\n\n\n\n<p><strong>Zwei Griffe f\u00fcr sicheres und leichtes Anheben: <\/strong>Mit zwei ergonomischen Seitengriffen f\u00fcr stabiles Heben und Tragen.<\/p>\n\n\n\n<p><strong>Hergestellt aus hochwertigem Edelstahl: <\/strong>Sie sind korrosionsbest\u00e4ndig, leicht zu reinigen und f\u00fcr den h\u00e4ufigen Einsatz unter hohem Druck ausgelegt.<\/p>\n\n\n\n<p><strong>Kompatibel mit verschiedenen W\u00e4rmequellen: <\/strong>Geeignet f\u00fcr Gasherde, Induktionsherde und elektrische Kochplatten und damit ideal f\u00fcr den weltweiten Vertrieb.<\/p>\n<\/div>\n\n\n\n<div class=\"wp-block-column is-layout-flow wp-block-column-is-layout-flow\">\n<figure class=\"wp-block-image size-full\"><img fetchpriority=\"high\" decoding=\"async\" width=\"800\" height=\"800\" src=\"https:\/\/www.linktonkitchen.com\/wp-content\/uploads\/2024\/04\/Double-Handle-Pressure-Cooker-3.webp\" alt=\"10 qt Schnellkochtopf Bulk\" class=\"wp-image-3134\" srcset=\"https:\/\/www.linktonkitchen.com\/wp-content\/uploads\/2024\/04\/Double-Handle-Pressure-Cooker-3.webp 800w, https:\/\/www.linktonkitchen.com\/wp-content\/uploads\/2024\/04\/Double-Handle-Pressure-Cooker-3-300x300.webp 300w, https:\/\/www.linktonkitchen.com\/wp-content\/uploads\/2024\/04\/Double-Handle-Pressure-Cooker-3-150x150.webp 150w, https:\/\/www.linktonkitchen.com\/wp-content\/uploads\/2024\/04\/Double-Handle-Pressure-Cooker-3-768x768.webp 768w, https:\/\/www.linktonkitchen.com\/wp-content\/uploads\/2024\/04\/Double-Handle-Pressure-Cooker-3-285x285.webp 285w, https:\/\/www.linktonkitchen.com\/wp-content\/uploads\/2024\/04\/Double-Handle-Pressure-Cooker-3-270x270.webp 270w, https:\/\/www.linktonkitchen.com\/wp-content\/uploads\/2024\/04\/Double-Handle-Pressure-Cooker-3-540x540.webp 540w, https:\/\/www.linktonkitchen.com\/wp-content\/uploads\/2024\/04\/Double-Handle-Pressure-Cooker-3-660x660.webp 660w\" sizes=\"(max-width: 800px) 100vw, 800px\" \/><\/figure>\n<\/div>\n<\/div>\n\n\n\n<div class=\"wp-block-columns is-layout-flex wp-container-core-columns-is-layout-9d6595d7 wp-block-columns-is-layout-flex\">\n<div class=\"wp-block-column is-layout-flow wp-block-column-is-layout-flow\">\n<figure class=\"wp-block-image size-full\"><img decoding=\"async\" width=\"748\" height=\"748\" src=\"https:\/\/www.linktonkitchen.com\/wp-content\/uploads\/2024\/04\/Wholesale-Stainless-Steel-Pressure-Cooker-with-Double-Handle-for-Home-Commercial-2.webp\" alt=\"Gro\u00dfhandel Edelstahl Schnellkochtopf mit Doppelgriff f\u00fcr Haus &amp; Gewerbe\" class=\"wp-image-7382\" srcset=\"https:\/\/www.linktonkitchen.com\/wp-content\/uploads\/2024\/04\/Wholesale-Stainless-Steel-Pressure-Cooker-with-Double-Handle-for-Home-Commercial-2.webp 748w, https:\/\/www.linktonkitchen.com\/wp-content\/uploads\/2024\/04\/Wholesale-Stainless-Steel-Pressure-Cooker-with-Double-Handle-for-Home-Commercial-2-300x300.webp 300w, https:\/\/www.linktonkitchen.com\/wp-content\/uploads\/2024\/04\/Wholesale-Stainless-Steel-Pressure-Cooker-with-Double-Handle-for-Home-Commercial-2-150x150.webp 150w, https:\/\/www.linktonkitchen.com\/wp-content\/uploads\/2024\/04\/Wholesale-Stainless-Steel-Pressure-Cooker-with-Double-Handle-for-Home-Commercial-2-12x12.webp 12w, https:\/\/www.linktonkitchen.com\/wp-content\/uploads\/2024\/04\/Wholesale-Stainless-Steel-Pressure-Cooker-with-Double-Handle-for-Home-Commercial-2-285x285.webp 285w, https:\/\/www.linktonkitchen.com\/wp-content\/uploads\/2024\/04\/Wholesale-Stainless-Steel-Pressure-Cooker-with-Double-Handle-for-Home-Commercial-2-270x270.webp 270w, https:\/\/www.linktonkitchen.com\/wp-content\/uploads\/2024\/04\/Wholesale-Stainless-Steel-Pressure-Cooker-with-Double-Handle-for-Home-Commercial-2-540x540.webp 540w, https:\/\/www.linktonkitchen.com\/wp-content\/uploads\/2024\/04\/Wholesale-Stainless-Steel-Pressure-Cooker-with-Double-Handle-for-Home-Commercial-2-660x660.webp 660w\" sizes=\"(max-width: 748px) 100vw, 748px\" \/><\/figure>\n<\/div>\n\n\n\n<div class=\"wp-block-column is-layout-flow wp-block-column-is-layout-flow\">\n<figure class=\"wp-block-image size-full\"><img decoding=\"async\" width=\"748\" height=\"748\" src=\"https:\/\/www.linktonkitchen.com\/wp-content\/uploads\/2024\/04\/Wholesale-Stainless-Steel-Pressure-Cooker-with-Double-Handle-for-Home-Commercial-3-1.webp\" alt=\"Gro\u00dfhandel Edelstahl Schnellkochtopf mit Doppelgriff f\u00fcr Haus &amp; Gewerbe\" class=\"wp-image-7391\" srcset=\"https:\/\/www.linktonkitchen.com\/wp-content\/uploads\/2024\/04\/Wholesale-Stainless-Steel-Pressure-Cooker-with-Double-Handle-for-Home-Commercial-3-1.webp 748w, https:\/\/www.linktonkitchen.com\/wp-content\/uploads\/2024\/04\/Wholesale-Stainless-Steel-Pressure-Cooker-with-Double-Handle-for-Home-Commercial-3-1-300x300.webp 300w, https:\/\/www.linktonkitchen.com\/wp-content\/uploads\/2024\/04\/Wholesale-Stainless-Steel-Pressure-Cooker-with-Double-Handle-for-Home-Commercial-3-1-150x150.webp 150w, https:\/\/www.linktonkitchen.com\/wp-content\/uploads\/2024\/04\/Wholesale-Stainless-Steel-Pressure-Cooker-with-Double-Handle-for-Home-Commercial-3-1-12x12.webp 12w, https:\/\/www.linktonkitchen.com\/wp-content\/uploads\/2024\/04\/Wholesale-Stainless-Steel-Pressure-Cooker-with-Double-Handle-for-Home-Commercial-3-1-285x285.webp 285w, https:\/\/www.linktonkitchen.com\/wp-content\/uploads\/2024\/04\/Wholesale-Stainless-Steel-Pressure-Cooker-with-Double-Handle-for-Home-Commercial-3-1-270x270.webp 270w, https:\/\/www.linktonkitchen.com\/wp-content\/uploads\/2024\/04\/Wholesale-Stainless-Steel-Pressure-Cooker-with-Double-Handle-for-Home-Commercial-3-1-540x540.webp 540w, https:\/\/www.linktonkitchen.com\/wp-content\/uploads\/2024\/04\/Wholesale-Stainless-Steel-Pressure-Cooker-with-Double-Handle-for-Home-Commercial-3-1-660x660.webp 660w\" sizes=\"(max-width: 748px) 100vw, 748px\" \/><\/figure>\n<\/div>\n<\/div>\n\n\n\n<div class=\"wp-block-columns is-layout-flex wp-container-core-columns-is-layout-9d6595d7 wp-block-columns-is-layout-flex\">\n<div class=\"wp-block-column is-vertically-aligned-top is-layout-flow wp-block-column-is-layout-flow\">\n<figure class=\"wp-block-image size-full\"><img loading=\"lazy\" decoding=\"async\" width=\"800\" height=\"800\" src=\"https:\/\/www.linktonkitchen.com\/wp-content\/uploads\/2024\/04\/Double-Handle-Pressure-Cooker-4.webp\" alt=\"Gro\u00dfhandel Schnellkocht\u00f6pfe mit Doppelgriffen 10 qt\" class=\"wp-image-3135\" srcset=\"https:\/\/www.linktonkitchen.com\/wp-content\/uploads\/2024\/04\/Double-Handle-Pressure-Cooker-4.webp 800w, https:\/\/www.linktonkitchen.com\/wp-content\/uploads\/2024\/04\/Double-Handle-Pressure-Cooker-4-300x300.webp 300w, https:\/\/www.linktonkitchen.com\/wp-content\/uploads\/2024\/04\/Double-Handle-Pressure-Cooker-4-150x150.webp 150w, https:\/\/www.linktonkitchen.com\/wp-content\/uploads\/2024\/04\/Double-Handle-Pressure-Cooker-4-768x768.webp 768w, https:\/\/www.linktonkitchen.com\/wp-content\/uploads\/2024\/04\/Double-Handle-Pressure-Cooker-4-285x285.webp 285w, https:\/\/www.linktonkitchen.com\/wp-content\/uploads\/2024\/04\/Double-Handle-Pressure-Cooker-4-270x270.webp 270w, https:\/\/www.linktonkitchen.com\/wp-content\/uploads\/2024\/04\/Double-Handle-Pressure-Cooker-4-540x540.webp 540w, https:\/\/www.linktonkitchen.com\/wp-content\/uploads\/2024\/04\/Double-Handle-Pressure-Cooker-4-660x660.webp 660w\" sizes=\"(max-width: 800px) 100vw, 800px\" \/><\/figure>\n<\/div>\n\n\n\n<div class=\"wp-block-column is-vertically-aligned-center is-layout-flow wp-block-column-is-layout-flow\">\n<h2 class=\"wp-block-heading\">Individueller Schnellkochtopf aus Edelstahl:<\/h2>\n\n\n\n<p>Wir bieten flexible OEM- und ODM-Anpassungsdienste an, um den unterschiedlichen Marktanforderungen und der Markenpositionierung gerecht zu werden.<\/p>\n\n\n\n<p><strong>Kapazit\u00e4tsbereich:\u00a0<\/strong>W\u00e4hlen Sie zwischen 10 und 16 Litern, um den Anforderungen unterschiedlicher Familiengr\u00f6\u00dfen gerecht zu werden.<\/p>\n\n\n\n<p><strong>Oberfl\u00e4che:\u00a0<\/strong>Erh\u00e4ltlich in den Ausf\u00fchrungen Hochglanzpolieren (Hochglanz), Satinieren (geb\u00fcrstetes Aussehen) oder mit individueller Farbbeschichtung.<\/p>\n\n\n\n<p><strong>Branding und Logo:<\/strong><\/p>\n\n\n\n<ul class=\"wp-block-list\">\n<li>Lasergravur auf dem Topfk\u00f6rper.<\/li>\n\n\n\n<li>Pr\u00e4gung auf der Unterseite.<\/li>\n\n\n\n<li>Individuelles Logo auf Griffen und Druckventilen.<\/li>\n<\/ul>\n\n\n\n<p><strong>Verpackungsdesign:\u00a0<\/strong>Vollst\u00e4ndig individuell gestaltete Farbschachteln, Bedienungsanleitungen und Versandkartons mit der visuellen Identit\u00e4t Ihrer Marke.<\/p>\n<\/div>\n<\/div>","protected":false},"excerpt":{"rendered":"<p>Als gro\u00dfer Hersteller von Schnellkocht\u00f6pfen bieten wir im Gro\u00dfhandel Schnellkocht\u00f6pfe mit Doppelgriffen und intelligentem Druckverschlussdesign an, die sicher und praktisch sind und sich f\u00fcr den gewerblichen und privaten Gebrauch eignen. Fabrikpreis, OEM-Anpassung, stabile Versorgung. Willkommen zu erkundigen heute!<\/p>\n<h2>Schnellkochtopf Spezifikationen:<\/h2>\n<table width=\"402\">\n<tbody>\n<tr>\n<td width=\"145\">Hersteller<\/td>\n<td width=\"257\">Linkton<\/td>\n<\/tr>\n<tr>\n<td width=\"145\">Modell Nr.<\/td>\n<td width=\"257\">LT-SB<\/td>\n<\/tr>\n<tr>\n<td width=\"145\">Kapazit\u00e4t<\/td>\n<td width=\"257\">10L\/ 12L\/ 16L<\/td>\n<\/tr>\n<tr>\n<td>Material<\/td>\n<td>Rostfreier Stahl<\/td>\n<\/tr>\n<tr>\n<td>Funktion<\/td>\n<td width=\"257\">\n<p>1. Doppeltes Griffdesign<br \/>2. Intelligente Rotpunkt-Druckanzeige &amp; Sicherheitssperre<br \/>3. Sechs schwere Schutzvorrichtungen<br \/>4. 80 kpa Druck<br \/>5. Sicherheit explosionsgesch\u00fctzt<br \/>7. Bequeme Reinigung<\/p>\n<\/td>\n<\/tr>\n<tr>\n<td>Geeigneter Herd<\/td>\n<td>Herd\/Induktionsherd\/ Gasherd\/ Elektroherd\/ Keramikherd\/ Halogenherd<\/td>\n<\/tr>\n<tr>\n<td>Konfiguration<\/td>\n<td width=\"257\">Manuell\/Druckbegrenzungsventil\/auslaufsicherer Beh\u00e4lter\/Reinigungsnadel<\/td>\n<\/tr>\n<tr>\n<td>OEM\/ODM<\/td>\n<td>Annehmbar<\/td>\n<\/tr>\n<tr>\n<td>Muster<\/td>\n<td>MOQ 1 St\u00fcck<\/td>\n<\/tr>\n<\/tbody>\n<\/table>","protected":false},"featured_media":3137,"template":"","meta":{"_acf_changed":false},"product-application":[],"product-capacity":[],"product_brand":[],"product_cat":[55],"product_tag":[85],"class_list":{"0":"post-3164","1":"product","2":"type-product","3":"status-publish","4":"has-post-thumbnail","6":"product_cat-pressure-cooker-wholesale","7":"product_tag-stainless-steel-pressure-cooker-wholesale","9":"first","10":"instock","11":"shipping-taxable","12":"product-type-simple"},"acf":[],"_links":{"self":[{"href":"https:\/\/www.linktonkitchen.com\/de\/wp-json\/wp\/v2\/product\/3164","targetHints":{"allow":["GET"]}}],"collection":[{"href":"https:\/\/www.linktonkitchen.com\/de\/wp-json\/wp\/v2\/product"}],"about":[{"href":"https:\/\/www.linktonkitchen.com\/de\/wp-json\/wp\/v2\/types\/product"}],"version-history":[{"count":0,"href":"https:\/\/www.linktonkitchen.com\/de\/wp-json\/wp\/v2\/product\/3164\/revisions"}],"wp:featuredmedia":[{"embeddable":true,"href":"https:\/\/www.linktonkitchen.com\/de\/wp-json\/wp\/v2\/media\/3137"}],"wp:attachment":[{"href":"https:\/\/www.linktonkitchen.com\/de\/wp-json\/wp\/v2\/media?parent=3164"}],"wp:term":[{"taxonomy":"product-application","embeddable":true,"href":"https:\/\/www.linktonkitchen.com\/de\/wp-json\/wp\/v2\/product-application?post=3164"},{"taxonomy":"product-capacity","embeddable":true,"href":"https:\/\/www.linktonkitchen.com\/de\/wp-json\/wp\/v2\/product-capacity?post=3164"},{"taxonomy":"product_brand","embeddable":true,"href":"https:\/\/www.linktonkitchen.com\/de\/wp-json\/wp\/v2\/product_brand?post=3164"},{"taxonomy":"product_cat","embeddable":true,"href":"https:\/\/www.linktonkitchen.com\/de\/wp-json\/wp\/v2\/product_cat?post=3164"},{"taxonomy":"product_tag","embeddable":true,"href":"https:\/\/www.linktonkitchen.com\/de\/wp-json\/wp\/v2\/product_tag?post=3164"}],"curies":[{"name":"wp","href":"https:\/\/api.w.org\/{rel}","templated":true}]}}