{"id":3216,"date":"2024-04-21T09:38:19","date_gmt":"2024-04-21T09:38:19","guid":{"rendered":"https:\/\/linktonkitchen.com\/?post_type=product&#038;p=3216"},"modified":"2024-06-01T12:26:35","modified_gmt":"2024-06-01T12:26:35","slug":"gn-pfanne","status":"publish","type":"product","link":"https:\/\/www.linktonkitchen.com\/de\/product\/gn-pan\/","title":{"rendered":"Komplette Gr\u00f6\u00dfe GN Pan Edelstahl Lebensmittel Lagerung"},"content":{"rendered":"<div class=\"wp-block-columns is-layout-flex wp-container-core-columns-is-layout-9d6595d7 wp-block-columns-is-layout-flex\">\n<div class=\"wp-block-column is-vertically-aligned-center is-layout-flow wp-block-column-is-layout-flow\">\n<h3 class=\"wp-block-heading\"><strong>GN Pan f\u00fcr Hotel, <\/strong>Restaurant, Schule, <strong><strong>Caf\u00e9s Buffet Servieren<\/strong><\/strong><\/h3>\n\n\n\n<p>Linkton bietet eine Reihe von GN-Pfannen an, die zu den am h\u00e4ufigsten verwendeten Koch-, Lager-, Heiz- und Transportger\u00e4ten in Hotels, Restaurants, Schulen, Krankenh\u00e4usern, Caf\u00e9s und K\u00fcchen geh\u00f6ren.<\/p>\n\n\n\n<h3 class=\"wp-block-heading\"><br><strong>GN Pan<\/strong> Materialien:<\/h3>\n\n\n\n<p>Die GN-Pfannen von Linkton sind aus lebensmittelechtem Edelstahl gefertigt, der langlebig, leicht zu reinigen und korrosionsbest\u00e4ndig ist.<\/p>\n<\/div>\n\n\n\n<div class=\"wp-block-column is-vertically-aligned-center is-layout-flow wp-block-column-is-layout-flow\"><div class=\"wp-block-image\">\n<figure class=\"aligncenter size-full is-resized\"><img fetchpriority=\"high\" decoding=\"async\" width=\"800\" height=\"800\" src=\"https:\/\/linktonkitchen.com\/wp-content\/uploads\/2024\/04\/GN-pan-wholesale-3.webp\" alt=\"GN-Pfanne Gro\u00dfhandel\" class=\"wp-image-3227\" style=\"width:342px;height:auto\" srcset=\"https:\/\/www.linktonkitchen.com\/wp-content\/uploads\/2024\/04\/GN-pan-wholesale-3.webp 800w, https:\/\/www.linktonkitchen.com\/wp-content\/uploads\/2024\/04\/GN-pan-wholesale-3-300x300.webp 300w, https:\/\/www.linktonkitchen.com\/wp-content\/uploads\/2024\/04\/GN-pan-wholesale-3-150x150.webp 150w, https:\/\/www.linktonkitchen.com\/wp-content\/uploads\/2024\/04\/GN-pan-wholesale-3-768x768.webp 768w, https:\/\/www.linktonkitchen.com\/wp-content\/uploads\/2024\/04\/GN-pan-wholesale-3-285x285.webp 285w, https:\/\/www.linktonkitchen.com\/wp-content\/uploads\/2024\/04\/GN-pan-wholesale-3-270x270.webp 270w, https:\/\/www.linktonkitchen.com\/wp-content\/uploads\/2024\/04\/GN-pan-wholesale-3-540x540.webp 540w, https:\/\/www.linktonkitchen.com\/wp-content\/uploads\/2024\/04\/GN-pan-wholesale-3-660x660.webp 660w\" sizes=\"(max-width: 800px) 100vw, 800px\" \/><\/figure>\n<\/div><\/div>\n<\/div>\n\n\n\n<div class=\"wp-block-columns is-layout-flex wp-container-core-columns-is-layout-9d6595d7 wp-block-columns-is-layout-flex\">\n<div class=\"wp-block-column is-vertically-aligned-center is-layout-flow wp-block-column-is-layout-flow\"><\/div>\n<\/div>\n\n\n\n<div class=\"wp-block-columns is-layout-flex wp-container-core-columns-is-layout-9d6595d7 wp-block-columns-is-layout-flex\">\n<div class=\"wp-block-column is-layout-flow wp-block-column-is-layout-flow\">\n<figure class=\"wp-block-image size-full\"><img decoding=\"async\" width=\"800\" height=\"800\" src=\"https:\/\/linktonkitchen.com\/wp-content\/uploads\/2024\/04\/GN-pan-wholesale-6.webp\" alt=\"GN-Pfanne Gro\u00dfhandel\" class=\"wp-image-3230\" srcset=\"https:\/\/www.linktonkitchen.com\/wp-content\/uploads\/2024\/04\/GN-pan-wholesale-6.webp 800w, https:\/\/www.linktonkitchen.com\/wp-content\/uploads\/2024\/04\/GN-pan-wholesale-6-300x300.webp 300w, https:\/\/www.linktonkitchen.com\/wp-content\/uploads\/2024\/04\/GN-pan-wholesale-6-150x150.webp 150w, https:\/\/www.linktonkitchen.com\/wp-content\/uploads\/2024\/04\/GN-pan-wholesale-6-768x768.webp 768w, https:\/\/www.linktonkitchen.com\/wp-content\/uploads\/2024\/04\/GN-pan-wholesale-6-285x285.webp 285w, https:\/\/www.linktonkitchen.com\/wp-content\/uploads\/2024\/04\/GN-pan-wholesale-6-270x270.webp 270w, https:\/\/www.linktonkitchen.com\/wp-content\/uploads\/2024\/04\/GN-pan-wholesale-6-540x540.webp 540w, https:\/\/www.linktonkitchen.com\/wp-content\/uploads\/2024\/04\/GN-pan-wholesale-6-660x660.webp 660w\" sizes=\"(max-width: 800px) 100vw, 800px\" \/><\/figure>\n<\/div>\n\n\n\n<div class=\"wp-block-column is-layout-flow wp-block-column-is-layout-flow\">\n<h3 class=\"wp-block-heading\"><strong>GN Pan<\/strong> Materialien <strong>Merkmale:<\/strong><\/h3>\n\n\n\n<p>* Leicht zu reinigen und schnell zu trocknen.<br>* Korrosionsbest\u00e4ndig, geschmacks- und geruchsneutral.<\/p>\n\n\n\n<p>* GN-Pfannen k\u00f6nnen aufgrund der hervorragenden W\u00e4rmeleitf\u00e4higkeit von Edelstahl gleichm\u00e4\u00dfig erhitzt und gebacken werden.\u00a0<\/p>\n\n\n\n<p>* Durch das hochkantige Design sind die GN-Pfannen auslaufsicher und verhindern, dass Fl\u00fcssigkeit \u00fcberall hinflie\u00dft.\u00a0<\/p>\n\n\n\n<p>* Die GN-Pfannen sind rundherum gew\u00f6lbt, was die Handhabung erleichtert und ein Verkratzen der H\u00e4nde verhindert.<\/p>\n\n\n\n<p>* Geeignet f\u00fcr K\u00fcche, Hotel, Restaurant und so weiter.<\/p>\n<\/div>\n<\/div>","protected":false},"excerpt":{"rendered":"<p>linkon, der Hersteller von GN-Pfannen, vertreibt GN-Pfannen in voller Gr\u00f6\u00dfe aus lebensmittelechtem Edelstahl, die langlebig und leicht zu reinigen sind. Bieten Sie kundenspezifische Verpackung Logo-L\u00f6sungen f\u00fcr jeden Kunden.<\/p>\n<h2>Spezifikationen von <strong>GN Pan<\/strong>:<\/h2>\n<table border=\"0\" width=\"146\" cellspacing=\"0\" cellpadding=\"0\">\n<tbody>\n<tr>\n<td width=\"73\" height=\"23\">Hersteller<\/td>\n<td width=\"73\">Linkton<\/td>\n<\/tr>\n<tr>\n<td height=\"23\">Material<\/td>\n<td>Rostfreier Stahl<\/td>\n<\/tr>\n<tr>\n<td height=\"69\">Gr\u00f6\u00dfe<\/td>\n<td>1\/1, 1\/2, 1\/3, 1\/4, 1\/6, 1\/9 Gastronorm-Beh\u00e4lter<\/td>\n<\/tr>\n<tr>\n<td height=\"23\">Dicke<\/td>\n<td>0,7mm, 0,8mm, 1,0mm, 1,2mm gn Pfannendicke<\/td>\n<\/tr>\n<tr>\n<td height=\"115\">Muster<\/td>\n<td>Kostenlos<\/td>\n<\/tr>\n<tr>\n<td height=\"30\">Personalisierung<\/td>\n<td>Unterst\u00fctzt benutzerdefinierte LOGO auf Produkt und Verpackung, und unterst\u00fctzt verschiedene Pakete, wie Bag\/Bulk\/Karton oder als Kundenwunsch<\/td>\n<\/tr>\n<\/tbody>\n<\/table>","protected":false},"featured_media":3229,"template":"","meta":{"_acf_changed":false},"product-application":[],"product-capacity":[],"product_brand":[],"product_cat":[57],"product_tag":[],"class_list":{"0":"post-3216","1":"product","2":"type-product","3":"status-publish","4":"has-post-thumbnail","6":"product_cat-gn-pan-wholesale","8":"first","9":"instock","10":"shipping-taxable","11":"product-type-simple"},"acf":[],"_links":{"self":[{"href":"https:\/\/www.linktonkitchen.com\/de\/wp-json\/wp\/v2\/product\/3216","targetHints":{"allow":["GET"]}}],"collection":[{"href":"https:\/\/www.linktonkitchen.com\/de\/wp-json\/wp\/v2\/product"}],"about":[{"href":"https:\/\/www.linktonkitchen.com\/de\/wp-json\/wp\/v2\/types\/product"}],"version-history":[{"count":0,"href":"https:\/\/www.linktonkitchen.com\/de\/wp-json\/wp\/v2\/product\/3216\/revisions"}],"wp:featuredmedia":[{"embeddable":true,"href":"https:\/\/www.linktonkitchen.com\/de\/wp-json\/wp\/v2\/media\/3229"}],"wp:attachment":[{"href":"https:\/\/www.linktonkitchen.com\/de\/wp-json\/wp\/v2\/media?parent=3216"}],"wp:term":[{"taxonomy":"product-application","embeddable":true,"href":"https:\/\/www.linktonkitchen.com\/de\/wp-json\/wp\/v2\/product-application?post=3216"},{"taxonomy":"product-capacity","embeddable":true,"href":"https:\/\/www.linktonkitchen.com\/de\/wp-json\/wp\/v2\/product-capacity?post=3216"},{"taxonomy":"product_brand","embeddable":true,"href":"https:\/\/www.linktonkitchen.com\/de\/wp-json\/wp\/v2\/product_brand?post=3216"},{"taxonomy":"product_cat","embeddable":true,"href":"https:\/\/www.linktonkitchen.com\/de\/wp-json\/wp\/v2\/product_cat?post=3216"},{"taxonomy":"product_tag","embeddable":true,"href":"https:\/\/www.linktonkitchen.com\/de\/wp-json\/wp\/v2\/product_tag?post=3216"}],"curies":[{"name":"wp","href":"https:\/\/api.w.org\/{rel}","templated":true}]}}