{"id":3293,"date":"2024-04-22T09:54:34","date_gmt":"2024-04-22T09:54:34","guid":{"rendered":"https:\/\/linktonkitchen.com\/?post_type=product&#038;p=3293"},"modified":"2026-02-05T07:18:38","modified_gmt":"2026-02-05T07:18:38","slug":"porzellan-schnellkochtopf","status":"publish","type":"product","link":"https:\/\/www.linktonkitchen.com\/de\/product\/china-pressure-cooker\/","title":{"rendered":"Gro\u00dfhandel China Schnellkochtopf, Edelstahl Seel Kocher mit rotem Griff Bulk"},"content":{"rendered":"<div class=\"wp-block-columns is-layout-flex wp-container-core-columns-is-layout-9d6595d7 wp-block-columns-is-layout-flex\">\n<div class=\"wp-block-column is-layout-flow wp-block-column-is-layout-flow\">\n<h2 class=\"wp-block-heading\">China Schnellkochtopf Parameter: <\/h2>\n\n\n\n<figure class=\"wp-block-table\"><table><tbody><tr><td>Modell Nr.<\/td><td>Kapazit\u00e4t<\/td><td>Durchmesser der M\u00fcndung<\/td><td>Bruttogewicht (kg)<\/td><\/tr><tr><td rowspan=\"4\">LT-OX<\/td><td>6L<\/td><td>22cm<\/td><td>2,67 kg<\/td><\/tr><tr><td>7L<\/td><td>24cm<\/td><td>3,25 kg<\/td><\/tr><tr><td>9L<\/td><td>26cm<\/td><td>4.01kg<\/td><\/tr><tr><td>11L<\/td><td>28cm<\/td><td>4,41 kg<\/td><\/tr><\/tbody><\/table><\/figure>\n\n\n\n<h2 class=\"wp-block-heading\">China Schnellkochtopf Eigenschaften:<\/h2>\n\n\n\n<p><strong>Klassischer O-f\u00f6rmiger K\u00f6rper: <\/strong>Traditionelles O-Typ-Topfdesign, das eine gleichm\u00e4\u00dfige W\u00e4rme\u00fcbertragung und eine stabile Druckkochleistung gew\u00e4hrleistet und f\u00fcr eine Vielzahl internationaler M\u00e4rkte geeignet ist.<\/p>\n\n\n\n<p><strong>Benutzerfreundliches Push-and-Lock-Deckelsystem: <\/strong>Ausgestattet mit einem Push-to-Lock- und Pull-to-Open-Deckelsystem f\u00fcr eine schnelle und sichere Bedienung.<\/p>\n\n\n\n<p><strong>Auff\u00e4lliges florales Deckeldesign: <\/strong>Der Deckel ist mit einem sch\u00f6nen roten Blumenmuster verziert, das dem Kochgeschirr einen besonderen optischen Reiz verleiht und f\u00fcr eine elegante \u00c4sthetik sorgt.<\/p>\n\n\n\n<p><strong>Ergonomischer roter Handgriff: <\/strong>Der strapazierf\u00e4hige rote Griff bietet einen bequemen, hitzebest\u00e4ndigen Halt.<\/p>\n\n\n\n<p><strong>Hochwertige Konstruktion aus Edelstahl:<\/strong> Hergestellt aus lebensmittelechtem Edelstahl, resistent gegen Rost und t\u00e4gliche Abnutzung. Polierte Oberfl\u00e4che f\u00fcr einfache Reinigung und dauerhaften Glanz.<\/p>\n\n\n\n<p><strong>Kompatibel mit mehreren W\u00e4rmequellen: <\/strong>Geeignet f\u00fcr Gas-, Induktions- und Keramikkochfelder, bietet Flexibilit\u00e4t f\u00fcr den weltweiten Einsatz im Haushalt.<\/p>\n<\/div>\n\n\n\n<div class=\"wp-block-column is-layout-flow wp-block-column-is-layout-flow\">\n<figure class=\"wp-block-image size-full\"><img fetchpriority=\"high\" decoding=\"async\" width=\"800\" height=\"800\" src=\"https:\/\/www.linktonkitchen.com\/wp-content\/uploads\/2024\/04\/wholesale-china-pressure-cooker-stainless-steel.webp\" alt=\"Gro\u00dfhandel Edelstahl Schnellkochtopf Porzellan\" class=\"wp-image-7416\" srcset=\"https:\/\/www.linktonkitchen.com\/wp-content\/uploads\/2024\/04\/wholesale-china-pressure-cooker-stainless-steel.webp 800w, https:\/\/www.linktonkitchen.com\/wp-content\/uploads\/2024\/04\/wholesale-china-pressure-cooker-stainless-steel-300x300.webp 300w, https:\/\/www.linktonkitchen.com\/wp-content\/uploads\/2024\/04\/wholesale-china-pressure-cooker-stainless-steel-150x150.webp 150w, https:\/\/www.linktonkitchen.com\/wp-content\/uploads\/2024\/04\/wholesale-china-pressure-cooker-stainless-steel-768x768.webp 768w, https:\/\/www.linktonkitchen.com\/wp-content\/uploads\/2024\/04\/wholesale-china-pressure-cooker-stainless-steel-12x12.webp 12w, https:\/\/www.linktonkitchen.com\/wp-content\/uploads\/2024\/04\/wholesale-china-pressure-cooker-stainless-steel-285x285.webp 285w, https:\/\/www.linktonkitchen.com\/wp-content\/uploads\/2024\/04\/wholesale-china-pressure-cooker-stainless-steel-270x270.webp 270w, https:\/\/www.linktonkitchen.com\/wp-content\/uploads\/2024\/04\/wholesale-china-pressure-cooker-stainless-steel-540x540.webp 540w, https:\/\/www.linktonkitchen.com\/wp-content\/uploads\/2024\/04\/wholesale-china-pressure-cooker-stainless-steel-660x660.webp 660w\" sizes=\"(max-width: 800px) 100vw, 800px\" \/><\/figure>\n<\/div>\n<\/div>\n\n\n\n<div class=\"wp-block-columns is-layout-flex wp-container-core-columns-is-layout-9d6595d7 wp-block-columns-is-layout-flex\">\n<div class=\"wp-block-column is-vertically-aligned-top is-layout-flow wp-block-column-is-layout-flow\">\n<figure class=\"wp-block-image size-full\"><img decoding=\"async\" width=\"750\" height=\"750\" src=\"https:\/\/www.linktonkitchen.com\/wp-content\/uploads\/2024\/04\/wholesale-stainless-steel-pressure-cooker-china-3.webp\" alt=\"Gro\u00dfhandel Edelstahl Schnellkochtopf Porzellan\" class=\"wp-image-7419\" srcset=\"https:\/\/www.linktonkitchen.com\/wp-content\/uploads\/2024\/04\/wholesale-stainless-steel-pressure-cooker-china-3.webp 750w, https:\/\/www.linktonkitchen.com\/wp-content\/uploads\/2024\/04\/wholesale-stainless-steel-pressure-cooker-china-3-300x300.webp 300w, https:\/\/www.linktonkitchen.com\/wp-content\/uploads\/2024\/04\/wholesale-stainless-steel-pressure-cooker-china-3-150x150.webp 150w, https:\/\/www.linktonkitchen.com\/wp-content\/uploads\/2024\/04\/wholesale-stainless-steel-pressure-cooker-china-3-12x12.webp 12w, https:\/\/www.linktonkitchen.com\/wp-content\/uploads\/2024\/04\/wholesale-stainless-steel-pressure-cooker-china-3-285x285.webp 285w, https:\/\/www.linktonkitchen.com\/wp-content\/uploads\/2024\/04\/wholesale-stainless-steel-pressure-cooker-china-3-270x270.webp 270w, https:\/\/www.linktonkitchen.com\/wp-content\/uploads\/2024\/04\/wholesale-stainless-steel-pressure-cooker-china-3-540x540.webp 540w, https:\/\/www.linktonkitchen.com\/wp-content\/uploads\/2024\/04\/wholesale-stainless-steel-pressure-cooker-china-3-660x660.webp 660w\" sizes=\"(max-width: 750px) 100vw, 750px\" \/><\/figure>\n<\/div>\n\n\n\n<div class=\"wp-block-column is-vertically-aligned-top is-layout-flow wp-block-column-is-layout-flow\">\n<h2 class=\"wp-block-heading\">Individueller Schnellkochtopf:<\/h2>\n\n\n\n<p>Linkton bietet flexible OEM- und ODM-Anpassungsdienste an, um den unterschiedlichen Marktanforderungen und der Markenpositionierung gerecht zu werden.<\/p>\n\n\n\n<p><strong>Kapazit\u00e4tsbereich:\u00a0<\/strong>W\u00e4hlen Sie zwischen 6 und 11 Litern, um den Anforderungen unterschiedlicher Familiengr\u00f6\u00dfen gerecht zu werden.<\/p>\n\n\n\n<p><strong>Oberfl\u00e4che:&nbsp;<\/strong>Erh\u00e4ltlich in den Ausf\u00fchrungen Hochglanzpolieren (Hochglanz), Satinieren (geb\u00fcrstetes Aussehen) oder individuelle Farbbeschichtung.<\/p>\n\n\n\n<p><strong>Branding und Logo:<\/strong><\/p>\n\n\n\n<ul class=\"wp-block-list\">\n<li>Lasergravur auf dem Topfk\u00f6rper.<\/li>\n\n\n\n<li>Pr\u00e4gung auf der Unterseite.<\/li>\n\n\n\n<li>Individuelles Logo auf Griffen und Druckventilen.<\/li>\n<\/ul>\n\n\n\n<p><strong>Verpackungsdesign:&nbsp;<\/strong>Vollst\u00e4ndig angepasste Farbboxen, Bedienungsanleitungen und Versandkartons mit der visuellen Identit\u00e4t Ihrer Marke.<\/p>\n<\/div>\n<\/div>\n\n\n\n<div class=\"wp-block-columns is-layout-flex wp-container-core-columns-is-layout-9d6595d7 wp-block-columns-is-layout-flex\">\n<div class=\"wp-block-column is-layout-flow wp-block-column-is-layout-flow\">\n<figure class=\"wp-block-image size-full\"><img decoding=\"async\" width=\"750\" height=\"750\" src=\"https:\/\/linktonkitchen.com\/wp-content\/uploads\/2024\/04\/O-shape-Pressure-Cooker-4-1.webp\" alt=\"Schnellkochtopf Gro\u00dfhandel\" class=\"wp-image-3335\" srcset=\"https:\/\/www.linktonkitchen.com\/wp-content\/uploads\/2024\/04\/O-shape-Pressure-Cooker-4-1.webp 750w, https:\/\/www.linktonkitchen.com\/wp-content\/uploads\/2024\/04\/O-shape-Pressure-Cooker-4-1-300x300.webp 300w, https:\/\/www.linktonkitchen.com\/wp-content\/uploads\/2024\/04\/O-shape-Pressure-Cooker-4-1-150x150.webp 150w, https:\/\/www.linktonkitchen.com\/wp-content\/uploads\/2024\/04\/O-shape-Pressure-Cooker-4-1-285x285.webp 285w, https:\/\/www.linktonkitchen.com\/wp-content\/uploads\/2024\/04\/O-shape-Pressure-Cooker-4-1-270x270.webp 270w, https:\/\/www.linktonkitchen.com\/wp-content\/uploads\/2024\/04\/O-shape-Pressure-Cooker-4-1-540x540.webp 540w, https:\/\/www.linktonkitchen.com\/wp-content\/uploads\/2024\/04\/O-shape-Pressure-Cooker-4-1-660x660.webp 660w\" sizes=\"(max-width: 750px) 100vw, 750px\" \/><\/figure>\n<\/div>\n\n\n\n<div class=\"wp-block-column is-layout-flow wp-block-column-is-layout-flow\">\n<figure class=\"wp-block-image size-full\"><img loading=\"lazy\" decoding=\"async\" width=\"3000\" height=\"3000\" src=\"https:\/\/linktonkitchen.com\/wp-content\/uploads\/2024\/04\/O-shape-Pressure-Cooker-3-1.webp\" alt=\"Schnellkochtopf Gro\u00dfhandel\" class=\"wp-image-3334\" srcset=\"https:\/\/www.linktonkitchen.com\/wp-content\/uploads\/2024\/04\/O-shape-Pressure-Cooker-3-1.webp 3000w, https:\/\/www.linktonkitchen.com\/wp-content\/uploads\/2024\/04\/O-shape-Pressure-Cooker-3-1-300x300.webp 300w, https:\/\/www.linktonkitchen.com\/wp-content\/uploads\/2024\/04\/O-shape-Pressure-Cooker-3-1-150x150.webp 150w, https:\/\/www.linktonkitchen.com\/wp-content\/uploads\/2024\/04\/O-shape-Pressure-Cooker-3-1-768x768.webp 768w, https:\/\/www.linktonkitchen.com\/wp-content\/uploads\/2024\/04\/O-shape-Pressure-Cooker-3-1-285x285.webp 285w, https:\/\/www.linktonkitchen.com\/wp-content\/uploads\/2024\/04\/O-shape-Pressure-Cooker-3-1-1600x1600.webp 1600w, https:\/\/www.linktonkitchen.com\/wp-content\/uploads\/2024\/04\/O-shape-Pressure-Cooker-3-1-270x270.webp 270w, https:\/\/www.linktonkitchen.com\/wp-content\/uploads\/2024\/04\/O-shape-Pressure-Cooker-3-1-540x540.webp 540w, https:\/\/www.linktonkitchen.com\/wp-content\/uploads\/2024\/04\/O-shape-Pressure-Cooker-3-1-660x660.webp 660w\" sizes=\"(max-width: 3000px) 100vw, 3000px\" \/><\/figure>\n<\/div>\n<\/div>","protected":false},"excerpt":{"rendered":"<p>Gro\u00dfhandel China Schnellkochtopf, aus hochwertigem Edelstahl, mit einer polierten Oberfl\u00e4che und Rose Muster, einen roten Griff, sch\u00f6n und praktisch. 6-11L Kapazit\u00e4t Meinungen, gro\u00dfe Kapazit\u00e4t geeignet f\u00fcr jede Szene. Bulk-Versorgung, Unterst\u00fctzung OEM-Anpassung, willkommen zu erkundigen!<\/p>\n<h2><strong>China<\/strong> <strong>Schnellkochtopf <\/strong>Spezifikationen:<\/h2>\n<p>KonfigurationManuell\/Druckbegrenzungsventil\/auslaufsicherer Beh\u00e4lter\/Reinigungsnadel<\/p>\n<table width=\"402\">\n<tbody>\n<tr>\n<td width=\"145\">Hersteller<\/td>\n<td width=\"257\">Linkton<\/td>\n<\/tr>\n<tr>\n<td width=\"145\">Modell Nr.<\/td>\n<td width=\"257\">LT-OX<\/td>\n<\/tr>\n<tr>\n<td width=\"145\">Kapazit\u00e4t<\/td>\n<td width=\"257\">6L\/ 7L\/ 9L\/ 11L\/<\/td>\n<\/tr>\n<tr>\n<td>Material<\/td>\n<td>Rostfreier Stahl<\/td>\n<\/tr>\n<tr>\n<td>Funktion<\/td>\n<td width=\"257\">1. Deckel mit Druckverriegelung<br \/>2. Sechs schwere Schutzvorrichtungen<br \/>3. 80 kpa Druck<br \/>4. Sicherheit explosionsgesch\u00fctzt<br \/>5. Bequeme Reinigung<\/td>\n<\/tr>\n<tr>\n<td>Geeigneter Herd<\/td>\n<td>Herd\/Induktionsherd\/ Gasherd\/ Elektroherd\/ Keramikherd\/ Halogenherd<\/td>\n<\/tr>\n<tr>\n<td>OEM\/ODM<\/td>\n<td>Annehmbar<\/td>\n<\/tr>\n<tr>\n<td>Muster<\/td>\n<td>MOQ 1 St\u00fcck<\/td>\n<\/tr>\n<\/tbody>\n<\/table>","protected":false},"featured_media":7420,"template":"","meta":{"_acf_changed":false},"product-application":[],"product-capacity":[],"product_brand":[],"product_cat":[55],"product_tag":[85],"class_list":{"0":"post-3293","1":"product","2":"type-product","3":"status-publish","4":"has-post-thumbnail","6":"product_cat-pressure-cooker-wholesale","7":"product_tag-stainless-steel-pressure-cooker-wholesale","9":"first","10":"instock","11":"shipping-taxable","12":"product-type-simple"},"acf":[],"_links":{"self":[{"href":"https:\/\/www.linktonkitchen.com\/de\/wp-json\/wp\/v2\/product\/3293","targetHints":{"allow":["GET"]}}],"collection":[{"href":"https:\/\/www.linktonkitchen.com\/de\/wp-json\/wp\/v2\/product"}],"about":[{"href":"https:\/\/www.linktonkitchen.com\/de\/wp-json\/wp\/v2\/types\/product"}],"version-history":[{"count":0,"href":"https:\/\/www.linktonkitchen.com\/de\/wp-json\/wp\/v2\/product\/3293\/revisions"}],"wp:featuredmedia":[{"embeddable":true,"href":"https:\/\/www.linktonkitchen.com\/de\/wp-json\/wp\/v2\/media\/7420"}],"wp:attachment":[{"href":"https:\/\/www.linktonkitchen.com\/de\/wp-json\/wp\/v2\/media?parent=3293"}],"wp:term":[{"taxonomy":"product-application","embeddable":true,"href":"https:\/\/www.linktonkitchen.com\/de\/wp-json\/wp\/v2\/product-application?post=3293"},{"taxonomy":"product-capacity","embeddable":true,"href":"https:\/\/www.linktonkitchen.com\/de\/wp-json\/wp\/v2\/product-capacity?post=3293"},{"taxonomy":"product_brand","embeddable":true,"href":"https:\/\/www.linktonkitchen.com\/de\/wp-json\/wp\/v2\/product_brand?post=3293"},{"taxonomy":"product_cat","embeddable":true,"href":"https:\/\/www.linktonkitchen.com\/de\/wp-json\/wp\/v2\/product_cat?post=3293"},{"taxonomy":"product_tag","embeddable":true,"href":"https:\/\/www.linktonkitchen.com\/de\/wp-json\/wp\/v2\/product_tag?post=3293"}],"curies":[{"name":"wp","href":"https:\/\/api.w.org\/{rel}","templated":true}]}}