{"id":3340,"date":"2024-04-22T11:24:01","date_gmt":"2024-04-22T11:24:01","guid":{"rendered":"https:\/\/linktonkitchen.com\/?post_type=product&#038;p=3340"},"modified":"2026-02-04T06:57:24","modified_gmt":"2026-02-04T06:57:24","slug":"schnellkochtopf-aus-edelstahl","status":"publish","type":"product","link":"https:\/\/www.linktonkitchen.com\/de\/product\/pressure-cooker-stainless-steel\/","title":{"rendered":"Gro\u00dfhandel Schnellkochtopf aus Edelstahl, einstellbarer Schnellkochtopf Lieferant"},"content":{"rendered":"<div class=\"wp-block-columns is-layout-flex wp-container-core-columns-is-layout-9d6595d7 wp-block-columns-is-layout-flex\">\n<div class=\"wp-block-column is-vertically-aligned-top is-layout-flow wp-block-column-is-layout-flow\">\n<h2 class=\"wp-block-heading\">Edelstahl Schnellkochtopf Parameter:<\/h2>\n\n\n\n<figure class=\"wp-block-table\"><table><tbody><tr><td>Modell Nr.<\/td><td>Kapazit\u00e4t<\/td><td>Durchmesser der M\u00fcndung<\/td><td>Bruttogewicht (kg)<\/td><\/tr><tr><td rowspan=\"3\">LT-TY<\/td><td>4L<\/td><td>20cm<\/td><td>2.2kg<\/td><\/tr><tr><td>5L<\/td><td>22cm<\/td><td>2,65 kg<\/td><\/tr><tr><td>6L<\/td><td>24cm<\/td><td>3,2 kg<\/td><\/tr><\/tbody><\/table><\/figure>\n\n\n\n<h2 class=\"wp-block-heading\">Schnellkochtopf aus Edelstahl Merkmale:<\/h2>\n\n\n\n<p><strong>Zweifache Einstellung des Getriebedrucks: <\/strong>Merkmale <strong>r<\/strong>Drehknopf mit 2 Druckstufen f\u00fcr flexible Kochkontrolle. Einfach zu bedienen, hoher Druck zum schnellen Garen von Fleisch, niedriger Druck zum schonenden Garen von Gem\u00fcse oder Meeresfr\u00fcchten, geeignet f\u00fcr Hausfrauen, Anf\u00e4nger oder Profik\u00f6che.<\/p>\n\n\n\n<p><strong>Deckel mit Push-Pull-Verschluss: <\/strong>Innovative Push-Pull-Verschlussstruktur, ein Druck zum Verschlie\u00dfen, ein Zug zum \u00d6ffnen, bequem und stabil, vermeidet das Risiko einer Fehlbedienung.<\/p>\n\n\n\n<p><strong>Automatische Rotpunktventilkonstruktion: <\/strong>Ausgestattet mit einem automatischen Rotpunkt-Auslassventil, Echtzeit-Visualisierung des Drucks im Topf, automatischer Entl\u00fcftung und sichererem Betrieb.<\/p>\n\n\n\n<p><strong>Hochwertige Struktur aus Edelstahl: <\/strong>robust und langlebig, korrosionsbest\u00e4ndig, verschlei\u00dffest, leicht zu reinigen mit Innen- und Au\u00dfenspiegelung.<\/p>\n\n\n\n<p><strong>Geeignet f\u00fcr eine Vielzahl von W\u00e4rmequellen: <\/strong>einschlie\u00dflich Gasherde, Induktionsherde, keramische Herde usw. mit einer breiten Palette von Anwendungen.<\/p>\n<\/div>\n\n\n\n<div class=\"wp-block-column is-vertically-aligned-top is-layout-flow wp-block-column-is-layout-flow\">\n<div class=\"wp-block-columns is-layout-flex wp-container-core-columns-is-layout-9d6595d7 wp-block-columns-is-layout-flex\">\n<div class=\"wp-block-column is-layout-flow wp-block-column-is-layout-flow\">\n<figure class=\"wp-block-image size-full\"><img fetchpriority=\"high\" decoding=\"async\" width=\"800\" height=\"800\" src=\"https:\/\/www.linktonkitchen.com\/wp-content\/uploads\/2024\/04\/Wholesale-Adjustable-Stainless-Steel-Pressure-Cooker-12.webp\" alt=\"\" class=\"wp-image-7305\" srcset=\"https:\/\/www.linktonkitchen.com\/wp-content\/uploads\/2024\/04\/Wholesale-Adjustable-Stainless-Steel-Pressure-Cooker-12.webp 800w, https:\/\/www.linktonkitchen.com\/wp-content\/uploads\/2024\/04\/Wholesale-Adjustable-Stainless-Steel-Pressure-Cooker-12-300x300.webp 300w, https:\/\/www.linktonkitchen.com\/wp-content\/uploads\/2024\/04\/Wholesale-Adjustable-Stainless-Steel-Pressure-Cooker-12-150x150.webp 150w, https:\/\/www.linktonkitchen.com\/wp-content\/uploads\/2024\/04\/Wholesale-Adjustable-Stainless-Steel-Pressure-Cooker-12-768x768.webp 768w, https:\/\/www.linktonkitchen.com\/wp-content\/uploads\/2024\/04\/Wholesale-Adjustable-Stainless-Steel-Pressure-Cooker-12-12x12.webp 12w, https:\/\/www.linktonkitchen.com\/wp-content\/uploads\/2024\/04\/Wholesale-Adjustable-Stainless-Steel-Pressure-Cooker-12-285x285.webp 285w, https:\/\/www.linktonkitchen.com\/wp-content\/uploads\/2024\/04\/Wholesale-Adjustable-Stainless-Steel-Pressure-Cooker-12-270x270.webp 270w, https:\/\/www.linktonkitchen.com\/wp-content\/uploads\/2024\/04\/Wholesale-Adjustable-Stainless-Steel-Pressure-Cooker-12-540x540.webp 540w, https:\/\/www.linktonkitchen.com\/wp-content\/uploads\/2024\/04\/Wholesale-Adjustable-Stainless-Steel-Pressure-Cooker-12-660x660.webp 660w\" sizes=\"(max-width: 800px) 100vw, 800px\" \/><\/figure>\n<\/div>\n<\/div>\n<\/div>\n<\/div>\n\n\n\n<div class=\"wp-block-columns is-layout-flex wp-container-core-columns-is-layout-9d6595d7 wp-block-columns-is-layout-flex\">\n<div class=\"wp-block-column is-layout-flow wp-block-column-is-layout-flow\">\n<figure class=\"wp-block-image size-full\"><img decoding=\"async\" width=\"800\" height=\"800\" src=\"https:\/\/www.linktonkitchen.com\/wp-content\/uploads\/2024\/04\/Wholesale-Adjustable-Stainless-Steel-Pressure-Cooker-13.webp\" alt=\"\" class=\"wp-image-7306\" srcset=\"https:\/\/www.linktonkitchen.com\/wp-content\/uploads\/2024\/04\/Wholesale-Adjustable-Stainless-Steel-Pressure-Cooker-13.webp 800w, https:\/\/www.linktonkitchen.com\/wp-content\/uploads\/2024\/04\/Wholesale-Adjustable-Stainless-Steel-Pressure-Cooker-13-300x300.webp 300w, https:\/\/www.linktonkitchen.com\/wp-content\/uploads\/2024\/04\/Wholesale-Adjustable-Stainless-Steel-Pressure-Cooker-13-150x150.webp 150w, https:\/\/www.linktonkitchen.com\/wp-content\/uploads\/2024\/04\/Wholesale-Adjustable-Stainless-Steel-Pressure-Cooker-13-768x768.webp 768w, https:\/\/www.linktonkitchen.com\/wp-content\/uploads\/2024\/04\/Wholesale-Adjustable-Stainless-Steel-Pressure-Cooker-13-12x12.webp 12w, https:\/\/www.linktonkitchen.com\/wp-content\/uploads\/2024\/04\/Wholesale-Adjustable-Stainless-Steel-Pressure-Cooker-13-285x285.webp 285w, https:\/\/www.linktonkitchen.com\/wp-content\/uploads\/2024\/04\/Wholesale-Adjustable-Stainless-Steel-Pressure-Cooker-13-270x270.webp 270w, https:\/\/www.linktonkitchen.com\/wp-content\/uploads\/2024\/04\/Wholesale-Adjustable-Stainless-Steel-Pressure-Cooker-13-540x540.webp 540w, https:\/\/www.linktonkitchen.com\/wp-content\/uploads\/2024\/04\/Wholesale-Adjustable-Stainless-Steel-Pressure-Cooker-13-660x660.webp 660w\" sizes=\"(max-width: 800px) 100vw, 800px\" \/><\/figure>\n<\/div>\n\n\n\n<div class=\"wp-block-column is-layout-flow wp-block-column-is-layout-flow\">\n<figure class=\"wp-block-image size-full\"><img decoding=\"async\" width=\"712\" height=\"712\" src=\"https:\/\/www.linktonkitchen.com\/wp-content\/uploads\/2024\/04\/Wholesale-Adjustable-Stainless-Steel-Pressure-Cooker-5.webp\" alt=\"\" class=\"wp-image-7298\" srcset=\"https:\/\/www.linktonkitchen.com\/wp-content\/uploads\/2024\/04\/Wholesale-Adjustable-Stainless-Steel-Pressure-Cooker-5.webp 712w, https:\/\/www.linktonkitchen.com\/wp-content\/uploads\/2024\/04\/Wholesale-Adjustable-Stainless-Steel-Pressure-Cooker-5-300x300.webp 300w, https:\/\/www.linktonkitchen.com\/wp-content\/uploads\/2024\/04\/Wholesale-Adjustable-Stainless-Steel-Pressure-Cooker-5-150x150.webp 150w, https:\/\/www.linktonkitchen.com\/wp-content\/uploads\/2024\/04\/Wholesale-Adjustable-Stainless-Steel-Pressure-Cooker-5-12x12.webp 12w, https:\/\/www.linktonkitchen.com\/wp-content\/uploads\/2024\/04\/Wholesale-Adjustable-Stainless-Steel-Pressure-Cooker-5-285x285.webp 285w, https:\/\/www.linktonkitchen.com\/wp-content\/uploads\/2024\/04\/Wholesale-Adjustable-Stainless-Steel-Pressure-Cooker-5-270x270.webp 270w, https:\/\/www.linktonkitchen.com\/wp-content\/uploads\/2024\/04\/Wholesale-Adjustable-Stainless-Steel-Pressure-Cooker-5-540x540.webp 540w, https:\/\/www.linktonkitchen.com\/wp-content\/uploads\/2024\/04\/Wholesale-Adjustable-Stainless-Steel-Pressure-Cooker-5-660x660.webp 660w\" sizes=\"(max-width: 712px) 100vw, 712px\" \/><\/figure>\n<\/div>\n<\/div>\n\n\n\n<p><\/p>","protected":false},"excerpt":{"rendered":"<p>Gro\u00dfhandel Schnellkochtopf Edelstahl, zwei-Gang-Druck (60kPa \/ 100kPha) Anpassung, geeignet f\u00fcr das Kochen verschiedener Lebensmittel. Innovative funktionale Schnellkochtopf, Fabrik Preis, stabile Versorgung, Unterst\u00fctzung kundenspezifische Logo Verpackung. Willkommen bei uns f\u00fcr Anfragen zu kontaktieren!<\/p>\n<h2>Schnellkochtopf aus Edelstahl Spezifikationen:<\/h2>\n<table width=\"402\">\n<tbody>\n<tr>\n<td width=\"145\">Hersteller<\/td>\n<td width=\"257\">Linkton<\/td>\n<\/tr>\n<tr>\n<td width=\"145\">Modell Nr.<\/td>\n<td width=\"257\">LT-TY<\/td>\n<\/tr>\n<tr>\n<td width=\"145\">Kapazit\u00e4t<\/td>\n<td width=\"257\">4L\/ 5L\/ 6L<\/td>\n<\/tr>\n<tr>\n<td>Material<\/td>\n<td>Rostfreier Stahl<\/td>\n<\/tr>\n<tr>\n<td>Funktion<\/td>\n<td width=\"257\">1. 60 kpa\/100 kPa Zwei-Gang-Druckregelung<br \/>2. Push-Pull-Lock-Deckel und automatisches Rotpunkt-Ventil-Design<br \/>3. Sicherheit explosionsgesch\u00fctzt<br \/>4. Bequeme Reinigung<\/td>\n<\/tr>\n<tr>\n<td>Geeigneter Herd<\/td>\n<td>Induktionsherd\/ Gasherd\/ Elektroherd\/ Keramikherd\/ Halogenherd<\/td>\n<\/tr>\n<tr>\n<td>Konfiguration<\/td>\n<td width=\"257\">Manuell\/Druckbegrenzungsventil\/auslaufsicherer Beh\u00e4lter\/Reinigungsnadel<\/td>\n<\/tr>\n<tr>\n<td>OEM\/ODM<\/td>\n<td>Annehmbar<\/td>\n<\/tr>\n<tr>\n<td>Muster<\/td>\n<td>MOQ 1 St\u00fcck<\/td>\n<\/tr>\n<\/tbody>\n<\/table>","protected":false},"featured_media":3346,"template":"","meta":{"_acf_changed":false},"product-application":[],"product-capacity":[],"product_brand":[],"product_cat":[55],"product_tag":[85],"class_list":{"0":"post-3340","1":"product","2":"type-product","3":"status-publish","4":"has-post-thumbnail","6":"product_cat-pressure-cooker-wholesale","7":"product_tag-stainless-steel-pressure-cooker-wholesale","9":"first","10":"instock","11":"shipping-taxable","12":"product-type-simple"},"acf":[],"_links":{"self":[{"href":"https:\/\/www.linktonkitchen.com\/de\/wp-json\/wp\/v2\/product\/3340","targetHints":{"allow":["GET"]}}],"collection":[{"href":"https:\/\/www.linktonkitchen.com\/de\/wp-json\/wp\/v2\/product"}],"about":[{"href":"https:\/\/www.linktonkitchen.com\/de\/wp-json\/wp\/v2\/types\/product"}],"version-history":[{"count":0,"href":"https:\/\/www.linktonkitchen.com\/de\/wp-json\/wp\/v2\/product\/3340\/revisions"}],"wp:featuredmedia":[{"embeddable":true,"href":"https:\/\/www.linktonkitchen.com\/de\/wp-json\/wp\/v2\/media\/3346"}],"wp:attachment":[{"href":"https:\/\/www.linktonkitchen.com\/de\/wp-json\/wp\/v2\/media?parent=3340"}],"wp:term":[{"taxonomy":"product-application","embeddable":true,"href":"https:\/\/www.linktonkitchen.com\/de\/wp-json\/wp\/v2\/product-application?post=3340"},{"taxonomy":"product-capacity","embeddable":true,"href":"https:\/\/www.linktonkitchen.com\/de\/wp-json\/wp\/v2\/product-capacity?post=3340"},{"taxonomy":"product_brand","embeddable":true,"href":"https:\/\/www.linktonkitchen.com\/de\/wp-json\/wp\/v2\/product_brand?post=3340"},{"taxonomy":"product_cat","embeddable":true,"href":"https:\/\/www.linktonkitchen.com\/de\/wp-json\/wp\/v2\/product_cat?post=3340"},{"taxonomy":"product_tag","embeddable":true,"href":"https:\/\/www.linktonkitchen.com\/de\/wp-json\/wp\/v2\/product_tag?post=3340"}],"curies":[{"name":"wp","href":"https:\/\/api.w.org\/{rel}","templated":true}]}}