{"id":3358,"date":"2024-04-22T11:49:03","date_gmt":"2024-04-22T11:49:03","guid":{"rendered":"https:\/\/linktonkitchen.com\/?post_type=product&#038;p=3358"},"modified":"2026-02-05T07:00:28","modified_gmt":"2026-02-05T07:00:28","slug":"schnellkochtopf-set","status":"publish","type":"product","link":"https:\/\/www.linktonkitchen.com\/de\/produkt\/schnellkochtopf-set\/","title":{"rendered":"Gro\u00dfhandel Schnellkochtopf Set, Chinesischer Schnellkochtopf Hersteller"},"content":{"rendered":"<div class=\"wp-block-columns is-layout-flex wp-container-core-columns-is-layout-9d6595d7 wp-block-columns-is-layout-flex\">\n<div class=\"wp-block-column is-vertically-aligned-top is-layout-flow wp-block-column-is-layout-flow\">\n<h2 class=\"wp-block-heading\">Schnellkochtopf Parameter:<\/h2>\n\n\n\n<figure class=\"wp-block-table\"><table><tbody><tr><td>Modell Nr.<\/td><td>Kapazit\u00e4t<\/td><td>Durchmesser der M\u00fcndung<\/td><td>Gewicht<\/td><\/tr><tr><td rowspan=\"5\">LT-CX<\/td><td>4L<\/td><td>20cm<\/td><td>2,36 kg<\/td><\/tr><tr><td>6L<\/td><td>22cm<\/td><td>2,78 kg<\/td><\/tr><tr><td>7L<\/td><td>24cm<\/td><td>3,06 kg<\/td><\/tr><tr><td>9L<\/td><td>26cm<\/td><td>3,78 kg<\/td><\/tr><tr><td>11L<\/td><td>28cm<\/td><td>4,12 kg<\/td><\/tr><\/tbody><\/table><\/figure>\n\n\n\n<h2 class=\"wp-block-heading\">Schnellkochtopf Merkmale:<\/h2>\n\n\n\n<p><strong>Klassische Schnellkochtopf-Form:<\/strong> Der Topfk\u00f6rper hat eine einzigartige C-f\u00f6rmige Struktur, die f\u00fcr eine gleichm\u00e4\u00dfigere Erw\u00e4rmung sorgt und die Festigkeit des Topfk\u00f6rpers erh\u00f6ht. Das rote Griffdesign ist attraktiv und in S\u00fcdostasien, dem Nahen Osten, S\u00fcdamerika und anderen M\u00e4rkten beliebt.<\/p>\n\n\n\n<p><strong>Automatisches Sperrventil, mehrfacher Sicherheitsschutz: <\/strong>einschlie\u00dflich Druckbegrenzungsventil, Sicherheitsventil, Anti-Blockier-Deckel, usw., um die Sicherheit beim Kochen zu gew\u00e4hrleisten. Unter anderem kann das automatische Sperrventil den Topfdeckel unter hohem Druck nicht \u00f6ffnen, um eine sichere Verwendung zu gew\u00e4hrleisten.<\/p>\n\n\n\n<p><strong>Multifunktionales Set: <\/strong>Enth\u00e4lt Schnellkocht\u00f6pfe, Dampfkocht\u00fccher und Kocht\u00f6pfe f\u00fcr die verschiedenen Bed\u00fcrfnisse des t\u00e4glichen Kochens. Kann frei kombiniert und verkauft werden, um die verschiedenen Kombinationsw\u00fcnsche der Kunden zu erf\u00fcllen.<\/p>\n\n\n\n<p><strong>Hochwertiges Material aus rostfreiem Stahl:<\/strong> Hergestellt aus lebensmittelechtem Edelstahl, mit einer glatten, leicht zu reinigen, und kann f\u00fcr eine lange Zeit verwendet werden.<\/p>\n\n\n\n<p><strong>Anpassung an eine Vielzahl von W\u00e4rmequellen: <\/strong>Kann f\u00fcr g\u00e4ngige W\u00e4rmequellen wie Gasherde, Induktionsherde und Keramikherde verwendet werden.<\/p>\n<\/div>\n\n\n\n<div class=\"wp-block-column is-vertically-aligned-top is-layout-flow wp-block-column-is-layout-flow\">\n<figure class=\"wp-block-image size-full\"><img fetchpriority=\"high\" decoding=\"async\" width=\"1500\" height=\"1399\" src=\"https:\/\/www.linktonkitchen.com\/wp-content\/uploads\/2024\/04\/C-Shape-Pressure-Cooker-1.webp\" alt=\"Gro\u00dfhandel Schnellkochtopf Set\" class=\"wp-image-3130\" style=\"object-fit:cover\" srcset=\"https:\/\/www.linktonkitchen.com\/wp-content\/uploads\/2024\/04\/C-Shape-Pressure-Cooker-1.webp 1500w, https:\/\/www.linktonkitchen.com\/wp-content\/uploads\/2024\/04\/C-Shape-Pressure-Cooker-1-300x280.webp 300w, https:\/\/www.linktonkitchen.com\/wp-content\/uploads\/2024\/04\/C-Shape-Pressure-Cooker-1-768x716.webp 768w, https:\/\/www.linktonkitchen.com\/wp-content\/uploads\/2024\/04\/C-Shape-Pressure-Cooker-1-285x266.webp 285w, https:\/\/www.linktonkitchen.com\/wp-content\/uploads\/2024\/04\/C-Shape-Pressure-Cooker-1-660x616.webp 660w, https:\/\/www.linktonkitchen.com\/wp-content\/uploads\/2024\/04\/C-Shape-Pressure-Cooker-1-150x140.webp 150w\" sizes=\"(max-width: 1500px) 100vw, 1500px\" \/><\/figure>\n<\/div>\n<\/div>\n\n\n\n<div class=\"wp-block-columns is-layout-flex wp-container-core-columns-is-layout-9d6595d7 wp-block-columns-is-layout-flex\">\n<div class=\"wp-block-column is-layout-flow wp-block-column-is-layout-flow\">\n<figure class=\"wp-block-image size-full\"><img decoding=\"async\" width=\"800\" height=\"800\" src=\"https:\/\/www.linktonkitchen.com\/wp-content\/uploads\/2024\/04\/Wholesale-Stianless-Steel-Pressure-Cooker-Set-3.webp\" alt=\"Gro\u00dfhandel Stianless Stahl Schnellkochtopf Set\" class=\"wp-image-7402\" srcset=\"https:\/\/www.linktonkitchen.com\/wp-content\/uploads\/2024\/04\/Wholesale-Stianless-Steel-Pressure-Cooker-Set-3.webp 800w, https:\/\/www.linktonkitchen.com\/wp-content\/uploads\/2024\/04\/Wholesale-Stianless-Steel-Pressure-Cooker-Set-3-300x300.webp 300w, https:\/\/www.linktonkitchen.com\/wp-content\/uploads\/2024\/04\/Wholesale-Stianless-Steel-Pressure-Cooker-Set-3-150x150.webp 150w, https:\/\/www.linktonkitchen.com\/wp-content\/uploads\/2024\/04\/Wholesale-Stianless-Steel-Pressure-Cooker-Set-3-768x768.webp 768w, https:\/\/www.linktonkitchen.com\/wp-content\/uploads\/2024\/04\/Wholesale-Stianless-Steel-Pressure-Cooker-Set-3-12x12.webp 12w, https:\/\/www.linktonkitchen.com\/wp-content\/uploads\/2024\/04\/Wholesale-Stianless-Steel-Pressure-Cooker-Set-3-285x285.webp 285w, https:\/\/www.linktonkitchen.com\/wp-content\/uploads\/2024\/04\/Wholesale-Stianless-Steel-Pressure-Cooker-Set-3-270x270.webp 270w, https:\/\/www.linktonkitchen.com\/wp-content\/uploads\/2024\/04\/Wholesale-Stianless-Steel-Pressure-Cooker-Set-3-540x540.webp 540w, https:\/\/www.linktonkitchen.com\/wp-content\/uploads\/2024\/04\/Wholesale-Stianless-Steel-Pressure-Cooker-Set-3-660x660.webp 660w\" sizes=\"(max-width: 800px) 100vw, 800px\" \/><\/figure>\n<\/div>\n\n\n\n<div class=\"wp-block-column is-layout-flow wp-block-column-is-layout-flow\">\n<h2 class=\"wp-block-heading\">Individuelles Schnellkochtopf-Set:<\/h2>\n\n\n\n<p>Wir bieten flexible OEM- und ODM-Anpassungsdienste an, um den unterschiedlichen Marktanforderungen und der Markenpositionierung gerecht zu werden.<\/p>\n\n\n\n<p><strong>Kapazit\u00e4tsbereich:\u00a0<\/strong>W\u00e4hlen Sie zwischen 4 und 11 Litern, um den Anforderungen unterschiedlicher Familiengr\u00f6\u00dfen gerecht zu werden.<\/p>\n\n\n\n<p><strong>Oberfl\u00e4che:&nbsp;<\/strong>Erh\u00e4ltlich in den Ausf\u00fchrungen Hochglanzpolieren (Hochglanz), Satinieren (geb\u00fcrstetes Aussehen) oder individuelle Farbbeschichtung.<\/p>\n\n\n\n<p><strong>Branding und Logo:<\/strong><\/p>\n\n\n\n<ul class=\"wp-block-list\">\n<li>Lasergravur auf dem Topfk\u00f6rper.<\/li>\n\n\n\n<li>Pr\u00e4gung auf der Unterseite.<\/li>\n\n\n\n<li>Individuelles Logo auf Griffen und Druckventilen.<\/li>\n<\/ul>\n\n\n\n<p><strong>Verpackungsdesign:\u00a0<\/strong>Vollst\u00e4ndig individuell gestaltete Farbschachteln, Bedienungsanleitungen und Versandkartons mit der visuellen Identit\u00e4t Ihrer Marke.<\/p>\n<\/div>\n<\/div>","protected":false},"excerpt":{"rendered":"<p>Gro\u00dfhandel Schnellkochtopf-Set mit Dampfplatte und Kochtopf, C-f\u00f6rmig mit rotem Griff-Design, 4-6 QT Gr\u00f6\u00dfen zur Auswahl. Hochwertiges Edelstahlmaterial, automatisches Sperrventil Sicherheitssystem. Es ist ein meistverkaufter chinesischer Schnellkochtopf. Fabrik direktes Angebot und kundenspezifischer Service sind verf\u00fcgbar. Willkommen bei uns f\u00fcr ein kostenloses Angebot!<\/p>\n<h2>Schnellkochtopf-Set Spezifikationen:<\/h2>\n<table width=\"402\">\n<tbody>\n<tr>\n<td width=\"145\">Hersteller<\/td>\n<td width=\"257\">Linkton<\/td>\n<\/tr>\n<tr>\n<td width=\"145\">Modell Nr.<\/td>\n<td width=\"257\">LT-CX<\/td>\n<\/tr>\n<tr>\n<td width=\"145\">Kapazit\u00e4t<\/td>\n<td width=\"257\">4L\/ 6L\/ 7L\/ 9L\/ 11L<\/td>\n<\/tr>\n<tr>\n<td>Material<\/td>\n<td>Rostfreier Stahl<\/td>\n<\/tr>\n<tr>\n<td>Funktion<\/td>\n<td width=\"257\">\n<p>1. Das Set enth\u00e4lt Schnellkocht\u00f6pfe, D\u00e4mpfeinsatz und Kocht\u00f6pfe<br \/>2. 80 kpa Druck<br \/>3. Sicherheit explosionsgesch\u00fctzt<br \/>4. Bequeme Reinigung<\/p>\n<\/td>\n<\/tr>\n<tr>\n<td>Geeigneter Herd<\/td>\n<td>Herd\/Induktionsherd\/ Gasherd\/ Elektroherd\/ Keramikherd\/ Halogenherd<\/td>\n<\/tr>\n<tr>\n<td>Konfiguration<\/td>\n<td width=\"257\">Manuell\/Druckbegrenzungsventil\/auslaufsicherer Beh\u00e4lter\/Reinigungsnadel<\/td>\n<\/tr>\n<tr>\n<td>OEM\/ODM<\/td>\n<td>Annehmbar<\/td>\n<\/tr>\n<tr>\n<td>Muster<\/td>\n<td>MOQ 1 St\u00fcck<\/td>\n<\/tr>\n<\/tbody>\n<\/table>","protected":false},"featured_media":3131,"template":"","meta":{"_acf_changed":false},"product-application":[],"product-capacity":[],"product_brand":[],"product_cat":[55],"product_tag":[85],"class_list":{"0":"post-3358","1":"product","2":"type-product","3":"status-publish","4":"has-post-thumbnail","6":"product_cat-pressure-cooker-wholesale","7":"product_tag-stainless-steel-pressure-cooker-wholesale","9":"first","10":"instock","11":"shipping-taxable","12":"product-type-simple"},"acf":[],"_links":{"self":[{"href":"https:\/\/www.linktonkitchen.com\/de\/wp-json\/wp\/v2\/product\/3358","targetHints":{"allow":["GET"]}}],"collection":[{"href":"https:\/\/www.linktonkitchen.com\/de\/wp-json\/wp\/v2\/product"}],"about":[{"href":"https:\/\/www.linktonkitchen.com\/de\/wp-json\/wp\/v2\/types\/product"}],"version-history":[{"count":9,"href":"https:\/\/www.linktonkitchen.com\/de\/wp-json\/wp\/v2\/product\/3358\/revisions"}],"predecessor-version":[{"id":7414,"href":"https:\/\/www.linktonkitchen.com\/de\/wp-json\/wp\/v2\/product\/3358\/revisions\/7414"}],"wp:featuredmedia":[{"embeddable":true,"href":"https:\/\/www.linktonkitchen.com\/de\/wp-json\/wp\/v2\/media\/3131"}],"wp:attachment":[{"href":"https:\/\/www.linktonkitchen.com\/de\/wp-json\/wp\/v2\/media?parent=3358"}],"wp:term":[{"taxonomy":"product-application","embeddable":true,"href":"https:\/\/www.linktonkitchen.com\/de\/wp-json\/wp\/v2\/product-application?post=3358"},{"taxonomy":"product-capacity","embeddable":true,"href":"https:\/\/www.linktonkitchen.com\/de\/wp-json\/wp\/v2\/product-capacity?post=3358"},{"taxonomy":"product_brand","embeddable":true,"href":"https:\/\/www.linktonkitchen.com\/de\/wp-json\/wp\/v2\/product_brand?post=3358"},{"taxonomy":"product_cat","embeddable":true,"href":"https:\/\/www.linktonkitchen.com\/de\/wp-json\/wp\/v2\/product_cat?post=3358"},{"taxonomy":"product_tag","embeddable":true,"href":"https:\/\/www.linktonkitchen.com\/de\/wp-json\/wp\/v2\/product_tag?post=3358"}],"curies":[{"name":"wp","href":"https:\/\/api.w.org\/{rel}","templated":true}]}}