{"id":4650,"date":"2024-07-15T08:21:59","date_gmt":"2024-07-15T08:21:59","guid":{"rendered":"https:\/\/www.linktonkitchen.com\/?post_type=product&#038;p=4650"},"modified":"2026-02-05T08:48:39","modified_gmt":"2026-02-05T08:48:39","slug":"schnellkochtopf-set-2","status":"publish","type":"product","link":"https:\/\/www.linktonkitchen.com\/de\/product\/mini-pressure-cooker-wholesale\/","title":{"rendered":"Gro\u00dfhandel Mini Schnellkochtopf, dreifach Stahl kleinen Schnellkochtopf Hersteller"},"content":{"rendered":"<div class=\"wp-block-columns is-layout-flex wp-container-core-columns-is-layout-9d6595d7 wp-block-columns-is-layout-flex\">\n<div class=\"wp-block-column is-vertically-aligned-top is-layout-flow wp-block-column-is-layout-flow\">\n<h2 class=\"wp-block-heading\">Mini-Schnellkochtopf Parameter:<\/h2>\n\n\n\n<figure class=\"wp-block-table\"><table><tbody><tr><td>Modell Nr.<\/td><td>Kapazit\u00e4t<\/td><td>Durchmesser<\/td><\/tr><tr><td rowspan=\"4\">LT-XFKH<\/td><td>0.8 L<\/td><td>13cm\/15cm<\/td><\/tr><tr><td>1.2 L<\/td><td>13cm\/15cm<\/td><\/tr><tr><td>1.6 L<\/td><td>13cm\/15cm<\/td><\/tr><tr><td>2.0 L<\/td><td>13cm\/15cm<\/td><\/tr><\/tbody><\/table><\/figure>\n\n\n\n<h2 class=\"wp-block-heading\">Mini-Schnellkochtopf Merkmale:<\/h2>\n\n\n\n<p><strong>Innovativer Verschlussdeckel mit Kneifgriff: <\/strong>Einzigartiges Pinch-Grip-Verschlussdesign, Sie k\u00f6nnen den Deckel mit einer Hand \u00f6ffnen und schlie\u00dfen. Einfacher Gebrauch und Sicherheitsgarantie.<\/p>\n\n\n\n<p><strong>Hochwertige Struktur aus dreifachem Edelstahl:<\/strong> Schnelle und gleichm\u00e4\u00dfige Erw\u00e4rmung, energiesparend und effizient, langlebig.<\/p>\n\n\n\n<p><strong>Optionen f\u00fcr kleine Kapazit\u00e4ten:<\/strong> 0,8L, 1,2L, 1,6L, 2,0L. Sehr gut geeignet f\u00fcr das Essen f\u00fcr eine Person und das Kochen im Freien beim Camping.<\/p>\n\n\n\n<p><strong>Schnelles und effizientes Kochen: <\/strong>Schnelle Druckbeaufschlagung verk\u00fcrzt die Garzeit. K\u00f6stlichkeit und N\u00e4hrstoffe bleiben erhalten und machen das Essen ges\u00fcnder.<\/p>\n\n\n\n<p><strong>Mehrere Sicherheitsvorkehrungen: <\/strong>Ausgestattet mit einem Druckregler, einem Sicherheitsventil und einer verstopfungssicheren Abluft\u00f6ffnung. Ein hitzebest\u00e4ndiger Dichtungsring sorgt auch unter hohem Druck f\u00fcr eine sichere Abdichtung.<\/p>\n\n\n\n<p><strong>Kompatibilit\u00e4t mit mehreren W\u00e4rmequellen: <\/strong>Geeignet f\u00fcr Induktionsherde, Gasherde, Elektroherde und Ceranfelder.<\/p>\n<\/div>\n\n\n\n<div class=\"wp-block-column is-vertically-aligned-top is-layout-flow wp-block-column-is-layout-flow\">\n<figure class=\"wp-block-image size-full\"><img fetchpriority=\"high\" decoding=\"async\" width=\"800\" height=\"800\" src=\"https:\/\/www.linktonkitchen.com\/wp-content\/uploads\/2024\/07\/Wholesale-mini-triply-stainless-steel-pressure-cookers-5.webp\" alt=\"Gro\u00dfhandel Mini dreifach Edelstahl Schnellkocht\u00f6pfe\" class=\"wp-image-7441\" style=\"object-fit:cover\" srcset=\"https:\/\/www.linktonkitchen.com\/wp-content\/uploads\/2024\/07\/Wholesale-mini-triply-stainless-steel-pressure-cookers-5.webp 800w, https:\/\/www.linktonkitchen.com\/wp-content\/uploads\/2024\/07\/Wholesale-mini-triply-stainless-steel-pressure-cookers-5-300x300.webp 300w, https:\/\/www.linktonkitchen.com\/wp-content\/uploads\/2024\/07\/Wholesale-mini-triply-stainless-steel-pressure-cookers-5-150x150.webp 150w, https:\/\/www.linktonkitchen.com\/wp-content\/uploads\/2024\/07\/Wholesale-mini-triply-stainless-steel-pressure-cookers-5-768x768.webp 768w, https:\/\/www.linktonkitchen.com\/wp-content\/uploads\/2024\/07\/Wholesale-mini-triply-stainless-steel-pressure-cookers-5-12x12.webp 12w, https:\/\/www.linktonkitchen.com\/wp-content\/uploads\/2024\/07\/Wholesale-mini-triply-stainless-steel-pressure-cookers-5-285x285.webp 285w, https:\/\/www.linktonkitchen.com\/wp-content\/uploads\/2024\/07\/Wholesale-mini-triply-stainless-steel-pressure-cookers-5-270x270.webp 270w, https:\/\/www.linktonkitchen.com\/wp-content\/uploads\/2024\/07\/Wholesale-mini-triply-stainless-steel-pressure-cookers-5-540x540.webp 540w, https:\/\/www.linktonkitchen.com\/wp-content\/uploads\/2024\/07\/Wholesale-mini-triply-stainless-steel-pressure-cookers-5-660x660.webp 660w\" sizes=\"(max-width: 800px) 100vw, 800px\" \/><\/figure>\n<\/div>\n<\/div>\n\n\n\n<div class=\"wp-block-columns is-layout-flex wp-container-core-columns-is-layout-9d6595d7 wp-block-columns-is-layout-flex\">\n<div class=\"wp-block-column is-layout-flow wp-block-column-is-layout-flow\">\n<figure class=\"wp-block-image size-full\"><img decoding=\"async\" width=\"3120\" height=\"3120\" src=\"https:\/\/www.linktonkitchen.com\/wp-content\/uploads\/2025\/04\/mini-pressure-cooker-manufacturer-3-edited.webp\" alt=\"Hersteller von Mini-Schnellkocht\u00f6pfen\" class=\"wp-image-5619\" srcset=\"https:\/\/www.linktonkitchen.com\/wp-content\/uploads\/2025\/04\/mini-pressure-cooker-manufacturer-3-edited.webp 3120w, https:\/\/www.linktonkitchen.com\/wp-content\/uploads\/2025\/04\/mini-pressure-cooker-manufacturer-3-edited-300x300.webp 300w, https:\/\/www.linktonkitchen.com\/wp-content\/uploads\/2025\/04\/mini-pressure-cooker-manufacturer-3-edited-150x150.webp 150w, https:\/\/www.linktonkitchen.com\/wp-content\/uploads\/2025\/04\/mini-pressure-cooker-manufacturer-3-edited-768x768.webp 768w, https:\/\/www.linktonkitchen.com\/wp-content\/uploads\/2025\/04\/mini-pressure-cooker-manufacturer-3-edited-12x12.webp 12w, https:\/\/www.linktonkitchen.com\/wp-content\/uploads\/2025\/04\/mini-pressure-cooker-manufacturer-3-edited-285x285.webp 285w, https:\/\/www.linktonkitchen.com\/wp-content\/uploads\/2025\/04\/mini-pressure-cooker-manufacturer-3-edited-1600x1600.webp 1600w, https:\/\/www.linktonkitchen.com\/wp-content\/uploads\/2025\/04\/mini-pressure-cooker-manufacturer-3-edited-270x270.webp 270w, https:\/\/www.linktonkitchen.com\/wp-content\/uploads\/2025\/04\/mini-pressure-cooker-manufacturer-3-edited-540x540.webp 540w, https:\/\/www.linktonkitchen.com\/wp-content\/uploads\/2025\/04\/mini-pressure-cooker-manufacturer-3-edited-660x660.webp 660w\" sizes=\"(max-width: 3120px) 100vw, 3120px\" \/><\/figure>\n<\/div>\n\n\n\n<div class=\"wp-block-column is-vertically-aligned-center is-layout-flow wp-block-column-is-layout-flow\">\n<h2 class=\"wp-block-heading\">Benutzerdefinierter Mini-Schnellkochtopf:<\/h2>\n\n\n\n<p>Wir bieten flexible OEM- und ODM-Anpassungsdienste an, um den unterschiedlichen Marktanforderungen und der Markenpositionierung gerecht zu werden.<\/p>\n\n\n\n<p><strong>Kapazit\u00e4tsbereich:\u00a0<\/strong>W\u00e4hlen Sie zwischen 0,8 und 2 Litern, um den Anforderungen unterschiedlicher Familiengr\u00f6\u00dfen gerecht zu werden.<\/p>\n\n\n\n<p><strong>Oberfl\u00e4che:&nbsp;<\/strong>Erh\u00e4ltlich in den Ausf\u00fchrungen Hochglanzpolieren (Hochglanz), Satinieren (geb\u00fcrstetes Aussehen) oder individuelle Farbbeschichtung.<\/p>\n\n\n\n<p><strong>Branding und Logo:<\/strong><\/p>\n\n\n\n<ul class=\"wp-block-list\">\n<li>Lasergravur auf dem Topfk\u00f6rper.<\/li>\n\n\n\n<li>Pr\u00e4gung auf der Unterseite.<\/li>\n\n\n\n<li>Individuelles Logo auf Griffen und Druckventilen.<\/li>\n<\/ul>\n\n\n\n<p><strong>Verpackungsdesign:&nbsp;<\/strong>Vollst\u00e4ndig angepasste Farbboxen, Bedienungsanleitungen und Versandkartons mit der visuellen Identit\u00e4t Ihrer Marke.<\/p>\n<\/div>\n<\/div>","protected":false},"excerpt":{"rendered":"<p>Gro\u00dfhandel Mini-Schnellkochtopf mit Pinch-Grip-Verriegelung Deckel, einfach zu bedienen, sicher und schnell kochen, geeignet f\u00fcr kleine Portionen oder Camping. Fabrik Direktvertrieb, Unterst\u00fctzung kundenspezifische Logo-Verpackung, besten Rabatt f\u00fcr Gro\u00dfauftr\u00e4ge, willkommen zu erkundigen heute!<\/p>\n<h2>Mini-Schnellkochtopf Spezifikationen:<\/h2>\n<table width=\"402\">\n<tbody>\n<tr>\n<td width=\"145\">Hersteller<\/td>\n<td width=\"257\">Linkton<\/td>\n<\/tr>\n<tr>\n<td width=\"145\">Modell Nr.<\/td>\n<td width=\"257\">LT-XFKH<\/td>\n<\/tr>\n<tr>\n<td width=\"145\">Kapazit\u00e4t<\/td>\n<td width=\"257\">0,8L\/ 1,2L\/ 1,6L\/ 2L<\/td>\n<\/tr>\n<tr>\n<td>Material<\/td>\n<td>Dreifach-Edelstahl<\/td>\n<\/tr>\n<tr>\n<td>Funktion<\/td>\n<td width=\"257\">1. Sicherheitssperrknopf-Design<br \/>2. Schnelles Kochen<br \/>3. Sicherheit explosionsgesch\u00fctzt<br \/>4. Bequeme Reinigung<\/td>\n<\/tr>\n<tr>\n<td>Geeigneter Herd<\/td>\n<td>Offene Flamme\/Induktionsherd\/Gasherd<\/td>\n<\/tr>\n<tr>\n<td>OEM\/ODM<\/td>\n<td>Annehmbar<\/td>\n<\/tr>\n<tr>\n<td>Muster<\/td>\n<td>MOQ 1 St\u00fcck<\/td>\n<\/tr>\n<\/tbody>\n<\/table>","protected":false},"featured_media":5662,"template":"","meta":{"_acf_changed":false},"product-application":[],"product-capacity":[],"product_brand":[],"product_cat":[55],"product_tag":[85],"class_list":{"0":"post-4650","1":"product","2":"type-product","3":"status-publish","4":"has-post-thumbnail","6":"product_cat-pressure-cooker-wholesale","7":"product_tag-stainless-steel-pressure-cooker-wholesale","9":"first","10":"instock","11":"shipping-taxable","12":"product-type-simple"},"acf":[],"_links":{"self":[{"href":"https:\/\/www.linktonkitchen.com\/de\/wp-json\/wp\/v2\/product\/4650","targetHints":{"allow":["GET"]}}],"collection":[{"href":"https:\/\/www.linktonkitchen.com\/de\/wp-json\/wp\/v2\/product"}],"about":[{"href":"https:\/\/www.linktonkitchen.com\/de\/wp-json\/wp\/v2\/types\/product"}],"version-history":[{"count":0,"href":"https:\/\/www.linktonkitchen.com\/de\/wp-json\/wp\/v2\/product\/4650\/revisions"}],"wp:featuredmedia":[{"embeddable":true,"href":"https:\/\/www.linktonkitchen.com\/de\/wp-json\/wp\/v2\/media\/5662"}],"wp:attachment":[{"href":"https:\/\/www.linktonkitchen.com\/de\/wp-json\/wp\/v2\/media?parent=4650"}],"wp:term":[{"taxonomy":"product-application","embeddable":true,"href":"https:\/\/www.linktonkitchen.com\/de\/wp-json\/wp\/v2\/product-application?post=4650"},{"taxonomy":"product-capacity","embeddable":true,"href":"https:\/\/www.linktonkitchen.com\/de\/wp-json\/wp\/v2\/product-capacity?post=4650"},{"taxonomy":"product_brand","embeddable":true,"href":"https:\/\/www.linktonkitchen.com\/de\/wp-json\/wp\/v2\/product_brand?post=4650"},{"taxonomy":"product_cat","embeddable":true,"href":"https:\/\/www.linktonkitchen.com\/de\/wp-json\/wp\/v2\/product_cat?post=4650"},{"taxonomy":"product_tag","embeddable":true,"href":"https:\/\/www.linktonkitchen.com\/de\/wp-json\/wp\/v2\/product_tag?post=4650"}],"curies":[{"name":"wp","href":"https:\/\/api.w.org\/{rel}","templated":true}]}}