{"id":4659,"date":"2024-07-16T10:26:31","date_gmt":"2024-07-16T10:26:31","guid":{"rendered":"https:\/\/www.linktonkitchen.com\/?post_type=product&#038;p=4659"},"modified":"2026-02-05T08:30:57","modified_gmt":"2026-02-05T08:30:57","slug":"schnellkochtopf-set-3","status":"publish","type":"product","link":"https:\/\/www.linktonkitchen.com\/de\/product\/mini-pressure-cooker-1-litre\/","title":{"rendered":"Gro\u00dfhandel Mini Schnellkochtopf 1 Liter mit Schalter Taste"},"content":{"rendered":"<div class=\"wp-block-columns is-layout-flex wp-container-core-columns-is-layout-9d6595d7 wp-block-columns-is-layout-flex\">\n<div class=\"wp-block-column is-vertically-aligned-center is-layout-flow wp-block-column-is-layout-flow\">\n<h2 class=\"wp-block-heading\">Mini-Schnellkochtopf Parameter:<\/h2>\n\n\n\n<figure class=\"wp-block-table\"><table><tbody><tr><td>Modell Nr.<\/td><td>Kapazit\u00e4t<\/td><td>Durchmesser<\/td><\/tr><tr><td rowspan=\"4\">LT-XFKH<\/td><td>0.8 L<\/td><td>13cm\/15cm<\/td><\/tr><tr><td>1.2 L<\/td><td>13cm\/15cm<\/td><\/tr><tr><td>1.6 L<\/td><td>13cm\/15cm<\/td><\/tr><tr><td>2.0 L<\/td><td>13cm\/15cm<\/td><\/tr><\/tbody><\/table><\/figure>\n\n\n\n<h2 class=\"wp-block-heading\">Mini-Schnellkochtopf Merkmale:<\/h2>\n\n\n\n<p><strong>Sicherheitsschloss-Design: <\/strong>Ausgestattet mit einer intuitiven Ver-\/Entriegelungstaste f\u00fcr mehr Sicherheit. Verhindert versehentliches \u00d6ffnen w\u00e4hrend des Kochens und gew\u00e4hrleistet jedes Mal eine zuverl\u00e4ssige Versiegelung.<\/p>\n\n\n\n<p><strong>Geh\u00e4use aus dreifach rostfreiem Stahl: <\/strong>Er besteht aus dreifach rostfreiem Stahl, verteilt die Hitze gleichm\u00e4\u00dfiger, baut schneller Druck auf und ist langlebig. Er ist die ideale Wahl f\u00fcr energiesparendes Kochen.<\/p>\n\n\n\n<p><strong>Kompakte Gr\u00f6\u00dfe, vielseitig: <\/strong>Erh\u00e4ltlich mit einem Fassungsverm\u00f6gen von 0,8 l, 1,2 l, 1,6 l und 2,0 l eignet er sich perfekt f\u00fcr die Zubereitung kleiner Portionen und das Kochen im Freien.<\/p>\n\n\n\n<p><strong>Deckel mit Drehverschluss: <\/strong>Der Twist-Lock-Deckel gew\u00e4hrleistet eine sichere Abdichtung, minimiert den Dampfaustritt und maximiert die Druckhaltung. Einfach zu bedienen.<\/p>\n\n\n\n<p><strong>Mehrpunkt-Sicherheitsmechanismus: <\/strong>umfasst ein Druckregelventil, ein Sicherheitsventil, einen hitzebest\u00e4ndigen Dichtungsring und eine verstopfungsfreie Abluft\u00f6ffnung<\/p>\n\n\n\n<p><strong>Kompatibel mit mehreren W\u00e4rmequellen: <\/strong>Geeignet f\u00fcr Gas-, Induktions- und Elektroherde.<\/p>\n\n\n\n<p><strong>Schnelles Kochen, energiesparend: <\/strong>Verk\u00fcrzt die Kochzeit erheblich und bewahrt gleichzeitig N\u00e4hrstoffe und Geschmack. Ideal f\u00fcr Suppen, Eint\u00f6pfe und zeitkritische Gerichte.<\/p>\n<\/div>\n\n\n\n<div class=\"wp-block-column is-layout-flow wp-block-column-is-layout-flow\">\n<figure class=\"wp-block-image size-full\"><img fetchpriority=\"high\" decoding=\"async\" width=\"3652\" height=\"3652\" src=\"https:\/\/www.linktonkitchen.com\/wp-content\/uploads\/2024\/07\/mini-pressure-cooker-1-litre-wholesale-4_.webp\" alt=\"Mini-Schnellkochtopf 1 Liter Gro\u00dfhandel\" class=\"wp-image-4666\" style=\"object-fit:cover\" srcset=\"https:\/\/www.linktonkitchen.com\/wp-content\/uploads\/2024\/07\/mini-pressure-cooker-1-litre-wholesale-4_.webp 3652w, https:\/\/www.linktonkitchen.com\/wp-content\/uploads\/2024\/07\/mini-pressure-cooker-1-litre-wholesale-4_-300x300.webp 300w, https:\/\/www.linktonkitchen.com\/wp-content\/uploads\/2024\/07\/mini-pressure-cooker-1-litre-wholesale-4_-150x150.webp 150w, https:\/\/www.linktonkitchen.com\/wp-content\/uploads\/2024\/07\/mini-pressure-cooker-1-litre-wholesale-4_-768x768.webp 768w, https:\/\/www.linktonkitchen.com\/wp-content\/uploads\/2024\/07\/mini-pressure-cooker-1-litre-wholesale-4_-12x12.webp 12w, https:\/\/www.linktonkitchen.com\/wp-content\/uploads\/2024\/07\/mini-pressure-cooker-1-litre-wholesale-4_-285x285.webp 285w, https:\/\/www.linktonkitchen.com\/wp-content\/uploads\/2024\/07\/mini-pressure-cooker-1-litre-wholesale-4_-1600x1600.webp 1600w, https:\/\/www.linktonkitchen.com\/wp-content\/uploads\/2024\/07\/mini-pressure-cooker-1-litre-wholesale-4_-270x270.webp 270w, https:\/\/www.linktonkitchen.com\/wp-content\/uploads\/2024\/07\/mini-pressure-cooker-1-litre-wholesale-4_-540x540.webp 540w, https:\/\/www.linktonkitchen.com\/wp-content\/uploads\/2024\/07\/mini-pressure-cooker-1-litre-wholesale-4_-660x660.webp 660w\" sizes=\"(max-width: 3652px) 100vw, 3652px\" \/><\/figure>\n<\/div>\n<\/div>\n\n\n\n<div class=\"wp-block-columns is-layout-flex wp-container-core-columns-is-layout-9d6595d7 wp-block-columns-is-layout-flex\">\n<div class=\"wp-block-column is-vertically-aligned-top is-layout-flow wp-block-column-is-layout-flow\">\n<figure class=\"wp-block-image size-full\"><img decoding=\"async\" width=\"3762\" height=\"3762\" src=\"https:\/\/www.linktonkitchen.com\/wp-content\/uploads\/2024\/07\/mini-pressure-cooker-1-litre-wholesale-3_.webp\" alt=\"Mini-Schnellkochtopf 1 Liter Gro\u00dfhandel\" class=\"wp-image-4664\" srcset=\"https:\/\/www.linktonkitchen.com\/wp-content\/uploads\/2024\/07\/mini-pressure-cooker-1-litre-wholesale-3_.webp 3762w, https:\/\/www.linktonkitchen.com\/wp-content\/uploads\/2024\/07\/mini-pressure-cooker-1-litre-wholesale-3_-300x300.webp 300w, https:\/\/www.linktonkitchen.com\/wp-content\/uploads\/2024\/07\/mini-pressure-cooker-1-litre-wholesale-3_-150x150.webp 150w, https:\/\/www.linktonkitchen.com\/wp-content\/uploads\/2024\/07\/mini-pressure-cooker-1-litre-wholesale-3_-768x768.webp 768w, https:\/\/www.linktonkitchen.com\/wp-content\/uploads\/2024\/07\/mini-pressure-cooker-1-litre-wholesale-3_-12x12.webp 12w, https:\/\/www.linktonkitchen.com\/wp-content\/uploads\/2024\/07\/mini-pressure-cooker-1-litre-wholesale-3_-285x285.webp 285w, https:\/\/www.linktonkitchen.com\/wp-content\/uploads\/2024\/07\/mini-pressure-cooker-1-litre-wholesale-3_-1600x1600.webp 1600w, https:\/\/www.linktonkitchen.com\/wp-content\/uploads\/2024\/07\/mini-pressure-cooker-1-litre-wholesale-3_-270x270.webp 270w, https:\/\/www.linktonkitchen.com\/wp-content\/uploads\/2024\/07\/mini-pressure-cooker-1-litre-wholesale-3_-540x540.webp 540w, https:\/\/www.linktonkitchen.com\/wp-content\/uploads\/2024\/07\/mini-pressure-cooker-1-litre-wholesale-3_-660x660.webp 660w\" sizes=\"(max-width: 3762px) 100vw, 3762px\" \/><\/figure>\n<\/div>\n\n\n\n<div class=\"wp-block-column is-vertically-aligned-center is-layout-flow wp-block-column-is-layout-flow\">\n<h3 class=\"wp-block-heading\">Benutzerdefinierter Mini-Schnellkochtopf:<\/h3>\n\n\n\n<p>lLinkton bietet flexible OEM- und ODM-Anpassungsdienste an, um den unterschiedlichen Marktanforderungen und der Markenpositionierung gerecht zu werden.<\/p>\n\n\n\n<p><strong>Kapazit\u00e4tsbereich:\u00a0<\/strong>W\u00e4hlen Sie zwischen 0,8 und 2 Litern, um den Anforderungen unterschiedlicher Familiengr\u00f6\u00dfen gerecht zu werden.<\/p>\n\n\n\n<p><strong>Oberfl\u00e4che:&nbsp;<\/strong>Erh\u00e4ltlich in den Ausf\u00fchrungen Hochglanzpolieren (Hochglanz), Satinieren (geb\u00fcrstetes Aussehen) oder individuelle Farbbeschichtung.<\/p>\n\n\n\n<p><strong>Branding und Logo:<\/strong><\/p>\n\n\n\n<ul class=\"wp-block-list\">\n<li>Lasergravur auf dem Topfk\u00f6rper.<\/li>\n\n\n\n<li>Pr\u00e4gung auf der Unterseite.<\/li>\n\n\n\n<li>Individuelles Logo auf Griffen und Druckventilen.<\/li>\n<\/ul>\n\n\n\n<p><strong>Verpackungsdesign:&nbsp;<\/strong>Vollst\u00e4ndig angepasste Farbboxen, Bedienungsanleitungen und Versandkartons mit der visuellen Identit\u00e4t Ihrer Marke.<\/p>\n<\/div>\n<\/div>","protected":false},"excerpt":{"rendered":"<p>Als Schnellkochtopf Hersteller, wir benutzerdefinierte und Gro\u00dfhandel Mini-Schnellkocht\u00f6pfe 1 Liter, ausgestattet mit einem Schalter Lock-Taste, einfach zu bedienen, geeignet f\u00fcr \u00e4ltere Menschen und 1-2 Personen. Willkommen bei uns zu kontaktieren, um die Fabrik Preis und Sicherheitsgarantie des Schnellkochtopfes Bulk-L\u00f6sung zu erhalten.<\/p>\n<h2>Mini-Schnellkochtopf Spezifikationen:<\/h2>\n<table width=\"402\">\n<tbody>\n<tr>\n<td width=\"145\">Hersteller<\/td>\n<td width=\"257\">Linkton<\/td>\n<\/tr>\n<tr>\n<td width=\"145\">Modell Nr.<\/td>\n<td width=\"257\">LT-XFKH<\/td>\n<\/tr>\n<tr>\n<td width=\"145\">Kapazit\u00e4t<\/td>\n<td width=\"257\">0,8L\/ 1,2L\/ 1,6L\/ 2L<\/td>\n<\/tr>\n<tr>\n<td>Material<\/td>\n<td>Dreifach-Edelstahl<\/td>\n<\/tr>\n<tr>\n<td>Funktion<\/td>\n<td width=\"257\">1. Sicherheitssperrknopf-Design<br \/>2. Schnelles Kochen<br \/>3. Sicherheit explosionsgesch\u00fctzt<br \/>4. Bequeme Reinigung<\/td>\n<\/tr>\n<tr>\n<td>Geeigneter Herd<\/td>\n<td>Offene Flamme\/Induktionsherd\/Gasherd<\/td>\n<\/tr>\n<tr>\n<td>OEM\/ODM<\/td>\n<td>Annehmbar<\/td>\n<\/tr>\n<tr>\n<td>Muster<\/td>\n<td>MOQ 1 St\u00fcck<\/td>\n<\/tr>\n<\/tbody>\n<\/table>","protected":false},"featured_media":5658,"template":"","meta":{"_acf_changed":false},"product-application":[],"product-capacity":[],"product_brand":[],"product_cat":[55],"product_tag":[85],"class_list":{"0":"post-4659","1":"product","2":"type-product","3":"status-publish","4":"has-post-thumbnail","6":"product_cat-pressure-cooker-wholesale","7":"product_tag-stainless-steel-pressure-cooker-wholesale","9":"first","10":"instock","11":"shipping-taxable","12":"product-type-simple"},"acf":[],"_links":{"self":[{"href":"https:\/\/www.linktonkitchen.com\/de\/wp-json\/wp\/v2\/product\/4659","targetHints":{"allow":["GET"]}}],"collection":[{"href":"https:\/\/www.linktonkitchen.com\/de\/wp-json\/wp\/v2\/product"}],"about":[{"href":"https:\/\/www.linktonkitchen.com\/de\/wp-json\/wp\/v2\/types\/product"}],"version-history":[{"count":0,"href":"https:\/\/www.linktonkitchen.com\/de\/wp-json\/wp\/v2\/product\/4659\/revisions"}],"wp:featuredmedia":[{"embeddable":true,"href":"https:\/\/www.linktonkitchen.com\/de\/wp-json\/wp\/v2\/media\/5658"}],"wp:attachment":[{"href":"https:\/\/www.linktonkitchen.com\/de\/wp-json\/wp\/v2\/media?parent=4659"}],"wp:term":[{"taxonomy":"product-application","embeddable":true,"href":"https:\/\/www.linktonkitchen.com\/de\/wp-json\/wp\/v2\/product-application?post=4659"},{"taxonomy":"product-capacity","embeddable":true,"href":"https:\/\/www.linktonkitchen.com\/de\/wp-json\/wp\/v2\/product-capacity?post=4659"},{"taxonomy":"product_brand","embeddable":true,"href":"https:\/\/www.linktonkitchen.com\/de\/wp-json\/wp\/v2\/product_brand?post=4659"},{"taxonomy":"product_cat","embeddable":true,"href":"https:\/\/www.linktonkitchen.com\/de\/wp-json\/wp\/v2\/product_cat?post=4659"},{"taxonomy":"product_tag","embeddable":true,"href":"https:\/\/www.linktonkitchen.com\/de\/wp-json\/wp\/v2\/product_tag?post=4659"}],"curies":[{"name":"wp","href":"https:\/\/api.w.org\/{rel}","templated":true}]}}