{"id":4690,"date":"2024-07-20T12:10:45","date_gmt":"2024-07-20T12:10:45","guid":{"rendered":"https:\/\/www.linktonkitchen.com\/?post_type=product&#038;p=4690"},"modified":"2024-07-20T12:48:32","modified_gmt":"2024-07-20T12:48:32","slug":"gn-pfanne-3","status":"publish","type":"product","link":"https:\/\/www.linktonkitchen.com\/de\/product\/gn-pans-wholesale\/","title":{"rendered":"Gro\u00dfhandel Gn Pfannen Edelstahl europ\u00e4ischen Stil alle Gr\u00f6\u00dfen"},"content":{"rendered":"<div class=\"wp-block-columns is-layout-flex wp-container-core-columns-is-layout-9d6595d7 wp-block-columns-is-layout-flex\">\n<div class=\"wp-block-column is-layout-flow wp-block-column-is-layout-flow\">\n<h3 class=\"wp-block-heading\">Gn Pfannen <strong>Merkmale:<\/strong><\/h3>\n\n\n\n<p><strong>Standardisiertes Design<\/strong>:<br> Entspricht den europ\u00e4ischen GN-Normen, hat eine pr\u00e4zise Gr\u00f6\u00dfe, l\u00e4sst sich leicht mit internationalen K\u00fcchenger\u00e4ten und Geschirr kombinieren und verbessert die Effizienz des K\u00fcchenbetriebs.<\/p>\n\n\n\n<p><strong>Feine Handwerkskunst: <\/strong><br>Die Seitenwand ist mit einem einzigartigen Anti-Squeeze-Line-Design ausgestattet, das sch\u00f6n ist und die Ansammlung von Speiseresten wirksam verhindert, leicht zu reinigen und zu stapeln ist und Lagerplatz spart.<\/p>\n\n\n\n<p><strong>Verschiedene Spezifikationen: <\/strong><br>Bietet eine Vielzahl von Spezifikationen von 1\/1 bis 1\/12, um die Lagerung und Anzeige Bed\u00fcrfnisse der verschiedenen Zutaten, geeignet f\u00fcr Buffets, Hotels, Restaurants und Lebensmittelverarbeitung und andere Gelegenheiten.<\/p>\n\n\n\n<p><strong>Starke Haltbarkeit: <\/strong><br>Wir w\u00e4hlen hochwertige Edelstahlmaterialien aus und unterziehen sie einer strengen Verarbeitung, um sicherzustellen, dass das Produkt langlebig ist und auch nach langem Gebrauch sein gl\u00e4nzendes Aussehen beibeh\u00e4lt.<\/p>\n\n\n\n<p><strong>Umweltfreundlich und gesund: <\/strong><br>ungiftig und unbedenklich und entsprechen den Anforderungen der Lebensmittelsicherheit, um den Kunden ein gesundes und sicheres Essumfeld zu bieten.<\/p>\n<\/div>\n\n\n\n<div class=\"wp-block-column is-layout-flow wp-block-column-is-layout-flow\"><div class=\"wp-block-image\">\n<figure class=\"aligncenter size-full is-resized\"><img fetchpriority=\"high\" decoding=\"async\" width=\"800\" height=\"800\" src=\"https:\/\/www.linktonkitchen.com\/wp-content\/uploads\/2024\/07\/gn-pans-wholesale-2-1.webp\" alt=\"gn Pfannen Gro\u00dfhandel\" class=\"wp-image-4699\" style=\"width:389px;height:auto\" srcset=\"https:\/\/www.linktonkitchen.com\/wp-content\/uploads\/2024\/07\/gn-pans-wholesale-2-1.webp 800w, https:\/\/www.linktonkitchen.com\/wp-content\/uploads\/2024\/07\/gn-pans-wholesale-2-1-300x300.webp 300w, https:\/\/www.linktonkitchen.com\/wp-content\/uploads\/2024\/07\/gn-pans-wholesale-2-1-150x150.webp 150w, https:\/\/www.linktonkitchen.com\/wp-content\/uploads\/2024\/07\/gn-pans-wholesale-2-1-768x768.webp 768w, https:\/\/www.linktonkitchen.com\/wp-content\/uploads\/2024\/07\/gn-pans-wholesale-2-1-12x12.webp 12w, https:\/\/www.linktonkitchen.com\/wp-content\/uploads\/2024\/07\/gn-pans-wholesale-2-1-285x285.webp 285w, https:\/\/www.linktonkitchen.com\/wp-content\/uploads\/2024\/07\/gn-pans-wholesale-2-1-270x270.webp 270w, https:\/\/www.linktonkitchen.com\/wp-content\/uploads\/2024\/07\/gn-pans-wholesale-2-1-540x540.webp 540w, https:\/\/www.linktonkitchen.com\/wp-content\/uploads\/2024\/07\/gn-pans-wholesale-2-1-660x660.webp 660w\" sizes=\"(max-width: 800px) 100vw, 800px\" \/><\/figure>\n<\/div>\n\n<div class=\"wp-block-image\">\n<figure class=\"aligncenter size-full is-resized\"><img decoding=\"async\" width=\"750\" height=\"750\" src=\"https:\/\/www.linktonkitchen.com\/wp-content\/uploads\/2024\/07\/gn-pans-wholesale-5.webp\" alt=\"gn Pfannen Gro\u00dfhandel\" class=\"wp-image-4700\" style=\"width:387px;height:auto\" srcset=\"https:\/\/www.linktonkitchen.com\/wp-content\/uploads\/2024\/07\/gn-pans-wholesale-5.webp 750w, https:\/\/www.linktonkitchen.com\/wp-content\/uploads\/2024\/07\/gn-pans-wholesale-5-300x300.webp 300w, https:\/\/www.linktonkitchen.com\/wp-content\/uploads\/2024\/07\/gn-pans-wholesale-5-150x150.webp 150w, https:\/\/www.linktonkitchen.com\/wp-content\/uploads\/2024\/07\/gn-pans-wholesale-5-12x12.webp 12w, https:\/\/www.linktonkitchen.com\/wp-content\/uploads\/2024\/07\/gn-pans-wholesale-5-285x285.webp 285w, https:\/\/www.linktonkitchen.com\/wp-content\/uploads\/2024\/07\/gn-pans-wholesale-5-270x270.webp 270w, https:\/\/www.linktonkitchen.com\/wp-content\/uploads\/2024\/07\/gn-pans-wholesale-5-540x540.webp 540w, https:\/\/www.linktonkitchen.com\/wp-content\/uploads\/2024\/07\/gn-pans-wholesale-5-660x660.webp 660w\" sizes=\"(max-width: 750px) 100vw, 750px\" \/><\/figure>\n<\/div><\/div>\n<\/div>\n\n\n\n<p><\/p>","protected":false},"excerpt":{"rendered":"<p>Als Hersteller von GN-Pfannen bieten wir Gro\u00dfhandel mit GN-Pfannen nach europ\u00e4ischem Standard an, die aus hochwertigem Edelstahl gefertigt sind. Wir unterst\u00fctzen kundenspezifische Deckel, Logos und Verpackungen, alle Produkte sind zu Fabrikpreisen erh\u00e4ltlich und erf\u00fcllen die strengsten Lebensmittelsicherheitsstandards.<\/p>\n<h2>Spezifikationen von Gn Pfannen:<\/h2>\n<table border=\"0\" width=\"146\" cellspacing=\"0\" cellpadding=\"0\">\n<tbody>\n<tr>\n<td width=\"73\" height=\"23\">Hersteller<\/td>\n<td width=\"73\">Linkton<\/td>\n<\/tr>\n<tr>\n<td height=\"23\">Material<\/td>\n<td>Rostfreier Stahl<\/td>\n<\/tr>\n<tr>\n<td height=\"69\">Gr\u00f6\u00dfe<\/td>\n<td>1\/1, 1\/2, 1\/3, 1\/4, 1\/6, 1\/9 Gastronorm-Beh\u00e4lter<\/td>\n<\/tr>\n<tr>\n<td height=\"23\">Dicke<\/td>\n<td>0,7mm, 0,8mm, 1,0mm, 1,2mm gn Pfannendicke<\/td>\n<\/tr>\n<tr>\n<td height=\"115\">Muster<\/td>\n<td>Kostenlos<\/td>\n<\/tr>\n<tr>\n<td height=\"30\">Personalisierung<\/td>\n<td>Unterst\u00fctzt benutzerdefinierte LOGO auf Produkt und Verpackung, und unterst\u00fctzt verschiedene Pakete, wie Bag\/Bulk\/Karton oder als Kundenwunsch<\/td>\n<\/tr>\n<\/tbody>\n<\/table>","protected":false},"featured_media":4698,"template":"","meta":{"_acf_changed":false},"product-application":[],"product-capacity":[],"product_brand":[],"product_cat":[57],"product_tag":[],"class_list":{"0":"post-4690","1":"product","2":"type-product","3":"status-publish","4":"has-post-thumbnail","6":"product_cat-gn-pan-wholesale","8":"first","9":"instock","10":"shipping-taxable","11":"product-type-simple"},"acf":[],"_links":{"self":[{"href":"https:\/\/www.linktonkitchen.com\/de\/wp-json\/wp\/v2\/product\/4690","targetHints":{"allow":["GET"]}}],"collection":[{"href":"https:\/\/www.linktonkitchen.com\/de\/wp-json\/wp\/v2\/product"}],"about":[{"href":"https:\/\/www.linktonkitchen.com\/de\/wp-json\/wp\/v2\/types\/product"}],"version-history":[{"count":0,"href":"https:\/\/www.linktonkitchen.com\/de\/wp-json\/wp\/v2\/product\/4690\/revisions"}],"wp:featuredmedia":[{"embeddable":true,"href":"https:\/\/www.linktonkitchen.com\/de\/wp-json\/wp\/v2\/media\/4698"}],"wp:attachment":[{"href":"https:\/\/www.linktonkitchen.com\/de\/wp-json\/wp\/v2\/media?parent=4690"}],"wp:term":[{"taxonomy":"product-application","embeddable":true,"href":"https:\/\/www.linktonkitchen.com\/de\/wp-json\/wp\/v2\/product-application?post=4690"},{"taxonomy":"product-capacity","embeddable":true,"href":"https:\/\/www.linktonkitchen.com\/de\/wp-json\/wp\/v2\/product-capacity?post=4690"},{"taxonomy":"product_brand","embeddable":true,"href":"https:\/\/www.linktonkitchen.com\/de\/wp-json\/wp\/v2\/product_brand?post=4690"},{"taxonomy":"product_cat","embeddable":true,"href":"https:\/\/www.linktonkitchen.com\/de\/wp-json\/wp\/v2\/product_cat?post=4690"},{"taxonomy":"product_tag","embeddable":true,"href":"https:\/\/www.linktonkitchen.com\/de\/wp-json\/wp\/v2\/product_tag?post=4690"}],"curies":[{"name":"wp","href":"https:\/\/api.w.org\/{rel}","templated":true}]}}