{"id":4721,"date":"2024-07-27T08:29:02","date_gmt":"2024-07-27T06:05:14","guid":{"rendered":"https:\/\/www.linktonkitchen.com\/?post_type=product&#038;p=4721"},"modified":"2024-07-27T08:29:30","modified_gmt":"2024-07-27T08:29:30","slug":"gn-pfanne-5","status":"publish","type":"product","link":"https:\/\/www.linktonkitchen.com\/de\/product\/seasoning-box-wholesale\/","title":{"rendered":"Gro\u00dfhandel Edelstahl Gew\u00fcrz Box alles in 1 Gew\u00fcrz"},"content":{"rendered":"<div class=\"wp-block-columns is-layout-flex wp-container-core-columns-is-layout-9d6595d7 wp-block-columns-is-layout-flex\">\n<div class=\"wp-block-column is-layout-flow wp-block-column-is-layout-flow\" style=\"flex-basis:60%\">\n<h3 class=\"wp-block-heading\"><strong>Merkmal der Gew\u00fcrzdose:<\/strong><\/h3>\n\n\n\n<p><strong>Hochwertiger rostfreier Stahl:<\/strong> Diese Gew\u00fcrzdose ist aus lebensmittelechtem Edelstahl gefertigt, der robust, langlebig, sicher und gesund ist.<\/p>\n\n\n\n<p><strong>Mit Deckel<\/strong>: hilft, Gew\u00fcrze frisch zu halten und die Qualit\u00e4t und den Geschmack der Gew\u00fcrze zu bewahren.<\/p>\n\n\n\n<p><strong>Unabh\u00e4ngiges Fachdesign<\/strong>: Geordnete Aufbewahrung, leicht zu entnehmen und zu reinigen.<\/p>\n\n\n\n<p><strong>Breites Spektrum an Einsatzm\u00f6glichkeiten<\/strong>: Hervorragend geeignet f\u00fcr die Aufbewahrung einer Vielzahl von Gew\u00fcrzen wie Salz, Zucker, Curry, Knoblauch, Senfpulver, Pfeffer, Maisst\u00e4rke und anderen Pulvern.<\/p>\n\n\n\n<p><strong>Praktische Integration<\/strong>: Hergestellt aus hochwertigem Edelstahl mit integrierter Strecktechnik, vermeidet es gew\u00f6hnliches Schwei\u00dfen, das sowohl langlebig als auch sch\u00f6n ist.<\/p>\n<\/div>\n\n\n\n<div class=\"wp-block-column is-layout-flow wp-block-column-is-layout-flow\" style=\"flex-basis:40%\"><div class=\"wp-block-image\">\n<figure class=\"aligncenter size-full is-resized\"><img fetchpriority=\"high\" decoding=\"async\" width=\"4285\" height=\"4285\" src=\"https:\/\/www.linktonkitchen.com\/wp-content\/uploads\/2024\/07\/Seasoning-Box-coustom-4.webp\" alt=\"Gew\u00fcrzdose nach Ma\u00df\" class=\"wp-image-4724\" style=\"width:375px;height:auto\" srcset=\"https:\/\/www.linktonkitchen.com\/wp-content\/uploads\/2024\/07\/Seasoning-Box-coustom-4.webp 4285w, https:\/\/www.linktonkitchen.com\/wp-content\/uploads\/2024\/07\/Seasoning-Box-coustom-4-300x300.webp 300w, https:\/\/www.linktonkitchen.com\/wp-content\/uploads\/2024\/07\/Seasoning-Box-coustom-4-150x150.webp 150w, https:\/\/www.linktonkitchen.com\/wp-content\/uploads\/2024\/07\/Seasoning-Box-coustom-4-768x768.webp 768w, https:\/\/www.linktonkitchen.com\/wp-content\/uploads\/2024\/07\/Seasoning-Box-coustom-4-12x12.webp 12w, https:\/\/www.linktonkitchen.com\/wp-content\/uploads\/2024\/07\/Seasoning-Box-coustom-4-285x285.webp 285w, https:\/\/www.linktonkitchen.com\/wp-content\/uploads\/2024\/07\/Seasoning-Box-coustom-4-1600x1600.webp 1600w, https:\/\/www.linktonkitchen.com\/wp-content\/uploads\/2024\/07\/Seasoning-Box-coustom-4-270x270.webp 270w, https:\/\/www.linktonkitchen.com\/wp-content\/uploads\/2024\/07\/Seasoning-Box-coustom-4-540x540.webp 540w, https:\/\/www.linktonkitchen.com\/wp-content\/uploads\/2024\/07\/Seasoning-Box-coustom-4-660x660.webp 660w\" sizes=\"(max-width: 4285px) 100vw, 4285px\" \/><\/figure>\n<\/div><\/div>\n<\/div>\n\n\n\n<div class=\"wp-block-columns is-layout-flex wp-container-core-columns-is-layout-9d6595d7 wp-block-columns-is-layout-flex\">\n<div class=\"wp-block-column is-layout-flow wp-block-column-is-layout-flow\"><div class=\"wp-block-image\">\n<figure class=\"aligncenter size-full is-resized\"><img decoding=\"async\" width=\"800\" height=\"800\" src=\"https:\/\/www.linktonkitchen.com\/wp-content\/uploads\/2024\/07\/Seasoning-Box-coustom-7.webp\" alt=\"Gew\u00fcrzdose nach Ma\u00df\" class=\"wp-image-4730\" style=\"width:380px;height:auto\" srcset=\"https:\/\/www.linktonkitchen.com\/wp-content\/uploads\/2024\/07\/Seasoning-Box-coustom-7.webp 800w, https:\/\/www.linktonkitchen.com\/wp-content\/uploads\/2024\/07\/Seasoning-Box-coustom-7-300x300.webp 300w, https:\/\/www.linktonkitchen.com\/wp-content\/uploads\/2024\/07\/Seasoning-Box-coustom-7-150x150.webp 150w, https:\/\/www.linktonkitchen.com\/wp-content\/uploads\/2024\/07\/Seasoning-Box-coustom-7-768x768.webp 768w, https:\/\/www.linktonkitchen.com\/wp-content\/uploads\/2024\/07\/Seasoning-Box-coustom-7-12x12.webp 12w, https:\/\/www.linktonkitchen.com\/wp-content\/uploads\/2024\/07\/Seasoning-Box-coustom-7-285x285.webp 285w, https:\/\/www.linktonkitchen.com\/wp-content\/uploads\/2024\/07\/Seasoning-Box-coustom-7-270x270.webp 270w, https:\/\/www.linktonkitchen.com\/wp-content\/uploads\/2024\/07\/Seasoning-Box-coustom-7-540x540.webp 540w, https:\/\/www.linktonkitchen.com\/wp-content\/uploads\/2024\/07\/Seasoning-Box-coustom-7-660x660.webp 660w\" sizes=\"(max-width: 800px) 100vw, 800px\" \/><\/figure>\n<\/div><\/div>\n\n\n\n<div class=\"wp-block-column is-layout-flow wp-block-column-is-layout-flow\">\n<h2 class=\"wp-block-heading\">Benutzerdefiniert <strong>W\u00fcrzmittel-Box<\/strong> Optionen:<\/h2>\n\n\n\n<p>Gr\u00f6\u00dfe, F\u00e4cher, Edelstahlsorte 301\/304\/306, personalisiertes Logo, Verpackung<\/p>\n\n\n\n<p>Wir bieten ma\u00dfgeschneiderte L\u00f6sungen f\u00fcr W\u00fcrzboxen mit <strong>wettbewerbsf\u00e4hige Preise<\/strong> und <strong>eine breite Palette an individuellen Optionen<\/strong>. Customize K\u00fcche universelle oder personalisierte Produkte nach Ihren spezifischen Bed\u00fcrfnissen zu helfen, Ihr Markenimage zu f\u00f6rdern. Willkommen bei uns f\u00fcr weitere Informationen \u00fcber Gew\u00fcrzkiste Gro\u00dfhandel und Anpassung zu kontaktieren!<\/p>\n<\/div>\n<\/div>","protected":false},"excerpt":{"rendered":"<p>Gro\u00dfhandel und benutzerdefinierte Edelstahl Gew\u00fcrz-Box mit Deckel, Lebensmittel-Edelstahl-Material, mehrere Gr\u00f6\u00dfen und F\u00e4cher Unterst\u00fctzung der Anpassung. Wir bieten Gro\u00dfhandel benutzerdefinierte L\u00f6sungen mit Fabrikpreise f\u00fcr jeden Kunden. Willkommen bei uns f\u00fcr kostenlose Proben zu kontaktieren<\/p>\n<h2>Spezifikationen der Gew\u00fcrzdose:<\/h2>\n<table border=\"0\" width=\"146\" cellspacing=\"0\" cellpadding=\"0\">\n<tbody>\n<tr>\n<td width=\"73\" height=\"23\">Hersteller<\/td>\n<td width=\"73\">Linkton<\/td>\n<\/tr>\n<tr>\n<td height=\"23\">Material<\/td>\n<td>Rostfreier Stahl<\/td>\n<\/tr>\n<tr>\n<td height=\"69\">Abteil<\/td>\n<td>1-2-3-4-6-8 F\u00e4cher<\/td>\n<\/tr>\n<tr>\n<td height=\"115\">Muster<\/td>\n<td>Kostenlos<\/td>\n<\/tr>\n<tr>\n<td height=\"30\">Personalisierung<\/td>\n<td>Unterst\u00fctzt benutzerdefinierte LOGO auf Produkt und Verpackung, und unterst\u00fctzt verschiedene Pakete, wie Bag\/Bulk\/Karton oder als Kundenwunsch<\/td>\n<\/tr>\n<\/tbody>\n<\/table>","protected":false},"featured_media":4724,"template":"","meta":{"_acf_changed":false},"product-application":[],"product-capacity":[],"product_brand":[],"product_cat":[57],"product_tag":[],"class_list":{"0":"post-4721","1":"product","2":"type-product","3":"status-publish","4":"has-post-thumbnail","6":"product_cat-gn-pan-wholesale","8":"first","9":"instock","10":"shipping-taxable","11":"product-type-simple"},"acf":[],"_links":{"self":[{"href":"https:\/\/www.linktonkitchen.com\/de\/wp-json\/wp\/v2\/product\/4721","targetHints":{"allow":["GET"]}}],"collection":[{"href":"https:\/\/www.linktonkitchen.com\/de\/wp-json\/wp\/v2\/product"}],"about":[{"href":"https:\/\/www.linktonkitchen.com\/de\/wp-json\/wp\/v2\/types\/product"}],"version-history":[{"count":0,"href":"https:\/\/www.linktonkitchen.com\/de\/wp-json\/wp\/v2\/product\/4721\/revisions"}],"wp:featuredmedia":[{"embeddable":true,"href":"https:\/\/www.linktonkitchen.com\/de\/wp-json\/wp\/v2\/media\/4724"}],"wp:attachment":[{"href":"https:\/\/www.linktonkitchen.com\/de\/wp-json\/wp\/v2\/media?parent=4721"}],"wp:term":[{"taxonomy":"product-application","embeddable":true,"href":"https:\/\/www.linktonkitchen.com\/de\/wp-json\/wp\/v2\/product-application?post=4721"},{"taxonomy":"product-capacity","embeddable":true,"href":"https:\/\/www.linktonkitchen.com\/de\/wp-json\/wp\/v2\/product-capacity?post=4721"},{"taxonomy":"product_brand","embeddable":true,"href":"https:\/\/www.linktonkitchen.com\/de\/wp-json\/wp\/v2\/product_brand?post=4721"},{"taxonomy":"product_cat","embeddable":true,"href":"https:\/\/www.linktonkitchen.com\/de\/wp-json\/wp\/v2\/product_cat?post=4721"},{"taxonomy":"product_tag","embeddable":true,"href":"https:\/\/www.linktonkitchen.com\/de\/wp-json\/wp\/v2\/product_tag?post=4721"}],"curies":[{"name":"wp","href":"https:\/\/api.w.org\/{rel}","templated":true}]}}