{"id":5931,"date":"2025-07-01T07:34:24","date_gmt":"2025-07-01T07:34:24","guid":{"rendered":"https:\/\/www.linktonkitchen.com\/?post_type=product&#038;p=5931"},"modified":"2025-07-03T09:40:11","modified_gmt":"2025-07-03T09:40:11","slug":"wholesale-chafing-dishes-wood-grain","status":"publish","type":"product","link":"https:\/\/www.linktonkitchen.com\/de\/product\/wholesale-chafing-dishes-wood-grain\/","title":{"rendered":"Neue Gro\u00dfhandel Chafing Dishes Holzmaserung, Edelstahl Hotel Buffet W\u00e4rmer Set Custom"},"content":{"rendered":"<div class=\"wp-block-columns is-layout-flex wp-container-core-columns-is-layout-9d6595d7 wp-block-columns-is-layout-flex\">\n<div class=\"wp-block-column is-vertically-aligned-center is-layout-flow wp-block-column-is-layout-flow\">\n<h2 class=\"wp-block-heading\">Chafing Dishes Holzmaserung Merkmale:<\/h2>\n\n\n\n<p><strong>Hochwertige Holzmaserung<\/strong>: Einzigartige Holzimitation, die nat\u00fcrliche Sch\u00f6nheit mit modernem Stil verbindet und den Gesamtstil des Restaurants aufwertet.<\/p>\n\n\n\n<p><strong>Intelligente Touch-Temperaturregelung<\/strong>Mit LED-Anzeige, pr\u00e4ziser Temperatureinstellung, bequemer Bedienung und garantiertem Geschmack der Speisen.<\/p>\n\n\n\n<p><strong>Glasdeckel-Design<\/strong>: Hochfeste, transparente Glasabdeckung, praktisch und sch\u00f6n, um den Zustand der Lebensmittel zu \u00fcberpr\u00fcfen.<\/p>\n\n\n\n<p><strong>OEM-Service angeboten<\/strong>: Direktlieferung ab Werk, LOGO, Finish, Farbe und andere kundenspezifische Dienstleistungen.<\/p>\n<\/div>\n\n\n\n<div class=\"wp-block-column is-vertically-aligned-center is-layout-flow wp-block-column-is-layout-flow\"><div class=\"wp-block-image\">\n<figure class=\"aligncenter size-full is-resized\"><img fetchpriority=\"high\" decoding=\"async\" width=\"890\" height=\"667\" src=\"https:\/\/www.linktonkitchen.com\/wp-content\/uploads\/2025\/07\/Factory-Wholesale-Chafing-Dishes-Stainless-Steel-Wood-Color.webp\" alt=\"Fabrik Gro\u00dfhandel Chafing Dishes Edelstahl Holz Farbe\" class=\"wp-image-5932\" style=\"width:404px;height:auto\" srcset=\"https:\/\/www.linktonkitchen.com\/wp-content\/uploads\/2025\/07\/Factory-Wholesale-Chafing-Dishes-Stainless-Steel-Wood-Color.webp 890w, https:\/\/www.linktonkitchen.com\/wp-content\/uploads\/2025\/07\/Factory-Wholesale-Chafing-Dishes-Stainless-Steel-Wood-Color-300x225.webp 300w, https:\/\/www.linktonkitchen.com\/wp-content\/uploads\/2025\/07\/Factory-Wholesale-Chafing-Dishes-Stainless-Steel-Wood-Color-768x576.webp 768w, https:\/\/www.linktonkitchen.com\/wp-content\/uploads\/2025\/07\/Factory-Wholesale-Chafing-Dishes-Stainless-Steel-Wood-Color-16x12.webp 16w, https:\/\/www.linktonkitchen.com\/wp-content\/uploads\/2025\/07\/Factory-Wholesale-Chafing-Dishes-Stainless-Steel-Wood-Color-285x214.webp 285w, https:\/\/www.linktonkitchen.com\/wp-content\/uploads\/2025\/07\/Factory-Wholesale-Chafing-Dishes-Stainless-Steel-Wood-Color-800x600.webp 800w, https:\/\/www.linktonkitchen.com\/wp-content\/uploads\/2025\/07\/Factory-Wholesale-Chafing-Dishes-Stainless-Steel-Wood-Color-660x495.webp 660w, https:\/\/www.linktonkitchen.com\/wp-content\/uploads\/2025\/07\/Factory-Wholesale-Chafing-Dishes-Stainless-Steel-Wood-Color-150x112.webp 150w\" sizes=\"(max-width: 890px) 100vw, 890px\" \/><\/figure>\n<\/div><\/div>\n<\/div>\n\n\n\n<div class=\"wp-block-columns is-layout-flex wp-container-core-columns-is-layout-9d6595d7 wp-block-columns-is-layout-flex\">\n<div class=\"wp-block-column is-vertically-aligned-center is-layout-flow wp-block-column-is-layout-flow\">\n<h2 class=\"wp-block-heading\">Individuelle Chafing Dishes<\/h2>\n\n\n\n<p>Wir bieten ODM- und OEM-Dienstleistungen. Unterst\u00fctzen Sie benutzerdefinierte LOGO auf Produkt und Paket, und unterst\u00fctzen verschiedene Pakete, wie Beutel\/Karton oder nach den Anforderungen des Kunden. Farbe k\u00f6nnte mit Silberfarbe oder Goldfarbe oder halb vergoldet angepasst werden.<\/p>\n<\/div>\n<\/div>","protected":false},"excerpt":{"rendered":"<p>Linkton Factory Gro\u00dfhandel Chafing Dishes, ist die Holzmaserung Aussehen mit intelligenten Temperaturregelung, sch\u00f6n und praktisch abgestimmt. Kundenspezifische Anpassung wird unterst\u00fctzt. Willkommen bei uns f\u00fcr einen Gro\u00dfhandel Angebot zu kontaktieren!<\/p>\n<h2>Spezifikationen von Chafing Dish Electric:<\/h2>\n<table width=\"402\">\n<tbody>\n<tr>\n<td width=\"145\">Hersteller<\/td>\n<td width=\"257\">Linkton<\/td>\n<\/tr>\n<tr>\n<td>Material<\/td>\n<td>Rostfreier Stahl<\/td>\n<\/tr>\n<tr>\n<td>Konfiguration<\/td>\n<td width=\"257\">Kochtopf\/Wassersch\u00fcssel<\/td>\n<\/tr>\n<tr>\n<td>Heizung<\/td>\n<td>\n<p>Elektrische Heizung<\/p>\n<\/td>\n<\/tr>\n<tr>\n<td>Deckel<\/td>\n<td width=\"257\">Hydraulischer Glasdeckel<\/td>\n<\/tr>\n<tr>\n<td>OEM\/ODM<\/td>\n<td>Annehmbar<\/td>\n<\/tr>\n<tr>\n<td>Muster<\/td>\n<td>MOQ 1 St\u00fcck<\/td>\n<\/tr>\n<\/tbody>\n<\/table>","protected":false},"featured_media":5932,"template":"","meta":{"_acf_changed":false},"product-application":[],"product-capacity":[],"product_brand":[],"product_cat":[58],"product_tag":[],"class_list":{"0":"post-5931","1":"product","2":"type-product","3":"status-publish","4":"has-post-thumbnail","6":"product_cat-wholesale-chafing-dishes","8":"first","9":"instock","10":"shipping-taxable","11":"product-type-simple"},"acf":[],"_links":{"self":[{"href":"https:\/\/www.linktonkitchen.com\/de\/wp-json\/wp\/v2\/product\/5931","targetHints":{"allow":["GET"]}}],"collection":[{"href":"https:\/\/www.linktonkitchen.com\/de\/wp-json\/wp\/v2\/product"}],"about":[{"href":"https:\/\/www.linktonkitchen.com\/de\/wp-json\/wp\/v2\/types\/product"}],"version-history":[{"count":0,"href":"https:\/\/www.linktonkitchen.com\/de\/wp-json\/wp\/v2\/product\/5931\/revisions"}],"wp:featuredmedia":[{"embeddable":true,"href":"https:\/\/www.linktonkitchen.com\/de\/wp-json\/wp\/v2\/media\/5932"}],"wp:attachment":[{"href":"https:\/\/www.linktonkitchen.com\/de\/wp-json\/wp\/v2\/media?parent=5931"}],"wp:term":[{"taxonomy":"product-application","embeddable":true,"href":"https:\/\/www.linktonkitchen.com\/de\/wp-json\/wp\/v2\/product-application?post=5931"},{"taxonomy":"product-capacity","embeddable":true,"href":"https:\/\/www.linktonkitchen.com\/de\/wp-json\/wp\/v2\/product-capacity?post=5931"},{"taxonomy":"product_brand","embeddable":true,"href":"https:\/\/www.linktonkitchen.com\/de\/wp-json\/wp\/v2\/product_brand?post=5931"},{"taxonomy":"product_cat","embeddable":true,"href":"https:\/\/www.linktonkitchen.com\/de\/wp-json\/wp\/v2\/product_cat?post=5931"},{"taxonomy":"product_tag","embeddable":true,"href":"https:\/\/www.linktonkitchen.com\/de\/wp-json\/wp\/v2\/product_tag?post=5931"}],"curies":[{"name":"wp","href":"https:\/\/api.w.org\/{rel}","templated":true}]}}