{"id":5935,"date":"2025-07-02T08:14:52","date_gmt":"2025-07-02T08:14:52","guid":{"rendered":"https:\/\/www.linktonkitchen.com\/?post_type=product&#038;p=5935"},"modified":"2025-07-03T09:49:50","modified_gmt":"2025-07-03T09:49:50","slug":"wholesale-electric-chafing-dish","status":"publish","type":"product","link":"https:\/\/www.linktonkitchen.com\/de\/product\/wholesale-electric-chafing-dish\/","title":{"rendered":"Gro\u00dfhandel elektrische Chafing Dish h\u00f6lzerne Textur, moderne Catering Buffet W\u00e4rmer Set Custom"},"content":{"rendered":"<div class=\"wp-block-columns is-layout-flex wp-container-core-columns-is-layout-9d6595d7 wp-block-columns-is-layout-flex\">\n<div class=\"wp-block-column is-vertically-aligned-center is-layout-flow wp-block-column-is-layout-flow\">\n<h2 class=\"wp-block-heading\">Elektrische Chafing Dish Merkmale:<\/h2>\n\n\n\n<p><strong>Hochwertige Holzmaserungsstruktur:<\/strong> Die \u00e4u\u00dfere Schale ist mit einer Holzmaserung beschichtet, sch\u00f6n und haltbar und schafft eine warme und hochwertige Essatmosph\u00e4re.<\/p>\n\n\n\n<p><strong>Intelligentes System f\u00fcr konstante Temperatur bei Ber\u00fchrung<\/strong>: Ausgestattet mit einem intuitiven elektronischen Bedienfeld, erm\u00f6glicht es eine pr\u00e4zise Temperaturregelung und Temperatursperre, um den besten Geschmack der Speisen zu gew\u00e4hrleisten.<\/p>\n\n\n\n<p><strong>Lebensmittelgeeignetes Material aus rostfreiem Stahl<\/strong>: langlebig, starke Korrosionsbest\u00e4ndigkeit, geeignet f\u00fcr den langfristigen Einsatz in Hotels und Buffets.<\/p>\n\n\n\n<p><strong>Sichtdeckel aus Glas:<\/strong> bequem f\u00fcr die Echtzeit-Ansicht von Speisen, praktisch und sch\u00f6n.<\/p>\n\n\n\n<p><strong>Unterst\u00fctzung des OEM-Service<\/strong>: Unterst\u00fctzung markenexklusiver Anpassungen zur Verbesserung von Image und Wiedererkennung.<\/p>\n<\/div>\n\n\n\n<div class=\"wp-block-column is-vertically-aligned-center is-layout-flow wp-block-column-is-layout-flow\"><div class=\"wp-block-image\">\n<figure class=\"aligncenter size-full is-resized\"><img fetchpriority=\"high\" decoding=\"async\" width=\"1000\" height=\"667\" src=\"https:\/\/www.linktonkitchen.com\/wp-content\/uploads\/2025\/07\/Wholesale-Electric-Chafing-Dish-High-end-Wooden-Texture.webp\" alt=\"Gro\u00dfhandel Elektrische Chafing Dish High-End-Holz Textur\" class=\"wp-image-5936\" style=\"width:404px;height:auto\" srcset=\"https:\/\/www.linktonkitchen.com\/wp-content\/uploads\/2025\/07\/Wholesale-Electric-Chafing-Dish-High-end-Wooden-Texture.webp 1000w, https:\/\/www.linktonkitchen.com\/wp-content\/uploads\/2025\/07\/Wholesale-Electric-Chafing-Dish-High-end-Wooden-Texture-300x200.webp 300w, https:\/\/www.linktonkitchen.com\/wp-content\/uploads\/2025\/07\/Wholesale-Electric-Chafing-Dish-High-end-Wooden-Texture-768x512.webp 768w, https:\/\/www.linktonkitchen.com\/wp-content\/uploads\/2025\/07\/Wholesale-Electric-Chafing-Dish-High-end-Wooden-Texture-18x12.webp 18w, https:\/\/www.linktonkitchen.com\/wp-content\/uploads\/2025\/07\/Wholesale-Electric-Chafing-Dish-High-end-Wooden-Texture-285x190.webp 285w, https:\/\/www.linktonkitchen.com\/wp-content\/uploads\/2025\/07\/Wholesale-Electric-Chafing-Dish-High-end-Wooden-Texture-660x440.webp 660w, https:\/\/www.linktonkitchen.com\/wp-content\/uploads\/2025\/07\/Wholesale-Electric-Chafing-Dish-High-end-Wooden-Texture-150x100.webp 150w\" sizes=\"(max-width: 1000px) 100vw, 1000px\" \/><\/figure>\n<\/div><\/div>\n<\/div>\n\n\n\n<div class=\"wp-block-columns is-layout-flex wp-container-core-columns-is-layout-9d6595d7 wp-block-columns-is-layout-flex\">\n<div class=\"wp-block-column is-vertically-aligned-center is-layout-flow wp-block-column-is-layout-flow\">\n<h2 class=\"wp-block-heading\">Kundenspezifische elektrische Chafing Dish<\/h2>\n\n\n\n<p>Wir bieten ODM- und OEM-Dienste an. Support benutzerdefinierte LOGO auf Produkt und Paket, und unterst\u00fctzen verschiedene Pakete, wie Tasche \/ Karton oder als Kundenwunsch. Farbe k\u00f6nnte mit Silber Farbe oder Gold Farbe oder halb vergoldet angepasst werden.<\/p>\n<\/div>\n<\/div>","protected":false},"excerpt":{"rendered":"<p>Linkton Gro\u00dfhandel elektrische Chafing Dish, mit Holzmaserung Textur Design, eine pr\u00e4zise Temperaturregelung Panel, poliertem Glasdeckel, ist ein beliebtes modernes Essen W\u00e4rmer. Willkommen bei uns f\u00fcr ein Angebot und eine ma\u00dfgeschneiderte L\u00f6sung zu kontaktieren.<\/p>\n<h2>Spezifikationen der elektrischen Chafing Dish:<\/h2>\n<table width=\"402\">\n<tbody>\n<tr>\n<td width=\"145\">Hersteller<\/td>\n<td width=\"257\">Linkton<\/td>\n<\/tr>\n<tr>\n<td>Material<\/td>\n<td>Rostfreier Stahl<\/td>\n<\/tr>\n<tr>\n<td>Konfiguration<\/td>\n<td width=\"257\">Kochtopf\/Wassersch\u00fcssel<\/td>\n<\/tr>\n<tr>\n<td>Heizung<\/td>\n<td>\n<p>Elektrische Heizung<\/p>\n<\/td>\n<\/tr>\n<tr>\n<td>Deckel<\/td>\n<td width=\"257\">Hydraulischer Glasdeckel<\/td>\n<\/tr>\n<tr>\n<td>OEM\/ODM<\/td>\n<td>Annehmbar<\/td>\n<\/tr>\n<tr>\n<td>Muster<\/td>\n<td>MOQ 1 St\u00fcck<\/td>\n<\/tr>\n<\/tbody>\n<\/table>","protected":false},"featured_media":5936,"template":"","meta":{"_acf_changed":false},"product-application":[],"product-capacity":[],"product_brand":[],"product_cat":[58],"product_tag":[],"class_list":{"0":"post-5935","1":"product","2":"type-product","3":"status-publish","4":"has-post-thumbnail","6":"product_cat-wholesale-chafing-dishes","8":"first","9":"instock","10":"shipping-taxable","11":"product-type-simple"},"acf":[],"_links":{"self":[{"href":"https:\/\/www.linktonkitchen.com\/de\/wp-json\/wp\/v2\/product\/5935","targetHints":{"allow":["GET"]}}],"collection":[{"href":"https:\/\/www.linktonkitchen.com\/de\/wp-json\/wp\/v2\/product"}],"about":[{"href":"https:\/\/www.linktonkitchen.com\/de\/wp-json\/wp\/v2\/types\/product"}],"version-history":[{"count":0,"href":"https:\/\/www.linktonkitchen.com\/de\/wp-json\/wp\/v2\/product\/5935\/revisions"}],"wp:featuredmedia":[{"embeddable":true,"href":"https:\/\/www.linktonkitchen.com\/de\/wp-json\/wp\/v2\/media\/5936"}],"wp:attachment":[{"href":"https:\/\/www.linktonkitchen.com\/de\/wp-json\/wp\/v2\/media?parent=5935"}],"wp:term":[{"taxonomy":"product-application","embeddable":true,"href":"https:\/\/www.linktonkitchen.com\/de\/wp-json\/wp\/v2\/product-application?post=5935"},{"taxonomy":"product-capacity","embeddable":true,"href":"https:\/\/www.linktonkitchen.com\/de\/wp-json\/wp\/v2\/product-capacity?post=5935"},{"taxonomy":"product_brand","embeddable":true,"href":"https:\/\/www.linktonkitchen.com\/de\/wp-json\/wp\/v2\/product_brand?post=5935"},{"taxonomy":"product_cat","embeddable":true,"href":"https:\/\/www.linktonkitchen.com\/de\/wp-json\/wp\/v2\/product_cat?post=5935"},{"taxonomy":"product_tag","embeddable":true,"href":"https:\/\/www.linktonkitchen.com\/de\/wp-json\/wp\/v2\/product_tag?post=5935"}],"curies":[{"name":"wp","href":"https:\/\/api.w.org\/{rel}","templated":true}]}}