{"id":5970,"date":"2025-07-08T03:10:31","date_gmt":"2025-07-08T03:10:31","guid":{"rendered":"https:\/\/www.linktonkitchen.com\/?post_type=product&#038;p=5970"},"modified":"2025-07-17T02:02:44","modified_gmt":"2025-07-17T02:02:44","slug":"wholesale-commercial-chafing-dish","status":"publish","type":"product","link":"https:\/\/www.linktonkitchen.com\/de\/product\/wholesale-commercial-chafing-dish\/","title":{"rendered":"Gro\u00dfhandel kommerziellen Chafing Dish, benutzerdefinierte elektrische Buffet-Set mit hydraulischen Deckel"},"content":{"rendered":"<div class=\"wp-block-columns is-layout-flex wp-container-core-columns-is-layout-9d6595d7 wp-block-columns-is-layout-flex\">\n<div class=\"wp-block-column is-vertically-aligned-center is-layout-flow wp-block-column-is-layout-flow\">\n<h2 class=\"wp-block-heading\">Gro\u00dfhandel <strong>Kommerzielles Geschirr Merkmale:<\/strong><\/h2>\n\n\n\n<p><strong>Hochwertiges Material aus rostfreiem Stahl: <\/strong>korrosionsbest\u00e4ndig, leicht zu reinigen, hochglanzpoliertes Aussehen, Hervorhebung der Textur in Profiqualit\u00e4t.<\/p>\n\n\n\n<p><strong>Intelligentes Touchpanel<\/strong>\uff1aEingebauter digitaler Bildschirm, pr\u00e4zise Temperaturregelung, bequeme Bedienung, Verbesserung der betrieblichen Effizienz und Sicherheit.<\/p>\n\n\n\n<p><strong>Transparenter Sichtglasdeckel<\/strong>Anti-Beschlag und rissfest, sch\u00f6n und praktisch, bequem f\u00fcr die Kunden zu sehen Gerichte intuitiv, Verbesserung der Benutzerfreundlichkeit und Display-Effekt.<\/p>\n\n\n\n<p><strong>Stabile geometrische Struktur:<\/strong> abgerundetes rechteckiges Design mit stabilen viers\u00e4uligen St\u00fctzf\u00fc\u00dfen, die Modernit\u00e4t und Zweckm\u00e4\u00dfigkeit verbinden, geeignet f\u00fcr alle Arten von hochwertigen Buffet-Restaurants, Hotel-Bankett-Szenen.<\/p>\n\n\n\n<p><strong>ODM-Anpassung bietet<\/strong>Logo, Funktion, Farbe usw. k\u00f6nnen je nach Kundenwunsch angepasst werden, um den Anforderungen von High-End-Catering-Projekten gerecht zu werden.<\/p>\n<\/div>\n\n\n\n<div class=\"wp-block-column is-vertically-aligned-center is-layout-flow wp-block-column-is-layout-flow\"><div class=\"wp-block-image\">\n<figure class=\"aligncenter size-full is-resized\"><img fetchpriority=\"high\" decoding=\"async\" width=\"1217\" height=\"913\" src=\"https:\/\/www.linktonkitchen.com\/wp-content\/uploads\/2025\/07\/wholesale-commercial-chafing-dish.webp\" alt=\"Gro\u00dfhandel kommerzielle chafing dish\" class=\"wp-image-5972\" style=\"width:404px;height:auto\" srcset=\"https:\/\/www.linktonkitchen.com\/wp-content\/uploads\/2025\/07\/wholesale-commercial-chafing-dish.webp 1217w, https:\/\/www.linktonkitchen.com\/wp-content\/uploads\/2025\/07\/wholesale-commercial-chafing-dish-300x225.webp 300w, https:\/\/www.linktonkitchen.com\/wp-content\/uploads\/2025\/07\/wholesale-commercial-chafing-dish-768x576.webp 768w, https:\/\/www.linktonkitchen.com\/wp-content\/uploads\/2025\/07\/wholesale-commercial-chafing-dish-16x12.webp 16w, https:\/\/www.linktonkitchen.com\/wp-content\/uploads\/2025\/07\/wholesale-commercial-chafing-dish-285x214.webp 285w, https:\/\/www.linktonkitchen.com\/wp-content\/uploads\/2025\/07\/wholesale-commercial-chafing-dish-800x600.webp 800w, https:\/\/www.linktonkitchen.com\/wp-content\/uploads\/2025\/07\/wholesale-commercial-chafing-dish-660x495.webp 660w, https:\/\/www.linktonkitchen.com\/wp-content\/uploads\/2025\/07\/wholesale-commercial-chafing-dish-150x113.webp 150w\" sizes=\"(max-width: 1217px) 100vw, 1217px\" \/><\/figure>\n<\/div><\/div>\n<\/div>\n\n\n\n<div class=\"wp-block-columns is-layout-flex wp-container-core-columns-is-layout-9d6595d7 wp-block-columns-is-layout-flex\">\n<div class=\"wp-block-column is-vertically-aligned-center is-layout-flow wp-block-column-is-layout-flow\">\n<h3 class=\"wp-block-heading\">Benutzerdefiniert <strong><strong>Kommerzielle Chafing Dish<\/strong><\/strong>:<\/h3>\n\n\n\n<ul class=\"wp-block-list\">\n<li>Wir bieten ODM- und OEM-Dienstleistungen an. <\/li>\n\n\n\n<li>Unterst\u00fctzung von kundenspezifischen LOGO auf Produkt und Verpackung.<\/li>\n\n\n\n<li>Unterst\u00fctzung verschiedener Verpackungen, wie z. B. Beutel\/Karton, oder je nach Kundenwunsch. <\/li>\n\n\n\n<li>Die Farbe kann mit Silber- oder Goldfarbe oder Halbvergoldung angepasst werden.<\/li>\n<\/ul>\n<\/div>\n<\/div>","protected":false},"excerpt":{"rendered":"<p>Willkommen im Gro\u00dfhandel kommerziellen Chafing Dish, Lebensmittel-Edelstahl-Material, elektrische Heizung, mit einem intelligenten Touch-Panel und Anti-Beschlag-Glasdeckel ausgestattet, ist es f\u00fcr High-End-Catering-Szenen konzipiert. Unterst\u00fctzt ODM-Anpassung, kontaktieren Sie uns f\u00fcr exklusive L\u00f6sungen und Angebote.<\/p>\n<h2>Spezifikationen von Commercial Chafing Dish:<\/h2>\n<table width=\"402\">\n<tbody>\n<tr>\n<td width=\"145\">Hersteller<\/td>\n<td width=\"257\">Linkton<\/td>\n<\/tr>\n<tr>\n<td>Material<\/td>\n<td>Rostfreier Stahl<\/td>\n<\/tr>\n<tr>\n<td>Konfiguration<\/td>\n<td width=\"257\">Kochtopf\/Wassersch\u00fcssel<\/td>\n<\/tr>\n<tr>\n<td>Heizung<\/td>\n<td>\n<p>Elektrische Heizung<\/p>\n<\/td>\n<\/tr>\n<tr>\n<td>Deckel<\/td>\n<td width=\"257\">Hydraulischer Glasdeckel<\/td>\n<\/tr>\n<tr>\n<td>OEM\/ODM<\/td>\n<td>Annehmbar<\/td>\n<\/tr>\n<tr>\n<td>Muster<\/td>\n<td>MOQ 1 St\u00fcck<\/td>\n<\/tr>\n<\/tbody>\n<\/table>","protected":false},"featured_media":5972,"template":"","meta":{"_acf_changed":false},"product-application":[],"product-capacity":[],"product_brand":[],"product_cat":[58],"product_tag":[],"class_list":{"0":"post-5970","1":"product","2":"type-product","3":"status-publish","4":"has-post-thumbnail","6":"product_cat-wholesale-chafing-dishes","8":"first","9":"instock","10":"shipping-taxable","11":"product-type-simple"},"acf":[],"_links":{"self":[{"href":"https:\/\/www.linktonkitchen.com\/de\/wp-json\/wp\/v2\/product\/5970","targetHints":{"allow":["GET"]}}],"collection":[{"href":"https:\/\/www.linktonkitchen.com\/de\/wp-json\/wp\/v2\/product"}],"about":[{"href":"https:\/\/www.linktonkitchen.com\/de\/wp-json\/wp\/v2\/types\/product"}],"version-history":[{"count":0,"href":"https:\/\/www.linktonkitchen.com\/de\/wp-json\/wp\/v2\/product\/5970\/revisions"}],"wp:featuredmedia":[{"embeddable":true,"href":"https:\/\/www.linktonkitchen.com\/de\/wp-json\/wp\/v2\/media\/5972"}],"wp:attachment":[{"href":"https:\/\/www.linktonkitchen.com\/de\/wp-json\/wp\/v2\/media?parent=5970"}],"wp:term":[{"taxonomy":"product-application","embeddable":true,"href":"https:\/\/www.linktonkitchen.com\/de\/wp-json\/wp\/v2\/product-application?post=5970"},{"taxonomy":"product-capacity","embeddable":true,"href":"https:\/\/www.linktonkitchen.com\/de\/wp-json\/wp\/v2\/product-capacity?post=5970"},{"taxonomy":"product_brand","embeddable":true,"href":"https:\/\/www.linktonkitchen.com\/de\/wp-json\/wp\/v2\/product_brand?post=5970"},{"taxonomy":"product_cat","embeddable":true,"href":"https:\/\/www.linktonkitchen.com\/de\/wp-json\/wp\/v2\/product_cat?post=5970"},{"taxonomy":"product_tag","embeddable":true,"href":"https:\/\/www.linktonkitchen.com\/de\/wp-json\/wp\/v2\/product_tag?post=5970"}],"curies":[{"name":"wp","href":"https:\/\/api.w.org\/{rel}","templated":true}]}}