{"id":5979,"date":"2025-07-08T03:35:38","date_gmt":"2025-07-08T03:35:38","guid":{"rendered":"https:\/\/www.linktonkitchen.com\/?post_type=product&#038;p=5979"},"modified":"2025-07-17T09:34:13","modified_gmt":"2025-07-17T09:34:13","slug":"wholesale-buffet-chafing-dishes","status":"publish","type":"product","link":"https:\/\/www.linktonkitchen.com\/de\/product\/wholesale-buffet-chafing-dishes\/","title":{"rendered":"Gro\u00dfhandel Buffet Chafing Dishes elektrisch, Edelstahl Essen Warmer Set"},"content":{"rendered":"<div class=\"wp-block-columns is-layout-flex wp-container-core-columns-is-layout-9d6595d7 wp-block-columns-is-layout-flex\">\n<div class=\"wp-block-column is-vertically-aligned-center is-layout-flow wp-block-column-is-layout-flow\">\n<h3 class=\"wp-block-heading\">Gro\u00dfhandel Buffet Chafing Dishes Merkmale:<\/h3>\n\n\n\n<p><strong>Doppelter Speisewannenaufbau<\/strong>: Erm\u00f6glicht die klassifizierte Erw\u00e4rmung und Pr\u00e4sentation von Speisen und verbessert die Effizienz der Gastronomie.<\/p>\n\n\n\n<p><strong>Zentraler Deckel\u00f6ffnungsgriff<\/strong>: reibungsloser Betrieb, Verbesserung der Benutzerfreundlichkeit.<\/p>\n\n\n\n<p><strong>Integriertes Geh\u00e4use aus Edelstahl<\/strong>: abgerundete Ecken, glatte Linien, sch\u00f6n und sicher.<\/p>\n\n\n\n<p><strong>Erh\u00f6hte Rahmenkonstruktion<\/strong>: Erh\u00f6ht das Fassungsverm\u00f6gen, verhindert wirksam das \u00dcberlaufen der Suppe und ist f\u00fcr eine Vielzahl von Gerichten geeignet. <\/p>\n\n\n\n<p><strong>Anpassung der visuellen Anzeige der Marke<\/strong>: Der vordere Logobereich ist ein echter Blickfang, unterst\u00fctzt individuelle Firmenlogos und st\u00e4rkt das Markenimage.<\/p>\n<\/div>\n\n\n\n<div class=\"wp-block-column is-vertically-aligned-center is-layout-flow wp-block-column-is-layout-flow\"><div class=\"wp-block-image\">\n<figure class=\"aligncenter size-full is-resized\"><img fetchpriority=\"high\" decoding=\"async\" width=\"320\" height=\"240\" src=\"https:\/\/www.linktonkitchen.com\/wp-content\/uploads\/2025\/07\/wholesale-buffet-chafing-dishes.webp\" alt=\"Gro\u00dfhandel Buffet chafing Gerichte\" class=\"wp-image-5971\" style=\"width:404px;height:auto\" srcset=\"https:\/\/www.linktonkitchen.com\/wp-content\/uploads\/2025\/07\/wholesale-buffet-chafing-dishes.webp 320w, https:\/\/www.linktonkitchen.com\/wp-content\/uploads\/2025\/07\/wholesale-buffet-chafing-dishes-300x225.webp 300w, https:\/\/www.linktonkitchen.com\/wp-content\/uploads\/2025\/07\/wholesale-buffet-chafing-dishes-16x12.webp 16w, https:\/\/www.linktonkitchen.com\/wp-content\/uploads\/2025\/07\/wholesale-buffet-chafing-dishes-285x214.webp 285w, https:\/\/www.linktonkitchen.com\/wp-content\/uploads\/2025\/07\/wholesale-buffet-chafing-dishes-150x113.webp 150w\" sizes=\"(max-width: 320px) 100vw, 320px\" \/><\/figure>\n<\/div><\/div>\n<\/div>\n\n\n\n<div class=\"wp-block-columns is-layout-flex wp-container-core-columns-is-layout-9d6595d7 wp-block-columns-is-layout-flex\">\n<div class=\"wp-block-column is-vertically-aligned-center is-layout-flow wp-block-column-is-layout-flow\">\n<h3 class=\"wp-block-heading\">Benutzerdefiniert <strong><strong>Buffet Chafing Dishes<\/strong><\/strong>:<\/h3>\n\n\n\n<p>Wir bieten sowohl ODM- als auch OEM-L\u00f6sungen an und erm\u00f6glichen die vollst\u00e4ndige individuelle Gestaltung von Logos auf Produkten und Verpackungen. Wir bieten flexible Verpackungsoptionen, von Beuteln bis hin zu Kartons, oder fertigen Verpackungen nach Ihren W\u00fcnschen an. Zu den benutzerdefinierten Farben geh\u00f6ren Silber-, Gold- und Halbgoldbeschichtungen.<\/p>\n<\/div>\n<\/div>","protected":false},"excerpt":{"rendered":"<p>Linkton Gro\u00dfhandel Buffet Chafing Dish, elektrische Heizung, mit Glas-Scharnierdeckel, all-in-one Chafing Dish ideal f\u00fcr moderne Buffet-Ausstattung. OEM-und ODM-Anpassung Dienstleistungen sind verf\u00fcgbar. Kontaktieren Sie uns jetzt f\u00fcr ein kostenloses Angebot.<\/p>\n<h2>Spezifikationen f\u00fcr Buffet Chafing Dishes:<\/h2>\n<table width=\"402\">\n<tbody>\n<tr>\n<td width=\"145\">Hersteller<\/td>\n<td width=\"257\">Linkton<\/td>\n<\/tr>\n<tr>\n<td>Material<\/td>\n<td>Rostfreier Stahl<\/td>\n<\/tr>\n<tr>\n<td>Konfiguration<\/td>\n<td width=\"257\">Kochtopf\/Wassersch\u00fcssel<\/td>\n<\/tr>\n<tr>\n<td>Heizung<\/td>\n<td>\n<p>Elektrische Heizung<\/p>\n<\/td>\n<\/tr>\n<tr>\n<td>Deckel<\/td>\n<td width=\"257\">Hydraulischer Glasdeckel<\/td>\n<\/tr>\n<tr>\n<td>OEM\/ODM<\/td>\n<td>Annehmbar<\/td>\n<\/tr>\n<tr>\n<td>Muster<\/td>\n<td>MOQ 1 St\u00fcck<\/td>\n<\/tr>\n<\/tbody>\n<\/table>","protected":false},"featured_media":5971,"template":"","meta":{"_acf_changed":false},"product-application":[],"product-capacity":[],"product_brand":[],"product_cat":[58],"product_tag":[],"class_list":{"0":"post-5979","1":"product","2":"type-product","3":"status-publish","4":"has-post-thumbnail","6":"product_cat-wholesale-chafing-dishes","8":"first","9":"instock","10":"shipping-taxable","11":"product-type-simple"},"acf":[],"_links":{"self":[{"href":"https:\/\/www.linktonkitchen.com\/de\/wp-json\/wp\/v2\/product\/5979","targetHints":{"allow":["GET"]}}],"collection":[{"href":"https:\/\/www.linktonkitchen.com\/de\/wp-json\/wp\/v2\/product"}],"about":[{"href":"https:\/\/www.linktonkitchen.com\/de\/wp-json\/wp\/v2\/types\/product"}],"version-history":[{"count":0,"href":"https:\/\/www.linktonkitchen.com\/de\/wp-json\/wp\/v2\/product\/5979\/revisions"}],"wp:featuredmedia":[{"embeddable":true,"href":"https:\/\/www.linktonkitchen.com\/de\/wp-json\/wp\/v2\/media\/5971"}],"wp:attachment":[{"href":"https:\/\/www.linktonkitchen.com\/de\/wp-json\/wp\/v2\/media?parent=5979"}],"wp:term":[{"taxonomy":"product-application","embeddable":true,"href":"https:\/\/www.linktonkitchen.com\/de\/wp-json\/wp\/v2\/product-application?post=5979"},{"taxonomy":"product-capacity","embeddable":true,"href":"https:\/\/www.linktonkitchen.com\/de\/wp-json\/wp\/v2\/product-capacity?post=5979"},{"taxonomy":"product_brand","embeddable":true,"href":"https:\/\/www.linktonkitchen.com\/de\/wp-json\/wp\/v2\/product_brand?post=5979"},{"taxonomy":"product_cat","embeddable":true,"href":"https:\/\/www.linktonkitchen.com\/de\/wp-json\/wp\/v2\/product_cat?post=5979"},{"taxonomy":"product_tag","embeddable":true,"href":"https:\/\/www.linktonkitchen.com\/de\/wp-json\/wp\/v2\/product_tag?post=5979"}],"curies":[{"name":"wp","href":"https:\/\/api.w.org\/{rel}","templated":true}]}}