{"id":5983,"date":"2025-07-08T03:49:17","date_gmt":"2025-07-08T03:49:17","guid":{"rendered":"https:\/\/www.linktonkitchen.com\/?post_type=product&#038;p=5983"},"modified":"2025-07-17T09:33:36","modified_gmt":"2025-07-17T09:33:36","slug":"wholesale-round-chafing-dish","status":"publish","type":"product","link":"https:\/\/www.linktonkitchen.com\/de\/product\/wholesale-round-chafing-dish\/","title":{"rendered":"Gro\u00dfhandel Runde Chafing Dish, Edelstahl Catering E Ausr\u00fcstung Custom"},"content":{"rendered":"<div class=\"wp-block-columns is-layout-flex wp-container-core-columns-is-layout-9d6595d7 wp-block-columns-is-layout-flex\">\n<div class=\"wp-block-column is-vertically-aligned-center is-layout-flow wp-block-column-is-layout-flow\">\n<h2 class=\"wp-block-heading\">Runder Chafing Dish Merkmale:<\/h2>\n\n\n\n<p><strong>Breites Spektrum an Anwendungen:<\/strong> rundes Aussehen, sch\u00f6ner Bogen, geeignet f\u00fcr chinesische und westliche Lebensmittel und andere Tischstile, die Verbesserung der gesamten visuellen Koordination der Tabelle.<\/p>\n\n\n\n<p><strong>Gleichm\u00e4\u00dfige Erw\u00e4rmung<\/strong>: Der runde Innentopf sorgt f\u00fcr eine gleichm\u00e4\u00dfige W\u00e4rmeverteilung und eine gleichbleibende Temperatur und Geschmack der Speisen.<\/p>\n\n\n\n<p><strong>Doppeltes Design der inneren Schalentrennung<\/strong>: Erm\u00f6glicht die gleichzeitige W\u00e4rmeerhaltung von zwei Gerichten, erf\u00fcllt die unterschiedlichen Anforderungen beim Servieren von Mahlzeiten und verbessert die Effizienz der Nutzung.<\/p>\n\n\n\n<p><strong>Einteiliges Formteil aus lebensmittelechtem Edelstahl<\/strong>Nahtlose Verbindungsstruktur, leichter zu reinigen, langfristige Nutzung ist nicht leicht zu verformen oder zu rosten.<\/p>\n\n\n\n<p><strong>Anpassbares Markenlogo<\/strong>: Wir bieten die Anpassung des Firmenlogos und andere Anpassungen wie Farbe, Oberfl\u00e4che, Funktionsstruktur usw. an, um die Wiedererkennung der Marke zu verbessern.<\/p>\n<\/div>\n\n\n\n<div class=\"wp-block-column is-vertically-aligned-center is-layout-flow wp-block-column-is-layout-flow\"><div class=\"wp-block-image\">\n<figure class=\"aligncenter size-full is-resized\"><img fetchpriority=\"high\" decoding=\"async\" width=\"320\" height=\"240\" src=\"https:\/\/www.linktonkitchen.com\/wp-content\/uploads\/2025\/07\/wholesale-round-chafing-dish.webp\" alt=\"Gro\u00dfhandel runde chafing dish\" class=\"wp-image-5973\" style=\"width:404px;height:auto\" srcset=\"https:\/\/www.linktonkitchen.com\/wp-content\/uploads\/2025\/07\/wholesale-round-chafing-dish.webp 320w, https:\/\/www.linktonkitchen.com\/wp-content\/uploads\/2025\/07\/wholesale-round-chafing-dish-300x225.webp 300w, https:\/\/www.linktonkitchen.com\/wp-content\/uploads\/2025\/07\/wholesale-round-chafing-dish-16x12.webp 16w, https:\/\/www.linktonkitchen.com\/wp-content\/uploads\/2025\/07\/wholesale-round-chafing-dish-285x214.webp 285w, https:\/\/www.linktonkitchen.com\/wp-content\/uploads\/2025\/07\/wholesale-round-chafing-dish-150x113.webp 150w\" sizes=\"(max-width: 320px) 100vw, 320px\" \/><\/figure>\n<\/div><\/div>\n<\/div>\n\n\n\n<div class=\"wp-block-columns is-layout-flex wp-container-core-columns-is-layout-9d6595d7 wp-block-columns-is-layout-flex\">\n<div class=\"wp-block-column is-vertically-aligned-center is-layout-flow wp-block-column-is-layout-flow\">\n<h2 class=\"wp-block-heading\">Individuelle runde Chafing Dish<\/h2>\n\n\n\n<p>Unsere ODM- und OEM-Dienstleistungen umfassen individuelle Logodesigns f\u00fcr Produkte und Verpackungen. Wir unterst\u00fctzen verschiedene Verpackungsoptionen, wie z. B. Beutel oder Kartons, oder passen die Verpackung Ihren spezifischen Anforderungen an. Die Farben sind individuell anpassbar, unter anderem mit Silber-, Gold- oder Halbgoldbeschichtung.<\/p>\n<\/div>\n<\/div>","protected":false},"excerpt":{"rendered":"<p>Linkton Gro\u00dfhandel runde Chafing Dish mit hydraulischen Glasdeckel, poliertem Edelstahl, geeignet f\u00fcr kompakte Buffet Raum. Fabrik direkt liefern, stabile Lieferung, Gro\u00dfhandelspreis, Unterst\u00fctzung der Anpassung, willkommen, uns f\u00fcr weitere Produktdetails zu kontaktieren.<\/p>\n<h2>Technische Daten der runden Chafing Dish:<\/h2>\n<table width=\"402\">\n<tbody>\n<tr>\n<td width=\"145\">Hersteller<\/td>\n<td width=\"257\">Linkton<\/td>\n<\/tr>\n<tr>\n<td>Material<\/td>\n<td>Rostfreier Stahl<\/td>\n<\/tr>\n<tr>\n<td>Konfiguration<\/td>\n<td width=\"257\">Kochtopf\/Wassersch\u00fcssel<\/td>\n<\/tr>\n<tr>\n<td>Heizung<\/td>\n<td>\n<p>Elektrische Heizung<\/p>\n<\/td>\n<\/tr>\n<tr>\n<td>Deckel<\/td>\n<td width=\"257\">Hydraulischer Glasdeckel<\/td>\n<\/tr>\n<tr>\n<td>OEM\/ODM<\/td>\n<td>Annehmbar<\/td>\n<\/tr>\n<tr>\n<td>Muster<\/td>\n<td>MOQ 1 St\u00fcck<\/td>\n<\/tr>\n<\/tbody>\n<\/table>","protected":false},"featured_media":5973,"template":"","meta":{"_acf_changed":false},"product-application":[],"product-capacity":[],"product_brand":[],"product_cat":[58],"product_tag":[],"class_list":{"0":"post-5983","1":"product","2":"type-product","3":"status-publish","4":"has-post-thumbnail","6":"product_cat-wholesale-chafing-dishes","8":"first","9":"instock","10":"shipping-taxable","11":"product-type-simple"},"acf":[],"_links":{"self":[{"href":"https:\/\/www.linktonkitchen.com\/de\/wp-json\/wp\/v2\/product\/5983","targetHints":{"allow":["GET"]}}],"collection":[{"href":"https:\/\/www.linktonkitchen.com\/de\/wp-json\/wp\/v2\/product"}],"about":[{"href":"https:\/\/www.linktonkitchen.com\/de\/wp-json\/wp\/v2\/types\/product"}],"version-history":[{"count":0,"href":"https:\/\/www.linktonkitchen.com\/de\/wp-json\/wp\/v2\/product\/5983\/revisions"}],"wp:featuredmedia":[{"embeddable":true,"href":"https:\/\/www.linktonkitchen.com\/de\/wp-json\/wp\/v2\/media\/5973"}],"wp:attachment":[{"href":"https:\/\/www.linktonkitchen.com\/de\/wp-json\/wp\/v2\/media?parent=5983"}],"wp:term":[{"taxonomy":"product-application","embeddable":true,"href":"https:\/\/www.linktonkitchen.com\/de\/wp-json\/wp\/v2\/product-application?post=5983"},{"taxonomy":"product-capacity","embeddable":true,"href":"https:\/\/www.linktonkitchen.com\/de\/wp-json\/wp\/v2\/product-capacity?post=5983"},{"taxonomy":"product_brand","embeddable":true,"href":"https:\/\/www.linktonkitchen.com\/de\/wp-json\/wp\/v2\/product_brand?post=5983"},{"taxonomy":"product_cat","embeddable":true,"href":"https:\/\/www.linktonkitchen.com\/de\/wp-json\/wp\/v2\/product_cat?post=5983"},{"taxonomy":"product_tag","embeddable":true,"href":"https:\/\/www.linktonkitchen.com\/de\/wp-json\/wp\/v2\/product_tag?post=5983"}],"curies":[{"name":"wp","href":"https:\/\/api.w.org\/{rel}","templated":true}]}}