{"id":6007,"date":"2025-07-16T08:02:52","date_gmt":"2025-07-16T08:02:52","guid":{"rendered":"https:\/\/www.linktonkitchen.com\/?post_type=product&#038;p=6007"},"modified":"2025-07-17T09:21:52","modified_gmt":"2025-07-17T09:21:52","slug":"custom-electric-chafing-dish","status":"publish","type":"product","link":"https:\/\/www.linktonkitchen.com\/de\/product\/custom-electric-chafing-dish\/","title":{"rendered":"Kundenspezifische elektrische Chafing Dish, Buffet Warmer mit hydraulischem Deckel Bulk"},"content":{"rendered":"<div class=\"wp-block-columns is-layout-flex wp-container-core-columns-is-layout-9d6595d7 wp-block-columns-is-layout-flex\">\n<div class=\"wp-block-column is-vertically-aligned-center is-layout-flow wp-block-column-is-layout-flow\">\n<h3 class=\"wp-block-heading\">Custom Electric Chafing Dish Merkmale:<\/h3>\n\n\n\n<p><strong>Modernes Erscheinungsbild<\/strong>: Die hochwertige Edelstahloptik ist elegant und modern, was die optische Wirkung des Esstisches verst\u00e4rkt und sich sehr gut f\u00fcr gehobene Bankette, Hotels oder Bankette eignet.<\/p>\n\n\n\n<p>Exquisites Beindesign: Die vier Klammern haben exquisite Textur Schnitzereien, und die polierte helle Oberfl\u00e4che bildet eine moderne und exquisite Esszimmerofen<\/p>\n\n\n\n<p><strong>Glasdeckel-Design<\/strong>: Der transparente Glasdeckel erm\u00f6glicht es Ihnen nicht nur, den Erhitzungszustand der Lebensmittel deutlich zu erkennen, sondern bewahrt auch die Temperatur und Frische der Lebensmittel und vermeidet W\u00e4rmeverluste.<\/p>\n\n\n\n<p><strong>Leicht zu reinigen<\/strong>: Aus hochwertigem Edelstahl gefertigt, ist es langlebig und korrosionsbest\u00e4ndig, und die feine Oberfl\u00e4chenbehandlung macht es leicht zu reinigen und zu pflegen, geeignet f\u00fcr den t\u00e4glichen h\u00e4ufigen Gebrauch.<\/p>\n\n\n\n<p><strong>Unterst\u00fctzung der Anpassung<\/strong>: Eine Vielzahl von Anpassungsm\u00f6glichkeiten kann je nach Kundenwunsch angeboten werden, einschlie\u00dflich Logo, Farbe, Oberfl\u00e4che usw., um die Anforderungen der Marke zu erf\u00fcllen.<\/p>\n<\/div>\n\n\n\n<div class=\"wp-block-column is-vertically-aligned-center is-layout-flow wp-block-column-is-layout-flow\"><div class=\"wp-block-image\">\n<figure class=\"aligncenter size-full is-resized\"><img fetchpriority=\"high\" decoding=\"async\" width=\"800\" height=\"800\" src=\"https:\/\/www.linktonkitchen.com\/wp-content\/uploads\/2025\/07\/custom-electric-chafing-dish.webp\" alt=\"Elektrische Chafing Dishes nach Ma\u00df\" class=\"wp-image-6009\" style=\"width:404px;height:auto\" srcset=\"https:\/\/www.linktonkitchen.com\/wp-content\/uploads\/2025\/07\/custom-electric-chafing-dish.webp 800w, https:\/\/www.linktonkitchen.com\/wp-content\/uploads\/2025\/07\/custom-electric-chafing-dish-300x300.webp 300w, https:\/\/www.linktonkitchen.com\/wp-content\/uploads\/2025\/07\/custom-electric-chafing-dish-150x150.webp 150w, https:\/\/www.linktonkitchen.com\/wp-content\/uploads\/2025\/07\/custom-electric-chafing-dish-768x768.webp 768w, https:\/\/www.linktonkitchen.com\/wp-content\/uploads\/2025\/07\/custom-electric-chafing-dish-12x12.webp 12w, https:\/\/www.linktonkitchen.com\/wp-content\/uploads\/2025\/07\/custom-electric-chafing-dish-285x285.webp 285w, https:\/\/www.linktonkitchen.com\/wp-content\/uploads\/2025\/07\/custom-electric-chafing-dish-270x270.webp 270w, https:\/\/www.linktonkitchen.com\/wp-content\/uploads\/2025\/07\/custom-electric-chafing-dish-540x540.webp 540w, https:\/\/www.linktonkitchen.com\/wp-content\/uploads\/2025\/07\/custom-electric-chafing-dish-660x660.webp 660w\" sizes=\"(max-width: 800px) 100vw, 800px\" \/><\/figure>\n<\/div><\/div>\n<\/div>\n\n\n\n<div class=\"wp-block-columns is-layout-flex wp-container-core-columns-is-layout-9d6595d7 wp-block-columns-is-layout-flex\">\n<div class=\"wp-block-column is-vertically-aligned-center is-layout-flow wp-block-column-is-layout-flow\">\n<h3 class=\"wp-block-heading\">Benutzerdefiniert <strong><strong>Elektrischer Chafing Dish<\/strong><\/strong><\/h3>\n\n\n\n<p>Wir haben uns auf ODM- und OEM-Dienstleistungen spezialisiert und bieten individuelle Logoanpassungen f\u00fcr Produkte und Verpackungen an. Sie k\u00f6nnen aus einer Vielzahl von Verpackungsoptionen w\u00e4hlen, darunter Beutel, Kartons oder individuell gestaltete Verpackungen nach Ihren Anforderungen. Wir bieten auch Farbanpassungen mit Optionen wie Silber-, Gold- oder Halbvergoldung.<\/p>\n<\/div>\n<\/div>","protected":false},"excerpt":{"rendered":"<p>Die benutzerdefinierte elektrische Chafing Dish mit glattem und gl\u00e4nzendem Edelstahl und exquisiten F\u00fc\u00dfen kann mit Strom oder Alkohol beheizt werden, was sie zu einem beliebten modernen Buffet-Set macht. Der beste Rabatt ist f\u00fcr eine Gro\u00dfhandelsbestellung. Bitte kontaktieren Sie uns f\u00fcr ein Angebot!<\/p>\n<h2>Spezifikationen der elektrischen Chafing Dish:<\/h2>\n<table width=\"402\">\n<tbody>\n<tr>\n<td width=\"145\">Hersteller<\/td>\n<td width=\"257\">Linkton<\/td>\n<\/tr>\n<tr>\n<td>Material<\/td>\n<td>Rostfreier Stahl<\/td>\n<\/tr>\n<tr>\n<td>Konfiguration<\/td>\n<td width=\"257\">Kochtopf\/Wassersch\u00fcssel<\/td>\n<\/tr>\n<tr>\n<td>Heizung<\/td>\n<td>\n<p>Elektrische Heizung<\/p>\n<\/td>\n<\/tr>\n<tr>\n<td>Deckel<\/td>\n<td width=\"257\">Hydraulischer Glasdeckel<\/td>\n<\/tr>\n<tr>\n<td>OEM\/ODM<\/td>\n<td>Annehmbar<\/td>\n<\/tr>\n<tr>\n<td>Muster<\/td>\n<td>MOQ 1 St\u00fcck<\/td>\n<\/tr>\n<\/tbody>\n<\/table>","protected":false},"featured_media":6009,"template":"","meta":{"_acf_changed":false},"product-application":[],"product-capacity":[],"product_brand":[],"product_cat":[58],"product_tag":[],"class_list":{"0":"post-6007","1":"product","2":"type-product","3":"status-publish","4":"has-post-thumbnail","6":"product_cat-wholesale-chafing-dishes","8":"first","9":"instock","10":"shipping-taxable","11":"product-type-simple"},"acf":[],"_links":{"self":[{"href":"https:\/\/www.linktonkitchen.com\/de\/wp-json\/wp\/v2\/product\/6007","targetHints":{"allow":["GET"]}}],"collection":[{"href":"https:\/\/www.linktonkitchen.com\/de\/wp-json\/wp\/v2\/product"}],"about":[{"href":"https:\/\/www.linktonkitchen.com\/de\/wp-json\/wp\/v2\/types\/product"}],"version-history":[{"count":0,"href":"https:\/\/www.linktonkitchen.com\/de\/wp-json\/wp\/v2\/product\/6007\/revisions"}],"wp:featuredmedia":[{"embeddable":true,"href":"https:\/\/www.linktonkitchen.com\/de\/wp-json\/wp\/v2\/media\/6009"}],"wp:attachment":[{"href":"https:\/\/www.linktonkitchen.com\/de\/wp-json\/wp\/v2\/media?parent=6007"}],"wp:term":[{"taxonomy":"product-application","embeddable":true,"href":"https:\/\/www.linktonkitchen.com\/de\/wp-json\/wp\/v2\/product-application?post=6007"},{"taxonomy":"product-capacity","embeddable":true,"href":"https:\/\/www.linktonkitchen.com\/de\/wp-json\/wp\/v2\/product-capacity?post=6007"},{"taxonomy":"product_brand","embeddable":true,"href":"https:\/\/www.linktonkitchen.com\/de\/wp-json\/wp\/v2\/product_brand?post=6007"},{"taxonomy":"product_cat","embeddable":true,"href":"https:\/\/www.linktonkitchen.com\/de\/wp-json\/wp\/v2\/product_cat?post=6007"},{"taxonomy":"product_tag","embeddable":true,"href":"https:\/\/www.linktonkitchen.com\/de\/wp-json\/wp\/v2\/product_tag?post=6007"}],"curies":[{"name":"wp","href":"https:\/\/api.w.org\/{rel}","templated":true}]}}