{"id":6013,"date":"2025-07-16T08:30:47","date_gmt":"2025-07-16T08:30:47","guid":{"rendered":"https:\/\/www.linktonkitchen.com\/?post_type=product&#038;p=6013"},"modified":"2025-07-17T08:42:59","modified_gmt":"2025-07-17T08:42:59","slug":"custom-chafing-dish-buffet-set","status":"publish","type":"product","link":"https:\/\/www.linktonkitchen.com\/de\/product\/custom-chafing-dish-buffet-set\/","title":{"rendered":"Individuelles Chafing Dish Buffet Set, elektrischer Speisenw\u00e4rmer aus Edelstahl mit Glasdeckel in gro\u00dfen Mengen"},"content":{"rendered":"<div class=\"wp-block-columns is-layout-flex wp-container-core-columns-is-layout-9d6595d7 wp-block-columns-is-layout-flex\">\n<div class=\"wp-block-column is-vertically-aligned-center is-layout-flow wp-block-column-is-layout-flow\">\n<h3 class=\"wp-block-heading\">Chafing Dish Buffet Set Merkmale:<\/h3>\n\n\n\n<p><strong>Hochwertiges Material aus rostfreiem Stahl<\/strong>Korrosionsschutz, hohe Temperaturbest\u00e4ndigkeit, lange Lebensdauer, so dass die Chafing Dishes auch in Buffets, Hotels und anderen gastronomischen Umgebungen stabil arbeiten k\u00f6nnen.<\/p>\n\n\n\n<p><strong>Glasdeckel-Design<\/strong>: Der transparente Deckel ist praktisch, um die Lebensmittel zu betrachten, und der Heizstatus kann ohne \u00d6ffnen beobachtet werden, was den W\u00e4rmeverlust reduziert und die Temperatur der Lebensmittel effektiv h\u00e4lt.<\/p>\n\n\n\n<p><strong>Hydraulisches Deckelsystem<\/strong>: Sanftes \u00d6ffnen und Schlie\u00dfen des Deckels, um Verbr\u00fchungen zu vermeiden, mehr Sicherheit und Komfort, langlebig und zuverl\u00e4ssig.<\/p>\n\n\n\n<p><strong>Konstruktion des Abscheiders<\/strong>: Der eingebaute Separator kann verschiedene Lebensmittel gleichzeitig erhitzen, um eine Vermischung der Speisen zu vermeiden und den unabh\u00e4ngigen Geschmack der verschiedenen Gerichte zu erhalten.<\/p>\n\n\n\n<p><strong>Direktlieferung ab Werk<\/strong>:  Linkton Fabrik liefern, k\u00f6nnen Sie wettbewerbsf\u00e4hige Preise und hohe Qualit\u00e4tsgarantien genie\u00dfen, schnelle Lieferung und effizienten Service zu gew\u00e4hrleisten, und perfekt auf Ihre Buffet-Ausr\u00fcstung braucht.<\/p>\n\n\n\n<p><\/p>\n<\/div>\n\n\n\n<div class=\"wp-block-column is-vertically-aligned-center is-layout-flow wp-block-column-is-layout-flow\"><div class=\"wp-block-image\">\n<figure class=\"aligncenter size-full is-resized\"><img fetchpriority=\"high\" decoding=\"async\" width=\"800\" height=\"800\" src=\"https:\/\/www.linktonkitchen.com\/wp-content\/uploads\/2025\/07\/custom-chafing-dish-buffet-set.webp\" alt=\"benutzerdefinierte chafing dish buffet set\" class=\"wp-image-6008\" style=\"width:404px;height:auto\" srcset=\"https:\/\/www.linktonkitchen.com\/wp-content\/uploads\/2025\/07\/custom-chafing-dish-buffet-set.webp 800w, https:\/\/www.linktonkitchen.com\/wp-content\/uploads\/2025\/07\/custom-chafing-dish-buffet-set-300x300.webp 300w, https:\/\/www.linktonkitchen.com\/wp-content\/uploads\/2025\/07\/custom-chafing-dish-buffet-set-150x150.webp 150w, https:\/\/www.linktonkitchen.com\/wp-content\/uploads\/2025\/07\/custom-chafing-dish-buffet-set-768x768.webp 768w, https:\/\/www.linktonkitchen.com\/wp-content\/uploads\/2025\/07\/custom-chafing-dish-buffet-set-12x12.webp 12w, https:\/\/www.linktonkitchen.com\/wp-content\/uploads\/2025\/07\/custom-chafing-dish-buffet-set-285x285.webp 285w, https:\/\/www.linktonkitchen.com\/wp-content\/uploads\/2025\/07\/custom-chafing-dish-buffet-set-270x270.webp 270w, https:\/\/www.linktonkitchen.com\/wp-content\/uploads\/2025\/07\/custom-chafing-dish-buffet-set-540x540.webp 540w, https:\/\/www.linktonkitchen.com\/wp-content\/uploads\/2025\/07\/custom-chafing-dish-buffet-set-660x660.webp 660w\" sizes=\"(max-width: 800px) 100vw, 800px\" \/><\/figure>\n<\/div><\/div>\n<\/div>\n\n\n\n<div class=\"wp-block-columns is-layout-flex wp-container-core-columns-is-layout-9d6595d7 wp-block-columns-is-layout-flex\">\n<div class=\"wp-block-column is-vertically-aligned-center is-layout-flow wp-block-column-is-layout-flow\">\n<h3 class=\"wp-block-heading\">Benutzerdefiniert <strong><strong>Chafing Dish Buffet Set<\/strong><\/strong><\/h3>\n\n\n\n<p>Wir bieten sowohl ODM- als auch OEM-Dienstleistungen an, die kundenspezifische Produktlogos und Verpackungen erm\u00f6glichen. Wir unterst\u00fctzen verschiedene Verpackungsoptionen, darunter Beutel, Kartons oder individuelle Verpackungen nach Ihren W\u00fcnschen. Dar\u00fcber hinaus bieten wir flexible Farboptionen, einschlie\u00dflich Silber-, Gold- oder Halbgoldbeschichtung.<\/p>\n<\/div>\n<\/div>","protected":false},"excerpt":{"rendered":"<p>Kundenspezifisches Chafing Dish Buffet Set, rundes Design, elektrische Heizung, mit Glasdeckel, pr\u00e4zise Temperaturkontrolle f\u00fcr gleichm\u00e4\u00dfige Erw\u00e4rmung, perfekt f\u00fcr Bankette, Hotels, Restaurants und andere gehobene Einrichtungen. Kontaktieren Sie uns jetzt, um ein Angebot zu erhalten.\u00a0<\/p>\n<h2>Spezifikationen f\u00fcr Chafing Dish Buffet Set:<\/h2>\n<table width=\"402\">\n<tbody>\n<tr>\n<td width=\"145\">Hersteller<\/td>\n<td width=\"257\">Linkton<\/td>\n<\/tr>\n<tr>\n<td>Material<\/td>\n<td>Rostfreier Stahl<\/td>\n<\/tr>\n<tr>\n<td>Konfiguration<\/td>\n<td width=\"257\">Kochtopf\/Wassersch\u00fcssel<\/td>\n<\/tr>\n<tr>\n<td>Heizung<\/td>\n<td>\n<p>Elektrische Heizung<\/p>\n<\/td>\n<\/tr>\n<tr>\n<td>Deckel<\/td>\n<td width=\"257\">Hydraulischer Glasdeckel<\/td>\n<\/tr>\n<tr>\n<td>OEM\/ODM<\/td>\n<td>Annehmbar<\/td>\n<\/tr>\n<tr>\n<td>Muster<\/td>\n<td>MOQ 1 St\u00fcck<\/td>\n<\/tr>\n<\/tbody>\n<\/table>","protected":false},"featured_media":6008,"template":"","meta":{"_acf_changed":false},"product-application":[],"product-capacity":[],"product_brand":[],"product_cat":[58],"product_tag":[],"class_list":{"0":"post-6013","1":"product","2":"type-product","3":"status-publish","4":"has-post-thumbnail","6":"product_cat-wholesale-chafing-dishes","8":"first","9":"instock","10":"shipping-taxable","11":"product-type-simple"},"acf":[],"_links":{"self":[{"href":"https:\/\/www.linktonkitchen.com\/de\/wp-json\/wp\/v2\/product\/6013","targetHints":{"allow":["GET"]}}],"collection":[{"href":"https:\/\/www.linktonkitchen.com\/de\/wp-json\/wp\/v2\/product"}],"about":[{"href":"https:\/\/www.linktonkitchen.com\/de\/wp-json\/wp\/v2\/types\/product"}],"version-history":[{"count":0,"href":"https:\/\/www.linktonkitchen.com\/de\/wp-json\/wp\/v2\/product\/6013\/revisions"}],"wp:featuredmedia":[{"embeddable":true,"href":"https:\/\/www.linktonkitchen.com\/de\/wp-json\/wp\/v2\/media\/6008"}],"wp:attachment":[{"href":"https:\/\/www.linktonkitchen.com\/de\/wp-json\/wp\/v2\/media?parent=6013"}],"wp:term":[{"taxonomy":"product-application","embeddable":true,"href":"https:\/\/www.linktonkitchen.com\/de\/wp-json\/wp\/v2\/product-application?post=6013"},{"taxonomy":"product-capacity","embeddable":true,"href":"https:\/\/www.linktonkitchen.com\/de\/wp-json\/wp\/v2\/product-capacity?post=6013"},{"taxonomy":"product_brand","embeddable":true,"href":"https:\/\/www.linktonkitchen.com\/de\/wp-json\/wp\/v2\/product_brand?post=6013"},{"taxonomy":"product_cat","embeddable":true,"href":"https:\/\/www.linktonkitchen.com\/de\/wp-json\/wp\/v2\/product_cat?post=6013"},{"taxonomy":"product_tag","embeddable":true,"href":"https:\/\/www.linktonkitchen.com\/de\/wp-json\/wp\/v2\/product_tag?post=6013"}],"curies":[{"name":"wp","href":"https:\/\/api.w.org\/{rel}","templated":true}]}}