{"id":6089,"date":"2025-08-06T07:45:41","date_gmt":"2025-08-06T07:45:41","guid":{"rendered":"https:\/\/www.linktonkitchen.com\/?post_type=product&#038;p=6089"},"modified":"2026-02-04T11:34:34","modified_gmt":"2026-02-04T11:34:34","slug":"wholesale-multi-funtion-pressure-cooker","status":"publish","type":"product","link":"https:\/\/www.linktonkitchen.com\/de\/product\/wholesale-multi-funtion-pressure-cooker\/","title":{"rendered":"Gro\u00dfhandel Edelstahl Schnellkochtopf mit dampfenden Rack, Multi Funtion dampfenden Kocher"},"content":{"rendered":"<div class=\"wp-block-columns is-layout-flex wp-container-core-columns-is-layout-9d6595d7 wp-block-columns-is-layout-flex\">\n<div class=\"wp-block-column is-layout-flow wp-block-column-is-layout-flow\"><\/div>\n\n\n\n<div class=\"wp-block-column is-layout-flow wp-block-column-is-layout-flow\"><\/div>\n<\/div>\n\n\n\n<div class=\"wp-block-columns is-layout-flex wp-container-core-columns-is-layout-9d6595d7 wp-block-columns-is-layout-flex\">\n<div class=\"wp-block-column is-vertically-aligned-top is-layout-flow wp-block-column-is-layout-flow\">\n<h2 class=\"wp-block-heading\">Edelstahl Schnellkochtopf Parameter:<\/h2>\n\n\n\n<figure class=\"wp-block-table\"><table><tbody><tr><td>Modell Nr.<\/td><td>Kapazit\u00e4t<\/td><td>Durchmesser der M\u00fcndung<\/td><td>Gewicht<\/td><\/tr><tr><td rowspan=\"3\">LT-TJ<\/td><td>5L<\/td><td>22cm<\/td><td>2,53 kg<\/td><\/tr><tr><td>6L<\/td><td>24cm<\/td><td>2,9 kg<\/td><\/tr><tr><td>8L<\/td><td>26cm<\/td><td>3,59 kg<\/td><\/tr><\/tbody><\/table><\/figure>\n\n\n\n<h2 class=\"wp-block-heading\">Schnellkochtopf aus Edelstahl Merkmale:<\/h2>\n\n\n\n<p><strong>Flexible Kapazit\u00e4t in mehreren Spezifikationen<\/strong>: Es sind 5L, 6L und 8L erh\u00e4ltlich, die sich f\u00fcr das t\u00e4gliche Kochen zu Hause, f\u00fcr Familien mit mehreren Personen oder f\u00fcr leichte gewerbliche Zwecke eignen und sehr praktisch sind.<\/p>\n\n\n\n<p><strong>Multifunktionaler Schnellkochtopf<\/strong>: Er vereint das D\u00e4mpfen, Kochen und Schmoren. Er kann nicht nur Fleisch effizient d\u00fcnsten, sondern auch Gem\u00fcse d\u00e4mpfen, um es frisch zu halten, was dem gesunden Kochstil entspricht.<\/p>\n\n\n\n<p><strong>Hochwertiger Topfk\u00f6rper aus Edelstahl<\/strong>: Es ist aus lebensmittelechtem Edelstahl gefertigt, der hohen Temperaturen standh\u00e4lt und keine sch\u00e4dlichen Substanzen enth\u00e4lt. Er ist sehr korrosionsbest\u00e4ndig, langlebig und verf\u00e4rbt sich nicht, was das Kochen sicherer macht.<\/p>\n\n\n\n<p><strong>Topfdeckelstruktur mit hoher Dichtungsleistung<\/strong>: Mit einem unter Druck stehenden Dichtungsring schlie\u00dft er W\u00e4rme und N\u00e4hrstoffe effektiv ein, verbessert die Effizienz des Schmorens und reduziert den Dampfaustritt.<\/p>\n\n\n\n<p><strong>Bequemes \u00d6ffnen und Schlie\u00dfen per Knopfdruck: <\/strong>Die Struktur des Knaufschlosses ist arbeitssparend und leicht zu \u00f6ffnen und zu schlie\u00dfen, geeignet f\u00fcr den h\u00e4ufigen t\u00e4glichen Gebrauch.<\/p>\n\n\n\n<p><strong>Sicher und lecker: <\/strong>Das eingebaute Druckregelventil und die Sicherheitsentlastungsbohrung regeln auf intelligente Weise den Kochdruck, was nicht nur den Geschmack der Speisen gew\u00e4hrleistet, sondern auch die Sicherheit erh\u00f6ht.<\/p>\n\n\n\n<p><strong>Energiesparend und effizient<\/strong>: Es kann etwa 30% an Zeit und Energie unter den gleichen Heizbedingungen einsparen und wird den Anforderungen des schnelllebigen Lebens gerecht.<\/p>\n\n\n\n<p><strong>Universelle Kompatibilit\u00e4t:<\/strong> Kompatibel mit Gasherden, Induktionsherden und Keramikkochfeldern.<\/p>\n<\/div>\n\n\n\n<div class=\"wp-block-column is-vertically-aligned-top is-layout-flow wp-block-column-is-layout-flow\">\n<h2 class=\"wp-block-heading\"><\/h2>\n\n\n\n<figure class=\"wp-block-image size-full\"><img fetchpriority=\"high\" decoding=\"async\" width=\"800\" height=\"800\" src=\"https:\/\/www.linktonkitchen.com\/wp-content\/uploads\/2025\/07\/Wholesale-Multi-Funtion-Pressure-Cooker-1.webp\" alt=\"Gro\u00dfhandel Multi Funtion Schnellkochtopf (1)\" class=\"wp-image-6090\" srcset=\"https:\/\/www.linktonkitchen.com\/wp-content\/uploads\/2025\/07\/Wholesale-Multi-Funtion-Pressure-Cooker-1.webp 800w, https:\/\/www.linktonkitchen.com\/wp-content\/uploads\/2025\/07\/Wholesale-Multi-Funtion-Pressure-Cooker-1-300x300.webp 300w, https:\/\/www.linktonkitchen.com\/wp-content\/uploads\/2025\/07\/Wholesale-Multi-Funtion-Pressure-Cooker-1-150x150.webp 150w, https:\/\/www.linktonkitchen.com\/wp-content\/uploads\/2025\/07\/Wholesale-Multi-Funtion-Pressure-Cooker-1-768x768.webp 768w, https:\/\/www.linktonkitchen.com\/wp-content\/uploads\/2025\/07\/Wholesale-Multi-Funtion-Pressure-Cooker-1-12x12.webp 12w, https:\/\/www.linktonkitchen.com\/wp-content\/uploads\/2025\/07\/Wholesale-Multi-Funtion-Pressure-Cooker-1-285x285.webp 285w, https:\/\/www.linktonkitchen.com\/wp-content\/uploads\/2025\/07\/Wholesale-Multi-Funtion-Pressure-Cooker-1-270x270.webp 270w, https:\/\/www.linktonkitchen.com\/wp-content\/uploads\/2025\/07\/Wholesale-Multi-Funtion-Pressure-Cooker-1-540x540.webp 540w, https:\/\/www.linktonkitchen.com\/wp-content\/uploads\/2025\/07\/Wholesale-Multi-Funtion-Pressure-Cooker-1-660x660.webp 660w\" sizes=\"(max-width: 800px) 100vw, 800px\" \/><\/figure>\n<\/div>\n<\/div>\n\n\n\n<div class=\"wp-block-columns is-layout-flex wp-container-core-columns-is-layout-9d6595d7 wp-block-columns-is-layout-flex\">\n<div class=\"wp-block-column is-layout-flow wp-block-column-is-layout-flow\">\n<figure class=\"wp-block-image size-full\"><img decoding=\"async\" width=\"800\" height=\"800\" src=\"https:\/\/www.linktonkitchen.com\/wp-content\/uploads\/2025\/07\/Wholesale-Multi-Funtion-Pressure-Cooker-5.webp\" alt=\"Gro\u00dfhandel Multi Funtion Schnellkochtopf (5)\" class=\"wp-image-6094\" srcset=\"https:\/\/www.linktonkitchen.com\/wp-content\/uploads\/2025\/07\/Wholesale-Multi-Funtion-Pressure-Cooker-5.webp 800w, https:\/\/www.linktonkitchen.com\/wp-content\/uploads\/2025\/07\/Wholesale-Multi-Funtion-Pressure-Cooker-5-300x300.webp 300w, https:\/\/www.linktonkitchen.com\/wp-content\/uploads\/2025\/07\/Wholesale-Multi-Funtion-Pressure-Cooker-5-150x150.webp 150w, https:\/\/www.linktonkitchen.com\/wp-content\/uploads\/2025\/07\/Wholesale-Multi-Funtion-Pressure-Cooker-5-768x768.webp 768w, https:\/\/www.linktonkitchen.com\/wp-content\/uploads\/2025\/07\/Wholesale-Multi-Funtion-Pressure-Cooker-5-12x12.webp 12w, https:\/\/www.linktonkitchen.com\/wp-content\/uploads\/2025\/07\/Wholesale-Multi-Funtion-Pressure-Cooker-5-285x285.webp 285w, https:\/\/www.linktonkitchen.com\/wp-content\/uploads\/2025\/07\/Wholesale-Multi-Funtion-Pressure-Cooker-5-270x270.webp 270w, https:\/\/www.linktonkitchen.com\/wp-content\/uploads\/2025\/07\/Wholesale-Multi-Funtion-Pressure-Cooker-5-540x540.webp 540w, https:\/\/www.linktonkitchen.com\/wp-content\/uploads\/2025\/07\/Wholesale-Multi-Funtion-Pressure-Cooker-5-660x660.webp 660w\" sizes=\"(max-width: 800px) 100vw, 800px\" \/><\/figure>\n<\/div>\n\n\n\n<div class=\"wp-block-column is-layout-flow wp-block-column-is-layout-flow\">\n<figure class=\"wp-block-image size-full\"><img decoding=\"async\" width=\"800\" height=\"800\" src=\"https:\/\/www.linktonkitchen.com\/wp-content\/uploads\/2025\/07\/Wholesale-Multi-Funtion-Pressure-Cooker-3.webp\" alt=\"Gro\u00dfhandel Multi Funtion Schnellkochtopf (3)\" class=\"wp-image-6092\" srcset=\"https:\/\/www.linktonkitchen.com\/wp-content\/uploads\/2025\/07\/Wholesale-Multi-Funtion-Pressure-Cooker-3.webp 800w, https:\/\/www.linktonkitchen.com\/wp-content\/uploads\/2025\/07\/Wholesale-Multi-Funtion-Pressure-Cooker-3-300x300.webp 300w, https:\/\/www.linktonkitchen.com\/wp-content\/uploads\/2025\/07\/Wholesale-Multi-Funtion-Pressure-Cooker-3-150x150.webp 150w, https:\/\/www.linktonkitchen.com\/wp-content\/uploads\/2025\/07\/Wholesale-Multi-Funtion-Pressure-Cooker-3-768x768.webp 768w, https:\/\/www.linktonkitchen.com\/wp-content\/uploads\/2025\/07\/Wholesale-Multi-Funtion-Pressure-Cooker-3-12x12.webp 12w, https:\/\/www.linktonkitchen.com\/wp-content\/uploads\/2025\/07\/Wholesale-Multi-Funtion-Pressure-Cooker-3-285x285.webp 285w, https:\/\/www.linktonkitchen.com\/wp-content\/uploads\/2025\/07\/Wholesale-Multi-Funtion-Pressure-Cooker-3-270x270.webp 270w, https:\/\/www.linktonkitchen.com\/wp-content\/uploads\/2025\/07\/Wholesale-Multi-Funtion-Pressure-Cooker-3-540x540.webp 540w, https:\/\/www.linktonkitchen.com\/wp-content\/uploads\/2025\/07\/Wholesale-Multi-Funtion-Pressure-Cooker-3-660x660.webp 660w\" sizes=\"(max-width: 800px) 100vw, 800px\" \/><\/figure>\n<\/div>\n<\/div>\n\n\n\n<p><\/p>","protected":false},"excerpt":{"rendered":"<p>Gro\u00dfhandels-Multifunktions-Schnellkochtopf, unterst\u00fctzt mehrere Kochmethoden, mit optionaler Kapazit\u00e4t von 5L\/6L\/8L, um verschiedene Kochbed\u00fcrfnisse zu erf\u00fcllen. Hochdichter Deckel mit pr\u00e4zisem Druckkontrollsystem, energiesparend und sorgenfrei. Linkton Fabrik direkt liefern, Gro\u00dfhandelspreis. Kontaktieren Sie uns f\u00fcr Ihre Anfrage!<\/p>\n<h2>Multi-Funktions-Schnellkochtopf Spezifikationen:<\/h2>\n<table width=\"402\">\n<tbody>\n<tr>\n<td width=\"145\">Hersteller<\/td>\n<td width=\"257\">Linkton<\/td>\n<\/tr>\n<tr>\n<td>Material<\/td>\n<td>Rostfreier Stahl<\/td>\n<\/tr>\n<tr>\n<td>Konfiguration<\/td>\n<td width=\"257\">Manuell\/Druckbegrenzungsventil\/auslaufsicherer Beh\u00e4lter\/Reinigungsnadel<\/td>\n<\/tr>\n<tr>\n<td>Geeigneter Herd<\/td>\n<td>Herd\/Induktionsherd\/ Gasherd\/ Elektroherd\/ Keramikherd\/ Halogenherd<\/td>\n<\/tr>\n<tr>\n<td>Funktion<\/td>\n<td width=\"257\">\n<p>1. Mit Dampffolie<br \/>2. 80 kpa Druck<br \/>3. Automatisches Rotpunkt-Druckablassventil<br \/>4. Sicherheit explosionsgesch\u00fctzt<br \/>5. Bequeme Reinigung<\/p>\n<\/td>\n<\/tr>\n<tr>\n<td>OEM\/ODM<\/td>\n<td>Annehmbar<\/td>\n<\/tr>\n<tr>\n<td>Muster<\/td>\n<td>MOQ 1 St\u00fcck<\/td>\n<\/tr>\n<\/tbody>\n<\/table>","protected":false},"featured_media":6091,"template":"","meta":{"_acf_changed":false},"product-application":[],"product-capacity":[],"product_brand":[],"product_cat":[55],"product_tag":[76,80,81],"class_list":{"0":"post-6089","1":"product","2":"type-product","3":"status-publish","4":"has-post-thumbnail","6":"product_cat-pressure-cooker-wholesale","7":"product_tag-wholesale-home-pressure-cooker","8":"product_tag-wholesale-small-pressure-cooker","9":"product_tag-wholesale-medium-pressure-cooker","11":"first","12":"instock","13":"shipping-taxable","14":"product-type-simple"},"acf":[],"_links":{"self":[{"href":"https:\/\/www.linktonkitchen.com\/de\/wp-json\/wp\/v2\/product\/6089","targetHints":{"allow":["GET"]}}],"collection":[{"href":"https:\/\/www.linktonkitchen.com\/de\/wp-json\/wp\/v2\/product"}],"about":[{"href":"https:\/\/www.linktonkitchen.com\/de\/wp-json\/wp\/v2\/types\/product"}],"version-history":[{"count":0,"href":"https:\/\/www.linktonkitchen.com\/de\/wp-json\/wp\/v2\/product\/6089\/revisions"}],"wp:featuredmedia":[{"embeddable":true,"href":"https:\/\/www.linktonkitchen.com\/de\/wp-json\/wp\/v2\/media\/6091"}],"wp:attachment":[{"href":"https:\/\/www.linktonkitchen.com\/de\/wp-json\/wp\/v2\/media?parent=6089"}],"wp:term":[{"taxonomy":"product-application","embeddable":true,"href":"https:\/\/www.linktonkitchen.com\/de\/wp-json\/wp\/v2\/product-application?post=6089"},{"taxonomy":"product-capacity","embeddable":true,"href":"https:\/\/www.linktonkitchen.com\/de\/wp-json\/wp\/v2\/product-capacity?post=6089"},{"taxonomy":"product_brand","embeddable":true,"href":"https:\/\/www.linktonkitchen.com\/de\/wp-json\/wp\/v2\/product_brand?post=6089"},{"taxonomy":"product_cat","embeddable":true,"href":"https:\/\/www.linktonkitchen.com\/de\/wp-json\/wp\/v2\/product_cat?post=6089"},{"taxonomy":"product_tag","embeddable":true,"href":"https:\/\/www.linktonkitchen.com\/de\/wp-json\/wp\/v2\/product_tag?post=6089"}],"curies":[{"name":"wp","href":"https:\/\/api.w.org\/{rel}","templated":true}]}}