{"id":6100,"date":"2025-07-23T02:00:41","date_gmt":"2025-07-23T02:00:41","guid":{"rendered":"https:\/\/www.linktonkitchen.com\/?post_type=product&#038;p=6100"},"modified":"2026-02-04T07:10:09","modified_gmt":"2026-02-04T07:10:09","slug":"wholesale-adjustable-pressure-cooker","status":"publish","type":"product","link":"https:\/\/www.linktonkitchen.com\/de\/product\/wholesale-adjustable-pressure-cooker\/","title":{"rendered":"Gro\u00dfhandel einstellbarer Schnellkochtopf, moderner Schnellkochtopf aus Edelstahl Hersteller"},"content":{"rendered":"<div class=\"wp-block-columns is-layout-flex wp-container-core-columns-is-layout-9d6595d7 wp-block-columns-is-layout-flex\">\n<div class=\"wp-block-column is-vertically-aligned-top is-layout-flow wp-block-column-is-layout-flow\">\n<h2 class=\"wp-block-heading\">Einstellbarer Schnellkochtopf Parameter:<\/h2>\n\n\n\n<figure class=\"wp-block-table\"><table><tbody><tr><td>Modell Nr.<\/td><td>Kapazit\u00e4t<\/td><td>Durchmesser der M\u00fcndung<\/td><td>Bruttogewicht (kg)<\/td><\/tr><tr><td rowspan=\"3\">LT-TY<\/td><td>4L<\/td><td>20cm<\/td><td>2.2kg<\/td><\/tr><tr><td>5L<\/td><td>22cm<\/td><td>2,65 kg<\/td><\/tr><tr><td>6L<\/td><td>24cm<\/td><td>3,2 kg<\/td><\/tr><\/tbody><\/table><\/figure>\n\n\n\n<h2 class=\"wp-block-heading\">Einstellbarer Schnellkochtopf Merkmale:<\/h2>\n\n\n\n<p><strong>Zweifache Einstellung des Getriebedrucks: <\/strong>Dieser Schnellkochtopf aus Edelstahl verf\u00fcgt \u00fcber einen Drehknopf mit zwei Druckstufen (60KPA \/ 100KPA) f\u00fcr flexibles Kochen. Verwenden Sie den hohen Druck zum schnellen Garen von Fleisch und den niedrigen Druck zum schonenden Garen von Gem\u00fcse oder Meeresfr\u00fcchten. Einfach zu bedienen und ideal f\u00fcr Hobbyk\u00f6che, Anf\u00e4nger und Profis.<\/p>\n\n\n\n<p><strong>Topfk\u00f6rper aus hochfestem Edelstahl<\/strong>: Der Topfk\u00f6rper ist aus hochwertigem Edelstahl gefertigt, widerstandsf\u00e4hig gegen hohe Temperaturen und Korrosion, robust und langlebig, geeignet f\u00fcr den t\u00e4glichen Gebrauch und f\u00fcr h\u00e4ufige Kochsituationen.<\/p>\n\n\n\n<p><strong>Mehrere Sicherheitsvorkehrungen:<\/strong> Ausgestattet mit einem Sicherheitsdruckbegrenzungsventil, einer Verriegelungsvorrichtung und einem Dichtungsring, verhindern mehrere Schutzmechanismen wirksam \u00dcberdruck, Fehlbedienung und andere Einsatzrisiken.<\/p>\n\n\n\n<p><strong>Energiesparendes und effizientes Kocherlebnis<\/strong>: Durch die pr\u00e4zise Steuerung des Drucks wird die Gesamterw\u00e4rmungszeit verk\u00fcrzt, der Energieverbrauch gesenkt und sowohl der Effizienz als auch dem Umweltschutz Rechnung getragen.<\/p>\n\n\n\n<p><strong>Mehrere Kapazit\u00e4tsoptionen<\/strong>: Bietet eine Vielzahl von Kapazit\u00e4tsoptionen, um die unterschiedlichen Bed\u00fcrfnisse von Familien, kleinen Restaurants oder leichten gewerblichen Anwendungen zu erf\u00fcllen und die Arbeitseffizienz in der K\u00fcche zu verbessern.<\/p>\n\n\n\n<p><strong>Automatische Rotpunktventilkonstruktion: <\/strong>Ausgestattet mit einem automatischen Rotpunkt-Auslassventil, Echtzeit-Visualisierung des Drucks im Topf, automatischer Entl\u00fcftung und sichererem Betrieb.<\/p>\n<\/div>\n\n\n\n<div class=\"wp-block-column is-vertically-aligned-top is-layout-flow wp-block-column-is-layout-flow\">\n<figure class=\"wp-block-image size-full\"><img fetchpriority=\"high\" decoding=\"async\" width=\"800\" height=\"800\" src=\"https:\/\/www.linktonkitchen.com\/wp-content\/uploads\/2024\/04\/Wholesale-Adjustable-Stainless-Steel-Pressure-Cooker-13.webp\" alt=\"Gro\u00dfhandel Einstellbare Edelstahl Schnellkochtopf\" class=\"wp-image-7306\" srcset=\"https:\/\/www.linktonkitchen.com\/wp-content\/uploads\/2024\/04\/Wholesale-Adjustable-Stainless-Steel-Pressure-Cooker-13.webp 800w, https:\/\/www.linktonkitchen.com\/wp-content\/uploads\/2024\/04\/Wholesale-Adjustable-Stainless-Steel-Pressure-Cooker-13-300x300.webp 300w, https:\/\/www.linktonkitchen.com\/wp-content\/uploads\/2024\/04\/Wholesale-Adjustable-Stainless-Steel-Pressure-Cooker-13-150x150.webp 150w, https:\/\/www.linktonkitchen.com\/wp-content\/uploads\/2024\/04\/Wholesale-Adjustable-Stainless-Steel-Pressure-Cooker-13-768x768.webp 768w, https:\/\/www.linktonkitchen.com\/wp-content\/uploads\/2024\/04\/Wholesale-Adjustable-Stainless-Steel-Pressure-Cooker-13-12x12.webp 12w, https:\/\/www.linktonkitchen.com\/wp-content\/uploads\/2024\/04\/Wholesale-Adjustable-Stainless-Steel-Pressure-Cooker-13-285x285.webp 285w, https:\/\/www.linktonkitchen.com\/wp-content\/uploads\/2024\/04\/Wholesale-Adjustable-Stainless-Steel-Pressure-Cooker-13-270x270.webp 270w, https:\/\/www.linktonkitchen.com\/wp-content\/uploads\/2024\/04\/Wholesale-Adjustable-Stainless-Steel-Pressure-Cooker-13-540x540.webp 540w, https:\/\/www.linktonkitchen.com\/wp-content\/uploads\/2024\/04\/Wholesale-Adjustable-Stainless-Steel-Pressure-Cooker-13-660x660.webp 660w\" sizes=\"(max-width: 800px) 100vw, 800px\" \/><\/figure>\n<\/div>\n<\/div>\n\n\n\n<div class=\"wp-block-columns is-layout-flex wp-container-core-columns-is-layout-9d6595d7 wp-block-columns-is-layout-flex\">\n<div class=\"wp-block-column is-layout-flow wp-block-column-is-layout-flow\">\n<figure class=\"wp-block-image size-full\"><img decoding=\"async\" width=\"785\" height=\"785\" src=\"https:\/\/www.linktonkitchen.com\/wp-content\/uploads\/2024\/04\/Wholesale-Adjustable-Stainless-Steel-Pressure-Cooker-10.webp\" alt=\"Gro\u00dfhandel Einstellbare Edelstahl Schnellkochtopf\" class=\"wp-image-7303\" style=\"object-fit:cover\" srcset=\"https:\/\/www.linktonkitchen.com\/wp-content\/uploads\/2024\/04\/Wholesale-Adjustable-Stainless-Steel-Pressure-Cooker-10.webp 785w, https:\/\/www.linktonkitchen.com\/wp-content\/uploads\/2024\/04\/Wholesale-Adjustable-Stainless-Steel-Pressure-Cooker-10-300x300.webp 300w, https:\/\/www.linktonkitchen.com\/wp-content\/uploads\/2024\/04\/Wholesale-Adjustable-Stainless-Steel-Pressure-Cooker-10-150x150.webp 150w, https:\/\/www.linktonkitchen.com\/wp-content\/uploads\/2024\/04\/Wholesale-Adjustable-Stainless-Steel-Pressure-Cooker-10-768x768.webp 768w, https:\/\/www.linktonkitchen.com\/wp-content\/uploads\/2024\/04\/Wholesale-Adjustable-Stainless-Steel-Pressure-Cooker-10-12x12.webp 12w, https:\/\/www.linktonkitchen.com\/wp-content\/uploads\/2024\/04\/Wholesale-Adjustable-Stainless-Steel-Pressure-Cooker-10-285x285.webp 285w, https:\/\/www.linktonkitchen.com\/wp-content\/uploads\/2024\/04\/Wholesale-Adjustable-Stainless-Steel-Pressure-Cooker-10-270x270.webp 270w, https:\/\/www.linktonkitchen.com\/wp-content\/uploads\/2024\/04\/Wholesale-Adjustable-Stainless-Steel-Pressure-Cooker-10-540x540.webp 540w, https:\/\/www.linktonkitchen.com\/wp-content\/uploads\/2024\/04\/Wholesale-Adjustable-Stainless-Steel-Pressure-Cooker-10-660x660.webp 660w\" sizes=\"(max-width: 785px) 100vw, 785px\" \/><\/figure>\n<\/div>\n\n\n\n<div class=\"wp-block-column is-layout-flow wp-block-column-is-layout-flow\">\n<figure class=\"wp-block-image size-full\"><img decoding=\"async\" width=\"790\" height=\"790\" src=\"https:\/\/www.linktonkitchen.com\/wp-content\/uploads\/2024\/04\/Wholesale-Adjustable-Stainless-Steel-Pressure-Cooker-6.webp\" alt=\"Gro\u00dfhandel Einstellbare Edelstahl Schnellkochtopf\" class=\"wp-image-7299\" srcset=\"https:\/\/www.linktonkitchen.com\/wp-content\/uploads\/2024\/04\/Wholesale-Adjustable-Stainless-Steel-Pressure-Cooker-6.webp 790w, https:\/\/www.linktonkitchen.com\/wp-content\/uploads\/2024\/04\/Wholesale-Adjustable-Stainless-Steel-Pressure-Cooker-6-300x300.webp 300w, https:\/\/www.linktonkitchen.com\/wp-content\/uploads\/2024\/04\/Wholesale-Adjustable-Stainless-Steel-Pressure-Cooker-6-150x150.webp 150w, https:\/\/www.linktonkitchen.com\/wp-content\/uploads\/2024\/04\/Wholesale-Adjustable-Stainless-Steel-Pressure-Cooker-6-768x768.webp 768w, https:\/\/www.linktonkitchen.com\/wp-content\/uploads\/2024\/04\/Wholesale-Adjustable-Stainless-Steel-Pressure-Cooker-6-12x12.webp 12w, https:\/\/www.linktonkitchen.com\/wp-content\/uploads\/2024\/04\/Wholesale-Adjustable-Stainless-Steel-Pressure-Cooker-6-285x285.webp 285w, https:\/\/www.linktonkitchen.com\/wp-content\/uploads\/2024\/04\/Wholesale-Adjustable-Stainless-Steel-Pressure-Cooker-6-270x270.webp 270w, https:\/\/www.linktonkitchen.com\/wp-content\/uploads\/2024\/04\/Wholesale-Adjustable-Stainless-Steel-Pressure-Cooker-6-540x540.webp 540w, https:\/\/www.linktonkitchen.com\/wp-content\/uploads\/2024\/04\/Wholesale-Adjustable-Stainless-Steel-Pressure-Cooker-6-660x660.webp 660w\" sizes=\"(max-width: 790px) 100vw, 790px\" \/><\/figure>\n<\/div>\n<\/div>\n\n\n\n<div class=\"wp-block-columns is-layout-flex wp-container-core-columns-is-layout-9d6595d7 wp-block-columns-is-layout-flex\">\n<div class=\"wp-block-column is-layout-flow wp-block-column-is-layout-flow\">\n<figure class=\"wp-block-image size-full\"><img loading=\"lazy\" decoding=\"async\" width=\"790\" height=\"790\" src=\"https:\/\/www.linktonkitchen.com\/wp-content\/uploads\/2024\/04\/Wholesale-Adjustable-Stainless-Steel-Pressure-Cooker-9.webp\" alt=\"Gro\u00dfhandel Einstellbare Edelstahl Schnellkochtopf\" class=\"wp-image-7302\" srcset=\"https:\/\/www.linktonkitchen.com\/wp-content\/uploads\/2024\/04\/Wholesale-Adjustable-Stainless-Steel-Pressure-Cooker-9.webp 790w, https:\/\/www.linktonkitchen.com\/wp-content\/uploads\/2024\/04\/Wholesale-Adjustable-Stainless-Steel-Pressure-Cooker-9-300x300.webp 300w, https:\/\/www.linktonkitchen.com\/wp-content\/uploads\/2024\/04\/Wholesale-Adjustable-Stainless-Steel-Pressure-Cooker-9-150x150.webp 150w, https:\/\/www.linktonkitchen.com\/wp-content\/uploads\/2024\/04\/Wholesale-Adjustable-Stainless-Steel-Pressure-Cooker-9-768x768.webp 768w, https:\/\/www.linktonkitchen.com\/wp-content\/uploads\/2024\/04\/Wholesale-Adjustable-Stainless-Steel-Pressure-Cooker-9-12x12.webp 12w, https:\/\/www.linktonkitchen.com\/wp-content\/uploads\/2024\/04\/Wholesale-Adjustable-Stainless-Steel-Pressure-Cooker-9-285x285.webp 285w, https:\/\/www.linktonkitchen.com\/wp-content\/uploads\/2024\/04\/Wholesale-Adjustable-Stainless-Steel-Pressure-Cooker-9-270x270.webp 270w, https:\/\/www.linktonkitchen.com\/wp-content\/uploads\/2024\/04\/Wholesale-Adjustable-Stainless-Steel-Pressure-Cooker-9-540x540.webp 540w, https:\/\/www.linktonkitchen.com\/wp-content\/uploads\/2024\/04\/Wholesale-Adjustable-Stainless-Steel-Pressure-Cooker-9-660x660.webp 660w\" sizes=\"(max-width: 790px) 100vw, 790px\" \/><\/figure>\n<\/div>\n\n\n\n<div class=\"wp-block-column is-layout-flow wp-block-column-is-layout-flow\">\n<h2 class=\"wp-block-heading\">Individueller Schnellkochtopf aus Edelstahl:<\/h2>\n\n\n\n<p>Linkton bietet umfassende&nbsp;<strong>OEM\/ODM-Dienstleistungen<\/strong>&nbsp;um sich auf Ihrem lokalen Markt abzuheben:<\/p>\n\n\n\n<p><strong>Kapazit\u00e4tsbereich:&nbsp;<\/strong>W\u00e4hlen Sie zwischen 4L, 5L und 6L, um den Anforderungen unterschiedlicher Familiengr\u00f6\u00dfen gerecht zu werden.<\/p>\n\n\n\n<p><strong>Oberfl\u00e4che:&nbsp;<\/strong>Erh\u00e4ltlich in den Ausf\u00fchrungen Hochglanzpolieren (Hochglanz), Satinieren (geb\u00fcrstetes Aussehen) oder mit individueller Farbbeschichtung.<\/p>\n\n\n\n<p><strong>Branding und Logo:<\/strong><\/p>\n\n\n\n<ul class=\"wp-block-list\">\n<li>Lasergravur auf dem Topfk\u00f6rper.<\/li>\n\n\n\n<li>Pr\u00e4gung auf der Unterseite.<\/li>\n\n\n\n<li>Individuelles Logo auf Griffen und Druckventilen.<\/li>\n<\/ul>\n\n\n\n<p><strong>Verpackungsdesign:&nbsp;<\/strong>Vollst\u00e4ndig angepasste Farbboxen, Bedienungsanleitungen und Versandkartons mit dem visuellen Erscheinungsbild Ihrer Marke<\/p>\n<\/div>\n<\/div>","protected":false},"excerpt":{"rendered":"<p>Gro\u00dfhandel einstellbare Schnellkochtopf, unterst\u00fctzt zwei-Gang-Druck (60KPA \/ 100KPA) Anpassung, verbessert den Geschmack und Effizienz. Hochwertiger Edelstahl mit mehreren Sicherheitssystemen ist eine intelligente und sorgenfreie Wahl f\u00fcr moderne K\u00fcchen. Linkton Hersteller liefern. Willkommen zu kontaktieren, um ein Angebot zu erhalten!<\/p>\n<h2>Einstellbarer Schnellkochtopf Spezifikationen:<\/h2>\n<table width=\"402\">\n<tbody>\n<tr>\n<td width=\"145\">Hersteller<\/td>\n<td width=\"257\">Linkton<\/td>\n<\/tr>\n<tr>\n<td width=\"145\">Kapazit\u00e4t<\/td>\n<td width=\"257\">4L\/ 5L\/ 6L<\/td>\n<\/tr>\n<tr>\n<td>Material<\/td>\n<td>Rostfreier Stahl<\/td>\n<\/tr>\n<tr>\n<td>Funktion<\/td>\n<td width=\"257\">1. 60 kpa\/100 kpa Zwei-Gang-Druckregelung<br \/>2. Push-Pull-Lock-Deckel und automatisches Rotpunkt-Ventil-Design<br \/>3. Sicherheit explosionsgesch\u00fctzt<br \/>4. Bequeme Reinigung<\/td>\n<\/tr>\n<tr>\n<td>Geeigneter Herd<\/td>\n<td>Induktionsherd\/ Gasherd\/ Elektroherd\/ Keramikherd\/ Halogenherd<\/td>\n<\/tr>\n<tr>\n<td>Konfiguration<\/td>\n<td width=\"257\">Manuell\/Druckbegrenzungsventil\/auslaufsicherer Beh\u00e4lter\/Reinigungsnadel<\/td>\n<\/tr>\n<tr>\n<td>OEM\/ODM<\/td>\n<td>Annehmbar<\/td>\n<\/tr>\n<tr>\n<td>Muster<\/td>\n<td>MOQ 1 St\u00fcck<\/td>\n<\/tr>\n<\/tbody>\n<\/table>","protected":false},"featured_media":6104,"template":"","meta":{"_acf_changed":false},"product-application":[],"product-capacity":[],"product_brand":[],"product_cat":[55],"product_tag":[76,80],"class_list":{"0":"post-6100","1":"product","2":"type-product","3":"status-publish","4":"has-post-thumbnail","6":"product_cat-pressure-cooker-wholesale","7":"product_tag-wholesale-home-pressure-cooker","8":"product_tag-wholesale-small-pressure-cooker","10":"first","11":"instock","12":"shipping-taxable","13":"product-type-simple"},"acf":[],"_links":{"self":[{"href":"https:\/\/www.linktonkitchen.com\/de\/wp-json\/wp\/v2\/product\/6100","targetHints":{"allow":["GET"]}}],"collection":[{"href":"https:\/\/www.linktonkitchen.com\/de\/wp-json\/wp\/v2\/product"}],"about":[{"href":"https:\/\/www.linktonkitchen.com\/de\/wp-json\/wp\/v2\/types\/product"}],"version-history":[{"count":0,"href":"https:\/\/www.linktonkitchen.com\/de\/wp-json\/wp\/v2\/product\/6100\/revisions"}],"wp:featuredmedia":[{"embeddable":true,"href":"https:\/\/www.linktonkitchen.com\/de\/wp-json\/wp\/v2\/media\/6104"}],"wp:attachment":[{"href":"https:\/\/www.linktonkitchen.com\/de\/wp-json\/wp\/v2\/media?parent=6100"}],"wp:term":[{"taxonomy":"product-application","embeddable":true,"href":"https:\/\/www.linktonkitchen.com\/de\/wp-json\/wp\/v2\/product-application?post=6100"},{"taxonomy":"product-capacity","embeddable":true,"href":"https:\/\/www.linktonkitchen.com\/de\/wp-json\/wp\/v2\/product-capacity?post=6100"},{"taxonomy":"product_brand","embeddable":true,"href":"https:\/\/www.linktonkitchen.com\/de\/wp-json\/wp\/v2\/product_brand?post=6100"},{"taxonomy":"product_cat","embeddable":true,"href":"https:\/\/www.linktonkitchen.com\/de\/wp-json\/wp\/v2\/product_cat?post=6100"},{"taxonomy":"product_tag","embeddable":true,"href":"https:\/\/www.linktonkitchen.com\/de\/wp-json\/wp\/v2\/product_tag?post=6100"}],"curies":[{"name":"wp","href":"https:\/\/api.w.org\/{rel}","templated":true}]}}