{"id":6114,"date":"2025-07-23T02:31:28","date_gmt":"2025-07-23T02:31:28","guid":{"rendered":"https:\/\/www.linktonkitchen.com\/?post_type=product&#038;p=6114"},"modified":"2026-02-05T09:13:21","modified_gmt":"2026-02-05T09:13:21","slug":"wholesale-stove-top-pressure-cooker","status":"publish","type":"product","link":"https:\/\/www.linktonkitchen.com\/de\/product\/wholesale-stove-top-pressure-cooker\/","title":{"rendered":"Gro\u00dfhandel Herd oben Schnellkochtopf, Induktion Edelstahl Schnellkochtopf Lieferant"},"content":{"rendered":"<div class=\"wp-block-columns is-layout-flex wp-container-core-columns-is-layout-9d6595d7 wp-block-columns-is-layout-flex\">\n<div class=\"wp-block-column is-vertically-aligned-top is-layout-flow wp-block-column-is-layout-flow\">\n<h2 class=\"wp-block-heading\">Herdplatte Schnellkochtopf Parameter:<\/h2>\n\n\n\n<figure class=\"wp-block-table\"><table><tbody><tr><td>Modell Nr.<\/td><td>Kapazit\u00e4t<\/td><td>Durchmesser der M\u00fcndung<\/td><td>Gewicht<\/td><\/tr><tr><td rowspan=\"5\">LT-CX<\/td><td>4L<\/td><td>20cm<\/td><td>2,36 kg<\/td><\/tr><tr><td>6L<\/td><td>22cm<\/td><td>2,78 kg<\/td><\/tr><tr><td>7L<\/td><td>24cm<\/td><td>3,06 kg<\/td><\/tr><tr><td>9L<\/td><td>26cm<\/td><td>3,78 kg<\/td><\/tr><tr><td>11L<\/td><td>28cm<\/td><td>4,12 kg<\/td><\/tr><\/tbody><\/table><\/figure>\n\n\n\n<h2 class=\"wp-block-heading\">Herdplatte Schnellkochtopf Merkmale:<\/h2>\n\n\n\n<p><strong>Einzigartiges C-f\u00f6rmiges Design<\/strong>: Der Topfk\u00f6rper hat eine innovative, C-f\u00f6rmig gew\u00f6lbte Oberfl\u00e4chenstruktur, die sich an die Heizfl\u00e4che des Ofens anpasst, die W\u00e4rme gleichm\u00e4\u00dfiger leitet und die Kochzeit verk\u00fcrzt.<\/p>\n\n\n\n<p><strong>Handels\u00fcbliches Material aus rostfreiem Stahl<\/strong>: Es wird hochfester, lebensmittelechter Edelstahl verwendet, der korrosionsbest\u00e4ndig und hochdruckfest ist und sich f\u00fcr hochfrequentierte Gro\u00dfk\u00fcchen eignet.<\/p>\n\n\n\n<p><strong>Hochbelastbare Sicherheitsstruktur:<\/strong> Ausgestattet mit verst\u00e4rkten explosionssicheren Schl\u00f6ssern, hitzebest\u00e4ndigen Griffen und mehreren Druckentlastungsvorrichtungen, die eine umfassende Betriebssicherheit gew\u00e4hrleisten.<\/p>\n\n\n\n<p><strong>Effizientes Druckkochsystem<\/strong>: Der Topfdeckel ist mit einem hohen Dichtungsring und einem hochempfindlichen Druckbegrenzungsventil ausgestattet, um schnell einen stabilen hohen Druck aufzubauen und den urspr\u00fcnglichen Geschmack und die N\u00e4hrstoffe der Zutaten zu erhalten.<\/p>\n\n\n\n<p><strong>Einfach zu bedienen und zu reinigen<\/strong>: Die Struktur ist einfach, der drehbare Topfdeckel l\u00e4sst sich leicht \u00f6ffnen und schlie\u00dfen, die Oberfl\u00e4che ist glatt und hat keine toten Ecken, er ist leicht zu reinigen und verbessert die Effizienz der K\u00fcchenarbeit.<\/p>\n\n\n\n<p><strong>Anwendbar f\u00fcr eine Vielzahl von \u00d6fen: <\/strong>Kompatibel mit einer Vielzahl von Herden, wie z. B. Gasherden, Induktionsherden, Infrarotherden usw., mit hoher K\u00fcchenkompatibilit\u00e4t und gro\u00dfer Funktionalit\u00e4t.<\/p>\n<\/div>\n\n\n\n<div class=\"wp-block-column is-vertically-aligned-top is-layout-flow wp-block-column-is-layout-flow\">\n<figure class=\"wp-block-image size-full\"><img fetchpriority=\"high\" decoding=\"async\" width=\"1000\" height=\"1000\" src=\"https:\/\/www.linktonkitchen.com\/wp-content\/uploads\/2025\/07\/wholesale-stove-top-pressure-cooker-3.webp\" alt=\"Gro\u00dfhandel Herdplatte Schnellkochtopf (3)\" class=\"wp-image-6117\" style=\"object-fit:cover\" srcset=\"https:\/\/www.linktonkitchen.com\/wp-content\/uploads\/2025\/07\/wholesale-stove-top-pressure-cooker-3.webp 1000w, https:\/\/www.linktonkitchen.com\/wp-content\/uploads\/2025\/07\/wholesale-stove-top-pressure-cooker-3-300x300.webp 300w, https:\/\/www.linktonkitchen.com\/wp-content\/uploads\/2025\/07\/wholesale-stove-top-pressure-cooker-3-150x150.webp 150w, https:\/\/www.linktonkitchen.com\/wp-content\/uploads\/2025\/07\/wholesale-stove-top-pressure-cooker-3-768x768.webp 768w, https:\/\/www.linktonkitchen.com\/wp-content\/uploads\/2025\/07\/wholesale-stove-top-pressure-cooker-3-12x12.webp 12w, https:\/\/www.linktonkitchen.com\/wp-content\/uploads\/2025\/07\/wholesale-stove-top-pressure-cooker-3-285x285.webp 285w, https:\/\/www.linktonkitchen.com\/wp-content\/uploads\/2025\/07\/wholesale-stove-top-pressure-cooker-3-270x270.webp 270w, https:\/\/www.linktonkitchen.com\/wp-content\/uploads\/2025\/07\/wholesale-stove-top-pressure-cooker-3-540x540.webp 540w, https:\/\/www.linktonkitchen.com\/wp-content\/uploads\/2025\/07\/wholesale-stove-top-pressure-cooker-3-660x660.webp 660w\" sizes=\"(max-width: 1000px) 100vw, 1000px\" \/><\/figure>\n<\/div>\n<\/div>\n\n\n\n<div class=\"wp-block-columns is-layout-flex wp-container-core-columns-is-layout-9d6595d7 wp-block-columns-is-layout-flex\">\n<div class=\"wp-block-column is-layout-flow wp-block-column-is-layout-flow\">\n<figure class=\"wp-block-image size-full\"><img decoding=\"async\" width=\"800\" height=\"800\" src=\"https:\/\/www.linktonkitchen.com\/wp-content\/uploads\/2024\/04\/Wholesale-Stianless-Steel-Pressure-Cooker-Set.webp\" alt=\"Gro\u00dfhandel Stianless Stahl Schnellkochtopf Set\" class=\"wp-image-7403\" srcset=\"https:\/\/www.linktonkitchen.com\/wp-content\/uploads\/2024\/04\/Wholesale-Stianless-Steel-Pressure-Cooker-Set.webp 800w, https:\/\/www.linktonkitchen.com\/wp-content\/uploads\/2024\/04\/Wholesale-Stianless-Steel-Pressure-Cooker-Set-300x300.webp 300w, https:\/\/www.linktonkitchen.com\/wp-content\/uploads\/2024\/04\/Wholesale-Stianless-Steel-Pressure-Cooker-Set-150x150.webp 150w, https:\/\/www.linktonkitchen.com\/wp-content\/uploads\/2024\/04\/Wholesale-Stianless-Steel-Pressure-Cooker-Set-768x768.webp 768w, https:\/\/www.linktonkitchen.com\/wp-content\/uploads\/2024\/04\/Wholesale-Stianless-Steel-Pressure-Cooker-Set-12x12.webp 12w, https:\/\/www.linktonkitchen.com\/wp-content\/uploads\/2024\/04\/Wholesale-Stianless-Steel-Pressure-Cooker-Set-285x285.webp 285w, https:\/\/www.linktonkitchen.com\/wp-content\/uploads\/2024\/04\/Wholesale-Stianless-Steel-Pressure-Cooker-Set-270x270.webp 270w, https:\/\/www.linktonkitchen.com\/wp-content\/uploads\/2024\/04\/Wholesale-Stianless-Steel-Pressure-Cooker-Set-540x540.webp 540w, https:\/\/www.linktonkitchen.com\/wp-content\/uploads\/2024\/04\/Wholesale-Stianless-Steel-Pressure-Cooker-Set-660x660.webp 660w\" sizes=\"(max-width: 800px) 100vw, 800px\" \/><\/figure>\n<\/div>\n\n\n\n<div class=\"wp-block-column is-layout-flow wp-block-column-is-layout-flow\">\n<h2 class=\"wp-block-heading\">Individueller Schnellkochtopf aus Edelstahl<\/h2>\n\n\n\n<p>Linkton bietet flexible OEM- und ODM-Anpassungsdienste an, um den unterschiedlichen Marktanforderungen und der Markenpositionierung gerecht zu werden.<\/p>\n\n\n\n<p><strong>Kapazit\u00e4tsbereich:&nbsp;<\/strong>W\u00e4hlen Sie zwischen 4 und 11 Litern, um den Anforderungen unterschiedlicher Familiengr\u00f6\u00dfen gerecht zu werden.<\/p>\n\n\n\n<p><strong>Oberfl\u00e4che:&nbsp;<\/strong>Erh\u00e4ltlich in den Ausf\u00fchrungen Hochglanzpolieren (Hochglanz), Satinieren (geb\u00fcrstetes Aussehen) oder individuelle Farbbeschichtung.<\/p>\n\n\n\n<p><strong>Branding und Logo:<\/strong><\/p>\n\n\n\n<ul class=\"wp-block-list\">\n<li>Lasergravur auf dem Topfk\u00f6rper.<\/li>\n\n\n\n<li>Pr\u00e4gung auf der Unterseite.<\/li>\n\n\n\n<li>Individuelles Logo auf Griffen und Druckventilen.<\/li>\n<\/ul>\n\n\n\n<p><strong>Verpackungsdesign:&nbsp;<\/strong>Vollst\u00e4ndig individuell gestaltete Farbkartons, Bedienungsanleitungen und Versand<\/p>\n<\/div>\n<\/div>","protected":false},"excerpt":{"rendered":"<p>Gro\u00dfhandel Herdplatte Schnellkochtopf, mit C-f\u00f6rmigen Design und mehrere Sicherheitsvorkehrungen, leitet die W\u00e4rme gleichm\u00e4\u00dfiger und heizt effizienter, geeignet f\u00fcr alle Arten von \u00d6fen. 4-11 QT optional, Unterst\u00fctzung der Anpassung, kontaktieren Sie uns bitte f\u00fcr ein Angebot!<\/p>\n<h2>Schnellkochset f\u00fcr den Herd Spezifikationen:<\/h2>\n<table width=\"402\">\n<tbody>\n<tr>\n<td width=\"145\">Hersteller<\/td>\n<td width=\"257\">Linkton<\/td>\n<\/tr>\n<tr>\n<td width=\"145\">Kapazit\u00e4t<\/td>\n<td width=\"257\">\u00a04L\/ 6L\/ 7L\/ 9L\/ 11L<\/td>\n<\/tr>\n<tr>\n<td>Material<\/td>\n<td>Rostfreier Stahl<\/td>\n<\/tr>\n<tr>\n<td>Funktion<\/td>\n<td width=\"257\">\n<p>1. Das Set enth\u00e4lt Schnellkocht\u00f6pfe, Dampfkocht\u00fccher und Kocht\u00f6pfe<br \/>2. 80 kpa Druck<br \/>3. Sicherheit explosionsgesch\u00fctzt<br \/>4. Bequeme Reinigung<\/p>\n<\/td>\n<\/tr>\n<tr>\n<td>Geeigneter Herd<\/td>\n<td>Herd\/Induktionsherd\/ Gasherd\/ Elektroherd\/ Keramikherd\/ Halogenherd<\/td>\n<\/tr>\n<tr>\n<td>Konfiguration<\/td>\n<td width=\"257\">Manuell\/Druckbegrenzungsventil\/auslaufsicherer Beh\u00e4lter\/Reinigungsnadel<\/td>\n<\/tr>\n<tr>\n<td>OEM\/ODM<\/td>\n<td>Annehmbar<\/td>\n<\/tr>\n<tr>\n<td>Muster<\/td>\n<td>MOQ 1 St\u00fcck<\/td>\n<\/tr>\n<\/tbody>\n<\/table>","protected":false},"featured_media":7426,"template":"","meta":{"_acf_changed":false},"product-application":[],"product-capacity":[],"product_brand":[],"product_cat":[55],"product_tag":[77,76,80,81,82],"class_list":{"0":"post-6114","1":"product","2":"type-product","3":"status-publish","4":"has-post-thumbnail","6":"product_cat-pressure-cooker-wholesale","7":"product_tag-wholesale-commercial-pressure-cooker","8":"product_tag-wholesale-home-pressure-cooker","9":"product_tag-wholesale-small-pressure-cooker","10":"product_tag-wholesale-medium-pressure-cooker","11":"product_tag-wholesale-large-pressure-cooker","13":"first","14":"instock","15":"shipping-taxable","16":"product-type-simple"},"acf":[],"_links":{"self":[{"href":"https:\/\/www.linktonkitchen.com\/de\/wp-json\/wp\/v2\/product\/6114","targetHints":{"allow":["GET"]}}],"collection":[{"href":"https:\/\/www.linktonkitchen.com\/de\/wp-json\/wp\/v2\/product"}],"about":[{"href":"https:\/\/www.linktonkitchen.com\/de\/wp-json\/wp\/v2\/types\/product"}],"version-history":[{"count":0,"href":"https:\/\/www.linktonkitchen.com\/de\/wp-json\/wp\/v2\/product\/6114\/revisions"}],"wp:featuredmedia":[{"embeddable":true,"href":"https:\/\/www.linktonkitchen.com\/de\/wp-json\/wp\/v2\/media\/7426"}],"wp:attachment":[{"href":"https:\/\/www.linktonkitchen.com\/de\/wp-json\/wp\/v2\/media?parent=6114"}],"wp:term":[{"taxonomy":"product-application","embeddable":true,"href":"https:\/\/www.linktonkitchen.com\/de\/wp-json\/wp\/v2\/product-application?post=6114"},{"taxonomy":"product-capacity","embeddable":true,"href":"https:\/\/www.linktonkitchen.com\/de\/wp-json\/wp\/v2\/product-capacity?post=6114"},{"taxonomy":"product_brand","embeddable":true,"href":"https:\/\/www.linktonkitchen.com\/de\/wp-json\/wp\/v2\/product_brand?post=6114"},{"taxonomy":"product_cat","embeddable":true,"href":"https:\/\/www.linktonkitchen.com\/de\/wp-json\/wp\/v2\/product_cat?post=6114"},{"taxonomy":"product_tag","embeddable":true,"href":"https:\/\/www.linktonkitchen.com\/de\/wp-json\/wp\/v2\/product_tag?post=6114"}],"curies":[{"name":"wp","href":"https:\/\/api.w.org\/{rel}","templated":true}]}}