{"id":6164,"date":"2025-07-29T03:59:14","date_gmt":"2025-07-29T03:59:14","guid":{"rendered":"https:\/\/www.linktonkitchen.com\/?post_type=product&#038;p=6164"},"modified":"2026-02-05T03:21:31","modified_gmt":"2026-02-05T03:21:31","slug":"wholesale-big-pressure-cooker","status":"publish","type":"product","link":"https:\/\/www.linktonkitchen.com\/de\/product\/wholesale-big-pressure-cooker\/","title":{"rendered":"Gro\u00dfhandel gro\u00dfer Schnellkochtopf 16L Edelstahl, kommerzieller Schnellkochtopf Hersteller"},"content":{"rendered":"<div class=\"wp-block-columns is-layout-flex wp-container-core-columns-is-layout-9d6595d7 wp-block-columns-is-layout-flex\">\n<div class=\"wp-block-column is-layout-flow wp-block-column-is-layout-flow\" style=\"flex-basis:30%\">\n<figure class=\"wp-block-embed is-type-video is-provider-youtube wp-block-embed-youtube wp-embed-aspect-9-16 wp-has-aspect-ratio\"><div class=\"wp-block-embed__wrapper\">\n<iframe title=\"Schnellkochtopf laden #K\u00fcchenger\u00e4te #Kochen #Lebensmittel\" width=\"563\" height=\"1000\" src=\"https:\/\/www.youtube.com\/embed\/mP8mIsnGa_E?feature=oembed\" frameborder=\"0\" allow=\"accelerometer; autoplay; clipboard-write; encrypted-media; gyroscope; picture-in-picture; web-share\" referrerpolicy=\"strict-origin-when-cross-origin\" allowfullscreen><\/iframe>\n<\/div><\/figure>\n<\/div>\n\n\n\n<div class=\"wp-block-column is-layout-flow wp-block-column-is-layout-flow\">\n<h2 class=\"wp-block-heading\">Gro\u00dfer Schnellkochtopf Parameter:<\/h2>\n\n\n\n<figure class=\"wp-block-table\"><table class=\"has-fixed-layout\"><tbody><tr><td>Modell Nr.<\/td><td>Kapazit\u00e4t<\/td><td>Durchmesser der M\u00fcndung<\/td><td>Gewicht<\/td><\/tr><tr><td rowspan=\"5\">LT-UPC<\/td><td>16L<\/td><td>32cm<\/td><td>5,61 kg<\/td><\/tr><\/tbody><\/table><\/figure>\n\n\n\n<h2 class=\"wp-block-heading\">Gro\u00dfer Schnellkochtopf Merkmale:<\/h2>\n\n\n\n<p><strong>Gro\u00dfes Fassungsverm\u00f6gen:<\/strong> 16L(qt), gro\u00dfes Fassungsverm\u00f6gen, geeignet f\u00fcr Gruppenessen, Eintopf mit nur einem Topf spart mehrere wiederholte Arbeitsg\u00e4nge.<\/p>\n\n\n\n<p><strong>Topfk\u00f6rper aus hochfestem Edelstahl:<\/strong> Er besteht aus lebensmittelechtem, verdicktem Edelstahl, ist druckfest und korrosionsbest\u00e4ndig und eignet sich f\u00fcr den h\u00e4ufigen und langfristigen Gebrauch.<\/p>\n\n\n\n<p><strong>Dreifaches explosionsgesch\u00fctztes Sicherheitssystem<\/strong>Eingebautes Sicherheitsventil, Druckbegrenzungsventil und Anti-Blockier-Abdeckung zur Gew\u00e4hrleistung der Stabilit\u00e4t und Betriebssicherheit unter hohem Druck.<\/p>\n\n\n\n<p><strong>Effiziente Dichtungsstruktur<\/strong>: Der stark dichtende Topfdeckel erh\u00f6ht schnell den Druck, verk\u00fcrzt die Schmorzeit, spart Energie und Gas und eignet sich f\u00fcr den effizienten K\u00fcchenbedarf.<\/p>\n\n\n\n<p><strong>Humanisierter Anti-Verbr\u00fchungs-Griff<\/strong>: verbreiterter und verst\u00e4rkter Doppelgriff, stabiler und rutschfester Griff, auch volle T\u00f6pfe k\u00f6nnen sicher getragen werden.<\/p>\n\n\n\n<p><strong>Multifunktionale kommerzielle Anwendung<\/strong>: kann zum Schmoren von Fleisch, zur Zubereitung von Suppe, zum D\u00e4mpfen von Bohnen, Knochensuppe usw. verwendet werden und eignet sich f\u00fcr eine Vielzahl von gewerblichen Kochaufgaben.<\/p>\n\n\n\n<p><strong>Passt sich an eine Vielzahl von \u00d6fen an:<\/strong> kompatibel mit Gasherden, Induktionsherden, keramischen Herden und anderen Heizmethoden, mit starker Anpassungsf\u00e4higkeit der K\u00fcche.<\/p>\n<\/div>\n<\/div>\n\n\n\n<div class=\"wp-block-columns is-layout-flex wp-container-core-columns-is-layout-9d6595d7 wp-block-columns-is-layout-flex\">\n<div class=\"wp-block-column is-vertically-aligned-top is-layout-flow wp-block-column-is-layout-flow\">\n<h2 class=\"wp-block-heading\">Benutzerdefinierter gro\u00dfer Schnellkochtopf:<\/h2>\n\n\n\n<p>Wir bieten flexible OEM- und ODM-Anpassungsdienste an, um den unterschiedlichen Marktanforderungen und der Markenpositionierung gerecht zu werden.<\/p>\n\n\n\n<p><strong>Kapazit\u00e4tsbereich:\u00a0<\/strong>W\u00e4hlen Sie zwischen 2-16L, um den Anforderungen unterschiedlicher Familiengr\u00f6\u00dfen gerecht zu werden.<\/p>\n\n\n\n<p><strong>Oberfl\u00e4che:\u00a0<\/strong>Erh\u00e4ltlich in den Ausf\u00fchrungen Hochglanzpolieren (Hochglanz), Satinieren (geb\u00fcrstetes Aussehen) oder mit individueller Farbbeschichtung.<\/p>\n\n\n\n<p><strong>Branding und Logo:<\/strong><\/p>\n\n\n\n<ul class=\"wp-block-list\">\n<li>Lasergravur auf dem Topfk\u00f6rper.<\/li>\n\n\n\n<li>Pr\u00e4gung auf der Unterseite.<\/li>\n\n\n\n<li>Individuelles Logo auf Griffen und Druckventilen.<\/li>\n<\/ul>\n\n\n\n<p><strong>Verpackungsdesign:\u00a0<\/strong>Vollst\u00e4ndig individuell gestaltete Farbschachteln, Bedienungsanleitungen und Versandkartons mit der visuellen Identit\u00e4t Ihrer Marke.<\/p>\n<\/div>\n\n\n\n<div class=\"wp-block-column is-vertically-aligned-top is-layout-flow wp-block-column-is-layout-flow\"><div class=\"wp-block-image\">\n<figure class=\"aligncenter size-full\"><img fetchpriority=\"high\" decoding=\"async\" width=\"3522\" height=\"3522\" src=\"https:\/\/www.linktonkitchen.com\/wp-content\/uploads\/2025\/07\/wholesale-big-pressure-cooker-2.webp\" alt=\"Gro\u00dfhandel gro\u00dfer Schnellkochtopf (2)\" class=\"wp-image-6169\" style=\"object-fit:cover\" srcset=\"https:\/\/www.linktonkitchen.com\/wp-content\/uploads\/2025\/07\/wholesale-big-pressure-cooker-2.webp 3522w, https:\/\/www.linktonkitchen.com\/wp-content\/uploads\/2025\/07\/wholesale-big-pressure-cooker-2-300x300.webp 300w, https:\/\/www.linktonkitchen.com\/wp-content\/uploads\/2025\/07\/wholesale-big-pressure-cooker-2-150x150.webp 150w, https:\/\/www.linktonkitchen.com\/wp-content\/uploads\/2025\/07\/wholesale-big-pressure-cooker-2-768x768.webp 768w, https:\/\/www.linktonkitchen.com\/wp-content\/uploads\/2025\/07\/wholesale-big-pressure-cooker-2-12x12.webp 12w, https:\/\/www.linktonkitchen.com\/wp-content\/uploads\/2025\/07\/wholesale-big-pressure-cooker-2-285x285.webp 285w, https:\/\/www.linktonkitchen.com\/wp-content\/uploads\/2025\/07\/wholesale-big-pressure-cooker-2-1600x1600.webp 1600w, https:\/\/www.linktonkitchen.com\/wp-content\/uploads\/2025\/07\/wholesale-big-pressure-cooker-2-270x270.webp 270w, https:\/\/www.linktonkitchen.com\/wp-content\/uploads\/2025\/07\/wholesale-big-pressure-cooker-2-540x540.webp 540w, https:\/\/www.linktonkitchen.com\/wp-content\/uploads\/2025\/07\/wholesale-big-pressure-cooker-2-660x660.webp 660w\" sizes=\"(max-width: 3522px) 100vw, 3522px\" \/><\/figure>\n<\/div><\/div>\n<\/div>","protected":false},"excerpt":{"rendered":"<p>Gro\u00dfhandel gro\u00dfer Schnellkochtopf, speziell f\u00fcr Gro\u00dfk\u00fcchen entwickelt, die 16L Kapazit\u00e4t gew\u00e4hrleistet hohe Effizienz, Sicherheit und Zuverl\u00e4ssigkeit. Direkt vom Hersteller Linkton, unterst\u00fctzt Gro\u00dfeink\u00e4ufe und Anpassungen. Kontaktieren Sie uns noch heute f\u00fcr einen Katalog und ein Angebot!<\/p>\n<h2>Gro\u00dfer Schnellkochtopf Spezifikationen:<\/h2>\n<table width=\"402\">\n<tbody>\n<tr>\n<td width=\"145\">Hersteller<\/td>\n<td width=\"257\">Linkton<\/td>\n<\/tr>\n<tr>\n<td width=\"145\">Kapazit\u00e4t<\/td>\n<td width=\"257\">16L<\/td>\n<\/tr>\n<tr>\n<td>Material<\/td>\n<td>Rostfreier Stahl<\/td>\n<\/tr>\n<tr>\n<td>Funktion<\/td>\n<td width=\"257\">1. 80kpa schnelles Kochen<br \/>2. Rotpunkt-Sicherheitssperrventil f\u00fcr den Einsatz in der Sicherheit<br \/>3. Explosionsgesch\u00fctztes Sicherheitssystem<br \/>4. Bequeme Reinigung<\/td>\n<\/tr>\n<tr>\n<td>Geeigneter Herd<\/td>\n<td>Herd\/ Induktionsherd\/ Gasherd\/ Elektroherd\/ Keramikherd\/ Halogenherd<\/td>\n<\/tr>\n<tr>\n<td>Konfiguration<\/td>\n<td width=\"257\">Manuell\/Druckbegrenzungsventil\/auslaufsicherer Beh\u00e4lter\/Reinigungsnadel<\/td>\n<\/tr>\n<tr>\n<td>OEM\/ODM<\/td>\n<td>Annehmbar<\/td>\n<\/tr>\n<tr>\n<td>Muster<\/td>\n<td>MOQ 1 St\u00fcck<\/td>\n<\/tr>\n<\/tbody>\n<\/table>","protected":false},"featured_media":6172,"template":"","meta":{"_acf_changed":false},"product-application":[],"product-capacity":[],"product_brand":[],"product_cat":[55],"product_tag":[77,82],"class_list":{"0":"post-6164","1":"product","2":"type-product","3":"status-publish","4":"has-post-thumbnail","6":"product_cat-pressure-cooker-wholesale","7":"product_tag-wholesale-commercial-pressure-cooker","8":"product_tag-wholesale-large-pressure-cooker","10":"first","11":"instock","12":"shipping-taxable","13":"product-type-simple"},"acf":[],"_links":{"self":[{"href":"https:\/\/www.linktonkitchen.com\/de\/wp-json\/wp\/v2\/product\/6164","targetHints":{"allow":["GET"]}}],"collection":[{"href":"https:\/\/www.linktonkitchen.com\/de\/wp-json\/wp\/v2\/product"}],"about":[{"href":"https:\/\/www.linktonkitchen.com\/de\/wp-json\/wp\/v2\/types\/product"}],"version-history":[{"count":0,"href":"https:\/\/www.linktonkitchen.com\/de\/wp-json\/wp\/v2\/product\/6164\/revisions"}],"wp:featuredmedia":[{"embeddable":true,"href":"https:\/\/www.linktonkitchen.com\/de\/wp-json\/wp\/v2\/media\/6172"}],"wp:attachment":[{"href":"https:\/\/www.linktonkitchen.com\/de\/wp-json\/wp\/v2\/media?parent=6164"}],"wp:term":[{"taxonomy":"product-application","embeddable":true,"href":"https:\/\/www.linktonkitchen.com\/de\/wp-json\/wp\/v2\/product-application?post=6164"},{"taxonomy":"product-capacity","embeddable":true,"href":"https:\/\/www.linktonkitchen.com\/de\/wp-json\/wp\/v2\/product-capacity?post=6164"},{"taxonomy":"product_brand","embeddable":true,"href":"https:\/\/www.linktonkitchen.com\/de\/wp-json\/wp\/v2\/product_brand?post=6164"},{"taxonomy":"product_cat","embeddable":true,"href":"https:\/\/www.linktonkitchen.com\/de\/wp-json\/wp\/v2\/product_cat?post=6164"},{"taxonomy":"product_tag","embeddable":true,"href":"https:\/\/www.linktonkitchen.com\/de\/wp-json\/wp\/v2\/product_tag?post=6164"}],"curies":[{"name":"wp","href":"https:\/\/api.w.org\/{rel}","templated":true}]}}