{"id":6177,"date":"2025-07-29T07:06:49","date_gmt":"2025-07-29T07:06:49","guid":{"rendered":"https:\/\/www.linktonkitchen.com\/?post_type=product&#038;p=6177"},"modified":"2026-02-05T09:16:54","modified_gmt":"2026-02-05T09:16:54","slug":"wholesale-8-qt-pressure-cooker","status":"publish","type":"product","link":"https:\/\/www.linktonkitchen.com\/de\/product\/wholesale-8-qt-pressure-cooker\/","title":{"rendered":"Gro\u00dfhandel 8 qt Schnellkochtopf, Edelstahl Schnellkochtopf mit D\u00e4mpfeinsatz"},"content":{"rendered":"<div class=\"wp-block-columns is-layout-flex wp-container-core-columns-is-layout-9d6595d7 wp-block-columns-is-layout-flex\">\n<div class=\"wp-block-column is-vertically-aligned-top is-layout-flow wp-block-column-is-layout-flow\">\n<h2 class=\"wp-block-heading\">Edelstahl Schnellkochtopf Parameter:<\/h2>\n\n\n\n<figure class=\"wp-block-table\"><table class=\"has-fixed-layout\"><tbody><tr><td>Modell Nr.<\/td><td>Kapazit\u00e4t<\/td><td>Durchmesser der M\u00fcndung<\/td><td>Gewicht<\/td><\/tr><tr><td rowspan=\"5\">LT-TJ<\/td><td>8L<\/td><td>26cm<\/td><td>3,59 kg<\/td><\/tr><\/tbody><\/table><\/figure>\n\n\n\n<h2 class=\"wp-block-heading\">Schnellkochtopf aus Edelstahl Merkmale:<\/h2>\n\n\n\n<p><strong>Hochwertiger rostfreier Stahl:<\/strong> Er besteht aus lebensmittelechtem Edelstahl, ist korrosions- und hitzebest\u00e4ndig, hat eine glatte, leicht zu reinigende Oberfl\u00e4che und eine ausgezeichnete Haltbarkeit.<\/p>\n\n\n\n<p><strong>Verst\u00e4rkter Anti-Verbr\u00fchungs-Griff<\/strong>: Bietet einen sicheren Halt, ohne zu verbrennen, und erleichtert das Anheben und Bewegen mit Vertrauen.<\/p>\n\n\n\n<p><strong>Automatisches Rot-Punkt-Ventil:<\/strong> Ein roter Punkt erscheint automatisch, wenn der Druck im Topf hoch ist, und f\u00e4llt automatisch ab, wenn der Druck nachl\u00e4sst. So l\u00e4sst sich leichter feststellen, wann der Deckel ge\u00f6ffnet werden muss, und die Betriebssicherheit wird erh\u00f6ht.<\/p>\n\n\n\n<p><strong>80kPa Hoher Betriebsdruck<\/strong>: Der Betriebsdruck erreicht 80 kPa, so dass Fleisch, Bohnen und andere Zutaten in k\u00fcrzerer Zeit auf die gew\u00fcnschte Konsistenz gegart werden k\u00f6nnen, was die Serviereffizienz erheblich verbessert und Energie und Zeit spart.<\/p>\n\n\n\n<p><strong>Mehrere Sicherheitsvorkehrungen: <\/strong>Ausgestattet mit einem Druckbegrenzungsventil, einem Sicherheitsventil und einem Anti-Blockier-Schild sorgen mehrere Schutzsysteme f\u00fcr sicheres und stabiles Garen w\u00e4hrend des gesamten Garvorgangs.<\/p>\n\n\n\n<p><strong>Kompatibilit\u00e4t f\u00fcr private und gewerbliche Nutzung<\/strong>: Die m\u00e4\u00dfige Kapazit\u00e4t entspricht dem Bedarf mittlerer Haushalte und kleiner Restaurants f\u00fcr die schnelle Zubereitung von Mahlzeiten.<\/p>\n<\/div>\n\n\n\n<div class=\"wp-block-column is-vertically-aligned-top is-layout-flow wp-block-column-is-layout-flow\"><div class=\"wp-block-image\">\n<figure class=\"aligncenter size-full\"><img fetchpriority=\"high\" decoding=\"async\" width=\"800\" height=\"800\" src=\"https:\/\/www.linktonkitchen.com\/wp-content\/uploads\/2024\/04\/wholesale-stainless-steel-pressure-cooker-7.webp\" alt=\"Gro\u00dfhandel Edelstahl Schnellkochtopf\" class=\"wp-image-7330\" style=\"object-fit:cover\" srcset=\"https:\/\/www.linktonkitchen.com\/wp-content\/uploads\/2024\/04\/wholesale-stainless-steel-pressure-cooker-7.webp 800w, https:\/\/www.linktonkitchen.com\/wp-content\/uploads\/2024\/04\/wholesale-stainless-steel-pressure-cooker-7-300x300.webp 300w, https:\/\/www.linktonkitchen.com\/wp-content\/uploads\/2024\/04\/wholesale-stainless-steel-pressure-cooker-7-150x150.webp 150w, https:\/\/www.linktonkitchen.com\/wp-content\/uploads\/2024\/04\/wholesale-stainless-steel-pressure-cooker-7-768x768.webp 768w, https:\/\/www.linktonkitchen.com\/wp-content\/uploads\/2024\/04\/wholesale-stainless-steel-pressure-cooker-7-12x12.webp 12w, https:\/\/www.linktonkitchen.com\/wp-content\/uploads\/2024\/04\/wholesale-stainless-steel-pressure-cooker-7-285x285.webp 285w, https:\/\/www.linktonkitchen.com\/wp-content\/uploads\/2024\/04\/wholesale-stainless-steel-pressure-cooker-7-270x270.webp 270w, https:\/\/www.linktonkitchen.com\/wp-content\/uploads\/2024\/04\/wholesale-stainless-steel-pressure-cooker-7-540x540.webp 540w, https:\/\/www.linktonkitchen.com\/wp-content\/uploads\/2024\/04\/wholesale-stainless-steel-pressure-cooker-7-660x660.webp 660w\" sizes=\"(max-width: 800px) 100vw, 800px\" \/><\/figure>\n<\/div><\/div>\n<\/div>","protected":false},"excerpt":{"rendered":"<p>Gro\u00dfhandel 8 qt Schnellkocht\u00f6pfe, mit Anti-Verbr\u00fchung Griff und dampfenden Rack, aus hochwertigem Edelstahl, um eine gleichm\u00e4\u00dfige Erw\u00e4rmung und Sicherheit. OEM\/ODM Dienstleistungen verf\u00fcgbar. Kontaktieren Sie uns f\u00fcr ein Angebot!<\/p>\n<h2>8 qt Schnellkochtopf Spezifikationen:<\/h2>\n<table width=\"402\">\n<tbody>\n<tr>\n<td width=\"145\">Hersteller<\/td>\n<td width=\"257\">Linkton<\/td>\n<\/tr>\n<tr>\n<td width=\"145\">Kapazit\u00e4t<\/td>\n<td width=\"257\">5L\/ 6L\/ 8L<\/td>\n<\/tr>\n<tr>\n<td>Material<\/td>\n<td>Rostfreier Stahl<\/td>\n<\/tr>\n<tr>\n<td>Funktion<\/td>\n<td width=\"257\">1. Mit Dampfgarer und Anti-Verbr\u00fchungsgriff<br \/>2. 80 kpa Druck<br \/>3. Automatisches Rotpunkt-Druckablassventil<br \/>4. Sicherheit explosionsgesch\u00fctzt<br \/>5. Bequeme Reinigung<\/td>\n<\/tr>\n<tr>\n<td>Konfiguration<\/td>\n<td width=\"257\">Manuell\/Druckbegrenzungsventil\/auslaufsicherer Beh\u00e4lter\/Reinigungsnadel<\/td>\n<\/tr>\n<tr>\n<td>Geeigneter Herd<\/td>\n<td>Herd\/ Induktionsherd\/ Gasherd\/ Elektroherd\/ Keramikherd\/ Halogenherd<\/td>\n<\/tr>\n<tr>\n<td>OEM\/ODM<\/td>\n<td>Annehmbar<\/td>\n<\/tr>\n<tr>\n<td>Muster<\/td>\n<td>MOQ 1 St\u00fcck<\/td>\n<\/tr>\n<\/tbody>\n<\/table>","protected":false},"featured_media":7335,"template":"","meta":{"_acf_changed":false},"product-application":[],"product-capacity":[],"product_brand":[],"product_cat":[55],"product_tag":[77,76,81],"class_list":{"0":"post-6177","1":"product","2":"type-product","3":"status-publish","4":"has-post-thumbnail","6":"product_cat-pressure-cooker-wholesale","7":"product_tag-wholesale-commercial-pressure-cooker","8":"product_tag-wholesale-home-pressure-cooker","9":"product_tag-wholesale-medium-pressure-cooker","11":"first","12":"instock","13":"shipping-taxable","14":"product-type-simple"},"acf":[],"_links":{"self":[{"href":"https:\/\/www.linktonkitchen.com\/de\/wp-json\/wp\/v2\/product\/6177","targetHints":{"allow":["GET"]}}],"collection":[{"href":"https:\/\/www.linktonkitchen.com\/de\/wp-json\/wp\/v2\/product"}],"about":[{"href":"https:\/\/www.linktonkitchen.com\/de\/wp-json\/wp\/v2\/types\/product"}],"version-history":[{"count":0,"href":"https:\/\/www.linktonkitchen.com\/de\/wp-json\/wp\/v2\/product\/6177\/revisions"}],"wp:featuredmedia":[{"embeddable":true,"href":"https:\/\/www.linktonkitchen.com\/de\/wp-json\/wp\/v2\/media\/7335"}],"wp:attachment":[{"href":"https:\/\/www.linktonkitchen.com\/de\/wp-json\/wp\/v2\/media?parent=6177"}],"wp:term":[{"taxonomy":"product-application","embeddable":true,"href":"https:\/\/www.linktonkitchen.com\/de\/wp-json\/wp\/v2\/product-application?post=6177"},{"taxonomy":"product-capacity","embeddable":true,"href":"https:\/\/www.linktonkitchen.com\/de\/wp-json\/wp\/v2\/product-capacity?post=6177"},{"taxonomy":"product_brand","embeddable":true,"href":"https:\/\/www.linktonkitchen.com\/de\/wp-json\/wp\/v2\/product_brand?post=6177"},{"taxonomy":"product_cat","embeddable":true,"href":"https:\/\/www.linktonkitchen.com\/de\/wp-json\/wp\/v2\/product_cat?post=6177"},{"taxonomy":"product_tag","embeddable":true,"href":"https:\/\/www.linktonkitchen.com\/de\/wp-json\/wp\/v2\/product_tag?post=6177"}],"curies":[{"name":"wp","href":"https:\/\/api.w.org\/{rel}","templated":true}]}}