{"id":6198,"date":"2025-08-06T07:45:43","date_gmt":"2025-08-06T07:45:43","guid":{"rendered":"https:\/\/www.linktonkitchen.com\/?post_type=product&#038;p=6198"},"modified":"2026-02-04T03:42:53","modified_gmt":"2026-02-04T03:42:53","slug":"wholesale-8-quart-stainless-steel-pressure-cooker","status":"publish","type":"product","link":"https:\/\/www.linktonkitchen.com\/de\/produkt\/wholesale-8-quart-stainless-steel-pressure-cooker\/","title":{"rendered":"Gro\u00dfhandel 8 Quart Edelstahl Schnellkochtopf, Stovetop Induktion Schnellkochtopf"},"content":{"rendered":"<div class=\"wp-block-columns is-layout-flex wp-container-core-columns-is-layout-9d6595d7 wp-block-columns-is-layout-flex\">\n<div class=\"wp-block-column is-layout-flow wp-block-column-is-layout-flow\" style=\"flex-basis:30%\">\n<figure class=\"wp-block-embed is-type-video is-provider-youtube wp-block-embed-youtube wp-embed-aspect-9-16 wp-has-aspect-ratio\"><div class=\"wp-block-embed__wrapper\">\n<iframe title=\"Kennen Sie die Vorteile des Schnellkochtopfs mit Klappgriff?#Druckkocher #Herstellung\" width=\"563\" height=\"1000\" src=\"https:\/\/www.youtube.com\/embed\/VXWKZJ6-ZI4?feature=oembed\" frameborder=\"0\" allow=\"accelerometer; autoplay; clipboard-write; encrypted-media; gyroscope; picture-in-picture; web-share\" referrerpolicy=\"strict-origin-when-cross-origin\" allowfullscreen><\/iframe>\n<\/div><\/figure>\n<\/div>\n\n\n\n<div class=\"wp-block-column is-layout-flow wp-block-column-is-layout-flow\">\n<h2 class=\"wp-block-heading\">Edelstahl Schnellkochtopf Parameter:<\/h2>\n\n\n\n<figure class=\"wp-block-table\"><table class=\"has-fixed-layout\"><tbody><tr><td>Modell Nr.<\/td><td>Kapazit\u00e4t<\/td><td>Durchmesser der M\u00fcndung<\/td><td>Gewicht<\/td><\/tr><tr><td rowspan=\"5\">LT-EJT<\/td><td>8L<\/td><td>24cm<\/td><td>3,59 kg<\/td><\/tr><\/tbody><\/table><\/figure>\n\n\n\n<h2 class=\"wp-block-heading\">Schnellkochtopf aus Edelstahl Merkmale:<\/h2>\n\n\n\n<p><strong>Praktische Auslegung der Kapazit\u00e4t<\/strong>: Erf\u00fcllen Sie die Kochbed\u00fcrfnisse von Familien und kleinen und mittleren Unternehmen und bereiten Sie mehrere Zutaten auf einmal zu.<\/p>\n\n\n\n<p><strong>Einstellbares Druckkontrollsystem<\/strong>: Erf\u00fcllen Sie die Anforderungen an den Kochdruck verschiedener Zutaten, von Bohnen bis zu Fleisch, und Sie k\u00f6nnen ihn genau kontrollieren.<\/p>\n\n\n\n<p><strong>Leicht anhebbarer Griff<\/strong>Ergonomisch, verbessert die Benutzerfreundlichkeit und ist sicherer und arbeitssparender zu bewegen.<\/p>\n\n\n\n<p><strong>Hochwertiges Material aus rostfreiem Stahl<\/strong>: korrosionsbest\u00e4ndig, leicht zu reinigen, langlebig, geeignet f\u00fcr den Langzeiteinsatz bei hohen Temperaturen.<\/p>\n\n\n\n<p><strong>Automatische Druckentlastungsvorrichtung und Sicherheitsverriegelung<\/strong>: Verbesserung der Sicherheit bei der Benutzung und mehrere Schutzmechanismen zur Vermeidung von Fehlbedienungen.<\/p>\n\n\n\n<p><strong>Erf\u00fcllen Sie die Anforderungen mehrerer Szenarien<\/strong>: Ob es um das t\u00e4gliche Kochen von Suppe und Brei zu Hause oder um die schnelle Lieferung von Speisen in einem kleinen Restaurant geht, diese<\/p>\n<\/div>\n<\/div>\n\n\n\n<div class=\"wp-block-columns is-layout-flex wp-container-core-columns-is-layout-9d6595d7 wp-block-columns-is-layout-flex\">\n<div class=\"wp-block-column is-layout-flow wp-block-column-is-layout-flow\">\n<h2 class=\"wp-block-heading\">Individueller Schnellkochtopf aus Edelstahl:<\/h2>\n\n\n\n<p>Linkton bietet umfassende\u00a0<strong>OEM\/ODM-Dienstleistungen<\/strong>\u00a0um sich auf Ihrem lokalen Markt abzuheben:<\/p>\n\n\n\n<p><strong>Kapazit\u00e4tsbereich:\u00a0<\/strong>W\u00e4hlen Sie zwischen 4L, 6,5L und 8L, um den Anforderungen unterschiedlicher Familiengr\u00f6\u00dfen gerecht zu werden.<\/p>\n\n\n\n<p><strong>Oberfl\u00e4che:&nbsp;<\/strong>Erh\u00e4ltlich in den Ausf\u00fchrungen Hochglanzpolieren (Hochglanz), Satinieren (geb\u00fcrstetes Aussehen) oder individuelle Farbbeschichtung.<\/p>\n\n\n\n<p><strong>Branding und Logo:<\/strong><\/p>\n\n\n\n<ul class=\"wp-block-list\">\n<li>Lasergravur auf dem Topfk\u00f6rper.<\/li>\n\n\n\n<li>Pr\u00e4gung auf der Unterseite.<\/li>\n\n\n\n<li>Individuelles Logo auf Griffen und Druckventilen.<\/li>\n<\/ul>\n\n\n\n<p><strong>Verpackungsdesign:&nbsp;<\/strong>Vollst\u00e4ndig angepasste Farbboxen, Bedienungsanleitungen und Versandkartons mit der visuellen Identit\u00e4t Ihrer Marke.<\/p>\n<\/div>\n\n\n\n<div class=\"wp-block-column is-layout-flow wp-block-column-is-layout-flow\">\n<figure class=\"wp-block-image size-full\"><img fetchpriority=\"high\" decoding=\"async\" width=\"800\" height=\"450\" src=\"https:\/\/www.linktonkitchen.com\/wp-content\/uploads\/2024\/12\/Wholesale-One-Hand-Easy-Open-Pressure-Cooker-Stovetops-Induction-Stainless-Steel.webp\" alt=\"Gro\u00dfhandel Ein-Hand Easy Open Schnellkochtopf, Herdplatten Induktion Edelstahl\" class=\"wp-image-7271\" srcset=\"https:\/\/www.linktonkitchen.com\/wp-content\/uploads\/2024\/12\/Wholesale-One-Hand-Easy-Open-Pressure-Cooker-Stovetops-Induction-Stainless-Steel.webp 800w, https:\/\/www.linktonkitchen.com\/wp-content\/uploads\/2024\/12\/Wholesale-One-Hand-Easy-Open-Pressure-Cooker-Stovetops-Induction-Stainless-Steel-300x169.webp 300w, https:\/\/www.linktonkitchen.com\/wp-content\/uploads\/2024\/12\/Wholesale-One-Hand-Easy-Open-Pressure-Cooker-Stovetops-Induction-Stainless-Steel-768x432.webp 768w, https:\/\/www.linktonkitchen.com\/wp-content\/uploads\/2024\/12\/Wholesale-One-Hand-Easy-Open-Pressure-Cooker-Stovetops-Induction-Stainless-Steel-18x10.webp 18w, https:\/\/www.linktonkitchen.com\/wp-content\/uploads\/2024\/12\/Wholesale-One-Hand-Easy-Open-Pressure-Cooker-Stovetops-Induction-Stainless-Steel-285x160.webp 285w, https:\/\/www.linktonkitchen.com\/wp-content\/uploads\/2024\/12\/Wholesale-One-Hand-Easy-Open-Pressure-Cooker-Stovetops-Induction-Stainless-Steel-660x371.webp 660w, https:\/\/www.linktonkitchen.com\/wp-content\/uploads\/2024\/12\/Wholesale-One-Hand-Easy-Open-Pressure-Cooker-Stovetops-Induction-Stainless-Steel-150x84.webp 150w\" sizes=\"(max-width: 800px) 100vw, 800px\" \/><\/figure>\n<\/div>\n<\/div>","protected":false},"excerpt":{"rendered":"<p>Fabrik Gro\u00dfhandel 8-Quart-Edelstahl-Schnellkochtopf, die moderate Kapazit\u00e4t ist perfekt f\u00fcr den Einsatz zu Hause und im Restaurant, und die eingebaute einstellbare Drucksystem passt sich an verschiedene Bed\u00fcrfnisse Kochen. OEM\/ODM wird unterst\u00fctzt. Bitte erkundigen Sie sich f\u00fcr weitere Produktinformationen!<\/p>\n<h2>Schnellkochtopf aus Edelstahl Spezifikationen:<\/h2>\n<table width=\"244\">\n<tbody>\n<tr>\n<td width=\"114\">Hersteller<\/td>\n<td width=\"130\">Linkton<\/td>\n<\/tr>\n<tr>\n<td width=\"114\">Kapazit\u00e4t<\/td>\n<td width=\"130\">4L\/ 6.5L\/ 8L<\/td>\n<\/tr>\n<tr>\n<td width=\"114\">Material<\/td>\n<td width=\"130\">\u00a0Rostfreier Stahl 304\u00a0<\/td>\n<\/tr>\n<tr>\n<td width=\"114\">Funktion<\/td>\n<td width=\"130\">1. Einh\u00e4ndig drehbarer Deckel, leicht zu \u00f6ffnen und zu verriegeln<br \/>2. 2-stufiger Druck einstellbar<br \/>3. 100kPa schnelles Kochen<br \/>4. Sicherheit explosionsgesch\u00fctzt<\/td>\n<\/tr>\n<tr>\n<td width=\"114\">Geeigneter Herd<\/td>\n<td width=\"130\">Herd\/Induktionsherd\/ Gasherd\/ Elektroherd\/ Keramikherd\/ Halogenherd<\/td>\n<\/tr>\n<tr>\n<td width=\"114\">Zubeh\u00f6r<\/td>\n<td width=\"130\">Manuell\/ Druckbegrenzungsventil\/ Auslaufsichere Schale\/ Reinigungsnadel<\/td>\n<\/tr>\n<tr>\n<td width=\"114\">OEM \/ ODM<\/td>\n<td width=\"130\">Annehmbar\u00a0<\/td>\n<\/tr>\n<tr>\n<td width=\"114\">Muster<\/td>\n<td width=\"130\">MOQ 1 St\u00fcck<\/td>\n<\/tr>\n<\/tbody>\n<\/table>\n<p>&nbsp;<\/p>","protected":false},"featured_media":6204,"template":"","meta":{"_acf_changed":false},"product-application":[],"product-capacity":[],"product_brand":[],"product_cat":[55],"product_tag":[76,81],"class_list":{"0":"post-6198","1":"product","2":"type-product","3":"status-publish","4":"has-post-thumbnail","6":"product_cat-pressure-cooker-wholesale","7":"product_tag-wholesale-home-pressure-cooker","8":"product_tag-wholesale-medium-pressure-cooker","10":"first","11":"instock","12":"shipping-taxable","13":"product-type-simple"},"acf":[],"_links":{"self":[{"href":"https:\/\/www.linktonkitchen.com\/de\/wp-json\/wp\/v2\/product\/6198","targetHints":{"allow":["GET"]}}],"collection":[{"href":"https:\/\/www.linktonkitchen.com\/de\/wp-json\/wp\/v2\/product"}],"about":[{"href":"https:\/\/www.linktonkitchen.com\/de\/wp-json\/wp\/v2\/types\/product"}],"version-history":[{"count":6,"href":"https:\/\/www.linktonkitchen.com\/de\/wp-json\/wp\/v2\/product\/6198\/revisions"}],"predecessor-version":[{"id":7293,"href":"https:\/\/www.linktonkitchen.com\/de\/wp-json\/wp\/v2\/product\/6198\/revisions\/7293"}],"wp:featuredmedia":[{"embeddable":true,"href":"https:\/\/www.linktonkitchen.com\/de\/wp-json\/wp\/v2\/media\/6204"}],"wp:attachment":[{"href":"https:\/\/www.linktonkitchen.com\/de\/wp-json\/wp\/v2\/media?parent=6198"}],"wp:term":[{"taxonomy":"product-application","embeddable":true,"href":"https:\/\/www.linktonkitchen.com\/de\/wp-json\/wp\/v2\/product-application?post=6198"},{"taxonomy":"product-capacity","embeddable":true,"href":"https:\/\/www.linktonkitchen.com\/de\/wp-json\/wp\/v2\/product-capacity?post=6198"},{"taxonomy":"product_brand","embeddable":true,"href":"https:\/\/www.linktonkitchen.com\/de\/wp-json\/wp\/v2\/product_brand?post=6198"},{"taxonomy":"product_cat","embeddable":true,"href":"https:\/\/www.linktonkitchen.com\/de\/wp-json\/wp\/v2\/product_cat?post=6198"},{"taxonomy":"product_tag","embeddable":true,"href":"https:\/\/www.linktonkitchen.com\/de\/wp-json\/wp\/v2\/product_tag?post=6198"}],"curies":[{"name":"wp","href":"https:\/\/api.w.org\/{rel}","templated":true}]}}