{"id":6228,"date":"2025-08-06T07:45:43","date_gmt":"2025-08-06T07:45:43","guid":{"rendered":"https:\/\/www.linktonkitchen.com\/?post_type=product&#038;p=6228"},"modified":"2026-02-05T07:24:01","modified_gmt":"2026-02-05T07:24:01","slug":"wholesale-pressure-cooker-pot","status":"publish","type":"product","link":"https:\/\/www.linktonkitchen.com\/de\/produkt\/wholesale-pressure-cooker-pot\/","title":{"rendered":"Gro\u00dfhandel Schnellkochtopf, Edelstahl 6-11QT Schnellkochtopf Manufaktur"},"content":{"rendered":"<div class=\"wp-block-columns is-layout-flex wp-container-core-columns-is-layout-9d6595d7 wp-block-columns-is-layout-flex\">\n<div class=\"wp-block-column is-vertically-aligned-top is-layout-flow wp-block-column-is-layout-flow\">\n<h2 class=\"wp-block-heading\">Schnellkochtopf Parameter:<\/h2>\n\n\n\n<figure class=\"wp-block-table\"><table><tbody><tr><td>Modell Nr.<\/td><td>Kapazit\u00e4t<\/td><td>Durchmesser der M\u00fcndung<\/td><td>Bruttogewicht (kg)<\/td><\/tr><tr><td rowspan=\"4\">LT-OX<\/td><td>6L<\/td><td>22cm<\/td><td>2,67 kg<\/td><\/tr><tr><td>7L<\/td><td>24cm<\/td><td>3,25 kg<\/td><\/tr><tr><td>9L<\/td><td>26cm<\/td><td>4.01kg<\/td><\/tr><tr><td>11L<\/td><td>28cm<\/td><td>4,41 kg<\/td><\/tr><\/tbody><\/table><\/figure>\n\n\n\n<h2 class=\"wp-block-heading\">Schnellkochtopf Eigenschaften:<\/h2>\n\n\n\n<p><strong>Effizientes Kochen<\/strong>: Der Schnellkochtopf verf\u00fcgt \u00fcber eine robuste Hochdruckstruktur, die einem Druck von bis zu 80 KPA standh\u00e4lt, die Kochzeit verk\u00fcrzt und gleichzeitig energieeffizient ist und sich f\u00fcr den intensiven Gebrauch in Restaurants und Cafeterias eignet.<\/p>\n\n\n\n<p><strong>Mehrere Kapazit\u00e4tsoptionen<\/strong>: Erh\u00e4ltlich mit einem Fassungsverm\u00f6gen von 6 l, 7 l, 9 l und 11 l, geeignet f\u00fcr die Zubereitung von kleinen Gerichten zu Hause bis hin zu gro\u00dfen kommerziellen Eintopfgerichten, um den unterschiedlichen Bed\u00fcrfnissen der verschiedenen Kunden gerecht zu werden.<\/p>\n\n\n\n<p><strong>Ausgestattet mit mehreren Sicherheitsmerkmalen:<\/strong> \u00dcberdruckventil, Sicherheitsventil und verstopfungssicherer Deckel verhindern einen \u00dcberdruck; die roten Griffe sind hitzebest\u00e4ndig und rutschfest und gew\u00e4hrleisten einen sicheren Betrieb.<\/p>\n\n\n\n<p><strong>Hochwertiger rostfreier Stahl<\/strong>: Hergestellt aus lebensmittelechtem, verdicktem Edelstahl, hitzebest\u00e4ndig und korrosionsbest\u00e4ndig. Der Topfk\u00f6rper ist robust und verformungsbest\u00e4ndig, bleibt auch nach langem Gebrauch hell und neu und ist leicht zu reinigen und zu pflegen.<\/p>\n\n\n\n<p><strong>Breite Kompatibilit\u00e4t:<\/strong> Sie eignen sich f\u00fcr verschiedene W\u00e4rmequellen wie Gasherde, Induktionsherde und Ceranfelder und erf\u00fcllen damit die unterschiedlichen Anforderungen von privaten und gewerblichen K\u00fcchen.<\/p>\n\n\n\n<p><strong>Elegantes florales Deckeldesign<\/strong>: Der Topfdeckel ist mit traditionellen Blumenmustern verziert, die mit dem modernen Glanz des Edelstahls kombiniert werden. Er ist \u00e4sthetisch und praktisch zugleich und wertet das gesamte K\u00fcchenambiente auf.<\/p>\n<\/div>\n\n\n\n<div class=\"wp-block-column is-vertically-aligned-top is-layout-flow wp-block-column-is-layout-flow\">\n<figure class=\"wp-block-image size-full\"><img fetchpriority=\"high\" decoding=\"async\" width=\"1188\" height=\"1188\" src=\"https:\/\/www.linktonkitchen.com\/wp-content\/uploads\/2025\/08\/wholesale-pressure-cooker-pot-4.webp\" alt=\"Gro\u00dfhandel Schnellkochtopf Topf (4)\" class=\"wp-image-6232\" srcset=\"https:\/\/www.linktonkitchen.com\/wp-content\/uploads\/2025\/08\/wholesale-pressure-cooker-pot-4.webp 1188w, https:\/\/www.linktonkitchen.com\/wp-content\/uploads\/2025\/08\/wholesale-pressure-cooker-pot-4-300x300.webp 300w, https:\/\/www.linktonkitchen.com\/wp-content\/uploads\/2025\/08\/wholesale-pressure-cooker-pot-4-150x150.webp 150w, https:\/\/www.linktonkitchen.com\/wp-content\/uploads\/2025\/08\/wholesale-pressure-cooker-pot-4-768x768.webp 768w, https:\/\/www.linktonkitchen.com\/wp-content\/uploads\/2025\/08\/wholesale-pressure-cooker-pot-4-12x12.webp 12w, https:\/\/www.linktonkitchen.com\/wp-content\/uploads\/2025\/08\/wholesale-pressure-cooker-pot-4-285x285.webp 285w, https:\/\/www.linktonkitchen.com\/wp-content\/uploads\/2025\/08\/wholesale-pressure-cooker-pot-4-270x270.webp 270w, https:\/\/www.linktonkitchen.com\/wp-content\/uploads\/2025\/08\/wholesale-pressure-cooker-pot-4-540x540.webp 540w, https:\/\/www.linktonkitchen.com\/wp-content\/uploads\/2025\/08\/wholesale-pressure-cooker-pot-4-660x660.webp 660w\" sizes=\"(max-width: 1188px) 100vw, 1188px\" \/><\/figure>\n<\/div>\n<\/div>\n\n\n\n<div class=\"wp-block-columns is-layout-flex wp-container-core-columns-is-layout-9d6595d7 wp-block-columns-is-layout-flex\">\n<div class=\"wp-block-column is-layout-flow wp-block-column-is-layout-flow\">\n<figure class=\"wp-block-image size-full\"><img decoding=\"async\" width=\"3000\" height=\"3000\" src=\"https:\/\/www.linktonkitchen.com\/wp-content\/uploads\/2025\/08\/wholesale-pressure-cooker-pot-2.webp\" alt=\"Gro\u00dfhandel Schnellkochtopf Topf (2)\" class=\"wp-image-6230\" srcset=\"https:\/\/www.linktonkitchen.com\/wp-content\/uploads\/2025\/08\/wholesale-pressure-cooker-pot-2.webp 3000w, https:\/\/www.linktonkitchen.com\/wp-content\/uploads\/2025\/08\/wholesale-pressure-cooker-pot-2-300x300.webp 300w, https:\/\/www.linktonkitchen.com\/wp-content\/uploads\/2025\/08\/wholesale-pressure-cooker-pot-2-150x150.webp 150w, https:\/\/www.linktonkitchen.com\/wp-content\/uploads\/2025\/08\/wholesale-pressure-cooker-pot-2-768x768.webp 768w, https:\/\/www.linktonkitchen.com\/wp-content\/uploads\/2025\/08\/wholesale-pressure-cooker-pot-2-12x12.webp 12w, https:\/\/www.linktonkitchen.com\/wp-content\/uploads\/2025\/08\/wholesale-pressure-cooker-pot-2-285x285.webp 285w, https:\/\/www.linktonkitchen.com\/wp-content\/uploads\/2025\/08\/wholesale-pressure-cooker-pot-2-1600x1600.webp 1600w, https:\/\/www.linktonkitchen.com\/wp-content\/uploads\/2025\/08\/wholesale-pressure-cooker-pot-2-270x270.webp 270w, https:\/\/www.linktonkitchen.com\/wp-content\/uploads\/2025\/08\/wholesale-pressure-cooker-pot-2-540x540.webp 540w, https:\/\/www.linktonkitchen.com\/wp-content\/uploads\/2025\/08\/wholesale-pressure-cooker-pot-2-660x660.webp 660w\" sizes=\"(max-width: 3000px) 100vw, 3000px\" \/><\/figure>\n<\/div>\n\n\n\n<div class=\"wp-block-column is-layout-flow wp-block-column-is-layout-flow\">\n<h2 class=\"wp-block-heading\">Individueller Schnellkochtopf:<\/h2>\n\n\n\n<p>Linkton bietet flexible OEM- und ODM-Anpassungsdienste an, um den unterschiedlichen Marktanforderungen und der Markenpositionierung gerecht zu werden.<\/p>\n\n\n\n<p><strong>Kapazit\u00e4tsbereich:\u00a0<\/strong>W\u00e4hlen Sie zwischen 6 und 11 Litern, um den Anforderungen unterschiedlicher Familiengr\u00f6\u00dfen gerecht zu werden.<\/p>\n\n\n\n<p><strong>Oberfl\u00e4che:&nbsp;<\/strong>Erh\u00e4ltlich in den Ausf\u00fchrungen Hochglanzpolieren (Hochglanz), Satinieren (geb\u00fcrstetes Aussehen) oder individuelle Farbbeschichtung.<\/p>\n\n\n\n<p><strong>Branding und Logo:<\/strong><\/p>\n\n\n\n<ul class=\"wp-block-list\">\n<li>Lasergravur auf dem Topfk\u00f6rper.<\/li>\n\n\n\n<li>Pr\u00e4gung auf der Unterseite.<\/li>\n\n\n\n<li>Individuelles Logo auf Griffen und Druckventilen.<\/li>\n<\/ul>\n\n\n\n<p><strong>Verpackungsdesign:&nbsp;<\/strong>Vollst\u00e4ndig angepasste Farbboxen, Bedienungsanleitungen und Versandkartons mit der visuellen Identit\u00e4t Ihrer Marke.<\/p>\n<\/div>\n<\/div>","protected":false},"excerpt":{"rendered":"<p>Gro\u00dfhandel Schnellkochtopf Topf, mehrere Kapazit\u00e4ten zur Verf\u00fcgung, Lebensmittel-Edelstahl-Material, 80KPA Hochdruck-Design, geeignet f\u00fcr Haus und Gewerbe, sicher und bequem. Kontaktieren Sie uns f\u00fcr weitere Parameter.<\/p>\n<h2><strong>Schnellkochtopf\u00a0<\/strong><span style=\"box-sizing: border-box; margin: 0px; padding: 0px;\"><strong>Topf\u00a0<\/strong>Spezifikationen<\/span>:<\/h2>\n<table width=\"402\">\n<tbody>\n<tr>\n<td width=\"145\">Hersteller<\/td>\n<td width=\"257\">Linkton<\/td>\n<\/tr>\n<tr>\n<td>Material<\/td>\n<td>Rostfreier Stahl<\/td>\n<\/tr>\n<tr>\n<td>Kapazit\u00e4t<\/td>\n<td>6L\/ 7L\/ 9L\/ 11L<\/td>\n<\/tr>\n<tr>\n<td>Funktion<\/td>\n<td width=\"257\">1. Deckel mit Druckverriegelung<br \/>2. Sechs schwere Schutzvorrichtungen<br \/>3. 80 kpa Druck<br \/>4. Sicherheit explosionsgesch\u00fctzt<br \/>5. Bequeme Reinigung<\/td>\n<\/tr>\n<tr>\n<td>Geeigneter Herd<\/td>\n<td>Herd\/Induktionsherd\/ Gasherd\/ Elektroherd\/ Keramikherd\/ Halogenherd<\/td>\n<\/tr>\n<tr>\n<td>Konfiguration<\/td>\n<td width=\"257\">Manuell\/Druckbegrenzungsventil\/auslaufsicherer Beh\u00e4lter\/Reinigungsnadel<\/td>\n<\/tr>\n<tr>\n<td>OEM\/ODM<\/td>\n<td>Annehmbar<\/td>\n<\/tr>\n<tr>\n<td>Muster<\/td>\n<td>MOQ 1 St\u00fcck<\/td>\n<\/tr>\n<\/tbody>\n<\/table>","protected":false},"featured_media":6229,"template":"","meta":{"_acf_changed":false},"product-application":[],"product-capacity":[],"product_brand":[],"product_cat":[55],"product_tag":[77,76,80,81],"class_list":{"0":"post-6228","1":"product","2":"type-product","3":"status-publish","4":"has-post-thumbnail","6":"product_cat-pressure-cooker-wholesale","7":"product_tag-wholesale-commercial-pressure-cooker","8":"product_tag-wholesale-home-pressure-cooker","9":"product_tag-wholesale-small-pressure-cooker","10":"product_tag-wholesale-medium-pressure-cooker","12":"first","13":"instock","14":"shipping-taxable","15":"product-type-simple"},"acf":[],"_links":{"self":[{"href":"https:\/\/www.linktonkitchen.com\/de\/wp-json\/wp\/v2\/product\/6228","targetHints":{"allow":["GET"]}}],"collection":[{"href":"https:\/\/www.linktonkitchen.com\/de\/wp-json\/wp\/v2\/product"}],"about":[{"href":"https:\/\/www.linktonkitchen.com\/de\/wp-json\/wp\/v2\/types\/product"}],"version-history":[{"count":4,"href":"https:\/\/www.linktonkitchen.com\/de\/wp-json\/wp\/v2\/product\/6228\/revisions"}],"predecessor-version":[{"id":7425,"href":"https:\/\/www.linktonkitchen.com\/de\/wp-json\/wp\/v2\/product\/6228\/revisions\/7425"}],"wp:featuredmedia":[{"embeddable":true,"href":"https:\/\/www.linktonkitchen.com\/de\/wp-json\/wp\/v2\/media\/6229"}],"wp:attachment":[{"href":"https:\/\/www.linktonkitchen.com\/de\/wp-json\/wp\/v2\/media?parent=6228"}],"wp:term":[{"taxonomy":"product-application","embeddable":true,"href":"https:\/\/www.linktonkitchen.com\/de\/wp-json\/wp\/v2\/product-application?post=6228"},{"taxonomy":"product-capacity","embeddable":true,"href":"https:\/\/www.linktonkitchen.com\/de\/wp-json\/wp\/v2\/product-capacity?post=6228"},{"taxonomy":"product_brand","embeddable":true,"href":"https:\/\/www.linktonkitchen.com\/de\/wp-json\/wp\/v2\/product_brand?post=6228"},{"taxonomy":"product_cat","embeddable":true,"href":"https:\/\/www.linktonkitchen.com\/de\/wp-json\/wp\/v2\/product_cat?post=6228"},{"taxonomy":"product_tag","embeddable":true,"href":"https:\/\/www.linktonkitchen.com\/de\/wp-json\/wp\/v2\/product_tag?post=6228"}],"curies":[{"name":"wp","href":"https:\/\/api.w.org\/{rel}","templated":true}]}}