{"id":6235,"date":"2025-08-06T07:45:43","date_gmt":"2025-08-06T07:45:43","guid":{"rendered":"https:\/\/www.linktonkitchen.com\/?post_type=product&#038;p=6235"},"modified":"2026-02-05T03:52:02","modified_gmt":"2026-02-05T03:52:02","slug":"wholesale-12-quart-pressure-cooker","status":"publish","type":"product","link":"https:\/\/www.linktonkitchen.com\/de\/produkt\/wholesale-12-quart-pressure-cooker\/","title":{"rendered":"Gro\u00dfhandel 12 Quart Schnellkochtopf, gro\u00dfe kommerzielle Edelstahl-Kocher"},"content":{"rendered":"<div class=\"wp-block-columns is-layout-flex wp-container-core-columns-is-layout-9d6595d7 wp-block-columns-is-layout-flex\">\n<div class=\"wp-block-column is-vertically-aligned-top is-layout-flow wp-block-column-is-layout-flow\">\n<h2 class=\"wp-block-heading\">Edelstahl Schnellkochtopf Parameter:<\/h2>\n\n\n\n<figure class=\"wp-block-table\"><table><tbody><tr><td>Modell Nr.<\/td><td>Durchmesser der M\u00fcndung<\/td><td>Kapazit\u00e4t<\/td><td>Gewicht <\/td><\/tr><tr><td rowspan=\"3\">LT-SB<\/td><td>28cm<\/td><td>10L<\/td><td>3,76 kg<\/td><\/tr><tr><td>30cm<\/td><td>12L<\/td><td>4,69 kg<\/td><\/tr><tr><td>32cm<\/td><td>16L<\/td><td>5,15 kg<\/td><\/tr><\/tbody><\/table><\/figure>\n\n\n\n<h2 class=\"wp-block-heading\">Schnellkochtopf aus Edelstahl Merkmale:<\/h2>\n\n\n\n<p><strong>Gewerbliche Nutzung mit gro\u00dfem Fassungsverm\u00f6gen<\/strong>: Mit den Optionen 10L\/12L\/16L k\u00f6nnen Sie mehr Zutaten auf einmal zubereiten und die Effizienz beim Servieren verbessern. Ideal f\u00fcr Restaurants, Kantinen, Zentralk\u00fcchen, Fast-Food-Ketten und andere Hochfrequenz-Kochszenarien.<\/p>\n\n\n\n<p><strong>Hochdruck-Umlaufheizung<\/strong>: Der Topf erzeugt im Inneren eine Hochdruck-Dampfzirkulation, die die Fasern der Lebensmittel schnell aufweicht und so ein schnelleres Garen und eine bessere Geschmacksaufnahme f\u00fcr H\u00e4hnchen, Ente, Rindfleisch, Bohnen und andere Zutaten gew\u00e4hrleistet, was eine erhebliche Zeitersparnis beim Kochen bedeutet.<\/p>\n\n\n\n<p><strong>Mehrere Sicherheitsmerkmale<\/strong>: Ausgestattet mit einem \u00dcberdruckventil, einem Sicherheitsventil und einem verstopfungssicheren Deckel, l\u00e4sst der Topf automatisch den \u00dcberdruck ab, um Tonexplosionen zu verhindern, und eignet sich somit auch f\u00fcr intensive K\u00fcchenumgebungen.<\/p>\n\n\n\n<p><strong>Hochwertige Materialien<\/strong>: Hergestellt aus verdicktem, lebensmittelechtem Edelstahl, korrosionsbest\u00e4ndig, verformt sich nicht und klebt nicht am Topfboden, geeignet f\u00fcr den langfristigen gewerblichen Einsatz. Er hat ein glattes Aussehen und ist leicht zu reinigen.<\/p>\n\n\n\n<p><strong>Universelle Herdkompatibilit\u00e4t<\/strong>: Kompatibel mit Gasherden, Induktionsherden, elektrischen Keramikherden und anderen W\u00e4rmequellen, erf\u00fcllt er die Anforderungen verschiedener K\u00fcchenkonfigurationen, ohne dass ein zus\u00e4tzlicher Herd gekauft werden muss.<\/p>\n<\/div>\n\n\n\n<div class=\"wp-block-column is-vertically-aligned-top is-layout-flow wp-block-column-is-layout-flow\">\n<figure class=\"wp-block-image size-full\"><img fetchpriority=\"high\" decoding=\"async\" width=\"800\" height=\"800\" src=\"https:\/\/www.linktonkitchen.com\/wp-content\/uploads\/2025\/08\/Wholesale-12-Quart-Pressure-Cooker-4.webp\" alt=\"Gro\u00dfhandel 12 Quart Schnellkochtopf (4)\" class=\"wp-image-6239\" srcset=\"https:\/\/www.linktonkitchen.com\/wp-content\/uploads\/2025\/08\/Wholesale-12-Quart-Pressure-Cooker-4.webp 800w, https:\/\/www.linktonkitchen.com\/wp-content\/uploads\/2025\/08\/Wholesale-12-Quart-Pressure-Cooker-4-300x300.webp 300w, https:\/\/www.linktonkitchen.com\/wp-content\/uploads\/2025\/08\/Wholesale-12-Quart-Pressure-Cooker-4-150x150.webp 150w, https:\/\/www.linktonkitchen.com\/wp-content\/uploads\/2025\/08\/Wholesale-12-Quart-Pressure-Cooker-4-768x768.webp 768w, https:\/\/www.linktonkitchen.com\/wp-content\/uploads\/2025\/08\/Wholesale-12-Quart-Pressure-Cooker-4-12x12.webp 12w, https:\/\/www.linktonkitchen.com\/wp-content\/uploads\/2025\/08\/Wholesale-12-Quart-Pressure-Cooker-4-285x285.webp 285w, https:\/\/www.linktonkitchen.com\/wp-content\/uploads\/2025\/08\/Wholesale-12-Quart-Pressure-Cooker-4-270x270.webp 270w, https:\/\/www.linktonkitchen.com\/wp-content\/uploads\/2025\/08\/Wholesale-12-Quart-Pressure-Cooker-4-540x540.webp 540w, https:\/\/www.linktonkitchen.com\/wp-content\/uploads\/2025\/08\/Wholesale-12-Quart-Pressure-Cooker-4-660x660.webp 660w\" sizes=\"(max-width: 800px) 100vw, 800px\" \/><\/figure>\n<\/div>\n<\/div>\n\n\n\n<div class=\"wp-block-columns is-layout-flex wp-container-core-columns-is-layout-9d6595d7 wp-block-columns-is-layout-flex\">\n<div class=\"wp-block-column is-layout-flow wp-block-column-is-layout-flow\">\n<figure class=\"wp-block-image size-full\"><img decoding=\"async\" width=\"748\" height=\"748\" src=\"https:\/\/www.linktonkitchen.com\/wp-content\/uploads\/2024\/04\/Wholesale-Stainless-Steel-Pressure-Cooker-with-Double-Handle-for-Home-Commercial-2-1.webp\" alt=\"Gro\u00dfhandel Edelstahl Schnellkochtopf mit Doppelgriff f\u00fcr Haus &amp; Gewerbe\" class=\"wp-image-7390\" srcset=\"https:\/\/www.linktonkitchen.com\/wp-content\/uploads\/2024\/04\/Wholesale-Stainless-Steel-Pressure-Cooker-with-Double-Handle-for-Home-Commercial-2-1.webp 748w, https:\/\/www.linktonkitchen.com\/wp-content\/uploads\/2024\/04\/Wholesale-Stainless-Steel-Pressure-Cooker-with-Double-Handle-for-Home-Commercial-2-1-300x300.webp 300w, https:\/\/www.linktonkitchen.com\/wp-content\/uploads\/2024\/04\/Wholesale-Stainless-Steel-Pressure-Cooker-with-Double-Handle-for-Home-Commercial-2-1-150x150.webp 150w, https:\/\/www.linktonkitchen.com\/wp-content\/uploads\/2024\/04\/Wholesale-Stainless-Steel-Pressure-Cooker-with-Double-Handle-for-Home-Commercial-2-1-12x12.webp 12w, https:\/\/www.linktonkitchen.com\/wp-content\/uploads\/2024\/04\/Wholesale-Stainless-Steel-Pressure-Cooker-with-Double-Handle-for-Home-Commercial-2-1-285x285.webp 285w, https:\/\/www.linktonkitchen.com\/wp-content\/uploads\/2024\/04\/Wholesale-Stainless-Steel-Pressure-Cooker-with-Double-Handle-for-Home-Commercial-2-1-270x270.webp 270w, https:\/\/www.linktonkitchen.com\/wp-content\/uploads\/2024\/04\/Wholesale-Stainless-Steel-Pressure-Cooker-with-Double-Handle-for-Home-Commercial-2-1-540x540.webp 540w, https:\/\/www.linktonkitchen.com\/wp-content\/uploads\/2024\/04\/Wholesale-Stainless-Steel-Pressure-Cooker-with-Double-Handle-for-Home-Commercial-2-1-660x660.webp 660w\" sizes=\"(max-width: 748px) 100vw, 748px\" \/><\/figure>\n<\/div>\n\n\n\n<div class=\"wp-block-column is-layout-flow wp-block-column-is-layout-flow\">\n<figure class=\"wp-block-image size-full\"><img decoding=\"async\" width=\"748\" height=\"748\" src=\"https:\/\/www.linktonkitchen.com\/wp-content\/uploads\/2024\/04\/Wholesale-Stainless-Steel-Pressure-Cooker-with-Double-Handle-for-Home-Commercial-1.webp\" alt=\"Gro\u00dfhandel Edelstahl Schnellkochtopf mit Doppelgriff f\u00fcr Haus &amp; Gewerbe\" class=\"wp-image-7389\" srcset=\"https:\/\/www.linktonkitchen.com\/wp-content\/uploads\/2024\/04\/Wholesale-Stainless-Steel-Pressure-Cooker-with-Double-Handle-for-Home-Commercial-1.webp 748w, https:\/\/www.linktonkitchen.com\/wp-content\/uploads\/2024\/04\/Wholesale-Stainless-Steel-Pressure-Cooker-with-Double-Handle-for-Home-Commercial-1-300x300.webp 300w, https:\/\/www.linktonkitchen.com\/wp-content\/uploads\/2024\/04\/Wholesale-Stainless-Steel-Pressure-Cooker-with-Double-Handle-for-Home-Commercial-1-150x150.webp 150w, https:\/\/www.linktonkitchen.com\/wp-content\/uploads\/2024\/04\/Wholesale-Stainless-Steel-Pressure-Cooker-with-Double-Handle-for-Home-Commercial-1-12x12.webp 12w, https:\/\/www.linktonkitchen.com\/wp-content\/uploads\/2024\/04\/Wholesale-Stainless-Steel-Pressure-Cooker-with-Double-Handle-for-Home-Commercial-1-285x285.webp 285w, https:\/\/www.linktonkitchen.com\/wp-content\/uploads\/2024\/04\/Wholesale-Stainless-Steel-Pressure-Cooker-with-Double-Handle-for-Home-Commercial-1-270x270.webp 270w, https:\/\/www.linktonkitchen.com\/wp-content\/uploads\/2024\/04\/Wholesale-Stainless-Steel-Pressure-Cooker-with-Double-Handle-for-Home-Commercial-1-540x540.webp 540w, https:\/\/www.linktonkitchen.com\/wp-content\/uploads\/2024\/04\/Wholesale-Stainless-Steel-Pressure-Cooker-with-Double-Handle-for-Home-Commercial-1-660x660.webp 660w\" sizes=\"(max-width: 748px) 100vw, 748px\" \/><\/figure>\n<\/div>\n<\/div>\n\n\n\n<div class=\"wp-block-columns is-layout-flex wp-container-core-columns-is-layout-9d6595d7 wp-block-columns-is-layout-flex\">\n<div class=\"wp-block-column is-layout-flow wp-block-column-is-layout-flow\">\n<figure class=\"wp-block-image size-full\"><img loading=\"lazy\" decoding=\"async\" width=\"800\" height=\"800\" src=\"https:\/\/www.linktonkitchen.com\/wp-content\/uploads\/2025\/08\/Wholesale-12-Quart-Pressure-Cooker-5.webp\" alt=\"Gro\u00dfhandel 12 Quart Schnellkochtopf (5)\" class=\"wp-image-6240\" srcset=\"https:\/\/www.linktonkitchen.com\/wp-content\/uploads\/2025\/08\/Wholesale-12-Quart-Pressure-Cooker-5.webp 800w, https:\/\/www.linktonkitchen.com\/wp-content\/uploads\/2025\/08\/Wholesale-12-Quart-Pressure-Cooker-5-300x300.webp 300w, https:\/\/www.linktonkitchen.com\/wp-content\/uploads\/2025\/08\/Wholesale-12-Quart-Pressure-Cooker-5-150x150.webp 150w, https:\/\/www.linktonkitchen.com\/wp-content\/uploads\/2025\/08\/Wholesale-12-Quart-Pressure-Cooker-5-768x768.webp 768w, https:\/\/www.linktonkitchen.com\/wp-content\/uploads\/2025\/08\/Wholesale-12-Quart-Pressure-Cooker-5-12x12.webp 12w, https:\/\/www.linktonkitchen.com\/wp-content\/uploads\/2025\/08\/Wholesale-12-Quart-Pressure-Cooker-5-285x285.webp 285w, https:\/\/www.linktonkitchen.com\/wp-content\/uploads\/2025\/08\/Wholesale-12-Quart-Pressure-Cooker-5-270x270.webp 270w, https:\/\/www.linktonkitchen.com\/wp-content\/uploads\/2025\/08\/Wholesale-12-Quart-Pressure-Cooker-5-540x540.webp 540w, https:\/\/www.linktonkitchen.com\/wp-content\/uploads\/2025\/08\/Wholesale-12-Quart-Pressure-Cooker-5-660x660.webp 660w\" sizes=\"(max-width: 800px) 100vw, 800px\" \/><\/figure>\n<\/div>\n\n\n\n<div class=\"wp-block-column is-layout-flow wp-block-column-is-layout-flow\">\n<h2 class=\"wp-block-heading\">Individueller Schnellkochtopf aus Edelstahl:<\/h2>\n\n\n\n<p>Wir bieten flexible OEM- und ODM-Anpassungsdienste an, um den unterschiedlichen Marktanforderungen und der Markenpositionierung gerecht zu werden.<\/p>\n\n\n\n<p><strong>Kapazit\u00e4tsbereich:\u00a0<\/strong>W\u00e4hlen Sie zwischen 10 und 16 Litern, um den Anforderungen unterschiedlicher Familiengr\u00f6\u00dfen gerecht zu werden.<\/p>\n\n\n\n<p><strong>Oberfl\u00e4che:&nbsp;<\/strong>Erh\u00e4ltlich in den Ausf\u00fchrungen Hochglanzpolieren (Hochglanz), Satinieren (geb\u00fcrstetes Aussehen) oder individuelle Farbbeschichtung.<\/p>\n\n\n\n<p><strong>Branding und Logo:<\/strong><\/p>\n\n\n\n<ul class=\"wp-block-list\">\n<li>Lasergravur auf dem Topfk\u00f6rper.<\/li>\n\n\n\n<li>Pr\u00e4gung auf der Unterseite.<\/li>\n\n\n\n<li>Individuelles Logo auf Griffen und Druckventilen.<\/li>\n<\/ul>\n\n\n\n<p><strong>Verpackungsdesign:&nbsp;<\/strong>Vollst\u00e4ndig angepasste Farbboxen, Bedienungsanleitungen und Versandkartons mit der visuellen Identit\u00e4t Ihrer Marke.<\/p>\n<\/div>\n<\/div>","protected":false},"excerpt":{"rendered":"<p>Gro\u00dfhandel 12 Quart Schnellkochtopf, 10L\/12L\/16L Edelstahl Schnellkochtopf, gro\u00dfe Kapazit\u00e4t, hoher Druck, schnelles Kochen, kompatibel mit mehreren W\u00e4rmequellen, speziell f\u00fcr Gro\u00dfk\u00fcchen entwickelt. Willkommen zu erkundigen heute!<\/p>\n<h2>12 Quart Schnellkochtopf Spezifikationen:<\/h2>\n<table width=\"402\">\n<tbody>\n<tr>\n<td width=\"145\">Hersteller<\/td>\n<td width=\"257\">Linkton<\/td>\n<\/tr>\n<tr>\n<td>Material<\/td>\n<td>Rostfreier Stahl<\/td>\n<\/tr>\n<tr>\n<td>Funktion<\/td>\n<td width=\"257\">\n<p>1. Doppeltes Griffdesign<br \/>2. Intelligente Rotpunkt-Druckanzeige &amp; Sicherheitssperre<br \/>3. Sechs schwere Schutzvorrichtungen<br \/>4. 80 kpa Druck<br \/>5. Sicherheit explosionsgesch\u00fctzt<br \/>7. Bequeme Reinigung<\/p>\n<\/td>\n<\/tr>\n<tr>\n<td>Geeigneter Herd<\/td>\n<td>Herd\/Induktionsherd\/ Gasherd\/ Elektroherd\/ Keramikherd\/ Halogenherd<\/td>\n<\/tr>\n<tr>\n<td>Konfiguration<\/td>\n<td width=\"257\">Manuell\/Druckbegrenzungsventil\/auslaufsicherer Beh\u00e4lter\/Reinigungsnadel<\/td>\n<\/tr>\n<tr>\n<td>OEM\/ODM<\/td>\n<td>Annehmbar<\/td>\n<\/tr>\n<tr>\n<td>Muster<\/td>\n<td>MOQ 1 St\u00fcck<\/td>\n<\/tr>\n<\/tbody>\n<\/table>","protected":false},"featured_media":6238,"template":"","meta":{"_acf_changed":false},"product-application":[],"product-capacity":[],"product_brand":[],"product_cat":[55],"product_tag":[77,82],"class_list":{"0":"post-6235","1":"product","2":"type-product","3":"status-publish","4":"has-post-thumbnail","6":"product_cat-pressure-cooker-wholesale","7":"product_tag-wholesale-commercial-pressure-cooker","8":"product_tag-wholesale-large-pressure-cooker","10":"first","11":"instock","12":"shipping-taxable","13":"product-type-simple"},"acf":[],"_links":{"self":[{"href":"https:\/\/www.linktonkitchen.com\/de\/wp-json\/wp\/v2\/product\/6235","targetHints":{"allow":["GET"]}}],"collection":[{"href":"https:\/\/www.linktonkitchen.com\/de\/wp-json\/wp\/v2\/product"}],"about":[{"href":"https:\/\/www.linktonkitchen.com\/de\/wp-json\/wp\/v2\/types\/product"}],"version-history":[{"count":4,"href":"https:\/\/www.linktonkitchen.com\/de\/wp-json\/wp\/v2\/product\/6235\/revisions"}],"predecessor-version":[{"id":7399,"href":"https:\/\/www.linktonkitchen.com\/de\/wp-json\/wp\/v2\/product\/6235\/revisions\/7399"}],"wp:featuredmedia":[{"embeddable":true,"href":"https:\/\/www.linktonkitchen.com\/de\/wp-json\/wp\/v2\/media\/6238"}],"wp:attachment":[{"href":"https:\/\/www.linktonkitchen.com\/de\/wp-json\/wp\/v2\/media?parent=6235"}],"wp:term":[{"taxonomy":"product-application","embeddable":true,"href":"https:\/\/www.linktonkitchen.com\/de\/wp-json\/wp\/v2\/product-application?post=6235"},{"taxonomy":"product-capacity","embeddable":true,"href":"https:\/\/www.linktonkitchen.com\/de\/wp-json\/wp\/v2\/product-capacity?post=6235"},{"taxonomy":"product_brand","embeddable":true,"href":"https:\/\/www.linktonkitchen.com\/de\/wp-json\/wp\/v2\/product_brand?post=6235"},{"taxonomy":"product_cat","embeddable":true,"href":"https:\/\/www.linktonkitchen.com\/de\/wp-json\/wp\/v2\/product_cat?post=6235"},{"taxonomy":"product_tag","embeddable":true,"href":"https:\/\/www.linktonkitchen.com\/de\/wp-json\/wp\/v2\/product_tag?post=6235"}],"curies":[{"name":"wp","href":"https:\/\/api.w.org\/{rel}","templated":true}]}}