{"id":6257,"date":"2025-08-06T07:45:42","date_gmt":"2025-08-06T07:45:42","guid":{"rendered":"https:\/\/www.linktonkitchen.com\/?post_type=product&#038;p=6257"},"modified":"2026-02-05T09:11:31","modified_gmt":"2026-02-05T09:11:31","slug":"wholesale-2-quart-pressure-cooker","status":"publish","type":"product","link":"https:\/\/www.linktonkitchen.com\/de\/produkt\/wholesale-2-quart-pressure-cooker\/","title":{"rendered":"Gro\u00dfhandel 2 Quart Schnellkochtopf, Lebensmittel Schnellkochtopf Edelstahl Lieferant"},"content":{"rendered":"<div class=\"wp-block-columns is-layout-flex wp-container-core-columns-is-layout-9d6595d7 wp-block-columns-is-layout-flex\">\n<div class=\"wp-block-column is-vertically-aligned-top is-layout-flow wp-block-column-is-layout-flow\">\n<h2 class=\"wp-block-heading\">2 Quart Schnellkochtopf Parameter:<\/h2>\n\n\n\n<figure class=\"wp-block-table\"><table><tbody><tr><td>Modell Nr.<\/td><td>Kapazit\u00e4t<\/td><td>Durchmesser<\/td><\/tr><tr><td rowspan=\"4\">LT-XFKH<\/td><td>0.8 L<\/td><td>13cm\/15cm<\/td><\/tr><tr><td>1.2 L<\/td><td>13cm\/15cm<\/td><\/tr><tr><td>1.6 L<\/td><td>13cm\/15cm<\/td><\/tr><tr><td>2.0 L<\/td><td>13cm\/15cm<\/td><\/tr><\/tbody><\/table><\/figure>\n\n\n\n<h2 class=\"wp-block-heading\">2 Quart Schnellkochtopf Eigenschaften:<\/h2>\n\n\n\n<p><strong>\u00d6ffnung mit einem Schl\u00fcssel: <\/strong>Ausgestattet mit einem praktischen Tastensystem, das mit nur einem Tastendruck ge\u00f6ffnet werden kann, ist die einh\u00e4ndige Bedienung einfacher, sicherer und arbeitssparender, um die Benutzerfreundlichkeit zu erh\u00f6hen.<\/p>\n\n\n\n<p><strong>Lebensmittelgeeigneter rostfreier Stahl<\/strong>Hergestellt aus Edelstahl 304, mit hoher Temperatur- und Korrosionsbest\u00e4ndigkeit, um gesundes Kochen zu gew\u00e4hrleisten, langlebig und leicht zu reinigen.<\/p>\n\n\n\n<p><strong>Pr\u00e4zises Druckkontrollsystem<\/strong>Eingebaute mehrfache Sicherheitsventile, automatische Druckanpassung, wirksamer Explosions- und Verstopfungsschutz, um die Stabilit\u00e4t und Sicherheit des Betriebsprozesses zu gew\u00e4hrleisten.<\/p>\n\n\n\n<p><strong>Flexible Kapazit\u00e4tsauswahl<\/strong>n: 0,8L, 1,2L, 1,5L, 2L Fassungsverm\u00f6gen optional, geeignet f\u00fcr Ein-Personen-Nahrung, Baby-Erg\u00e4nzung, und kleine Familie t\u00e4glichen Gebrauch.<\/p>\n\n\n\n<p><strong>Mehrere Anwendungsszenarien<\/strong>Es kann verwendet werden, um schnell Brei zu kochen, Fleisch zu schmoren, Suppe zu machen, Gem\u00fcse zu kochen, usw. Er eignet sich f\u00fcr st\u00e4dtische Angestellte, Studenten und andere effiziente und praktische Kochbed\u00fcrfnisse.<\/p>\n\n\n\n<p><strong>Bequemes Design:<\/strong> kompaktes Design nimmt keinen Platz weg, perfekt f\u00fcr kleine K\u00fcchen, Schlafs\u00e4le, Camping und Au\u00dfenbereiche.<\/p>\n<\/div>\n\n\n\n<div class=\"wp-block-column is-vertically-aligned-top is-layout-flow wp-block-column-is-layout-flow\">\n<figure class=\"wp-block-image size-full\"><img fetchpriority=\"high\" decoding=\"async\" width=\"800\" height=\"800\" src=\"https:\/\/www.linktonkitchen.com\/wp-content\/uploads\/2025\/08\/mini-pressure-cooker-1-litre-wholesale-2.webp\" alt=\"Mini-Schnellkochtopf Gro\u00dfhandel\" class=\"wp-image-7455\" srcset=\"https:\/\/www.linktonkitchen.com\/wp-content\/uploads\/2025\/08\/mini-pressure-cooker-1-litre-wholesale-2.webp 800w, https:\/\/www.linktonkitchen.com\/wp-content\/uploads\/2025\/08\/mini-pressure-cooker-1-litre-wholesale-2-300x300.webp 300w, https:\/\/www.linktonkitchen.com\/wp-content\/uploads\/2025\/08\/mini-pressure-cooker-1-litre-wholesale-2-150x150.webp 150w, https:\/\/www.linktonkitchen.com\/wp-content\/uploads\/2025\/08\/mini-pressure-cooker-1-litre-wholesale-2-768x768.webp 768w, https:\/\/www.linktonkitchen.com\/wp-content\/uploads\/2025\/08\/mini-pressure-cooker-1-litre-wholesale-2-12x12.webp 12w, https:\/\/www.linktonkitchen.com\/wp-content\/uploads\/2025\/08\/mini-pressure-cooker-1-litre-wholesale-2-285x285.webp 285w, https:\/\/www.linktonkitchen.com\/wp-content\/uploads\/2025\/08\/mini-pressure-cooker-1-litre-wholesale-2-270x270.webp 270w, https:\/\/www.linktonkitchen.com\/wp-content\/uploads\/2025\/08\/mini-pressure-cooker-1-litre-wholesale-2-540x540.webp 540w, https:\/\/www.linktonkitchen.com\/wp-content\/uploads\/2025\/08\/mini-pressure-cooker-1-litre-wholesale-2-660x660.webp 660w\" sizes=\"(max-width: 800px) 100vw, 800px\" \/><\/figure>\n<\/div>\n<\/div>\n\n\n\n<div class=\"wp-block-columns is-layout-flex wp-container-core-columns-is-layout-9d6595d7 wp-block-columns-is-layout-flex\">\n<div class=\"wp-block-column is-layout-flow wp-block-column-is-layout-flow\">\n<figure class=\"wp-block-image size-full\"><img decoding=\"async\" width=\"800\" height=\"800\" src=\"https:\/\/www.linktonkitchen.com\/wp-content\/uploads\/2025\/08\/mini-pressure-cooker-1-litre-wholesale-4_.webp\" alt=\"Mini-Schnellkochtopf Gro\u00dfhandel\" class=\"wp-image-7457\" srcset=\"https:\/\/www.linktonkitchen.com\/wp-content\/uploads\/2025\/08\/mini-pressure-cooker-1-litre-wholesale-4_.webp 800w, https:\/\/www.linktonkitchen.com\/wp-content\/uploads\/2025\/08\/mini-pressure-cooker-1-litre-wholesale-4_-300x300.webp 300w, https:\/\/www.linktonkitchen.com\/wp-content\/uploads\/2025\/08\/mini-pressure-cooker-1-litre-wholesale-4_-150x150.webp 150w, https:\/\/www.linktonkitchen.com\/wp-content\/uploads\/2025\/08\/mini-pressure-cooker-1-litre-wholesale-4_-768x768.webp 768w, https:\/\/www.linktonkitchen.com\/wp-content\/uploads\/2025\/08\/mini-pressure-cooker-1-litre-wholesale-4_-12x12.webp 12w, https:\/\/www.linktonkitchen.com\/wp-content\/uploads\/2025\/08\/mini-pressure-cooker-1-litre-wholesale-4_-285x285.webp 285w, https:\/\/www.linktonkitchen.com\/wp-content\/uploads\/2025\/08\/mini-pressure-cooker-1-litre-wholesale-4_-270x270.webp 270w, https:\/\/www.linktonkitchen.com\/wp-content\/uploads\/2025\/08\/mini-pressure-cooker-1-litre-wholesale-4_-540x540.webp 540w, https:\/\/www.linktonkitchen.com\/wp-content\/uploads\/2025\/08\/mini-pressure-cooker-1-litre-wholesale-4_-660x660.webp 660w\" sizes=\"(max-width: 800px) 100vw, 800px\" \/><\/figure>\n<\/div>\n\n\n\n<div class=\"wp-block-column is-layout-flow wp-block-column-is-layout-flow\">\n<h3 class=\"wp-block-heading\">Custom 2 Quart Schnellkochtopf:<\/h3>\n\n\n\n<p>Linkton bietet flexible OEM- und ODM-Anpassungsdienste an, um den unterschiedlichen Marktanforderungen und der Markenpositionierung gerecht zu werden.<\/p>\n\n\n\n<p><strong>Kapazit\u00e4tsbereich:&nbsp;<\/strong>W\u00e4hlen Sie zwischen 0,8 und 2 Litern, um den Anforderungen unterschiedlicher Familiengr\u00f6\u00dfen gerecht zu werden.<\/p>\n\n\n\n<p><strong>Oberfl\u00e4che:&nbsp;<\/strong>Erh\u00e4ltlich in den Ausf\u00fchrungen Hochglanzpolieren (Hochglanz), Satinieren (geb\u00fcrstetes Aussehen) oder individuelle Farbbeschichtung.<\/p>\n\n\n\n<p><strong>Branding und Logo:<\/strong><\/p>\n\n\n\n<ul class=\"wp-block-list\">\n<li>Lasergravur auf dem Topfk\u00f6rper.<\/li>\n\n\n\n<li>Pr\u00e4gung auf der Unterseite.<\/li>\n\n\n\n<li>Individuelles Logo auf Griffen und Druckventilen.<\/li>\n<\/ul>\n\n\n\n<p><strong>Verpackungsdesign:&nbsp;<\/strong>Vollst\u00e4ndig angepasste Farbboxen, Bedienungsanleitungen und Versandkartons mit der visuellen Identit\u00e4t Ihrer Marke.<\/p>\n<\/div>\n<\/div>\n\n\n\n<div class=\"wp-block-columns is-layout-flex wp-container-core-columns-is-layout-9d6595d7 wp-block-columns-is-layout-flex\">\n<div class=\"wp-block-column is-vertically-aligned-center is-layout-flow wp-block-column-is-layout-flow\"><\/div>\n<\/div>\n\n\n\n<div class=\"wp-block-columns is-layout-flex wp-container-core-columns-is-layout-9d6595d7 wp-block-columns-is-layout-flex\">\n<div class=\"wp-block-column is-layout-flow wp-block-column-is-layout-flow\"><\/div>\n\n\n\n<div class=\"wp-block-column is-layout-flow wp-block-column-is-layout-flow\"><\/div>\n<\/div>","protected":false},"excerpt":{"rendered":"<p>Gro\u00dfhandel 2-Quart-Schnellkochtopf, ein Druckknopf-Modell Mini-Schnellkochtopf, der kompakt ist und keinen Platz wegnimmt. Dr\u00fccken Sie, um den Deckel zu \u00f6ffnen, so dass es f\u00fcr kleine Familien, Studenten, st\u00e4dtische Arbeiter und andere Multi-Szenario-Anwendungen geeignet ist. Mehrere Gr\u00f6\u00dfen verf\u00fcgbar, OEM-Unterst\u00fctzung! Bitte fragen Sie uns an!<\/p>\n<h2>2 Quart Schnellkochtopf Spezifikationen:<\/h2>\n<table width=\"402\">\n<tbody>\n<tr>\n<td width=\"145\">Hersteller<\/td>\n<td width=\"257\">Linkton<\/td>\n<\/tr>\n<tr>\n<td width=\"145\">Modell Nr.<\/td>\n<td width=\"257\">LT-XFKH<\/td>\n<\/tr>\n<tr>\n<td width=\"145\">Kapazit\u00e4t<\/td>\n<td width=\"257\">0,8L\/ 1,2L\/ 1,6L\/ 2L<\/td>\n<\/tr>\n<tr>\n<td>Material<\/td>\n<td>Dreifach-Edelstahl<\/td>\n<\/tr>\n<tr>\n<td>Funktion<\/td>\n<td width=\"257\">1. Sicherheitssperrknopf-Design<br \/>2. Schnelles Kochen<br \/>3. Sicherheit explosionsgesch\u00fctzt<br \/>4. Bequeme Reinigung<\/td>\n<\/tr>\n<tr>\n<td>Geeigneter Herd<\/td>\n<td>Offene Flamme\/Induktionsherd\/Gasherd<\/td>\n<\/tr>\n<tr>\n<td>OEM\/ODM<\/td>\n<td>Annehmbar<\/td>\n<\/tr>\n<tr>\n<td>Muster<\/td>\n<td>MOQ 1 St\u00fcck<\/td>\n<\/tr>\n<\/tbody>\n<\/table>","protected":false},"featured_media":7456,"template":"","meta":{"_acf_changed":false},"product-application":[],"product-capacity":[],"product_brand":[],"product_cat":[55],"product_tag":[76,79],"class_list":{"0":"post-6257","1":"product","2":"type-product","3":"status-publish","4":"has-post-thumbnail","6":"product_cat-pressure-cooker-wholesale","7":"product_tag-wholesale-home-pressure-cooker","8":"product_tag-wholesale-mini-pressure-cooker","10":"first","11":"instock","12":"shipping-taxable","13":"product-type-simple"},"acf":[],"_links":{"self":[{"href":"https:\/\/www.linktonkitchen.com\/de\/wp-json\/wp\/v2\/product\/6257","targetHints":{"allow":["GET"]}}],"collection":[{"href":"https:\/\/www.linktonkitchen.com\/de\/wp-json\/wp\/v2\/product"}],"about":[{"href":"https:\/\/www.linktonkitchen.com\/de\/wp-json\/wp\/v2\/types\/product"}],"version-history":[{"count":6,"href":"https:\/\/www.linktonkitchen.com\/de\/wp-json\/wp\/v2\/product\/6257\/revisions"}],"predecessor-version":[{"id":7459,"href":"https:\/\/www.linktonkitchen.com\/de\/wp-json\/wp\/v2\/product\/6257\/revisions\/7459"}],"wp:featuredmedia":[{"embeddable":true,"href":"https:\/\/www.linktonkitchen.com\/de\/wp-json\/wp\/v2\/media\/7456"}],"wp:attachment":[{"href":"https:\/\/www.linktonkitchen.com\/de\/wp-json\/wp\/v2\/media?parent=6257"}],"wp:term":[{"taxonomy":"product-application","embeddable":true,"href":"https:\/\/www.linktonkitchen.com\/de\/wp-json\/wp\/v2\/product-application?post=6257"},{"taxonomy":"product-capacity","embeddable":true,"href":"https:\/\/www.linktonkitchen.com\/de\/wp-json\/wp\/v2\/product-capacity?post=6257"},{"taxonomy":"product_brand","embeddable":true,"href":"https:\/\/www.linktonkitchen.com\/de\/wp-json\/wp\/v2\/product_brand?post=6257"},{"taxonomy":"product_cat","embeddable":true,"href":"https:\/\/www.linktonkitchen.com\/de\/wp-json\/wp\/v2\/product_cat?post=6257"},{"taxonomy":"product_tag","embeddable":true,"href":"https:\/\/www.linktonkitchen.com\/de\/wp-json\/wp\/v2\/product_tag?post=6257"}],"curies":[{"name":"wp","href":"https:\/\/api.w.org\/{rel}","templated":true}]}}