{"id":6258,"date":"2025-08-06T07:45:42","date_gmt":"2025-08-06T07:45:42","guid":{"rendered":"https:\/\/www.linktonkitchen.com\/?post_type=product&#038;p=6258"},"modified":"2026-02-05T08:54:23","modified_gmt":"2026-02-05T08:54:23","slug":"wholesale-camping-pressure-cooker","status":"publish","type":"product","link":"https:\/\/www.linktonkitchen.com\/de\/produkt\/wholesale-camping-pressure-cooker\/","title":{"rendered":"Gro\u00dfhandel Camping Schnellkochtopf, China Mini Schnellkochtopf Hersteller"},"content":{"rendered":"<div class=\"wp-block-columns is-layout-flex wp-container-core-columns-is-layout-9d6595d7 wp-block-columns-is-layout-flex\">\n<div class=\"wp-block-column is-layout-flow wp-block-column-is-layout-flow\">\n<h2 class=\"wp-block-heading\">Camping Schnellkochtopf Parameter:<\/h2>\n\n\n\n<figure class=\"wp-block-table\"><table><tbody><tr><td><strong>Modell Nr.<\/strong><\/td><td><strong>Kapazit\u00e4t<\/strong><\/td><td><strong>Durchmesser<\/strong><\/td><\/tr><tr><td rowspan=\"4\">LT-XFKH<\/td><td>0.8 L<\/td><td>13cm\/15cm<\/td><\/tr><tr><td>1.2 L<\/td><td>13cm\/15cm<\/td><\/tr><tr><td>1.6 L<\/td><td>13cm\/15cm<\/td><\/tr><tr><td>2.0 L<\/td><td>13cm\/15cm<\/td><\/tr><\/tbody><\/table><\/figure>\n\n\n\n<h2 class=\"wp-block-heading\">Camping Schnellkochtopf Merkmale:<\/h2>\n\n\n\n<p><strong>Hochwertiges Material<\/strong>: Hergestellt aus 304 lebensmittelechtem Edelstahl, sicher und langlebig, leicht zu reinigen, lange Lebensdauer.<\/p>\n\n\n\n<p><strong>Deckel mit Schraubverschluss:<\/strong> einfach zu bedienen, drehbar zu verriegeln, verbessert die Abdichtung und die Sicherheit.<\/p>\n\n\n\n<p><strong>Kompaktes und tragbares Design<\/strong>: Mit der Schraubstruktur ist der Topf kompakt und leicht zu verstauen, ohne viel Platz zu beanspruchen, was f\u00fcr kleine, moderne Stadtk\u00fcchen geeignet ist.<\/p>\n\n\n\n<p><strong>Effizientes Kochen<\/strong>: Topf mit kleinem Fassungsverm\u00f6gen, kombiniert mit Hochdrucktechnologie, schnelleres Erhitzen, Energie- und Zeitersparnis, einfaches Kochen von Speisen f\u00fcr eine Person oder von Babynahrung.<\/p>\n\n\n\n<p><strong>Optionen mit mehreren Speicherkapazit\u00e4ten:<\/strong> bieten 0.8L, 1.2L, 1.5L, 2L Kapazit\u00e4t, passen Sie sich an die Bed\u00fcrfnisse der verschiedenen Menschen, von der Studentenwohnheim, Single-Wohnung, um die exquisite Ein-Personen-Essen verwendet werden kann.<\/p>\n\n\n\n<p><strong>Anwendbar auf eine Vielzahl von Szenarien<\/strong>: perfekt f\u00fcr Brei, Eintopf, ged\u00e4mpfte Eier, ged\u00fcnstetes Fleisch und andere schnelle Gerichte, besonders geeignet f\u00fcr Babybeilagen, kleine Portionen nahrhafter Mahlzeiten und Camping-Kochszenarien.<\/p>\n<\/div>\n\n\n\n<div class=\"wp-block-column is-layout-flow wp-block-column-is-layout-flow\">\n<figure class=\"wp-block-image size-full\"><img fetchpriority=\"high\" decoding=\"async\" width=\"4180\" height=\"3864\" src=\"https:\/\/www.linktonkitchen.com\/wp-content\/uploads\/2025\/08\/camping-pressure-cooker-wholesale-6.webp\" alt=\"Camping Schnellkochtopf Gro\u00dfhandel (6)\" class=\"wp-image-6265\" srcset=\"https:\/\/www.linktonkitchen.com\/wp-content\/uploads\/2025\/08\/camping-pressure-cooker-wholesale-6.webp 4180w, https:\/\/www.linktonkitchen.com\/wp-content\/uploads\/2025\/08\/camping-pressure-cooker-wholesale-6-300x277.webp 300w, https:\/\/www.linktonkitchen.com\/wp-content\/uploads\/2025\/08\/camping-pressure-cooker-wholesale-6-768x710.webp 768w, https:\/\/www.linktonkitchen.com\/wp-content\/uploads\/2025\/08\/camping-pressure-cooker-wholesale-6-13x12.webp 13w, https:\/\/www.linktonkitchen.com\/wp-content\/uploads\/2025\/08\/camping-pressure-cooker-wholesale-6-285x263.webp 285w, https:\/\/www.linktonkitchen.com\/wp-content\/uploads\/2025\/08\/camping-pressure-cooker-wholesale-6-1600x1479.webp 1600w, https:\/\/www.linktonkitchen.com\/wp-content\/uploads\/2025\/08\/camping-pressure-cooker-wholesale-6-660x610.webp 660w, https:\/\/www.linktonkitchen.com\/wp-content\/uploads\/2025\/08\/camping-pressure-cooker-wholesale-6-150x139.webp 150w\" sizes=\"(max-width: 4180px) 100vw, 4180px\" \/><\/figure>\n<\/div>\n<\/div>\n\n\n\n<div class=\"wp-block-columns is-layout-flex wp-container-core-columns-is-layout-9d6595d7 wp-block-columns-is-layout-flex\">\n<div class=\"wp-block-column is-layout-flow wp-block-column-is-layout-flow\">\n<figure class=\"wp-block-image size-full\"><img decoding=\"async\" width=\"3379\" height=\"3379\" src=\"https:\/\/www.linktonkitchen.com\/wp-content\/uploads\/2025\/08\/camping-pressure-cooker-wholesale-5.webp\" alt=\"Camping Schnellkochtopf Gro\u00dfhandel (5)\" class=\"wp-image-6264\" srcset=\"https:\/\/www.linktonkitchen.com\/wp-content\/uploads\/2025\/08\/camping-pressure-cooker-wholesale-5.webp 3379w, https:\/\/www.linktonkitchen.com\/wp-content\/uploads\/2025\/08\/camping-pressure-cooker-wholesale-5-300x300.webp 300w, https:\/\/www.linktonkitchen.com\/wp-content\/uploads\/2025\/08\/camping-pressure-cooker-wholesale-5-150x150.webp 150w, https:\/\/www.linktonkitchen.com\/wp-content\/uploads\/2025\/08\/camping-pressure-cooker-wholesale-5-768x768.webp 768w, https:\/\/www.linktonkitchen.com\/wp-content\/uploads\/2025\/08\/camping-pressure-cooker-wholesale-5-12x12.webp 12w, https:\/\/www.linktonkitchen.com\/wp-content\/uploads\/2025\/08\/camping-pressure-cooker-wholesale-5-285x285.webp 285w, https:\/\/www.linktonkitchen.com\/wp-content\/uploads\/2025\/08\/camping-pressure-cooker-wholesale-5-1600x1600.webp 1600w, https:\/\/www.linktonkitchen.com\/wp-content\/uploads\/2025\/08\/camping-pressure-cooker-wholesale-5-270x270.webp 270w, https:\/\/www.linktonkitchen.com\/wp-content\/uploads\/2025\/08\/camping-pressure-cooker-wholesale-5-540x540.webp 540w, https:\/\/www.linktonkitchen.com\/wp-content\/uploads\/2025\/08\/camping-pressure-cooker-wholesale-5-660x660.webp 660w\" sizes=\"(max-width: 3379px) 100vw, 3379px\" \/><\/figure>\n<\/div>\n\n\n\n<div class=\"wp-block-column is-vertically-aligned-center is-layout-flow wp-block-column-is-layout-flow\">\n<h2 class=\"wp-block-heading\">Custom Camping Schnellkochtopf:<\/h2>\n\n\n\n<p>Linkton bietet flexible OEM- und ODM-Anpassungsdienste an, um den unterschiedlichen Marktanforderungen und der Markenpositionierung gerecht zu werden.<\/p>\n\n\n\n<p><strong>Kapazit\u00e4tsbereich:&nbsp;<\/strong>W\u00e4hlen Sie zwischen 0,8 und 2 Litern, um den Anforderungen unterschiedlicher Familiengr\u00f6\u00dfen gerecht zu werden.<\/p>\n\n\n\n<p><strong>Oberfl\u00e4che:&nbsp;<\/strong>Erh\u00e4ltlich in den Ausf\u00fchrungen Hochglanzpolieren (Hochglanz), Satinieren (geb\u00fcrstetes Aussehen) oder individuelle Farbbeschichtung.<\/p>\n\n\n\n<p><strong>Branding und Logo:<\/strong><\/p>\n\n\n\n<ul class=\"wp-block-list\">\n<li>Lasergravur auf dem Topfk\u00f6rper.<\/li>\n\n\n\n<li>Pr\u00e4gung auf der Unterseite.<\/li>\n\n\n\n<li>Individuelles Logo auf Griffen und Druckventilen.<\/li>\n<\/ul>\n\n\n\n<p><strong>Verpackungsdesign:&nbsp;<\/strong>Vollst\u00e4ndig angepasste Farbboxen, Bedienungsanleitungen und Versandkartons mit der visuellen Identit\u00e4t Ihrer Marke.<\/p>\n<\/div>\n<\/div>","protected":false},"excerpt":{"rendered":"<p>Gro\u00dfhandel Camping Schnellkochtopf, kleine Kapazit\u00e4t Schnellkochtopf, Twist-Lock-Deckel-Design spart mehr Energie, geeignet f\u00fcr Ein-Personen-Nahrung, Baby-Erg\u00e4nzung, Picknick bequemes Kochen, 0.8L-2L mehrere Spezifikationen k\u00f6nnen ausgew\u00e4hlt werden, willkommen in Gro\u00dfhandel Anpassung!<\/p>\n<h2>Camping Schnellkochtopf Spezifikationen:<\/h2>\n<table width=\"402\">\n<tbody>\n<tr>\n<td width=\"145\">Hersteller<\/td>\n<td width=\"257\">Linkton<\/td>\n<\/tr>\n<tr>\n<td width=\"145\">Modell Nr.<\/td>\n<td width=\"257\">LT-XFKH<\/td>\n<\/tr>\n<tr>\n<td width=\"145\">Kapazit\u00e4t<\/td>\n<td width=\"257\">0,8L\/ 1,2L\/ 1,6L\/ 2L<\/td>\n<\/tr>\n<tr>\n<td>Material<\/td>\n<td>Dreifach-Edelstahl<\/td>\n<\/tr>\n<tr>\n<td>Funktion<\/td>\n<td width=\"257\">1. Sicherheitssperrknopf-Design<br \/>2. Schnelles Kochen<br \/>3. Sicherheit explosionsgesch\u00fctzt<br \/>4. Bequeme Reinigung<\/td>\n<\/tr>\n<tr>\n<td>Geeigneter Herd<\/td>\n<td>Offene Flamme\/Induktionsherd\/Gasherd<\/td>\n<\/tr>\n<tr>\n<td>OEM\/ODM<\/td>\n<td>Annehmbar<\/td>\n<\/tr>\n<tr>\n<td>Muster<\/td>\n<td>MOQ 1 St\u00fcck<\/td>\n<\/tr>\n<\/tbody>\n<\/table>","protected":false},"featured_media":6262,"template":"","meta":{"_acf_changed":false},"product-application":[],"product-capacity":[],"product_brand":[],"product_cat":[55],"product_tag":[76,79],"class_list":{"0":"post-6258","1":"product","2":"type-product","3":"status-publish","4":"has-post-thumbnail","6":"product_cat-pressure-cooker-wholesale","7":"product_tag-wholesale-home-pressure-cooker","8":"product_tag-wholesale-mini-pressure-cooker","10":"first","11":"instock","12":"shipping-taxable","13":"product-type-simple"},"acf":[],"_links":{"self":[{"href":"https:\/\/www.linktonkitchen.com\/de\/wp-json\/wp\/v2\/product\/6258","targetHints":{"allow":["GET"]}}],"collection":[{"href":"https:\/\/www.linktonkitchen.com\/de\/wp-json\/wp\/v2\/product"}],"about":[{"href":"https:\/\/www.linktonkitchen.com\/de\/wp-json\/wp\/v2\/types\/product"}],"version-history":[{"count":6,"href":"https:\/\/www.linktonkitchen.com\/de\/wp-json\/wp\/v2\/product\/6258\/revisions"}],"predecessor-version":[{"id":7449,"href":"https:\/\/www.linktonkitchen.com\/de\/wp-json\/wp\/v2\/product\/6258\/revisions\/7449"}],"wp:featuredmedia":[{"embeddable":true,"href":"https:\/\/www.linktonkitchen.com\/de\/wp-json\/wp\/v2\/media\/6262"}],"wp:attachment":[{"href":"https:\/\/www.linktonkitchen.com\/de\/wp-json\/wp\/v2\/media?parent=6258"}],"wp:term":[{"taxonomy":"product-application","embeddable":true,"href":"https:\/\/www.linktonkitchen.com\/de\/wp-json\/wp\/v2\/product-application?post=6258"},{"taxonomy":"product-capacity","embeddable":true,"href":"https:\/\/www.linktonkitchen.com\/de\/wp-json\/wp\/v2\/product-capacity?post=6258"},{"taxonomy":"product_brand","embeddable":true,"href":"https:\/\/www.linktonkitchen.com\/de\/wp-json\/wp\/v2\/product_brand?post=6258"},{"taxonomy":"product_cat","embeddable":true,"href":"https:\/\/www.linktonkitchen.com\/de\/wp-json\/wp\/v2\/product_cat?post=6258"},{"taxonomy":"product_tag","embeddable":true,"href":"https:\/\/www.linktonkitchen.com\/de\/wp-json\/wp\/v2\/product_tag?post=6258"}],"curies":[{"name":"wp","href":"https:\/\/api.w.org\/{rel}","templated":true}]}}