{"id":6538,"date":"2025-08-15T01:42:39","date_gmt":"2025-08-15T01:42:39","guid":{"rendered":"https:\/\/www.linktonkitchen.com\/?post_type=product&#038;p=6538"},"modified":"2025-08-15T07:52:23","modified_gmt":"2025-08-15T07:52:23","slug":"custom-catering-chafing-dishes","status":"publish","type":"product","link":"https:\/\/www.linktonkitchen.com\/de\/product\/custom-catering-chafing-dishes\/","title":{"rendered":"Benutzerdefinierte Catering Chafing Dishes, elektrische Buffet Set Edelstahl Gro\u00dfhandel"},"content":{"rendered":"<div class=\"wp-block-columns is-layout-flex wp-container-core-columns-is-layout-9d6595d7 wp-block-columns-is-layout-flex\">\n<div class=\"wp-block-column is-vertically-aligned-center is-layout-flow wp-block-column-is-layout-flow\">\n<h3 class=\"wp-block-heading\">Catering Chafing Dishes Merkmale:<\/h3>\n\n\n\n<p><strong>Lebensmittelgeeigneter rostfreier Stahl<\/strong>: Ausgew\u00e4hlter hochwertiger Edelstahl ist sicher, langlebig, korrosionsbest\u00e4ndig und rostfrei und eignet sich daher f\u00fcr den langfristigen Gebrauch in der K\u00fcche.<\/p>\n\n\n\n<p><strong>Hydraulisch aufklappbarer Glasdeckel<\/strong>: Das transparente Design erm\u00f6glicht einen einfachen Blick auf das Geschirr, ohne den Deckel zu \u00f6ffnen. Der hydraulisch gesteuerte Deckel senkt den Deckel ab, um Ger\u00e4usche und Kollisionen zu vermeiden, und sorgt so f\u00fcr Sicherheit und Spitzenleistung.<\/p>\n\n\n\n<p><strong>Innenraum mit zwei F\u00e4chern<\/strong>: Bietet Platz f\u00fcr mehrere Gerichte gleichzeitig, reduziert die Geruchs\u00fcbertragung und verbessert das Esserlebnis. Geeignet f\u00fcr B\u00fcfetts, Hotels, Bankette und andere Einrichtungen.<\/p>\n\n\n\n<p><strong>Stabile, hochgelegte Beine<\/strong>: Sie sorgen f\u00fcr eine stabile Platzierung auf dem Tisch und gew\u00e4hrleisten eine dauerhafte und \u00e4sthetisch ansprechende Oberfl\u00e4che.<\/p>\n\n\n\n<p><strong>Leicht zu reinigende Konstruktion<\/strong>: Der abnehmbare Innenraum und der Deckel erm\u00f6glichen eine schnelle und einfache Reinigung und sparen so Arbeitskosten.<\/p>\n\n\n\n<p><strong>Geeignet f\u00fcr verschiedene Szenarien<\/strong>Restaurants, Buffets, Hotel-Bankette, Hochzeiten, Firmenveranstaltungen und vieles mehr.<\/p>\n\n\n\n<p><strong>OEM\/ODM-Unterst\u00fctzung<\/strong>: Logos, Gr\u00f6\u00dfen, Stile und Materialien sind individuell anpassbar, um Ihre Anforderungen an das Branding zu erf\u00fcllen.<\/p>\n<\/div>\n\n\n\n<div class=\"wp-block-column is-vertically-aligned-center is-layout-flow wp-block-column-is-layout-flow\"><div class=\"wp-block-image\">\n<figure class=\"aligncenter size-full\"><img fetchpriority=\"high\" decoding=\"async\" width=\"800\" height=\"800\" src=\"https:\/\/www.linktonkitchen.com\/wp-content\/uploads\/2025\/08\/custom-catering-chafing-dishes.webp\" alt=\"Kundenspezifische Chafing Dishes f\u00fcr Catering\" class=\"wp-image-6542\" style=\"object-fit:cover\" srcset=\"https:\/\/www.linktonkitchen.com\/wp-content\/uploads\/2025\/08\/custom-catering-chafing-dishes.webp 800w, https:\/\/www.linktonkitchen.com\/wp-content\/uploads\/2025\/08\/custom-catering-chafing-dishes-300x300.webp 300w, https:\/\/www.linktonkitchen.com\/wp-content\/uploads\/2025\/08\/custom-catering-chafing-dishes-150x150.webp 150w, https:\/\/www.linktonkitchen.com\/wp-content\/uploads\/2025\/08\/custom-catering-chafing-dishes-768x768.webp 768w, https:\/\/www.linktonkitchen.com\/wp-content\/uploads\/2025\/08\/custom-catering-chafing-dishes-12x12.webp 12w, https:\/\/www.linktonkitchen.com\/wp-content\/uploads\/2025\/08\/custom-catering-chafing-dishes-285x285.webp 285w, https:\/\/www.linktonkitchen.com\/wp-content\/uploads\/2025\/08\/custom-catering-chafing-dishes-270x270.webp 270w, https:\/\/www.linktonkitchen.com\/wp-content\/uploads\/2025\/08\/custom-catering-chafing-dishes-540x540.webp 540w, https:\/\/www.linktonkitchen.com\/wp-content\/uploads\/2025\/08\/custom-catering-chafing-dishes-660x660.webp 660w\" sizes=\"(max-width: 800px) 100vw, 800px\" \/><\/figure>\n<\/div><\/div>\n<\/div>\n\n\n\n<div class=\"wp-block-columns is-layout-flex wp-container-core-columns-is-layout-9d6595d7 wp-block-columns-is-layout-flex\">\n<div class=\"wp-block-column is-vertically-aligned-center is-layout-flow wp-block-column-is-layout-flow\">\n<h3 class=\"wp-block-heading\">Catering nach Ma\u00df <strong><strong>Chafing Dishes<\/strong><\/strong><\/h3>\n\n\n\n<p>Wir bieten sowohl ODM- als auch OEM-Dienstleistungen an, die kundenspezifische Produktlogos und Verpackungen erm\u00f6glichen. Wir unterst\u00fctzen verschiedene Verpackungsoptionen, darunter Beutel, Kartons oder individuelle Verpackungen nach Ihren W\u00fcnschen. Dar\u00fcber hinaus bieten wir flexible Farboptionen, einschlie\u00dflich Silber-, Gold- oder Halbgoldbeschichtung.<\/p>\n<\/div>\n<\/div>","protected":false},"excerpt":{"rendered":"<p>Custom Catering Chafing Dishes, lebensmittelechter Edelstahl, hydraulisches Design, ausgestattet mit einem transparenten Glasdeckel und einem geteilten Innentank, hochwertig und langlebig. OEM-Anpassung und Gro\u00dfhandel bevorzugt, willkommen, uns f\u00fcr ein Angebot zu kontaktieren!<\/p>\n<h2>Spezifikationen f\u00fcr Catering Chafing Dishes:<\/h2>\n<table width=\"402\">\n<tbody>\n<tr>\n<td width=\"145\">Hersteller<\/td>\n<td width=\"257\">Linkton<\/td>\n<\/tr>\n<tr>\n<td>Material<\/td>\n<td>Rostfreier Stahl<\/td>\n<\/tr>\n<tr>\n<td>Konfiguration<\/td>\n<td width=\"257\">Kochtopf\/Wassersch\u00fcssel<\/td>\n<\/tr>\n<tr>\n<td>Heizung<\/td>\n<td>\n<p>Elektrische Heizung<\/p>\n<\/td>\n<\/tr>\n<tr>\n<td>Deckel<\/td>\n<td width=\"257\">Hydraulischer Glasdeckel<\/td>\n<\/tr>\n<tr>\n<td>OEM\/ODM<\/td>\n<td>Annehmbar<\/td>\n<\/tr>\n<tr>\n<td>Muster<\/td>\n<td>MOQ 1 St\u00fcck<\/td>\n<\/tr>\n<\/tbody>\n<\/table>","protected":false},"featured_media":6542,"template":"","meta":{"_acf_changed":false},"product-application":[],"product-capacity":[],"product_brand":[],"product_cat":[58],"product_tag":[],"class_list":{"0":"post-6538","1":"product","2":"type-product","3":"status-publish","4":"has-post-thumbnail","6":"product_cat-wholesale-chafing-dishes","8":"first","9":"instock","10":"shipping-taxable","11":"product-type-simple"},"acf":[],"_links":{"self":[{"href":"https:\/\/www.linktonkitchen.com\/de\/wp-json\/wp\/v2\/product\/6538","targetHints":{"allow":["GET"]}}],"collection":[{"href":"https:\/\/www.linktonkitchen.com\/de\/wp-json\/wp\/v2\/product"}],"about":[{"href":"https:\/\/www.linktonkitchen.com\/de\/wp-json\/wp\/v2\/types\/product"}],"version-history":[{"count":0,"href":"https:\/\/www.linktonkitchen.com\/de\/wp-json\/wp\/v2\/product\/6538\/revisions"}],"wp:featuredmedia":[{"embeddable":true,"href":"https:\/\/www.linktonkitchen.com\/de\/wp-json\/wp\/v2\/media\/6542"}],"wp:attachment":[{"href":"https:\/\/www.linktonkitchen.com\/de\/wp-json\/wp\/v2\/media?parent=6538"}],"wp:term":[{"taxonomy":"product-application","embeddable":true,"href":"https:\/\/www.linktonkitchen.com\/de\/wp-json\/wp\/v2\/product-application?post=6538"},{"taxonomy":"product-capacity","embeddable":true,"href":"https:\/\/www.linktonkitchen.com\/de\/wp-json\/wp\/v2\/product-capacity?post=6538"},{"taxonomy":"product_brand","embeddable":true,"href":"https:\/\/www.linktonkitchen.com\/de\/wp-json\/wp\/v2\/product_brand?post=6538"},{"taxonomy":"product_cat","embeddable":true,"href":"https:\/\/www.linktonkitchen.com\/de\/wp-json\/wp\/v2\/product_cat?post=6538"},{"taxonomy":"product_tag","embeddable":true,"href":"https:\/\/www.linktonkitchen.com\/de\/wp-json\/wp\/v2\/product_tag?post=6538"}],"curies":[{"name":"wp","href":"https:\/\/api.w.org\/{rel}","templated":true}]}}