{"id":6547,"date":"2025-08-15T02:31:01","date_gmt":"2025-08-15T02:13:23","guid":{"rendered":"https:\/\/www.linktonkitchen.com\/?post_type=product&#038;p=6547"},"modified":"2025-08-15T07:53:24","modified_gmt":"2025-08-15T07:53:24","slug":"wholesale-round-chafing-dishes","status":"publish","type":"product","link":"https:\/\/www.linktonkitchen.com\/de\/product\/wholesale-round-chafing-dishes\/","title":{"rendered":"Gro\u00dfhandel Runde Chafing Dishes Edelstahl, elektrische Chafing Dish Lieferant"},"content":{"rendered":"<div class=\"wp-block-columns is-layout-flex wp-container-core-columns-is-layout-9d6595d7 wp-block-columns-is-layout-flex\">\n<div class=\"wp-block-column is-vertically-aligned-center is-layout-flow wp-block-column-is-layout-flow\">\n<h3 class=\"wp-block-heading\">Runde Chafing Dishes Merkmale:<\/h3>\n\n\n\n<p><strong>Rundes Aussehen<\/strong>: Das sch\u00f6ne Design und die praktische Platzierung eignen sich f\u00fcr eine Vielzahl von Essenssituationen, einschlie\u00dflich Buffets, Hotels und Bankette.<\/p>\n\n\n\n<p><strong>Hydraulisch gesteuerter Glasdeckel:<\/strong> Das transparente Sichtfenster erm\u00f6glicht ein reibungsloses \u00d6ffnen und Schlie\u00dfen und verhindert, dass der Deckel rei\u00dft und Knallger\u00e4usche verursacht.<\/p>\n\n\n\n<p><strong>Elektrisches Pr\u00e4zisionsheizsystem<\/strong>: Die digitale Temperaturregelung sorgt f\u00fcr eine pr\u00e4zise Temperaturkontrolle und gew\u00e4hrleistet, dass die Speisen immer die ideale Temperatur haben.<\/p>\n\n\n\n<p><strong>Stabile Beine:<\/strong> Robust, langlebig und rutschfest, daher auch f\u00fcr stark beanspruchte Essbereiche geeignet.<\/p>\n\n\n\n<p><strong>Leicht zu reinigende Konstruktion<\/strong>: Herausnehmbarer Innenbeh\u00e4lter und Deckel erm\u00f6glichen eine schnelle Reinigung und Wartung.<\/p>\n\n\n\n<p><strong>Lebensmittelgeeigneter rostfreier Stahl<\/strong>: Aus hochwertigem Edelstahl gefertigt, ist er sicher, geruchsfrei, korrosionsbest\u00e4ndig und so konzipiert, dass er jahrelang ohne Verformung h\u00e4lt.<\/p>\n\n\n\n<p><strong>Direkte Lieferung ab Werk:<\/strong> Gro\u00dfes, stabiles Angebot, ma\u00dfgeschneiderte Dienstleistungen, Ausschaltung der Zwischenstufen und wettbewerbsf\u00e4higere Preise.<\/p>\n<\/div>\n\n\n\n<div class=\"wp-block-column is-vertically-aligned-center is-layout-flow wp-block-column-is-layout-flow\"><div class=\"wp-block-image\">\n<figure class=\"aligncenter size-full\"><img fetchpriority=\"high\" decoding=\"async\" width=\"800\" height=\"800\" src=\"https:\/\/www.linktonkitchen.com\/wp-content\/uploads\/2025\/08\/wholesale-round-chafing-dishes.webp\" alt=\"Gro\u00dfhandel mit runden Chafing Dishes\" class=\"wp-image-6541\" style=\"object-fit:cover\" srcset=\"https:\/\/www.linktonkitchen.com\/wp-content\/uploads\/2025\/08\/wholesale-round-chafing-dishes.webp 800w, https:\/\/www.linktonkitchen.com\/wp-content\/uploads\/2025\/08\/wholesale-round-chafing-dishes-300x300.webp 300w, https:\/\/www.linktonkitchen.com\/wp-content\/uploads\/2025\/08\/wholesale-round-chafing-dishes-150x150.webp 150w, https:\/\/www.linktonkitchen.com\/wp-content\/uploads\/2025\/08\/wholesale-round-chafing-dishes-768x768.webp 768w, https:\/\/www.linktonkitchen.com\/wp-content\/uploads\/2025\/08\/wholesale-round-chafing-dishes-12x12.webp 12w, https:\/\/www.linktonkitchen.com\/wp-content\/uploads\/2025\/08\/wholesale-round-chafing-dishes-285x285.webp 285w, https:\/\/www.linktonkitchen.com\/wp-content\/uploads\/2025\/08\/wholesale-round-chafing-dishes-270x270.webp 270w, https:\/\/www.linktonkitchen.com\/wp-content\/uploads\/2025\/08\/wholesale-round-chafing-dishes-540x540.webp 540w, https:\/\/www.linktonkitchen.com\/wp-content\/uploads\/2025\/08\/wholesale-round-chafing-dishes-660x660.webp 660w\" sizes=\"(max-width: 800px) 100vw, 800px\" \/><\/figure>\n<\/div><\/div>\n<\/div>\n\n\n\n<div class=\"wp-block-columns is-layout-flex wp-container-core-columns-is-layout-9d6595d7 wp-block-columns-is-layout-flex\">\n<div class=\"wp-block-column is-vertically-aligned-center is-layout-flow wp-block-column-is-layout-flow\">\n<h3 class=\"wp-block-heading\">Benutzerdefiniert Rund <strong><strong>Chafing Dishes<\/strong><\/strong><\/h3>\n\n\n\n<p>Wir bieten sowohl ODM- als auch OEM-Dienstleistungen an, die kundenspezifische Produktlogos und Verpackungen erm\u00f6glichen. Wir unterst\u00fctzen verschiedene Verpackungsoptionen, darunter Beutel, Kartons oder individuelle Verpackungen nach Ihren W\u00fcnschen. Dar\u00fcber hinaus bieten wir flexible Farboptionen, einschlie\u00dflich Silber-, Gold- oder Halbgoldbeschichtung.<\/p>\n<\/div>\n<\/div>","protected":false},"excerpt":{"rendered":"<p>Die runden Chafing Dishes des Gro\u00dfhandels haben einen \u00e4sthetischen und sicheren Deckel aus Pressglas. Die elektrische Beheizung sorgt f\u00fcr eine pr\u00e4zise Temperaturkontrolle und garantiert frische und k\u00f6stliche Speisen. Erh\u00e4ltlich in einer Vielzahl von Gr\u00f6\u00dfen und Stilen, mit OEM \/ ODM Anpassungsm\u00f6glichkeiten zur Verf\u00fcgung. Direkt ab Werk, bitte erkundigen Sie sich.<\/p>\n<h2>Spezifikationen f\u00fcr runde Chafing Dishes:<\/h2>\n<table width=\"402\">\n<tbody>\n<tr>\n<td width=\"145\">Hersteller<\/td>\n<td width=\"257\">Linkton<\/td>\n<\/tr>\n<tr>\n<td>Material<\/td>\n<td>Rostfreier Stahl<\/td>\n<\/tr>\n<tr>\n<td>Konfiguration<\/td>\n<td width=\"257\">Kochtopf\/Wassersch\u00fcssel<\/td>\n<\/tr>\n<tr>\n<td>Heizung<\/td>\n<td>\n<p>Elektrische Heizung<\/p>\n<\/td>\n<\/tr>\n<tr>\n<td>Deckel<\/td>\n<td width=\"257\">Hydraulischer Glasdeckel<\/td>\n<\/tr>\n<tr>\n<td>OEM\/ODM<\/td>\n<td>Annehmbar<\/td>\n<\/tr>\n<tr>\n<td>Muster<\/td>\n<td>MOQ 1 St\u00fcck<\/td>\n<\/tr>\n<\/tbody>\n<\/table>","protected":false},"featured_media":6541,"template":"","meta":{"_acf_changed":false},"product-application":[],"product-capacity":[],"product_brand":[],"product_cat":[58],"product_tag":[],"class_list":{"0":"post-6547","1":"product","2":"type-product","3":"status-publish","4":"has-post-thumbnail","6":"product_cat-wholesale-chafing-dishes","8":"first","9":"instock","10":"shipping-taxable","11":"product-type-simple"},"acf":[],"_links":{"self":[{"href":"https:\/\/www.linktonkitchen.com\/de\/wp-json\/wp\/v2\/product\/6547","targetHints":{"allow":["GET"]}}],"collection":[{"href":"https:\/\/www.linktonkitchen.com\/de\/wp-json\/wp\/v2\/product"}],"about":[{"href":"https:\/\/www.linktonkitchen.com\/de\/wp-json\/wp\/v2\/types\/product"}],"version-history":[{"count":0,"href":"https:\/\/www.linktonkitchen.com\/de\/wp-json\/wp\/v2\/product\/6547\/revisions"}],"wp:featuredmedia":[{"embeddable":true,"href":"https:\/\/www.linktonkitchen.com\/de\/wp-json\/wp\/v2\/media\/6541"}],"wp:attachment":[{"href":"https:\/\/www.linktonkitchen.com\/de\/wp-json\/wp\/v2\/media?parent=6547"}],"wp:term":[{"taxonomy":"product-application","embeddable":true,"href":"https:\/\/www.linktonkitchen.com\/de\/wp-json\/wp\/v2\/product-application?post=6547"},{"taxonomy":"product-capacity","embeddable":true,"href":"https:\/\/www.linktonkitchen.com\/de\/wp-json\/wp\/v2\/product-capacity?post=6547"},{"taxonomy":"product_brand","embeddable":true,"href":"https:\/\/www.linktonkitchen.com\/de\/wp-json\/wp\/v2\/product_brand?post=6547"},{"taxonomy":"product_cat","embeddable":true,"href":"https:\/\/www.linktonkitchen.com\/de\/wp-json\/wp\/v2\/product_cat?post=6547"},{"taxonomy":"product_tag","embeddable":true,"href":"https:\/\/www.linktonkitchen.com\/de\/wp-json\/wp\/v2\/product_tag?post=6547"}],"curies":[{"name":"wp","href":"https:\/\/api.w.org\/{rel}","templated":true}]}}