{"id":6552,"date":"2025-08-15T02:35:21","date_gmt":"2025-08-15T02:35:21","guid":{"rendered":"https:\/\/www.linktonkitchen.com\/?post_type=product&#038;p=6552"},"modified":"2025-08-15T07:55:22","modified_gmt":"2025-08-15T07:55:22","slug":"custom-electric-chafing-dish-set","status":"publish","type":"product","link":"https:\/\/www.linktonkitchen.com\/de\/product\/custom-electric-chafing-dish-set\/","title":{"rendered":"Individuelles elektrisches Chafing Dish Set mit erh\u00f6htem Fu\u00df, rechteckiges Buffet Set Edelstahl Bulk"},"content":{"rendered":"<div class=\"wp-block-columns is-layout-flex wp-container-core-columns-is-layout-9d6595d7 wp-block-columns-is-layout-flex\">\n<div class=\"wp-block-column is-vertically-aligned-center is-layout-flow wp-block-column-is-layout-flow\">\n<h3 class=\"wp-block-heading\">Elektrisches Chafing Dish Set Merkmale:<\/h3>\n\n\n\n<p><strong>Erh\u00f6hte Basisstruktur<\/strong>: Der vergr\u00f6\u00dferte Freiraum an der Unterseite erm\u00f6glicht eine einfachere Platzierung von W\u00e4rmeableitungs- und Heizvorrichtungen und verbessert den Betrieb auf dem Tisch.<\/p>\n\n\n\n<p><strong>Einteilig geformte Ecken<\/strong>: Glatte, nahtlose Kanten verhindern die Ansammlung von Schmutz und Dreck und verbessern die Reinigungseffizienz um 30%.<\/p>\n\n\n\n<p><strong>Schlagfester Glasdeckel<\/strong>: Die hohe Transparenz erm\u00f6glicht es, den Status der Speisen in Echtzeit zu sehen, wodurch die h\u00e4ufigen \u00d6ffnungen und Schlie\u00dfungen reduziert werden und die Qualit\u00e4t der Lebensmittel erhalten bleibt.<\/p>\n\n\n\n<p><strong>Soft-Close-System<\/strong>: Der Deckel l\u00e4sst sich sanft und leise absenken, was ihn ideal f\u00fcr gehobene Restaurants und ruhige Umgebungen macht und den L\u00e4rmpegel reduziert.<\/p>\n\n\n\n<p><strong>Elektrische Heizung<\/strong>: Es gibt keine offene Flamme, was die Brandgefahr verringert; es wird kein Rauch erzeugt, was umweltfreundlicher ist und sich f\u00fcr den Einsatz in Innenr\u00e4umen und auf engem Raum eignet.<\/p>\n\n\n\n<p><strong>OEM-Dienst<\/strong>: Design, Funktionen und Spezifikationen k\u00f6nnen je nach den spezifischen Markt- oder Kundenbed\u00fcrfnissen angepasst werden, um sicherzustellen, dass das Produkt die Erwartungen perfekt erf\u00fcllt.<\/p>\n<\/div>\n\n\n\n<div class=\"wp-block-column is-vertically-aligned-center is-layout-flow wp-block-column-is-layout-flow\"><div class=\"wp-block-image\">\n<figure class=\"aligncenter size-full\"><img fetchpriority=\"high\" decoding=\"async\" width=\"800\" height=\"800\" src=\"https:\/\/www.linktonkitchen.com\/wp-content\/uploads\/2025\/08\/custom-electric-chafing-dish-set.webp\" alt=\"benutzerdefinierte elektrische chafing dish set\" class=\"wp-image-6539\" style=\"object-fit:cover\" srcset=\"https:\/\/www.linktonkitchen.com\/wp-content\/uploads\/2025\/08\/custom-electric-chafing-dish-set.webp 800w, https:\/\/www.linktonkitchen.com\/wp-content\/uploads\/2025\/08\/custom-electric-chafing-dish-set-300x300.webp 300w, https:\/\/www.linktonkitchen.com\/wp-content\/uploads\/2025\/08\/custom-electric-chafing-dish-set-150x150.webp 150w, https:\/\/www.linktonkitchen.com\/wp-content\/uploads\/2025\/08\/custom-electric-chafing-dish-set-768x768.webp 768w, https:\/\/www.linktonkitchen.com\/wp-content\/uploads\/2025\/08\/custom-electric-chafing-dish-set-12x12.webp 12w, https:\/\/www.linktonkitchen.com\/wp-content\/uploads\/2025\/08\/custom-electric-chafing-dish-set-285x285.webp 285w, https:\/\/www.linktonkitchen.com\/wp-content\/uploads\/2025\/08\/custom-electric-chafing-dish-set-270x270.webp 270w, https:\/\/www.linktonkitchen.com\/wp-content\/uploads\/2025\/08\/custom-electric-chafing-dish-set-540x540.webp 540w, https:\/\/www.linktonkitchen.com\/wp-content\/uploads\/2025\/08\/custom-electric-chafing-dish-set-660x660.webp 660w\" sizes=\"(max-width: 800px) 100vw, 800px\" \/><\/figure>\n<\/div><\/div>\n<\/div>\n\n\n\n<div class=\"wp-block-columns is-layout-flex wp-container-core-columns-is-layout-9d6595d7 wp-block-columns-is-layout-flex\">\n<div class=\"wp-block-column is-vertically-aligned-center is-layout-flow wp-block-column-is-layout-flow\">\n<h3 class=\"wp-block-heading\">Individuelles elektrisches Chafing Dish Set<\/h3>\n\n\n\n<p>Wir bieten sowohl ODM- als auch OEM-Dienstleistungen an, die kundenspezifische Produktlogos und Verpackungen erm\u00f6glichen. Wir unterst\u00fctzen verschiedene Verpackungsoptionen, darunter Beutel, Kartons oder individuelle Verpackungen nach Ihren W\u00fcnschen. Dar\u00fcber hinaus bieten wir flexible Farboptionen, einschlie\u00dflich Silber-, Gold- oder Halbgoldbeschichtung.<\/p>\n<\/div>\n<\/div>","protected":false},"excerpt":{"rendered":"<p>Benutzerdefinierte elektrische Chafing Dish Set, aus lebensmittelechtem Material, mit hohen und stabilen F\u00fc\u00dfen und mit hydraulischen Glasdeckel ausgestattet, ist es sicher, praktisch und sch\u00f6n, so dass es eine ideale Wahl f\u00fcr Hotel-Buffets, Bankette und Catering Gro\u00dfhandel. Unterst\u00fctzung OEM\/ODM. Willkommen bei uns f\u00fcr ein Angebot!<\/p>\n<h2>Spezifikationen f\u00fcr das elektrische Chafing Dish Set:<\/h2>\n<table width=\"402\">\n<tbody>\n<tr>\n<td width=\"145\">Hersteller<\/td>\n<td width=\"257\">Linkton<\/td>\n<\/tr>\n<tr>\n<td>Material<\/td>\n<td>Rostfreier Stahl<\/td>\n<\/tr>\n<tr>\n<td>Konfiguration<\/td>\n<td width=\"257\">Kochtopf\/Wassersch\u00fcssel<\/td>\n<\/tr>\n<tr>\n<td>Heizung<\/td>\n<td>\n<p>Elektrische Heizung<\/p>\n<\/td>\n<\/tr>\n<tr>\n<td>Deckel<\/td>\n<td width=\"257\">Hydraulischer Glasdeckel<\/td>\n<\/tr>\n<tr>\n<td>OEM\/ODM<\/td>\n<td>Annehmbar<\/td>\n<\/tr>\n<tr>\n<td>Muster<\/td>\n<td>MOQ 1 St\u00fcck<\/td>\n<\/tr>\n<\/tbody>\n<\/table>","protected":false},"featured_media":6539,"template":"","meta":{"_acf_changed":false},"product-application":[],"product-capacity":[],"product_brand":[],"product_cat":[58],"product_tag":[],"class_list":{"0":"post-6552","1":"product","2":"type-product","3":"status-publish","4":"has-post-thumbnail","6":"product_cat-wholesale-chafing-dishes","8":"first","9":"instock","10":"shipping-taxable","11":"product-type-simple"},"acf":[],"_links":{"self":[{"href":"https:\/\/www.linktonkitchen.com\/de\/wp-json\/wp\/v2\/product\/6552","targetHints":{"allow":["GET"]}}],"collection":[{"href":"https:\/\/www.linktonkitchen.com\/de\/wp-json\/wp\/v2\/product"}],"about":[{"href":"https:\/\/www.linktonkitchen.com\/de\/wp-json\/wp\/v2\/types\/product"}],"version-history":[{"count":0,"href":"https:\/\/www.linktonkitchen.com\/de\/wp-json\/wp\/v2\/product\/6552\/revisions"}],"wp:featuredmedia":[{"embeddable":true,"href":"https:\/\/www.linktonkitchen.com\/de\/wp-json\/wp\/v2\/media\/6539"}],"wp:attachment":[{"href":"https:\/\/www.linktonkitchen.com\/de\/wp-json\/wp\/v2\/media?parent=6552"}],"wp:term":[{"taxonomy":"product-application","embeddable":true,"href":"https:\/\/www.linktonkitchen.com\/de\/wp-json\/wp\/v2\/product-application?post=6552"},{"taxonomy":"product-capacity","embeddable":true,"href":"https:\/\/www.linktonkitchen.com\/de\/wp-json\/wp\/v2\/product-capacity?post=6552"},{"taxonomy":"product_brand","embeddable":true,"href":"https:\/\/www.linktonkitchen.com\/de\/wp-json\/wp\/v2\/product_brand?post=6552"},{"taxonomy":"product_cat","embeddable":true,"href":"https:\/\/www.linktonkitchen.com\/de\/wp-json\/wp\/v2\/product_cat?post=6552"},{"taxonomy":"product_tag","embeddable":true,"href":"https:\/\/www.linktonkitchen.com\/de\/wp-json\/wp\/v2\/product_tag?post=6552"}],"curies":[{"name":"wp","href":"https:\/\/api.w.org\/{rel}","templated":true}]}}