{"id":6565,"date":"2025-08-29T03:16:51","date_gmt":"2025-08-19T02:16:05","guid":{"rendered":"https:\/\/www.linktonkitchen.com\/?post_type=product&#038;p=6565"},"modified":"2025-08-29T03:17:08","modified_gmt":"2025-08-29T03:17:08","slug":"wholesale-best-electric-chafing-dish","status":"publish","type":"product","link":"https:\/\/www.linktonkitchen.com\/de\/product\/wholesale-best-electric-chafing-dish\/","title":{"rendered":"Gro\u00dfhandel beste elektrische Chafing Dish, Edelstahl kommerzielle Lebensmittel Warmer Buffet Set rund benutzerdefinierte"},"content":{"rendered":"<div class=\"wp-block-columns is-layout-flex wp-container-core-columns-is-layout-9d6595d7 wp-block-columns-is-layout-flex\">\n<div class=\"wp-block-column is-vertically-aligned-center is-layout-flow wp-block-column-is-layout-flow\">\n<h2 class=\"wp-block-heading\">Beste elektrische Chafing Dish Eigenschaften:<\/h2>\n\n\n\n<p><strong>Hochwertiges Material aus rostfreiem Stahl<\/strong>: Hergestellt aus lebensmittelechtem Edelstahl, korrosionsbest\u00e4ndig, rostfrei und gl\u00e4nzend, f\u00fcr langfristige Sicherheit und Haltbarkeit.<\/p>\n\n\n\n<p><strong>Elektrische Heizung<\/strong>: Kein Brennstoff erforderlich, einfach zu bedienen, flexible Anordnung, konstante Temperaturerw\u00e4rmung, die daf\u00fcr sorgt, dass die Speisen bei Buffets oder Banketten den besten Geschmack und die beste Temperatur behalten.<\/p>\n\n\n\n<p><strong>Gro\u00dfes Fassungsverm\u00f6gen in runder Form<\/strong>: Gro\u00dfes Platzangebot f\u00fcr eine Vielzahl von Gerichten, die den Anforderungen von Hotels, Buffetrestaurants und gro\u00dfen Banketten gerecht werden.<\/p>\n\n\n\n<p><strong>Transparenter Glasdeckel<\/strong>: Das visuelle Design erm\u00f6glicht es den G\u00e4sten, die Speisen zu sehen, wodurch die Notwendigkeit, den Deckel h\u00e4ufig zu \u00f6ffnen, verringert wird und Temperatur und Frische erhalten bleiben.<\/p>\n\n\n\n<p><strong>Stabile Tragstruktur<\/strong>: Erh\u00f6hte und verst\u00e4rkte St\u00fctzf\u00fc\u00dfe sorgen f\u00fcr Stabilit\u00e4t und Haltbarkeit und erm\u00f6glichen eine sichere und zuverl\u00e4ssige Aufstellung.<\/p>\n\n\n\n<p><strong>Leicht zu reinigen und zu pflegen<\/strong>: Die glatte Oberfl\u00e4che und die abnehmbare Struktur erleichtern die Reinigung und verbessern die Benutzerfreundlichkeit.<\/p>\n<\/div>\n\n\n\n<div class=\"wp-block-column is-vertically-aligned-center is-layout-flow wp-block-column-is-layout-flow\"><div class=\"wp-block-image\">\n<figure class=\"aligncenter size-full\"><img fetchpriority=\"high\" decoding=\"async\" width=\"800\" height=\"800\" src=\"https:\/\/www.linktonkitchen.com\/wp-content\/uploads\/2025\/08\/Wholesale-Best-Electric-Chafing-Dish.webp\" alt=\"Gro\u00dfhandel beste elektrische Chafing Dish\" class=\"wp-image-6566\" style=\"object-fit:cover\" srcset=\"https:\/\/www.linktonkitchen.com\/wp-content\/uploads\/2025\/08\/Wholesale-Best-Electric-Chafing-Dish.webp 800w, https:\/\/www.linktonkitchen.com\/wp-content\/uploads\/2025\/08\/Wholesale-Best-Electric-Chafing-Dish-300x300.webp 300w, https:\/\/www.linktonkitchen.com\/wp-content\/uploads\/2025\/08\/Wholesale-Best-Electric-Chafing-Dish-150x150.webp 150w, https:\/\/www.linktonkitchen.com\/wp-content\/uploads\/2025\/08\/Wholesale-Best-Electric-Chafing-Dish-768x768.webp 768w, https:\/\/www.linktonkitchen.com\/wp-content\/uploads\/2025\/08\/Wholesale-Best-Electric-Chafing-Dish-12x12.webp 12w, https:\/\/www.linktonkitchen.com\/wp-content\/uploads\/2025\/08\/Wholesale-Best-Electric-Chafing-Dish-285x285.webp 285w, https:\/\/www.linktonkitchen.com\/wp-content\/uploads\/2025\/08\/Wholesale-Best-Electric-Chafing-Dish-270x270.webp 270w, https:\/\/www.linktonkitchen.com\/wp-content\/uploads\/2025\/08\/Wholesale-Best-Electric-Chafing-Dish-540x540.webp 540w, https:\/\/www.linktonkitchen.com\/wp-content\/uploads\/2025\/08\/Wholesale-Best-Electric-Chafing-Dish-660x660.webp 660w\" sizes=\"(max-width: 800px) 100vw, 800px\" \/><\/figure>\n<\/div><\/div>\n<\/div>\n\n\n\n<div class=\"wp-block-columns is-layout-flex wp-container-core-columns-is-layout-9d6595d7 wp-block-columns-is-layout-flex\">\n<div class=\"wp-block-column is-vertically-aligned-center is-layout-flow wp-block-column-is-layout-flow\">\n<h2 class=\"wp-block-heading\">Benutzerdefinierte beste elektrische Chafing Dish<\/h2>\n\n\n\n<p>Wir bieten sowohl ODM- als auch OEM-Dienstleistungen an, die kundenspezifische Produktlogos und Verpackungen erm\u00f6glichen. Wir unterst\u00fctzen verschiedene Verpackungsoptionen, darunter Beutel, Kartons oder individuelle Verpackungen nach Ihren W\u00fcnschen. Dar\u00fcber hinaus bieten wir flexible Farboptionen, einschlie\u00dflich Silber-, Gold- oder Halbgoldbeschichtung.<\/p>\n<\/div>\n<\/div>","protected":false},"excerpt":{"rendered":"<p>Gro\u00dfhandel beste elektrische Chafing Dish, elektrische Heizung konstante Temperatur Isolierung Design, ausgestattet mit einem Glasdeckel und eine erh\u00f6hte stabile Halterung, weithin anwendbar auf Hotels, Selbstbedienungsrestaurants und Bankett Gelegenheiten. Fabrik Gro\u00dfhandel, OEM\/ODM-Unterst\u00fctzung, willkommen, uns f\u00fcr Proben und kundenspezifische L\u00f6sungen zu kontaktieren!<\/p>\n<h2>Spezifikationen von Best Electric Chafing Dish:<\/h2>\n<table width=\"402\">\n<tbody>\n<tr>\n<td width=\"145\">Hersteller<\/td>\n<td width=\"257\">Linkton<\/td>\n<\/tr>\n<tr>\n<td>Material<\/td>\n<td>Rostfreier Stahl<\/td>\n<\/tr>\n<tr>\n<td>Konfiguration<\/td>\n<td width=\"257\">Kochtopf\/Wassersch\u00fcssel<\/td>\n<\/tr>\n<tr>\n<td>Heizung<\/td>\n<td>\n<p>Elektrische Heizung<\/p>\n<\/td>\n<\/tr>\n<tr>\n<td>Deckel<\/td>\n<td width=\"257\">Hydraulischer Glasdeckel<\/td>\n<\/tr>\n<tr>\n<td>OEM\/ODM<\/td>\n<td>Annehmbar<\/td>\n<\/tr>\n<tr>\n<td>Muster<\/td>\n<td>MOQ 1 St\u00fcck<\/td>\n<\/tr>\n<\/tbody>\n<\/table>","protected":false},"featured_media":6566,"template":"","meta":{"_acf_changed":false},"product-application":[],"product-capacity":[],"product_brand":[],"product_cat":[58],"product_tag":[],"class_list":{"0":"post-6565","1":"product","2":"type-product","3":"status-publish","4":"has-post-thumbnail","6":"product_cat-wholesale-chafing-dishes","8":"first","9":"instock","10":"shipping-taxable","11":"product-type-simple"},"acf":[],"_links":{"self":[{"href":"https:\/\/www.linktonkitchen.com\/de\/wp-json\/wp\/v2\/product\/6565","targetHints":{"allow":["GET"]}}],"collection":[{"href":"https:\/\/www.linktonkitchen.com\/de\/wp-json\/wp\/v2\/product"}],"about":[{"href":"https:\/\/www.linktonkitchen.com\/de\/wp-json\/wp\/v2\/types\/product"}],"version-history":[{"count":0,"href":"https:\/\/www.linktonkitchen.com\/de\/wp-json\/wp\/v2\/product\/6565\/revisions"}],"wp:featuredmedia":[{"embeddable":true,"href":"https:\/\/www.linktonkitchen.com\/de\/wp-json\/wp\/v2\/media\/6566"}],"wp:attachment":[{"href":"https:\/\/www.linktonkitchen.com\/de\/wp-json\/wp\/v2\/media?parent=6565"}],"wp:term":[{"taxonomy":"product-application","embeddable":true,"href":"https:\/\/www.linktonkitchen.com\/de\/wp-json\/wp\/v2\/product-application?post=6565"},{"taxonomy":"product-capacity","embeddable":true,"href":"https:\/\/www.linktonkitchen.com\/de\/wp-json\/wp\/v2\/product-capacity?post=6565"},{"taxonomy":"product_brand","embeddable":true,"href":"https:\/\/www.linktonkitchen.com\/de\/wp-json\/wp\/v2\/product_brand?post=6565"},{"taxonomy":"product_cat","embeddable":true,"href":"https:\/\/www.linktonkitchen.com\/de\/wp-json\/wp\/v2\/product_cat?post=6565"},{"taxonomy":"product_tag","embeddable":true,"href":"https:\/\/www.linktonkitchen.com\/de\/wp-json\/wp\/v2\/product_tag?post=6565"}],"curies":[{"name":"wp","href":"https:\/\/api.w.org\/{rel}","templated":true}]}}