{"id":6570,"date":"2025-08-29T03:21:30","date_gmt":"2025-08-19T02:37:01","guid":{"rendered":"https:\/\/www.linktonkitchen.com\/?post_type=product&#038;p=6570"},"modified":"2025-08-29T03:23:02","modified_gmt":"2025-08-29T03:23:02","slug":"wholesale-round-chafing-dish-buffet-set","status":"publish","type":"product","link":"https:\/\/www.linktonkitchen.com\/de\/product\/wholesale-round-chafing-dish-buffet-set\/","title":{"rendered":"Gro\u00dfhandel Runde Chafing Dish Buffet Set, elektrische Buffet Warmer mit Glasdeckel Edelstahl Custom"},"content":{"rendered":"<div class=\"wp-block-columns is-layout-flex wp-container-core-columns-is-layout-9d6595d7 wp-block-columns-is-layout-flex\">\n<div class=\"wp-block-column is-vertically-aligned-center is-layout-flow wp-block-column-is-layout-flow\">\n<div class=\"wp-block-columns is-layout-flex wp-container-core-columns-is-layout-9d6595d7 wp-block-columns-is-layout-flex\">\n<div class=\"wp-block-column is-layout-flow wp-block-column-is-layout-flow\">\n<figure class=\"wp-block-image size-full\"><img fetchpriority=\"high\" decoding=\"async\" width=\"800\" height=\"800\" src=\"https:\/\/www.linktonkitchen.com\/wp-content\/uploads\/2025\/08\/wholesale-round-chafing-dish-buffet-set-2.webp\" alt=\"Gro\u00dfhandel rund Chafing Dish Buffet Set (2)\" class=\"wp-image-6574\" srcset=\"https:\/\/www.linktonkitchen.com\/wp-content\/uploads\/2025\/08\/wholesale-round-chafing-dish-buffet-set-2.webp 800w, https:\/\/www.linktonkitchen.com\/wp-content\/uploads\/2025\/08\/wholesale-round-chafing-dish-buffet-set-2-300x300.webp 300w, https:\/\/www.linktonkitchen.com\/wp-content\/uploads\/2025\/08\/wholesale-round-chafing-dish-buffet-set-2-150x150.webp 150w, https:\/\/www.linktonkitchen.com\/wp-content\/uploads\/2025\/08\/wholesale-round-chafing-dish-buffet-set-2-768x768.webp 768w, https:\/\/www.linktonkitchen.com\/wp-content\/uploads\/2025\/08\/wholesale-round-chafing-dish-buffet-set-2-12x12.webp 12w, https:\/\/www.linktonkitchen.com\/wp-content\/uploads\/2025\/08\/wholesale-round-chafing-dish-buffet-set-2-285x285.webp 285w, https:\/\/www.linktonkitchen.com\/wp-content\/uploads\/2025\/08\/wholesale-round-chafing-dish-buffet-set-2-270x270.webp 270w, https:\/\/www.linktonkitchen.com\/wp-content\/uploads\/2025\/08\/wholesale-round-chafing-dish-buffet-set-2-540x540.webp 540w, https:\/\/www.linktonkitchen.com\/wp-content\/uploads\/2025\/08\/wholesale-round-chafing-dish-buffet-set-2-660x660.webp 660w\" sizes=\"(max-width: 800px) 100vw, 800px\" \/><\/figure>\n<\/div>\n\n\n\n<div class=\"wp-block-column is-layout-flow wp-block-column-is-layout-flow\">\n<figure class=\"wp-block-image size-full\"><img decoding=\"async\" width=\"800\" height=\"800\" src=\"https:\/\/www.linktonkitchen.com\/wp-content\/uploads\/2025\/08\/wholesale-round-chafing-dish-buffet-set-1.webp\" alt=\"Gro\u00dfhandel rund Chafing Dish Buffet Set (1)\" class=\"wp-image-6573\" srcset=\"https:\/\/www.linktonkitchen.com\/wp-content\/uploads\/2025\/08\/wholesale-round-chafing-dish-buffet-set-1.webp 800w, https:\/\/www.linktonkitchen.com\/wp-content\/uploads\/2025\/08\/wholesale-round-chafing-dish-buffet-set-1-300x300.webp 300w, https:\/\/www.linktonkitchen.com\/wp-content\/uploads\/2025\/08\/wholesale-round-chafing-dish-buffet-set-1-150x150.webp 150w, https:\/\/www.linktonkitchen.com\/wp-content\/uploads\/2025\/08\/wholesale-round-chafing-dish-buffet-set-1-768x768.webp 768w, https:\/\/www.linktonkitchen.com\/wp-content\/uploads\/2025\/08\/wholesale-round-chafing-dish-buffet-set-1-12x12.webp 12w, https:\/\/www.linktonkitchen.com\/wp-content\/uploads\/2025\/08\/wholesale-round-chafing-dish-buffet-set-1-285x285.webp 285w, https:\/\/www.linktonkitchen.com\/wp-content\/uploads\/2025\/08\/wholesale-round-chafing-dish-buffet-set-1-270x270.webp 270w, https:\/\/www.linktonkitchen.com\/wp-content\/uploads\/2025\/08\/wholesale-round-chafing-dish-buffet-set-1-540x540.webp 540w, https:\/\/www.linktonkitchen.com\/wp-content\/uploads\/2025\/08\/wholesale-round-chafing-dish-buffet-set-1-660x660.webp 660w\" sizes=\"(max-width: 800px) 100vw, 800px\" \/><\/figure>\n<\/div>\n<\/div>\n\n\n\n<h2 class=\"wp-block-heading\">Rundes Chafing Dish Buffet Set Merkmale:<\/h2>\n\n\n\n<p><strong>Optimiertes Design der elektrischen Heizung:<\/strong> Reduziert den Energieverbrauch und f\u00f6rdert den Umweltschutz und die Energieeinsparung.<\/p>\n\n\n\n<p><strong>Pr\u00e4zisions-Temperaturregelsystem<\/strong>: Die CNC-Heiztechnologie gew\u00e4hrleistet eine konstante Temperaturerhaltung der Speisen und verbessert das Esserlebnis f\u00fcr die Kunden.<\/p>\n\n\n\n<p><strong>Multimaterial-Lebensmittelschalen<\/strong>: Die Keramiksch\u00fcsseln bieten eine hervorragende W\u00e4rmespeicherung und sind ideal f\u00fcr Suppen und hochwertige Gerichte; die Eins\u00e4tze aus Edelstahl sind langlebig und leicht zu reinigen und eignen sich f\u00fcr den t\u00e4glichen Gebrauch in gro\u00dfem Umfang.<\/p>\n\n\n\n<p><strong>Rundes Design:<\/strong> Sie eignen sich f\u00fcr Hotels, Buffets, Bankette und andere Einrichtungen und verbinden Funktionalit\u00e4t und \u00c4sthetik.<\/p>\n\n\n\n<p><strong>Hochwertiger Pr\u00e4sentationseffekt<\/strong>: Glasdeckel in Kombination mit gl\u00e4nzendem Edelstahl unterstreichen die professionellen kulinarischen Standards.<\/p>\n\n\n\n<p><strong>Vielf\u00e4ltige Gestaltungsm\u00f6glichkeiten:<\/strong> Unterst\u00fctzt die individuelle Anpassung von Logos, Farben, Deckelstilen, Griffmaterialien und Standh\u00f6hen entsprechend den jeweiligen Anforderungen.<\/p>\n<\/div>\n<\/div>\n\n\n\n<div class=\"wp-block-columns is-layout-flex wp-container-core-columns-is-layout-9d6595d7 wp-block-columns-is-layout-flex\">\n<div class=\"wp-block-column is-vertically-aligned-center is-layout-flow wp-block-column-is-layout-flow\">\n<h2 class=\"wp-block-heading\">Individuelles rundes Chafing Dish Buffet Set\uff1a<\/h2>\n\n\n\n<p>Wir bieten sowohl ODM- als auch OEM-Dienstleistungen an, die kundenspezifische Produktlogos und Verpackungen erm\u00f6glichen. Wir unterst\u00fctzen verschiedene Verpackungsoptionen, darunter Beutel, Kartons oder individuelle Verpackungen nach Ihren W\u00fcnschen. Dar\u00fcber hinaus bieten wir flexible Farboptionen, einschlie\u00dflich Silber-, Gold- oder Halbgoldbeschichtung.<\/p>\n<\/div>\n<\/div>","protected":false},"excerpt":{"rendered":"<p>Gro\u00dfhandel runden Chafing Dish Buffet-Set, Lebensmittel-Edelstahl gepaart mit einem pr\u00e4zisen elektrischen Heizsystem, unterst\u00fctzt eine Auswahl von Keramik oder Edelstahl Lebensmittel Tabletts, einfach zu bedienen und zu reinigen. Kontaktieren Sie uns jetzt f\u00fcr Gro\u00dfhandel und benutzerdefinierte Angebote.<\/p>\n<h2>Spezifikationen f\u00fcr Rundes Chafing Dish Buffet Set:<\/h2>\n<table width=\"402\">\n<tbody>\n<tr>\n<td width=\"145\">Hersteller<\/td>\n<td width=\"257\">Linkton<\/td>\n<\/tr>\n<tr>\n<td>Material<\/td>\n<td>Rostfreier Stahl<\/td>\n<\/tr>\n<tr>\n<td>Konfiguration<\/td>\n<td width=\"257\">Kochtopf\/Wassersch\u00fcssel<\/td>\n<\/tr>\n<tr>\n<td>Heizung<\/td>\n<td>\n<p>Elektrische Heizung<\/p>\n<\/td>\n<\/tr>\n<tr>\n<td>Deckel<\/td>\n<td width=\"257\">Hydraulischer Glasdeckel<\/td>\n<\/tr>\n<tr>\n<td>OEM\/ODM<\/td>\n<td>Annehmbar<\/td>\n<\/tr>\n<tr>\n<td>Muster<\/td>\n<td>MOQ 1 St\u00fcck<\/td>\n<\/tr>\n<\/tbody>\n<\/table>","protected":false},"featured_media":6574,"template":"","meta":{"_acf_changed":false},"product-application":[],"product-capacity":[],"product_brand":[],"product_cat":[58],"product_tag":[],"class_list":{"0":"post-6570","1":"product","2":"type-product","3":"status-publish","4":"has-post-thumbnail","6":"product_cat-wholesale-chafing-dishes","8":"first","9":"instock","10":"shipping-taxable","11":"product-type-simple"},"acf":[],"_links":{"self":[{"href":"https:\/\/www.linktonkitchen.com\/de\/wp-json\/wp\/v2\/product\/6570","targetHints":{"allow":["GET"]}}],"collection":[{"href":"https:\/\/www.linktonkitchen.com\/de\/wp-json\/wp\/v2\/product"}],"about":[{"href":"https:\/\/www.linktonkitchen.com\/de\/wp-json\/wp\/v2\/types\/product"}],"version-history":[{"count":0,"href":"https:\/\/www.linktonkitchen.com\/de\/wp-json\/wp\/v2\/product\/6570\/revisions"}],"wp:featuredmedia":[{"embeddable":true,"href":"https:\/\/www.linktonkitchen.com\/de\/wp-json\/wp\/v2\/media\/6574"}],"wp:attachment":[{"href":"https:\/\/www.linktonkitchen.com\/de\/wp-json\/wp\/v2\/media?parent=6570"}],"wp:term":[{"taxonomy":"product-application","embeddable":true,"href":"https:\/\/www.linktonkitchen.com\/de\/wp-json\/wp\/v2\/product-application?post=6570"},{"taxonomy":"product-capacity","embeddable":true,"href":"https:\/\/www.linktonkitchen.com\/de\/wp-json\/wp\/v2\/product-capacity?post=6570"},{"taxonomy":"product_brand","embeddable":true,"href":"https:\/\/www.linktonkitchen.com\/de\/wp-json\/wp\/v2\/product_brand?post=6570"},{"taxonomy":"product_cat","embeddable":true,"href":"https:\/\/www.linktonkitchen.com\/de\/wp-json\/wp\/v2\/product_cat?post=6570"},{"taxonomy":"product_tag","embeddable":true,"href":"https:\/\/www.linktonkitchen.com\/de\/wp-json\/wp\/v2\/product_tag?post=6570"}],"curies":[{"name":"wp","href":"https:\/\/api.w.org\/{rel}","templated":true}]}}