{"id":6625,"date":"2025-08-29T03:30:36","date_gmt":"2025-08-26T09:45:32","guid":{"rendered":"https:\/\/www.linktonkitchen.com\/?post_type=product&#038;p=6625"},"modified":"2025-08-29T03:31:14","modified_gmt":"2025-08-29T03:31:14","slug":"wholesale-gold-chafing-dish-buffet-set","status":"publish","type":"product","link":"https:\/\/www.linktonkitchen.com\/de\/product\/wholesale-gold-chafing-dish-buffet-set\/","title":{"rendered":"Gro\u00dfhandel Gold Chafing Dish Buffet Set, Edelstahl elektrische Speisenw\u00e4rmer f\u00fcr Catering Hersteller"},"content":{"rendered":"<div class=\"wp-block-columns is-layout-flex wp-container-core-columns-is-layout-9d6595d7 wp-block-columns-is-layout-flex\">\n<div class=\"wp-block-column is-vertically-aligned-center is-layout-flow wp-block-column-is-layout-flow\">\n<h2 class=\"wp-block-heading\">Gold Chafing Dish Buffet Set Eigenschaften:<\/h2>\n\n\n\n<p><strong>Luxuri\u00f6ses Gold-Finish<\/strong>: Galvanisiert f\u00fcr brillanten Glanz, der das Esserlebnis aufwertet und ideal f\u00fcr gehobene Hotels und Bankette ist.<\/p>\n\n\n\n<p><strong>Lebensmittelgeeigneter rostfreier Stahl:<\/strong> Langlebig und korrosionsbest\u00e4ndig, garantiert Lebensmittelsicherheit und dauerhafte Leistung.<\/p>\n\n\n\n<p><strong>Transparenter Glasdeckel<\/strong>: Erm\u00f6glicht den G\u00e4sten einen direkten Blick auf den Inhalt der Speisen und minimiert den W\u00e4rmeverlust durch h\u00e4ufiges \u00d6ffnen des Deckels.<\/p>\n\n\n\n<p><strong>Gro\u00dfz\u00fcgige Kapazit\u00e4t<\/strong>: Bietet Platz f\u00fcr eine Vielzahl von Gerichten und deckt so auch Spitzenbedarf bei Buffets und Banketten.<\/p>\n\n\n\n<p><strong>Leicht zu reinigende Konstruktion<\/strong>: Glatte Oberfl\u00e4chen und abnehmbare Komponenten vereinfachen die t\u00e4gliche Reinigung und Wartung.<\/p>\n\n\n\n<p><strong>Ergonomischer Handgriff<\/strong>: Die hitzebest\u00e4ndige Konstruktion gew\u00e4hrleistet ein m\u00fcheloses und sicheres \u00d6ffnen und Schlie\u00dfen.<\/p>\n\n\n\n<p><strong>Vielseitige Verwendung<\/strong>: Geeignet f\u00fcr B\u00fcfetts, Hotels, Hochzeitsempf\u00e4nge, Konferenzcatering und andere Anl\u00e4sse.<\/p>\n<\/div>\n\n\n\n<div class=\"wp-block-column is-vertically-aligned-center is-layout-flow wp-block-column-is-layout-flow\"><div class=\"wp-block-image\">\n<figure class=\"aligncenter size-full\"><img fetchpriority=\"high\" decoding=\"async\" width=\"894\" height=\"894\" src=\"https:\/\/www.linktonkitchen.com\/wp-content\/uploads\/2025\/08\/wholesale-gold-chafing-dish-buffet-set.webp\" alt=\"Gro\u00dfhandel gold chafing dish buffet set\" class=\"wp-image-6627\" style=\"object-fit:cover\" srcset=\"https:\/\/www.linktonkitchen.com\/wp-content\/uploads\/2025\/08\/wholesale-gold-chafing-dish-buffet-set.webp 894w, https:\/\/www.linktonkitchen.com\/wp-content\/uploads\/2025\/08\/wholesale-gold-chafing-dish-buffet-set-300x300.webp 300w, https:\/\/www.linktonkitchen.com\/wp-content\/uploads\/2025\/08\/wholesale-gold-chafing-dish-buffet-set-150x150.webp 150w, https:\/\/www.linktonkitchen.com\/wp-content\/uploads\/2025\/08\/wholesale-gold-chafing-dish-buffet-set-768x768.webp 768w, https:\/\/www.linktonkitchen.com\/wp-content\/uploads\/2025\/08\/wholesale-gold-chafing-dish-buffet-set-12x12.webp 12w, https:\/\/www.linktonkitchen.com\/wp-content\/uploads\/2025\/08\/wholesale-gold-chafing-dish-buffet-set-285x285.webp 285w, https:\/\/www.linktonkitchen.com\/wp-content\/uploads\/2025\/08\/wholesale-gold-chafing-dish-buffet-set-270x270.webp 270w, https:\/\/www.linktonkitchen.com\/wp-content\/uploads\/2025\/08\/wholesale-gold-chafing-dish-buffet-set-540x540.webp 540w, https:\/\/www.linktonkitchen.com\/wp-content\/uploads\/2025\/08\/wholesale-gold-chafing-dish-buffet-set-660x660.webp 660w\" sizes=\"(max-width: 894px) 100vw, 894px\" \/><\/figure>\n<\/div><\/div>\n<\/div>\n\n\n\n<div class=\"wp-block-columns is-layout-flex wp-container-core-columns-is-layout-9d6595d7 wp-block-columns-is-layout-flex\">\n<div class=\"wp-block-column is-vertically-aligned-center is-layout-flow wp-block-column-is-layout-flow\">\n<h2 class=\"wp-block-heading\">Individuelles Gold Chafing Dish Buffet Set<\/h2>\n\n\n\n<p>Wir bieten sowohl ODM- als auch OEM-Dienstleistungen an, die kundenspezifische Produktlogos und Verpackungen erm\u00f6glichen. Wir unterst\u00fctzen verschiedene Verpackungsoptionen, darunter Beutel, Kartons oder individuelle Verpackungen nach Ihren W\u00fcnschen. Dar\u00fcber hinaus bieten wir flexible Farboptionen, einschlie\u00dflich Silber-, Gold- oder Halbgoldbeschichtung.<\/p>\n<\/div>\n<\/div>","protected":false},"excerpt":{"rendered":"<p>Gro\u00dfhandel Gold Chafing Dish Buffet-Set, Luxus-Stil, ausgestattet mit einem gro\u00dfen Fassungsverm\u00f6gen und einem sichtbaren hydraulischen Glasdeckel, die perfekt f\u00fcr Buffet-Catering, Restaurant-Service, und kundenspezifische Gro\u00dfauftr\u00e4ge ist. Willkommen bei uns f\u00fcr Proben und kundenspezifische L\u00f6sungen zu kontaktieren!<\/p>\n<h2>Gold Chafing Dish Buffet Set Spezifikationen:<\/h2>\n<table width=\"402\">\n<tbody>\n<tr>\n<td width=\"145\">Hersteller<\/td>\n<td width=\"257\">Linkton<\/td>\n<\/tr>\n<tr>\n<td>Material<\/td>\n<td>Rostfreier Stahl<\/td>\n<\/tr>\n<tr>\n<td>Konfiguration<\/td>\n<td width=\"257\">Kochtopf\/Wassersch\u00fcssel<\/td>\n<\/tr>\n<tr>\n<td>Heizung<\/td>\n<td>\n<p>Elektrische Heizung<\/p>\n<\/td>\n<\/tr>\n<tr>\n<td>Deckel<\/td>\n<td width=\"257\">Hydraulischer Glasdeckel<\/td>\n<\/tr>\n<tr>\n<td>OEM\/ODM<\/td>\n<td>Annehmbar<\/td>\n<\/tr>\n<tr>\n<td>Muster<\/td>\n<td>MOQ 1 St\u00fcck<\/td>\n<\/tr>\n<\/tbody>\n<\/table>","protected":false},"featured_media":6627,"template":"","meta":{"_acf_changed":false},"product-application":[],"product-capacity":[],"product_brand":[],"product_cat":[58],"product_tag":[],"class_list":{"0":"post-6625","1":"product","2":"type-product","3":"status-publish","4":"has-post-thumbnail","6":"product_cat-wholesale-chafing-dishes","8":"first","9":"instock","10":"shipping-taxable","11":"product-type-simple"},"acf":[],"_links":{"self":[{"href":"https:\/\/www.linktonkitchen.com\/de\/wp-json\/wp\/v2\/product\/6625","targetHints":{"allow":["GET"]}}],"collection":[{"href":"https:\/\/www.linktonkitchen.com\/de\/wp-json\/wp\/v2\/product"}],"about":[{"href":"https:\/\/www.linktonkitchen.com\/de\/wp-json\/wp\/v2\/types\/product"}],"version-history":[{"count":0,"href":"https:\/\/www.linktonkitchen.com\/de\/wp-json\/wp\/v2\/product\/6625\/revisions"}],"wp:featuredmedia":[{"embeddable":true,"href":"https:\/\/www.linktonkitchen.com\/de\/wp-json\/wp\/v2\/media\/6627"}],"wp:attachment":[{"href":"https:\/\/www.linktonkitchen.com\/de\/wp-json\/wp\/v2\/media?parent=6625"}],"wp:term":[{"taxonomy":"product-application","embeddable":true,"href":"https:\/\/www.linktonkitchen.com\/de\/wp-json\/wp\/v2\/product-application?post=6625"},{"taxonomy":"product-capacity","embeddable":true,"href":"https:\/\/www.linktonkitchen.com\/de\/wp-json\/wp\/v2\/product-capacity?post=6625"},{"taxonomy":"product_brand","embeddable":true,"href":"https:\/\/www.linktonkitchen.com\/de\/wp-json\/wp\/v2\/product_brand?post=6625"},{"taxonomy":"product_cat","embeddable":true,"href":"https:\/\/www.linktonkitchen.com\/de\/wp-json\/wp\/v2\/product_cat?post=6625"},{"taxonomy":"product_tag","embeddable":true,"href":"https:\/\/www.linktonkitchen.com\/de\/wp-json\/wp\/v2\/product_tag?post=6625"}],"curies":[{"name":"wp","href":"https:\/\/api.w.org\/{rel}","templated":true}]}}