{"id":6631,"date":"2025-08-26T10:22:26","date_gmt":"2025-08-26T10:04:26","guid":{"rendered":"https:\/\/www.linktonkitchen.com\/?post_type=product&#038;p=6631"},"modified":"2025-08-29T03:34:25","modified_gmt":"2025-08-29T03:34:25","slug":"wholesale-stainless-chafing-dish","status":"publish","type":"product","link":"https:\/\/www.linktonkitchen.com\/de\/product\/wholesale-stainless-chafing-dish\/","title":{"rendered":"Gro\u00dfhandel Edelstahl Chafing Dish Electric, hydraulische Buffet-Set mit Glasdeckel Sliver Custom"},"content":{"rendered":"<div class=\"wp-block-columns is-layout-flex wp-container-core-columns-is-layout-9d6595d7 wp-block-columns-is-layout-flex\">\n<div class=\"wp-block-column is-vertically-aligned-center is-layout-flow wp-block-column-is-layout-flow\">\n<h2 class=\"wp-block-heading\">Edelstahl Chafing Dish Merkmale:<\/h2>\n\n\n\n<p><strong>Konstruktion aus verdichtetem Edelstahl:<\/strong> Sto\u00dffest und verzerrungsfrei, ideal f\u00fcr den kommerziellen Einsatz im Hochfrequenzbereich.<\/p>\n\n\n\n<p><strong>Abgerundete Kantenbehandlung:<\/strong> Glatte, sichere Ecken verhindern Kratzer in der Hand.<\/p>\n\n\n\n<p><strong>Speisetopf mit zwei F\u00e4chern<\/strong>: F\u00fcr zwei verschiedene Gerichte gleichzeitig, perfekt f\u00fcr verschiedene Buffetanforderungen.<\/p>\n\n\n\n<p><strong>W\u00e4rmeisolierte Griffe<\/strong>: Leicht zu \u00f6ffnen und zu schlie\u00dfen, ohne sich die H\u00e4nde zu verbrennen, f\u00fcr mehr Sicherheit.<\/p>\n\n\n\n<p><strong>Vielseitige Heizm\u00f6glichkeiten<\/strong>: Kompatibel mit elektrischen Kochplatten, Alkoholbrennern und anderen Heizmethoden.<\/p>\n\n\n\n<p><strong>Professionelle Anpassungsdienste:<\/strong> Flexible Anpassung von Farbe, Gr\u00f6\u00dfe, Logo und mehr, um einzigartige Catering-Ausr\u00fcstung zu schaffen.<\/p>\n<\/div>\n\n\n\n<div class=\"wp-block-column is-vertically-aligned-center is-layout-flow wp-block-column-is-layout-flow\"><div class=\"wp-block-image\">\n<figure class=\"aligncenter size-full\"><img fetchpriority=\"high\" decoding=\"async\" width=\"826\" height=\"826\" src=\"https:\/\/www.linktonkitchen.com\/wp-content\/uploads\/2025\/08\/wholesale-stainless-chafing-dish.webp\" alt=\"Gro\u00dfhandel Edelstahl Chafing Dish\" class=\"wp-image-6628\" style=\"object-fit:cover\" srcset=\"https:\/\/www.linktonkitchen.com\/wp-content\/uploads\/2025\/08\/wholesale-stainless-chafing-dish.webp 826w, https:\/\/www.linktonkitchen.com\/wp-content\/uploads\/2025\/08\/wholesale-stainless-chafing-dish-300x300.webp 300w, https:\/\/www.linktonkitchen.com\/wp-content\/uploads\/2025\/08\/wholesale-stainless-chafing-dish-150x150.webp 150w, https:\/\/www.linktonkitchen.com\/wp-content\/uploads\/2025\/08\/wholesale-stainless-chafing-dish-768x768.webp 768w, https:\/\/www.linktonkitchen.com\/wp-content\/uploads\/2025\/08\/wholesale-stainless-chafing-dish-12x12.webp 12w, https:\/\/www.linktonkitchen.com\/wp-content\/uploads\/2025\/08\/wholesale-stainless-chafing-dish-285x285.webp 285w, https:\/\/www.linktonkitchen.com\/wp-content\/uploads\/2025\/08\/wholesale-stainless-chafing-dish-270x270.webp 270w, https:\/\/www.linktonkitchen.com\/wp-content\/uploads\/2025\/08\/wholesale-stainless-chafing-dish-540x540.webp 540w, https:\/\/www.linktonkitchen.com\/wp-content\/uploads\/2025\/08\/wholesale-stainless-chafing-dish-660x660.webp 660w\" sizes=\"(max-width: 826px) 100vw, 826px\" \/><\/figure>\n<\/div><\/div>\n<\/div>\n\n\n\n<div class=\"wp-block-columns is-layout-flex wp-container-core-columns-is-layout-9d6595d7 wp-block-columns-is-layout-flex\">\n<div class=\"wp-block-column is-vertically-aligned-center is-layout-flow wp-block-column-is-layout-flow\">\n<h2 class=\"wp-block-heading\">Benutzerdefinierte Edelstahl Chafing Dish<\/h2>\n\n\n\n<p>Wir bieten sowohl ODM- als auch OEM-Dienstleistungen an, die kundenspezifische Produktlogos und Verpackungen erm\u00f6glichen. Wir unterst\u00fctzen verschiedene Verpackungsoptionen, darunter Beutel, Kartons oder individuelle Verpackungen nach Ihren W\u00fcnschen. Dar\u00fcber hinaus bieten wir flexible Farboptionen, einschlie\u00dflich Silber-, Gold- oder Halbgoldbeschichtung.<\/p>\n<\/div>\n<\/div>\n\n\n\n<p><\/p>","protected":false},"excerpt":{"rendered":"<p>Chafing Dish aus Edelstahl im Gro\u00dfhandel, luxuri\u00f6ser Stil, mit einem transparenten Glasdeckel und einem Tablett mit zwei F\u00e4chern, das in verschiedenen Gr\u00f6\u00dfen erh\u00e4ltlich ist. Ideal f\u00fcr gehobene Hotelbuffets, Hochzeitsbankette und Catering-Veranstaltungen. Direkt von Linkton geliefert, mit individuellen Anpassungsm\u00f6glichkeiten erh\u00e4ltlich. Kontaktieren Sie uns f\u00fcr Produktspezifikationen und Mindestbestellmengen!<\/p>\n<h2>Edelstahl Chafing Dish Spezifikationen:<\/h2>\n<table width=\"402\">\n<tbody>\n<tr>\n<td width=\"145\">Hersteller<\/td>\n<td width=\"257\">Linkton<\/td>\n<\/tr>\n<tr>\n<td>Material<\/td>\n<td>Rostfreier Stahl<\/td>\n<\/tr>\n<tr>\n<td>Konfiguration<\/td>\n<td width=\"257\">Kochtopf\/Wassersch\u00fcssel<\/td>\n<\/tr>\n<tr>\n<td>Heizung<\/td>\n<td>\n<p>Elektrische Heizung<\/p>\n<\/td>\n<\/tr>\n<tr>\n<td>Deckel<\/td>\n<td width=\"257\">Hydraulischer Glasdeckel<\/td>\n<\/tr>\n<tr>\n<td>OEM\/ODM<\/td>\n<td>Annehmbar<\/td>\n<\/tr>\n<tr>\n<td>Muster<\/td>\n<td>MOQ 1 St\u00fcck<\/td>\n<\/tr>\n<\/tbody>\n<\/table>","protected":false},"featured_media":6628,"template":"","meta":{"_acf_changed":false},"product-application":[],"product-capacity":[],"product_brand":[],"product_cat":[58],"product_tag":[],"class_list":{"0":"post-6631","1":"product","2":"type-product","3":"status-publish","4":"has-post-thumbnail","6":"product_cat-wholesale-chafing-dishes","8":"first","9":"instock","10":"shipping-taxable","11":"product-type-simple"},"acf":[],"_links":{"self":[{"href":"https:\/\/www.linktonkitchen.com\/de\/wp-json\/wp\/v2\/product\/6631","targetHints":{"allow":["GET"]}}],"collection":[{"href":"https:\/\/www.linktonkitchen.com\/de\/wp-json\/wp\/v2\/product"}],"about":[{"href":"https:\/\/www.linktonkitchen.com\/de\/wp-json\/wp\/v2\/types\/product"}],"version-history":[{"count":0,"href":"https:\/\/www.linktonkitchen.com\/de\/wp-json\/wp\/v2\/product\/6631\/revisions"}],"wp:featuredmedia":[{"embeddable":true,"href":"https:\/\/www.linktonkitchen.com\/de\/wp-json\/wp\/v2\/media\/6628"}],"wp:attachment":[{"href":"https:\/\/www.linktonkitchen.com\/de\/wp-json\/wp\/v2\/media?parent=6631"}],"wp:term":[{"taxonomy":"product-application","embeddable":true,"href":"https:\/\/www.linktonkitchen.com\/de\/wp-json\/wp\/v2\/product-application?post=6631"},{"taxonomy":"product-capacity","embeddable":true,"href":"https:\/\/www.linktonkitchen.com\/de\/wp-json\/wp\/v2\/product-capacity?post=6631"},{"taxonomy":"product_brand","embeddable":true,"href":"https:\/\/www.linktonkitchen.com\/de\/wp-json\/wp\/v2\/product_brand?post=6631"},{"taxonomy":"product_cat","embeddable":true,"href":"https:\/\/www.linktonkitchen.com\/de\/wp-json\/wp\/v2\/product_cat?post=6631"},{"taxonomy":"product_tag","embeddable":true,"href":"https:\/\/www.linktonkitchen.com\/de\/wp-json\/wp\/v2\/product_tag?post=6631"}],"curies":[{"name":"wp","href":"https:\/\/api.w.org\/{rel}","templated":true}]}}