{"id":6634,"date":"2025-08-27T01:23:18","date_gmt":"2025-08-27T01:13:39","guid":{"rendered":"https:\/\/www.linktonkitchen.com\/?post_type=product&#038;p=6634"},"modified":"2025-08-29T03:36:57","modified_gmt":"2025-08-29T03:36:57","slug":"wholesale-fuel-chafing-dish","status":"publish","type":"product","link":"https:\/\/www.linktonkitchen.com\/de\/product\/wholesale-fuel-chafing-dish\/","title":{"rendered":"Gro\u00dfhandel Kraftstoff Chafing Dish, Roll Top Chafing Dish elektrische Heizung elegantes Design f\u00fcr Buffet in Bulk"},"content":{"rendered":"<div class=\"wp-block-columns is-layout-flex wp-container-core-columns-is-layout-9d6595d7 wp-block-columns-is-layout-flex\">\n<div class=\"wp-block-column is-vertically-aligned-center is-layout-flow wp-block-column-is-layout-flow\">\n<h2 class=\"wp-block-heading\">Fuel Chafing Dish Merkmale:<\/h2>\n\n\n\n<p><strong>Luxuri\u00f6ses Erscheinungsbild:<\/strong> Die goldfarbenen Edelstahlbeine und der silberfarbene, verspiegelte Korpus sorgen f\u00fcr ein elegantes und raffiniertes Design, das jeden Essbereich aufwertet.<\/p>\n\n\n\n<p><strong>Halbkreisf\u00f6rmiger RollTop-Deckel:<\/strong> Der Deckel l\u00e4sst sich leichtg\u00e4ngig \u00f6ffnen und schlie\u00dfen, so dass die Speisen warm und frisch bleiben.<\/p>\n\n\n\n<p><strong>Hochwertiger Edelstahl<\/strong>: Aus lebensmittelechtem Edelstahl 304 gefertigt, ist es korrosionsbest\u00e4ndig, verschlei\u00dffest und langlebig.<\/p>\n\n\n\n<p><strong>Vielseitige Heizung:<\/strong> Es kann sowohl mit einem Alkoholbrenner als auch mit einer elektrischen Heizplatte verwendet werden, um unterschiedliche Anforderungen zu erf\u00fcllen.<\/p>\n\n\n\n<p><strong>Weithin anwendbar<\/strong>: Geeignet f\u00fcr Hotelbuffets, Hochzeitsbuffets, Bankette, Cateringservices und gehobene Veranstaltungen.<\/p>\n\n\n\n<p><strong>OEM\/ODM-Dienstleistungen<\/strong>: Linkton ist ein professioneller Hersteller, der vom Entwurf bis zur Produktion alles aus einer Hand anbietet, um die Anforderungen der Kunden zu erf\u00fcllen.<\/p>\n<\/div>\n\n\n\n<div class=\"wp-block-column is-vertically-aligned-center is-layout-flow wp-block-column-is-layout-flow\"><div class=\"wp-block-image\">\n<figure class=\"aligncenter size-full\"><img fetchpriority=\"high\" decoding=\"async\" width=\"800\" height=\"800\" src=\"https:\/\/www.linktonkitchen.com\/wp-content\/uploads\/2025\/08\/wholesale-fuel-chafing-dish.webp\" alt=\"Gro\u00dfhandel Kraftstoff Chafing Dish\" class=\"wp-image-6626\" style=\"object-fit:cover\" srcset=\"https:\/\/www.linktonkitchen.com\/wp-content\/uploads\/2025\/08\/wholesale-fuel-chafing-dish.webp 800w, https:\/\/www.linktonkitchen.com\/wp-content\/uploads\/2025\/08\/wholesale-fuel-chafing-dish-300x300.webp 300w, https:\/\/www.linktonkitchen.com\/wp-content\/uploads\/2025\/08\/wholesale-fuel-chafing-dish-150x150.webp 150w, https:\/\/www.linktonkitchen.com\/wp-content\/uploads\/2025\/08\/wholesale-fuel-chafing-dish-768x768.webp 768w, https:\/\/www.linktonkitchen.com\/wp-content\/uploads\/2025\/08\/wholesale-fuel-chafing-dish-12x12.webp 12w, https:\/\/www.linktonkitchen.com\/wp-content\/uploads\/2025\/08\/wholesale-fuel-chafing-dish-285x285.webp 285w, https:\/\/www.linktonkitchen.com\/wp-content\/uploads\/2025\/08\/wholesale-fuel-chafing-dish-270x270.webp 270w, https:\/\/www.linktonkitchen.com\/wp-content\/uploads\/2025\/08\/wholesale-fuel-chafing-dish-540x540.webp 540w, https:\/\/www.linktonkitchen.com\/wp-content\/uploads\/2025\/08\/wholesale-fuel-chafing-dish-660x660.webp 660w\" sizes=\"(max-width: 800px) 100vw, 800px\" \/><\/figure>\n<\/div><\/div>\n<\/div>\n\n\n\n<div class=\"wp-block-columns is-layout-flex wp-container-core-columns-is-layout-9d6595d7 wp-block-columns-is-layout-flex\">\n<div class=\"wp-block-column is-vertically-aligned-center is-layout-flow wp-block-column-is-layout-flow\">\n<h2 class=\"wp-block-heading\">Kundenspezifischer Chafing Dish f\u00fcr Kraftstoff<\/h2>\n\n\n\n<p>Wir bieten sowohl ODM- als auch OEM-Dienstleistungen an, die kundenspezifische Produktlogos und Verpackungen erm\u00f6glichen. Wir unterst\u00fctzen verschiedene Verpackungsoptionen, darunter Beutel, Kartons oder individuelle Verpackungen nach Ihren W\u00fcnschen. Dar\u00fcber hinaus bieten wir flexible Farboptionen, einschlie\u00dflich Silber-, Gold- oder Halbgoldbeschichtung.<\/p>\n<\/div>\n<\/div>","protected":false},"excerpt":{"rendered":"<p>Gro\u00dfhandel Brennstoff Chafing Dish, lebensmittelechtes Material, Roll-Top-Deckel, erh\u00f6hte Struktur, kompatibel mit Brennstoff oder elektrische Heizung. Weit verbreitet in der gehobenen Gastronomie, z. B. bei Buffets und Banketten. Linkton bietet Gro\u00dfhandels- und Anpassungsdienste an. Bitte kontaktieren Sie uns jetzt f\u00fcr ein Angebot!<\/p>\n<h2>Fuel Chafing Dish Spezifikationen:<\/h2>\n<table width=\"402\">\n<tbody>\n<tr>\n<td width=\"145\">Hersteller<\/td>\n<td width=\"257\">Linkton<\/td>\n<\/tr>\n<tr>\n<td>Material<\/td>\n<td>Rostfreier Stahl<\/td>\n<\/tr>\n<tr>\n<td>Konfiguration<\/td>\n<td width=\"257\">Kochtopf\/Wassersch\u00fcssel<\/td>\n<\/tr>\n<tr>\n<td>Heizung<\/td>\n<td>\n<p>Elektroheizung\/ Brennstoffheizung<\/p>\n<\/td>\n<\/tr>\n<tr>\n<td>Deckel<\/td>\n<td width=\"257\">Hydraulischer Glasdeckel<\/td>\n<\/tr>\n<tr>\n<td>OEM\/ODM<\/td>\n<td>Annehmbar<\/td>\n<\/tr>\n<tr>\n<td>Muster<\/td>\n<td>MOQ 1 St\u00fcck<\/td>\n<\/tr>\n<\/tbody>\n<\/table>","protected":false},"featured_media":6626,"template":"","meta":{"_acf_changed":false},"product-application":[],"product-capacity":[],"product_brand":[],"product_cat":[58],"product_tag":[],"class_list":{"0":"post-6634","1":"product","2":"type-product","3":"status-publish","4":"has-post-thumbnail","6":"product_cat-wholesale-chafing-dishes","8":"first","9":"instock","10":"shipping-taxable","11":"product-type-simple"},"acf":[],"_links":{"self":[{"href":"https:\/\/www.linktonkitchen.com\/de\/wp-json\/wp\/v2\/product\/6634","targetHints":{"allow":["GET"]}}],"collection":[{"href":"https:\/\/www.linktonkitchen.com\/de\/wp-json\/wp\/v2\/product"}],"about":[{"href":"https:\/\/www.linktonkitchen.com\/de\/wp-json\/wp\/v2\/types\/product"}],"version-history":[{"count":0,"href":"https:\/\/www.linktonkitchen.com\/de\/wp-json\/wp\/v2\/product\/6634\/revisions"}],"wp:featuredmedia":[{"embeddable":true,"href":"https:\/\/www.linktonkitchen.com\/de\/wp-json\/wp\/v2\/media\/6626"}],"wp:attachment":[{"href":"https:\/\/www.linktonkitchen.com\/de\/wp-json\/wp\/v2\/media?parent=6634"}],"wp:term":[{"taxonomy":"product-application","embeddable":true,"href":"https:\/\/www.linktonkitchen.com\/de\/wp-json\/wp\/v2\/product-application?post=6634"},{"taxonomy":"product-capacity","embeddable":true,"href":"https:\/\/www.linktonkitchen.com\/de\/wp-json\/wp\/v2\/product-capacity?post=6634"},{"taxonomy":"product_brand","embeddable":true,"href":"https:\/\/www.linktonkitchen.com\/de\/wp-json\/wp\/v2\/product_brand?post=6634"},{"taxonomy":"product_cat","embeddable":true,"href":"https:\/\/www.linktonkitchen.com\/de\/wp-json\/wp\/v2\/product_cat?post=6634"},{"taxonomy":"product_tag","embeddable":true,"href":"https:\/\/www.linktonkitchen.com\/de\/wp-json\/wp\/v2\/product_tag?post=6634"}],"curies":[{"name":"wp","href":"https:\/\/api.w.org\/{rel}","templated":true}]}}