{"id":6768,"date":"2025-09-10T16:27:57","date_gmt":"2025-09-10T16:27:57","guid":{"rendered":"https:\/\/www.linktonkitchen.com\/"},"modified":"2025-09-10T16:27:57","modified_gmt":"2025-09-10T16:27:57","slug":"chafing-dish-electric-wholesale","status":"publish","type":"product","link":"https:\/\/www.linktonkitchen.com\/de\/product\/chafing-dish-electric-wholesale\/","title":{"rendered":"Chafing Dish Electric Gro\u00dfhandel, Edelstahl-Buffet-Set mit Glasdeckel Custom von Linkton Lieferant"},"content":{"rendered":"<div class=\"wp-block-columns is-layout-flex wp-container-core-columns-is-layout-9d6595d7 wp-block-columns-is-layout-flex\">\n<div class=\"wp-block-column is-layout-flow wp-block-column-is-layout-flow\">\n<h2 class=\"wp-block-heading\">Chafing Dish Elektrische Merkmale:<\/h2>\n\n\n\n<p><strong>Lebensmittelgeeigneter rostfreier Stahl<\/strong>: Korrosionsbest\u00e4ndig, nicht verformbar und langlebig, geeignet f\u00fcr den h\u00e4ufigen Einsatz in der Gastronomie.<\/p>\n\n\n\n<p><strong>Deckel aus hochfestem, transparentem Glas<\/strong>: Erm\u00f6glicht den Kunden eine visuelle Inspektion der Lebensmittel, um Frische und Temperatur zu erhalten.<\/p>\n\n\n\n<p><strong>Elektrisches Heizsystem<\/strong>: Temperaturgesteuert, so dass die Speisen warm bleiben und ein Trockengaren verhindert wird.<\/p>\n\n\n\n<p><strong>Hydraulischer Absenkungsmechanismus<\/strong>: Der Deckel l\u00e4sst sich leichtg\u00e4ngig \u00f6ffnen und schlie\u00dfen, wodurch L\u00e4rm und St\u00f6\u00dfe minimiert werden.<\/p>\n\n\n\n<p><strong>Einfache quadratische Form<\/strong>: Modern und stilvoll, spart Platz auf der Arbeitsplatte und eignet sich f\u00fcr eine Vielzahl von Essbereichen.<\/p>\n\n\n\n<p><strong>Leicht zu reinigende Konstruktion:<\/strong> Die glatte Edelstahloberfl\u00e4che und die abnehmbare Struktur erleichtern die Reinigung und Wartung.<\/p>\n\n\n\n<p><strong>Vielf\u00e4ltig einsetzbar<\/strong>: Geeignet f\u00fcr Hotels, Buffetrestaurants, Banketts\u00e4le und Restaurantketten.<\/p>\n<\/div>\n\n\n\n<div class=\"wp-block-column is-layout-flow wp-block-column-is-layout-flow\">\n<figure class=\"wp-block-image size-full\"><img fetchpriority=\"high\" decoding=\"async\" width=\"800\" height=\"800\" src=\"https:\/\/www.linktonkitchen.com\/wp-content\/uploads\/2025\/09\/chafing-dish-electric-wholesale.webp\" alt=\"Chafing Dish elektrisch Gro\u00dfhandel\" class=\"wp-image-6758\" srcset=\"https:\/\/www.linktonkitchen.com\/wp-content\/uploads\/2025\/09\/chafing-dish-electric-wholesale.webp 800w, https:\/\/www.linktonkitchen.com\/wp-content\/uploads\/2025\/09\/chafing-dish-electric-wholesale-300x300.webp 300w, https:\/\/www.linktonkitchen.com\/wp-content\/uploads\/2025\/09\/chafing-dish-electric-wholesale-150x150.webp 150w, https:\/\/www.linktonkitchen.com\/wp-content\/uploads\/2025\/09\/chafing-dish-electric-wholesale-768x768.webp 768w, https:\/\/www.linktonkitchen.com\/wp-content\/uploads\/2025\/09\/chafing-dish-electric-wholesale-12x12.webp 12w, https:\/\/www.linktonkitchen.com\/wp-content\/uploads\/2025\/09\/chafing-dish-electric-wholesale-285x285.webp 285w, https:\/\/www.linktonkitchen.com\/wp-content\/uploads\/2025\/09\/chafing-dish-electric-wholesale-270x270.webp 270w, https:\/\/www.linktonkitchen.com\/wp-content\/uploads\/2025\/09\/chafing-dish-electric-wholesale-540x540.webp 540w, https:\/\/www.linktonkitchen.com\/wp-content\/uploads\/2025\/09\/chafing-dish-electric-wholesale-660x660.webp 660w\" sizes=\"(max-width: 800px) 100vw, 800px\" \/><\/figure>\n<\/div>\n<\/div>\n\n\n\n<div class=\"wp-block-columns is-layout-flex wp-container-core-columns-is-layout-9d6595d7 wp-block-columns-is-layout-flex\">\n<div class=\"wp-block-column is-vertically-aligned-center is-layout-flow wp-block-column-is-layout-flow\">\n<h2 class=\"wp-block-heading\">Kundenspezifische Chafing Dish Electric\uff1a<\/h2>\n\n\n\n<p>Wir bieten sowohl ODM- als auch OEM-Dienstleistungen an, die kundenspezifische Produktlogos und Verpackungen erm\u00f6glichen. Wir unterst\u00fctzen verschiedene Verpackungsoptionen, darunter Beutel, Kartons oder individuelle Verpackungen nach Ihren W\u00fcnschen. Dar\u00fcber hinaus bieten wir flexible Farboptionen, einschlie\u00dflich Silber-, Gold- oder Halbgoldbeschichtung.<\/p>\n<\/div>\n<\/div>","protected":false},"excerpt":{"rendered":"<p>Chafing Dish elektrische Gro\u00dfhandel, die hydraulisch betriebenen transparenten Glasdeckel und elektrische Heizsystem halten Lebensmittel frisch und hei\u00df, die Gew\u00e4hrleistung einer effizienten Catering-Service. Wir unterst\u00fctzen Gro\u00dfhandel und kundenspezifische Auftr\u00e4ge. Kontaktieren Sie uns f\u00fcr die neuesten Angebote und L\u00f6sungen.<\/p>\n<h2>Spezifikationen von Chafing Dish Electric:<\/h2>\n<table width=\"402\">\n<tbody>\n<tr>\n<td width=\"145\">Hersteller<\/td>\n<td width=\"257\">Linkton<\/td>\n<\/tr>\n<tr>\n<td>Material<\/td>\n<td>Rostfreier Stahl<\/td>\n<\/tr>\n<tr>\n<td>Konfiguration<\/td>\n<td width=\"257\">Kochtopf\/Wassersch\u00fcssel<\/td>\n<\/tr>\n<tr>\n<td>Heizung<\/td>\n<td>\n<p>Elektrische Heizung<\/p>\n<\/td>\n<\/tr>\n<tr>\n<td>Deckel<\/td>\n<td width=\"257\">Hydraulischer Glasdeckel<\/td>\n<\/tr>\n<tr>\n<td>OEM\/ODM<\/td>\n<td>Annehmbar<\/td>\n<\/tr>\n<tr>\n<td>Muster<\/td>\n<td>MOQ 1 St\u00fcck<\/td>\n<\/tr>\n<\/tbody>\n<\/table>","protected":false},"featured_media":6758,"template":"","meta":{"_acf_changed":false},"product-application":[],"product-capacity":[],"product_brand":[],"product_cat":[58],"product_tag":[],"class_list":{"0":"post-6768","1":"product","2":"type-product","3":"status-publish","4":"has-post-thumbnail","6":"product_cat-wholesale-chafing-dishes","8":"first","9":"instock","10":"shipping-taxable","11":"product-type-simple"},"acf":[],"_links":{"self":[{"href":"https:\/\/www.linktonkitchen.com\/de\/wp-json\/wp\/v2\/product\/6768","targetHints":{"allow":["GET"]}}],"collection":[{"href":"https:\/\/www.linktonkitchen.com\/de\/wp-json\/wp\/v2\/product"}],"about":[{"href":"https:\/\/www.linktonkitchen.com\/de\/wp-json\/wp\/v2\/types\/product"}],"version-history":[{"count":0,"href":"https:\/\/www.linktonkitchen.com\/de\/wp-json\/wp\/v2\/product\/6768\/revisions"}],"wp:featuredmedia":[{"embeddable":true,"href":"https:\/\/www.linktonkitchen.com\/de\/wp-json\/wp\/v2\/media\/6758"}],"wp:attachment":[{"href":"https:\/\/www.linktonkitchen.com\/de\/wp-json\/wp\/v2\/media?parent=6768"}],"wp:term":[{"taxonomy":"product-application","embeddable":true,"href":"https:\/\/www.linktonkitchen.com\/de\/wp-json\/wp\/v2\/product-application?post=6768"},{"taxonomy":"product-capacity","embeddable":true,"href":"https:\/\/www.linktonkitchen.com\/de\/wp-json\/wp\/v2\/product-capacity?post=6768"},{"taxonomy":"product_brand","embeddable":true,"href":"https:\/\/www.linktonkitchen.com\/de\/wp-json\/wp\/v2\/product_brand?post=6768"},{"taxonomy":"product_cat","embeddable":true,"href":"https:\/\/www.linktonkitchen.com\/de\/wp-json\/wp\/v2\/product_cat?post=6768"},{"taxonomy":"product_tag","embeddable":true,"href":"https:\/\/www.linktonkitchen.com\/de\/wp-json\/wp\/v2\/product_tag?post=6768"}],"curies":[{"name":"wp","href":"https:\/\/api.w.org\/{rel}","templated":true}]}}