{"id":6771,"date":"2025-09-10T16:27:56","date_gmt":"2025-09-10T16:27:56","guid":{"rendered":"https:\/\/www.linktonkitchen.com\/"},"modified":"2025-09-10T16:27:56","modified_gmt":"2025-09-10T16:27:56","slug":"wholesale-banquet-chafing-dishes","status":"publish","type":"product","link":"https:\/\/www.linktonkitchen.com\/de\/product\/wholesale-banquet-chafing-dishes\/","title":{"rendered":"Gro\u00dfhandel Bankett Chafing Dishes Stainless, Square Buffet Set in Bulk"},"content":{"rendered":"<div class=\"wp-block-columns is-layout-flex wp-container-core-columns-is-layout-9d6595d7 wp-block-columns-is-layout-flex\">\n<div class=\"wp-block-column is-layout-flow wp-block-column-is-layout-flow\">\n<h2 class=\"wp-block-heading\">Bankett Chafing Dishes Merkmale:<\/h2>\n\n\n\n<p><strong>Hochwertiger rostfreier Stahl<\/strong>: Langlebig und resistent gegen Korrosion und Verformung.<\/p>\n\n\n\n<p><strong>Transparenter Glasdeckel<\/strong>: Zeigt die Lebensmittel \u00fcbersichtlich an, um die Auswahl zu erleichtern und gleichzeitig Frische und Temperatur zu erhalten.<\/p>\n\n\n\n<p><strong>Eingebaute stabile elektrische Heizung<\/strong>: Kontrolliert gleichm\u00e4\u00dfig die Temperatur und sorgt so f\u00fcr einen hochwertigen und effizienten Speiseservice.<\/p>\n\n\n\n<p><strong>Verst\u00e4rkter hydraulischer D\u00e4mpfungsdeckel<\/strong>: \u00d6ffnet und schlie\u00dft sich sanft, ohne Ger\u00e4usche und St\u00f6\u00dfe, was das Esserlebnis verbessert.<\/p>\n\n\n\n<p><strong>Dekorativer Fu\u00df<\/strong>: Die elegant geschwungenen F\u00fc\u00dfe bieten sowohl Stabilit\u00e4t als auch \u00c4sthetik und erh\u00f6hen die Gesamtqualit\u00e4t des Tisches.<\/p>\n\n\n\n<p><strong>Vielseitige Anwendungen<\/strong>: Geeignet f\u00fcr gehobene gastronomische Einrichtungen wie Hotelbuffets, Bankette und Restaurantketten.<\/p>\n<\/div>\n\n\n\n<div class=\"wp-block-column is-layout-flow wp-block-column-is-layout-flow\">\n<figure class=\"wp-block-image size-full\"><img fetchpriority=\"high\" decoding=\"async\" width=\"800\" height=\"800\" src=\"https:\/\/www.linktonkitchen.com\/wp-content\/uploads\/2025\/09\/wholesale-banquet-chafing-dishes.webp\" alt=\"Gro\u00dfhandel mit Chafing Dishes f\u00fcr Bankette\" class=\"wp-image-6759\" srcset=\"https:\/\/www.linktonkitchen.com\/wp-content\/uploads\/2025\/09\/wholesale-banquet-chafing-dishes.webp 800w, https:\/\/www.linktonkitchen.com\/wp-content\/uploads\/2025\/09\/wholesale-banquet-chafing-dishes-300x300.webp 300w, https:\/\/www.linktonkitchen.com\/wp-content\/uploads\/2025\/09\/wholesale-banquet-chafing-dishes-150x150.webp 150w, https:\/\/www.linktonkitchen.com\/wp-content\/uploads\/2025\/09\/wholesale-banquet-chafing-dishes-768x768.webp 768w, https:\/\/www.linktonkitchen.com\/wp-content\/uploads\/2025\/09\/wholesale-banquet-chafing-dishes-12x12.webp 12w, https:\/\/www.linktonkitchen.com\/wp-content\/uploads\/2025\/09\/wholesale-banquet-chafing-dishes-285x285.webp 285w, https:\/\/www.linktonkitchen.com\/wp-content\/uploads\/2025\/09\/wholesale-banquet-chafing-dishes-270x270.webp 270w, https:\/\/www.linktonkitchen.com\/wp-content\/uploads\/2025\/09\/wholesale-banquet-chafing-dishes-540x540.webp 540w, https:\/\/www.linktonkitchen.com\/wp-content\/uploads\/2025\/09\/wholesale-banquet-chafing-dishes-660x660.webp 660w\" sizes=\"(max-width: 800px) 100vw, 800px\" \/><\/figure>\n<\/div>\n<\/div>\n\n\n\n<div class=\"wp-block-columns is-layout-flex wp-container-core-columns-is-layout-9d6595d7 wp-block-columns-is-layout-flex\">\n<div class=\"wp-block-column is-vertically-aligned-center is-layout-flow wp-block-column-is-layout-flow\">\n<h2 class=\"wp-block-heading\">Kundenspezifische Chafing Dishes f\u00fcr Bankette\uff1a<\/h2>\n\n\n\n<p>Wir bieten sowohl ODM- als auch OEM-Dienstleistungen an, die kundenspezifische Produktlogos und Verpackungen erm\u00f6glichen. Wir unterst\u00fctzen verschiedene Verpackungsoptionen, darunter Beutel, Kartons oder individuelle Verpackungen nach Ihren W\u00fcnschen. Dar\u00fcber hinaus bieten wir flexible Farboptionen, einschlie\u00dflich Silber-, Gold- oder Halbgoldbeschichtung.<\/p>\n<\/div>\n<\/div>","protected":false},"excerpt":{"rendered":"<p>Chafing Dishes f\u00fcr Bankette im Gro\u00dfhandel, ausgestattet mit einem elektrischen Heizsystem. Das quadratische Design mit einem transparenten Glasdeckel und eleganten dekorativen F\u00fc\u00dfen ist sowohl sch\u00f6n als auch praktisch. Wir bieten die besten Rabatte f\u00fcr gro\u00dfe Mengen an. Willkommen zu erkundigen!<\/p>\n<table width=\"402\">\n<tbody>\n<tr>\n<td width=\"145\">Hersteller<\/td>\n<td width=\"257\">Linkton<\/td>\n<\/tr>\n<tr>\n<td>Material<\/td>\n<td>Rostfreier Stahl<\/td>\n<\/tr>\n<tr>\n<td>Konfiguration<\/td>\n<td width=\"257\">Kochtopf\/Wassersch\u00fcssel<\/td>\n<\/tr>\n<tr>\n<td>Heizung<\/td>\n<td>\n<p>Elektrische Heizung<\/p>\n<\/td>\n<\/tr>\n<tr>\n<td>Deckel<\/td>\n<td width=\"257\">Hydraulischer Glasdeckel<\/td>\n<\/tr>\n<tr>\n<td>OEM\/ODM<\/td>\n<td>Annehmbar<\/td>\n<\/tr>\n<tr>\n<td>Muster<\/td>\n<td>MOQ 1 St\u00fcck<\/td>\n<\/tr>\n<\/tbody>\n<\/table>","protected":false},"featured_media":6759,"template":"","meta":{"_acf_changed":false},"product-application":[],"product-capacity":[],"product_brand":[],"product_cat":[58],"product_tag":[],"class_list":{"0":"post-6771","1":"product","2":"type-product","3":"status-publish","4":"has-post-thumbnail","6":"product_cat-wholesale-chafing-dishes","8":"first","9":"instock","10":"shipping-taxable","11":"product-type-simple"},"acf":[],"_links":{"self":[{"href":"https:\/\/www.linktonkitchen.com\/de\/wp-json\/wp\/v2\/product\/6771","targetHints":{"allow":["GET"]}}],"collection":[{"href":"https:\/\/www.linktonkitchen.com\/de\/wp-json\/wp\/v2\/product"}],"about":[{"href":"https:\/\/www.linktonkitchen.com\/de\/wp-json\/wp\/v2\/types\/product"}],"version-history":[{"count":0,"href":"https:\/\/www.linktonkitchen.com\/de\/wp-json\/wp\/v2\/product\/6771\/revisions"}],"wp:featuredmedia":[{"embeddable":true,"href":"https:\/\/www.linktonkitchen.com\/de\/wp-json\/wp\/v2\/media\/6759"}],"wp:attachment":[{"href":"https:\/\/www.linktonkitchen.com\/de\/wp-json\/wp\/v2\/media?parent=6771"}],"wp:term":[{"taxonomy":"product-application","embeddable":true,"href":"https:\/\/www.linktonkitchen.com\/de\/wp-json\/wp\/v2\/product-application?post=6771"},{"taxonomy":"product-capacity","embeddable":true,"href":"https:\/\/www.linktonkitchen.com\/de\/wp-json\/wp\/v2\/product-capacity?post=6771"},{"taxonomy":"product_brand","embeddable":true,"href":"https:\/\/www.linktonkitchen.com\/de\/wp-json\/wp\/v2\/product_brand?post=6771"},{"taxonomy":"product_cat","embeddable":true,"href":"https:\/\/www.linktonkitchen.com\/de\/wp-json\/wp\/v2\/product_cat?post=6771"},{"taxonomy":"product_tag","embeddable":true,"href":"https:\/\/www.linktonkitchen.com\/de\/wp-json\/wp\/v2\/product_tag?post=6771"}],"curies":[{"name":"wp","href":"https:\/\/api.w.org\/{rel}","templated":true}]}}