{"id":6774,"date":"2025-09-10T16:27:56","date_gmt":"2025-09-10T16:27:56","guid":{"rendered":"https:\/\/www.linktonkitchen.com\/"},"modified":"2025-09-10T16:27:56","modified_gmt":"2025-09-10T16:27:56","slug":"wholesale-modern-chafing-dish","status":"publish","type":"product","link":"https:\/\/www.linktonkitchen.com\/de\/product\/wholesale-modern-chafing-dish\/","title":{"rendered":"Gro\u00dfhandel Moderne Chafing Dish Edelstahl, hydraulische Buffet-Set mit Glasdeckel in Bulk"},"content":{"rendered":"<div class=\"wp-block-columns is-layout-flex wp-container-core-columns-is-layout-9d6595d7 wp-block-columns-is-layout-flex\">\n<div class=\"wp-block-column is-layout-flow wp-block-column-is-layout-flow\">\n<h2 class=\"wp-block-heading\">Moderne Chafing Dish Merkmale:<\/h2>\n\n\n\n<p><strong>Silbernes modernes Aussehen<\/strong>: Stilvoll und elegant, was das Esserlebnis insgesamt verbessert.<\/p>\n\n\n\n<p><strong>Transparenter Glasdeckel: <\/strong>Erm\u00f6glicht die st\u00e4ndige \u00dcberwachung der Speisen, h\u00e4lt sie warm und bietet einen bequemen Zugang f\u00fcr die G\u00e4ste.<\/p>\n\n\n\n<p><strong>Hydraulisches Absenksystem<\/strong>: L\u00e4sst sich m\u00fchelos und leichtg\u00e4ngig \u00f6ffnen und schlie\u00dfen und bietet eine hochwertige \u00c4sthetik.<\/p>\n\n\n\n<p><strong>Hochregallager<\/strong>: Bequemer Zugriff und einfache Entnahme, die ein besonderes Esserlebnis schaffen.<\/p>\n\n\n\n<p><strong>Lebensmittelgeeigneter Edelstahl:<\/strong> Langlebig und sicher, geeignet f\u00fcr Hochfrequenzanwendungen.<\/p>\n\n\n\n<p><strong>Individuelle Anpassung m\u00f6glich<\/strong>: Kundenspezifische Stile, Gr\u00f6\u00dfen, Farben und Branding sind auf Anfrage erh\u00e4ltlich.<\/p>\n<\/div>\n\n\n\n<div class=\"wp-block-column is-layout-flow wp-block-column-is-layout-flow\">\n<figure class=\"wp-block-image size-full\"><img fetchpriority=\"high\" decoding=\"async\" width=\"800\" height=\"800\" src=\"https:\/\/www.linktonkitchen.com\/wp-content\/uploads\/2025\/09\/wholesale-modern-chafing-dish.webp\" alt=\"Gro\u00dfhandel moderne chafing dish\" class=\"wp-image-6775\" srcset=\"https:\/\/www.linktonkitchen.com\/wp-content\/uploads\/2025\/09\/wholesale-modern-chafing-dish.webp 800w, https:\/\/www.linktonkitchen.com\/wp-content\/uploads\/2025\/09\/wholesale-modern-chafing-dish-300x300.webp 300w, https:\/\/www.linktonkitchen.com\/wp-content\/uploads\/2025\/09\/wholesale-modern-chafing-dish-150x150.webp 150w, https:\/\/www.linktonkitchen.com\/wp-content\/uploads\/2025\/09\/wholesale-modern-chafing-dish-768x768.webp 768w, https:\/\/www.linktonkitchen.com\/wp-content\/uploads\/2025\/09\/wholesale-modern-chafing-dish-12x12.webp 12w, https:\/\/www.linktonkitchen.com\/wp-content\/uploads\/2025\/09\/wholesale-modern-chafing-dish-285x285.webp 285w, https:\/\/www.linktonkitchen.com\/wp-content\/uploads\/2025\/09\/wholesale-modern-chafing-dish-270x270.webp 270w, https:\/\/www.linktonkitchen.com\/wp-content\/uploads\/2025\/09\/wholesale-modern-chafing-dish-540x540.webp 540w, https:\/\/www.linktonkitchen.com\/wp-content\/uploads\/2025\/09\/wholesale-modern-chafing-dish-660x660.webp 660w\" sizes=\"(max-width: 800px) 100vw, 800px\" \/><\/figure>\n<\/div>\n<\/div>\n\n\n\n<div class=\"wp-block-columns is-layout-flex wp-container-core-columns-is-layout-9d6595d7 wp-block-columns-is-layout-flex\">\n<div class=\"wp-block-column is-vertically-aligned-center is-layout-flow wp-block-column-is-layout-flow\">\n<h2 class=\"wp-block-heading\">Individuelles modernes Chafing Dish\uff1a<\/h2>\n\n\n\n<p>Wir bieten sowohl ODM- als auch OEM-Dienstleistungen an, die kundenspezifische Produktlogos und Verpackungen erm\u00f6glichen. Wir unterst\u00fctzen verschiedene Verpackungsoptionen, darunter Beutel, Kartons oder individuelle Verpackungen nach Ihren W\u00fcnschen. Dar\u00fcber hinaus bieten wir flexible Farboptionen, einschlie\u00dflich Silber-, Gold- oder Halbgoldbeschichtung.<\/p>\n<\/div>\n<\/div>","protected":false},"excerpt":{"rendered":"<p>Moderne Chafing Dishes aus dem Gro\u00dfhandel mit einem hydraulischen Glasdeckel und erh\u00f6hten Beinen, die f\u00fcr moderne Buffet-Einrichtungen konzipiert sind. Langlebig, leicht zu reinigen und verf\u00fcgbar mit vollem Service f\u00fcr Hotels, Restaurants und Catering-Events. Bitte kontaktieren Sie uns f\u00fcr ein Gro\u00dfhandelsangebot und eine individuelle L\u00f6sung!<\/p>\n<h2>Spezifikationen von Modern Chafing Dish:<\/h2>\n<table width=\"402\">\n<tbody>\n<tr>\n<td width=\"145\">Hersteller<\/td>\n<td width=\"257\">Linkton<\/td>\n<\/tr>\n<tr>\n<td>Material<\/td>\n<td>Rostfreier Stahl<\/td>\n<\/tr>\n<tr>\n<td>Konfiguration<\/td>\n<td width=\"257\">Kochtopf\/Wassersch\u00fcssel<\/td>\n<\/tr>\n<tr>\n<td>Heizung<\/td>\n<td>\n<p>Elektrische Heizung<\/p>\n<\/td>\n<\/tr>\n<tr>\n<td>Deckel<\/td>\n<td width=\"257\">Hydraulischer Glasdeckel<\/td>\n<\/tr>\n<tr>\n<td>OEM\/ODM<\/td>\n<td>Annehmbar<\/td>\n<\/tr>\n<tr>\n<td>Muster<\/td>\n<td>MOQ 1 St\u00fcck<\/td>\n<\/tr>\n<\/tbody>\n<\/table>","protected":false},"featured_media":6775,"template":"","meta":{"_acf_changed":false},"product-application":[],"product-capacity":[],"product_brand":[],"product_cat":[58],"product_tag":[],"class_list":{"0":"post-6774","1":"product","2":"type-product","3":"status-publish","4":"has-post-thumbnail","6":"product_cat-wholesale-chafing-dishes","8":"first","9":"instock","10":"shipping-taxable","11":"product-type-simple"},"acf":[],"_links":{"self":[{"href":"https:\/\/www.linktonkitchen.com\/de\/wp-json\/wp\/v2\/product\/6774","targetHints":{"allow":["GET"]}}],"collection":[{"href":"https:\/\/www.linktonkitchen.com\/de\/wp-json\/wp\/v2\/product"}],"about":[{"href":"https:\/\/www.linktonkitchen.com\/de\/wp-json\/wp\/v2\/types\/product"}],"version-history":[{"count":0,"href":"https:\/\/www.linktonkitchen.com\/de\/wp-json\/wp\/v2\/product\/6774\/revisions"}],"wp:featuredmedia":[{"embeddable":true,"href":"https:\/\/www.linktonkitchen.com\/de\/wp-json\/wp\/v2\/media\/6775"}],"wp:attachment":[{"href":"https:\/\/www.linktonkitchen.com\/de\/wp-json\/wp\/v2\/media?parent=6774"}],"wp:term":[{"taxonomy":"product-application","embeddable":true,"href":"https:\/\/www.linktonkitchen.com\/de\/wp-json\/wp\/v2\/product-application?post=6774"},{"taxonomy":"product-capacity","embeddable":true,"href":"https:\/\/www.linktonkitchen.com\/de\/wp-json\/wp\/v2\/product-capacity?post=6774"},{"taxonomy":"product_brand","embeddable":true,"href":"https:\/\/www.linktonkitchen.com\/de\/wp-json\/wp\/v2\/product_brand?post=6774"},{"taxonomy":"product_cat","embeddable":true,"href":"https:\/\/www.linktonkitchen.com\/de\/wp-json\/wp\/v2\/product_cat?post=6774"},{"taxonomy":"product_tag","embeddable":true,"href":"https:\/\/www.linktonkitchen.com\/de\/wp-json\/wp\/v2\/product_tag?post=6774"}],"curies":[{"name":"wp","href":"https:\/\/api.w.org\/{rel}","templated":true}]}}