{"id":6778,"date":"2025-09-10T16:27:56","date_gmt":"2025-09-10T16:27:56","guid":{"rendered":"https:\/\/www.linktonkitchen.com\/"},"modified":"2025-09-10T16:27:56","modified_gmt":"2025-09-10T16:27:56","slug":"wholesale-stainless-buffet-chafing-dish","status":"publish","type":"product","link":"https:\/\/www.linktonkitchen.com\/de\/product\/wholesale-stainless-buffet-chafing-dish\/","title":{"rendered":"Gro\u00dfhandel Edelstahl Buffet Chafing Dish elektrisch mit Glasdeckel Custom"},"content":{"rendered":"<div class=\"wp-block-columns is-layout-flex wp-container-core-columns-is-layout-9d6595d7 wp-block-columns-is-layout-flex\">\n<div class=\"wp-block-column is-layout-flow wp-block-column-is-layout-flow\">\n<h2 class=\"wp-block-heading\">Edelstahl Buffet Chafing Dish Merkmale:<\/h2>\n\n\n\n<p><strong>Moderner und minimalistischer Stil<\/strong>: Die quadratische Form mit gerader Basis schafft ein schlichtes und elegantes Design, das das Gesamtambiente moderner Esszimmer erg\u00e4nzt.<\/p>\n\n\n\n<p><strong>Klarer, sichtbarer Glasdeckel:<\/strong> Die Kunden k\u00f6nnen die Gerichte schnell identifizieren, ohne den Deckel anheben zu m\u00fcssen, was das Erlebnis am Buffet verbessert.<\/p>\n\n\n\n<p><strong>Effizientes elektrisches Heizsystem<\/strong>: Sorgt f\u00fcr stabile und gleichm\u00e4\u00dfige Hitze, um Temperatur und Konsistenz der Speisen zu erhalten.<\/p>\n\n\n\n<p><strong>Sanfter Absenkungsmechanismus:<\/strong> Der Deckel \u00f6ffnet und schlie\u00dft sich m\u00fchelos und ger\u00e4uschlos, wodurch Reibung und St\u00f6\u00dfe w\u00e4hrend des Betriebs reduziert werden.<\/p>\n\n\n\n<p><strong>Dauerhaft<\/strong> Material: Aus dickem Edelstahl gefertigt, ist er langlebig und h\u00e4lt auch h\u00e4ufigem Gebrauch stand.<\/p>\n\n\n\n<p><strong>Platzsparendes Design<\/strong>: Die quadratische, aufrechte Struktur erleichtert die Anordnung der Tische und sorgt f\u00fcr ein ordentliches und \u00e4sthetisch ansprechendes Design, das sich f\u00fcr gro\u00dfe Bankette und Buffets eignet.<\/p>\n<\/div>\n\n\n\n<div class=\"wp-block-column is-layout-flow wp-block-column-is-layout-flow\">\n<figure class=\"wp-block-image size-full\"><img fetchpriority=\"high\" decoding=\"async\" width=\"800\" height=\"800\" src=\"https:\/\/www.linktonkitchen.com\/wp-content\/uploads\/2025\/09\/wholesale-stainless-buffet-chafing-dish.webp\" alt=\"Gro\u00dfhandel Edelstahl Buffet Chafing dish\" class=\"wp-image-6781\" srcset=\"https:\/\/www.linktonkitchen.com\/wp-content\/uploads\/2025\/09\/wholesale-stainless-buffet-chafing-dish.webp 800w, https:\/\/www.linktonkitchen.com\/wp-content\/uploads\/2025\/09\/wholesale-stainless-buffet-chafing-dish-300x300.webp 300w, https:\/\/www.linktonkitchen.com\/wp-content\/uploads\/2025\/09\/wholesale-stainless-buffet-chafing-dish-150x150.webp 150w, https:\/\/www.linktonkitchen.com\/wp-content\/uploads\/2025\/09\/wholesale-stainless-buffet-chafing-dish-768x768.webp 768w, https:\/\/www.linktonkitchen.com\/wp-content\/uploads\/2025\/09\/wholesale-stainless-buffet-chafing-dish-12x12.webp 12w, https:\/\/www.linktonkitchen.com\/wp-content\/uploads\/2025\/09\/wholesale-stainless-buffet-chafing-dish-285x285.webp 285w, https:\/\/www.linktonkitchen.com\/wp-content\/uploads\/2025\/09\/wholesale-stainless-buffet-chafing-dish-270x270.webp 270w, https:\/\/www.linktonkitchen.com\/wp-content\/uploads\/2025\/09\/wholesale-stainless-buffet-chafing-dish-540x540.webp 540w, https:\/\/www.linktonkitchen.com\/wp-content\/uploads\/2025\/09\/wholesale-stainless-buffet-chafing-dish-660x660.webp 660w\" sizes=\"(max-width: 800px) 100vw, 800px\" \/><\/figure>\n<\/div>\n<\/div>\n\n\n\n<div class=\"wp-block-columns is-layout-flex wp-container-core-columns-is-layout-9d6595d7 wp-block-columns-is-layout-flex\">\n<div class=\"wp-block-column is-vertically-aligned-center is-layout-flow wp-block-column-is-layout-flow\">\n<h2 class=\"wp-block-heading\">Benutzerdefinierte Edelstahl-Buffet Chafing Dish\uff1a<\/h2>\n\n\n\n<p>Wir bieten sowohl ODM- als auch OEM-Dienstleistungen an, die kundenspezifische Produktlogos und Verpackungen erm\u00f6glichen. Wir unterst\u00fctzen verschiedene Verpackungsoptionen, darunter Beutel, Kartons oder individuelle Verpackungen nach Ihren W\u00fcnschen. Dar\u00fcber hinaus bieten wir flexible Farboptionen, einschlie\u00dflich Silber-, Gold- oder Halbgoldbeschichtung.<\/p>\n<\/div>\n<\/div>","protected":false},"excerpt":{"rendered":"<p>Gro\u00dfhandel Edelstahl Buffet Chafing Dish, es verf\u00fcgt \u00fcber einen Glasdeckel und aufrechten Beine f\u00fcr ein robustes und stilvolles Design, perfekt f\u00fcr Hotels, Cafeterias und Bankette. Erh\u00e4ltlich in gro\u00dfen Mengen und anpassbare Optionen. Willkommen bei uns f\u00fcr ein detailliertes Angebot zu kontaktieren!<\/p>\n<h2>Spezifikationen f\u00fcr Edelstahl Buffet Chafing Dish:<\/h2>\n<table width=\"402\">\n<tbody>\n<tr>\n<td width=\"145\">Hersteller<\/td>\n<td width=\"257\">Linkton<\/td>\n<\/tr>\n<tr>\n<td>Material<\/td>\n<td>Rostfreier Stahl<\/td>\n<\/tr>\n<tr>\n<td>Konfiguration<\/td>\n<td width=\"257\">Kochtopf\/Wassersch\u00fcssel<\/td>\n<\/tr>\n<tr>\n<td>Heizung<\/td>\n<td>\n<p>Elektrische Heizung<\/p>\n<\/td>\n<\/tr>\n<tr>\n<td>Deckel<\/td>\n<td width=\"257\">Hydraulischer Glasdeckel<\/td>\n<\/tr>\n<tr>\n<td>OEM\/ODM<\/td>\n<td>Annehmbar<\/td>\n<\/tr>\n<tr>\n<td>Muster<\/td>\n<td>MOQ 1 St\u00fcck<\/td>\n<\/tr>\n<\/tbody>\n<\/table>","protected":false},"featured_media":6781,"template":"","meta":{"_acf_changed":false},"product-application":[],"product-capacity":[],"product_brand":[],"product_cat":[58],"product_tag":[],"class_list":{"0":"post-6778","1":"product","2":"type-product","3":"status-publish","4":"has-post-thumbnail","6":"product_cat-wholesale-chafing-dishes","8":"first","9":"instock","10":"shipping-taxable","11":"product-type-simple"},"acf":[],"_links":{"self":[{"href":"https:\/\/www.linktonkitchen.com\/de\/wp-json\/wp\/v2\/product\/6778","targetHints":{"allow":["GET"]}}],"collection":[{"href":"https:\/\/www.linktonkitchen.com\/de\/wp-json\/wp\/v2\/product"}],"about":[{"href":"https:\/\/www.linktonkitchen.com\/de\/wp-json\/wp\/v2\/types\/product"}],"version-history":[{"count":0,"href":"https:\/\/www.linktonkitchen.com\/de\/wp-json\/wp\/v2\/product\/6778\/revisions"}],"wp:featuredmedia":[{"embeddable":true,"href":"https:\/\/www.linktonkitchen.com\/de\/wp-json\/wp\/v2\/media\/6781"}],"wp:attachment":[{"href":"https:\/\/www.linktonkitchen.com\/de\/wp-json\/wp\/v2\/media?parent=6778"}],"wp:term":[{"taxonomy":"product-application","embeddable":true,"href":"https:\/\/www.linktonkitchen.com\/de\/wp-json\/wp\/v2\/product-application?post=6778"},{"taxonomy":"product-capacity","embeddable":true,"href":"https:\/\/www.linktonkitchen.com\/de\/wp-json\/wp\/v2\/product-capacity?post=6778"},{"taxonomy":"product_brand","embeddable":true,"href":"https:\/\/www.linktonkitchen.com\/de\/wp-json\/wp\/v2\/product_brand?post=6778"},{"taxonomy":"product_cat","embeddable":true,"href":"https:\/\/www.linktonkitchen.com\/de\/wp-json\/wp\/v2\/product_cat?post=6778"},{"taxonomy":"product_tag","embeddable":true,"href":"https:\/\/www.linktonkitchen.com\/de\/wp-json\/wp\/v2\/product_tag?post=6778"}],"curies":[{"name":"wp","href":"https:\/\/api.w.org\/{rel}","templated":true}]}}