{"id":6813,"date":"2025-09-10T16:27:56","date_gmt":"2025-09-10T16:27:56","guid":{"rendered":"https:\/\/www.linktonkitchen.com\/?post_type=product&#038;p=6813"},"modified":"2025-09-10T16:27:57","modified_gmt":"2025-09-10T16:27:57","slug":"wholesale-sroll-top-chafing-dish","status":"publish","type":"product","link":"https:\/\/www.linktonkitchen.com\/de\/product\/wholesale-sroll-top-chafing-dish\/","title":{"rendered":"Roll Top Chafing Dish Gro\u00dfhandel Edelstahl Buffet Speisenw\u00e4rmer mit Glasdeckel"},"content":{"rendered":"<div class=\"wp-block-columns is-layout-flex wp-container-core-columns-is-layout-9d6595d7 wp-block-columns-is-layout-flex\">\n<div class=\"wp-block-column is-layout-flow wp-block-column-is-layout-flow\">\n<h2 class=\"wp-block-heading\">Roll Top Chafing Dish Merkmale:<\/h2>\n\n\n\n<p><strong>Hervorragende Qualit\u00e4t<\/strong>: Der Hauptteil ist aus hochwertigem Edelstahl gefertigt, der Korrosionsbest\u00e4ndigkeit und einfache Reinigung gew\u00e4hrleistet. Die goldfarbenen Beschl\u00e4ge sind galvanisiert und sorgen f\u00fcr ein erstklassiges Gef\u00fchl.<\/p>\n\n\n\n<p><strong>Praktisches Design<\/strong>: Der durchsichtige Rolltop-Deckel erm\u00f6glicht eine einfache Sicht auf die Lebensmittel, ohne sie zu \u00f6ffnen. Der ergonomische goldene Griff erm\u00f6glicht ein einfaches \u00d6ffnen.<\/p>\n\n\n\n<p><strong>Professionelle Isolierung<\/strong>: H\u00e4lt die Hitze \u00fcber einen l\u00e4ngeren Zeitraum und sorgt daf\u00fcr, dass hei\u00dfe Speisen perfekt gegart bleiben.<\/p>\n\n\n\n<p><strong>Robuste Konstruktion<\/strong>: Die goldene Halterung verbindet \u00c4sthetik mit Stabilit\u00e4t und sorgt daf\u00fcr, dass sie w\u00e4hrend des Gebrauchs stabil und standfest bleibt.<\/p>\n\n\n\n<p><strong>Einfache Reinigung<\/strong>: Die glatte Oberfl\u00e4che und das abnehmbare Design erm\u00f6glichen eine einfache Reinigung und sparen Arbeitskosten.<\/p>\n\n\n\n<p><strong>Personalisierung <\/strong><span style=\"box-sizing: border-box; margin: 0px; padding: 0px;\"><strong>Optionen<\/strong>: Logodruck, Farbausf\u00fchrungen und kundenspezifische Gr\u00f6\u00dfen sind verf\u00fcgbar, um die unterschiedlichen Bed\u00fcrfnisse unserer Kunden zu erf\u00fcllen. <\/span>Kunden.<\/p>\n<\/div>\n\n\n\n<div class=\"wp-block-column is-layout-flow wp-block-column-is-layout-flow\">\n<figure class=\"wp-block-image size-full\"><img fetchpriority=\"high\" decoding=\"async\" width=\"800\" height=\"800\" src=\"https:\/\/www.linktonkitchen.com\/wp-content\/uploads\/2025\/09\/roll-top-chafing-dish-wholesale.webp\" alt=\"Roll Top Chafing Dish Gro\u00dfhandel\" class=\"wp-image-6814\" srcset=\"https:\/\/www.linktonkitchen.com\/wp-content\/uploads\/2025\/09\/roll-top-chafing-dish-wholesale.webp 800w, https:\/\/www.linktonkitchen.com\/wp-content\/uploads\/2025\/09\/roll-top-chafing-dish-wholesale-300x300.webp 300w, https:\/\/www.linktonkitchen.com\/wp-content\/uploads\/2025\/09\/roll-top-chafing-dish-wholesale-150x150.webp 150w, https:\/\/www.linktonkitchen.com\/wp-content\/uploads\/2025\/09\/roll-top-chafing-dish-wholesale-768x768.webp 768w, https:\/\/www.linktonkitchen.com\/wp-content\/uploads\/2025\/09\/roll-top-chafing-dish-wholesale-12x12.webp 12w, https:\/\/www.linktonkitchen.com\/wp-content\/uploads\/2025\/09\/roll-top-chafing-dish-wholesale-285x285.webp 285w, https:\/\/www.linktonkitchen.com\/wp-content\/uploads\/2025\/09\/roll-top-chafing-dish-wholesale-270x270.webp 270w, https:\/\/www.linktonkitchen.com\/wp-content\/uploads\/2025\/09\/roll-top-chafing-dish-wholesale-540x540.webp 540w, https:\/\/www.linktonkitchen.com\/wp-content\/uploads\/2025\/09\/roll-top-chafing-dish-wholesale-660x660.webp 660w\" sizes=\"(max-width: 800px) 100vw, 800px\" \/><\/figure>\n<\/div>\n<\/div>\n\n\n\n<div class=\"wp-block-columns is-layout-flex wp-container-core-columns-is-layout-9d6595d7 wp-block-columns-is-layout-flex\">\n<div class=\"wp-block-column is-vertically-aligned-center is-layout-flow wp-block-column-is-layout-flow\">\n<h2 class=\"wp-block-heading\">Kundenspezifischer Roll Top Chafing Dish\uff1a<\/h2>\n\n\n\n<p>Wir bieten sowohl ODM- als auch OEM-Dienstleistungen an, die kundenspezifische Produktlogos und Verpackungen erm\u00f6glichen. Wir unterst\u00fctzen verschiedene Verpackungsoptionen, darunter Beutel, Kartons oder individuelle Verpackungen nach Ihren W\u00fcnschen. Dar\u00fcber hinaus bieten wir flexible Farboptionen, einschlie\u00dflich Silber-, Gold- oder Halbgoldbeschichtung.<\/p>\n<\/div>\n<\/div>","protected":false},"excerpt":{"rendered":"<p>Die Linkton Chafing Dishes mit Rollenaufsatz aus Edelstahl mit goldenen Akzenten bieten ein hochwertiges Aussehen, einen transparenten Deckel und griffige Griffe. Mit ihrer lang anhaltenden W\u00e4rmespeicherung sind sie perfekt f\u00fcr Hotels und Restaurants. Gro\u00dfhandel und kundenspezifische Bestellungen werden unterst\u00fctzt. Kontaktieren Sie uns f\u00fcr ein Angebot!<\/p>\n<h2>Spezifikationen f\u00fcr Roll Top Chafing Dish:<\/h2>\n<table width=\"402\">\n<tbody>\n<tr>\n<td width=\"145\">Hersteller<\/td>\n<td width=\"257\">Linkton<\/td>\n<\/tr>\n<tr>\n<td>Material<\/td>\n<td>Rostfreier Stahl<\/td>\n<\/tr>\n<tr>\n<td>Konfiguration<\/td>\n<td width=\"257\">Kochtopf\/Wassersch\u00fcssel<\/td>\n<\/tr>\n<tr>\n<td>Heizung<\/td>\n<td>\n<p>Heizen mit Brennstoff<\/p>\n<\/td>\n<\/tr>\n<tr>\n<td>Deckel<\/td>\n<td width=\"257\">Hydraulischer Glasdeckel<\/td>\n<\/tr>\n<tr>\n<td>OEM\/ODM<\/td>\n<td>Annehmbar<\/td>\n<\/tr>\n<tr>\n<td>Muster<\/td>\n<td>MOQ 1 St\u00fcck<\/td>\n<\/tr>\n<\/tbody>\n<\/table>","protected":false},"featured_media":6814,"template":"","meta":{"_acf_changed":false},"product-application":[],"product-capacity":[],"product_brand":[],"product_cat":[58],"product_tag":[],"class_list":{"0":"post-6813","1":"product","2":"type-product","3":"status-publish","4":"has-post-thumbnail","6":"product_cat-wholesale-chafing-dishes","8":"first","9":"instock","10":"shipping-taxable","11":"product-type-simple"},"acf":[],"_links":{"self":[{"href":"https:\/\/www.linktonkitchen.com\/de\/wp-json\/wp\/v2\/product\/6813","targetHints":{"allow":["GET"]}}],"collection":[{"href":"https:\/\/www.linktonkitchen.com\/de\/wp-json\/wp\/v2\/product"}],"about":[{"href":"https:\/\/www.linktonkitchen.com\/de\/wp-json\/wp\/v2\/types\/product"}],"version-history":[{"count":0,"href":"https:\/\/www.linktonkitchen.com\/de\/wp-json\/wp\/v2\/product\/6813\/revisions"}],"wp:featuredmedia":[{"embeddable":true,"href":"https:\/\/www.linktonkitchen.com\/de\/wp-json\/wp\/v2\/media\/6814"}],"wp:attachment":[{"href":"https:\/\/www.linktonkitchen.com\/de\/wp-json\/wp\/v2\/media?parent=6813"}],"wp:term":[{"taxonomy":"product-application","embeddable":true,"href":"https:\/\/www.linktonkitchen.com\/de\/wp-json\/wp\/v2\/product-application?post=6813"},{"taxonomy":"product-capacity","embeddable":true,"href":"https:\/\/www.linktonkitchen.com\/de\/wp-json\/wp\/v2\/product-capacity?post=6813"},{"taxonomy":"product_brand","embeddable":true,"href":"https:\/\/www.linktonkitchen.com\/de\/wp-json\/wp\/v2\/product_brand?post=6813"},{"taxonomy":"product_cat","embeddable":true,"href":"https:\/\/www.linktonkitchen.com\/de\/wp-json\/wp\/v2\/product_cat?post=6813"},{"taxonomy":"product_tag","embeddable":true,"href":"https:\/\/www.linktonkitchen.com\/de\/wp-json\/wp\/v2\/product_tag?post=6813"}],"curies":[{"name":"wp","href":"https:\/\/api.w.org\/{rel}","templated":true}]}}