{"id":6828,"date":"2025-09-10T16:27:56","date_gmt":"2025-09-10T16:27:56","guid":{"rendered":"https:\/\/www.linktonkitchen.com\/?post_type=product&#038;p=6828"},"modified":"2025-09-10T16:27:56","modified_gmt":"2025-09-10T16:27:56","slug":"wholesale-chafing-dish-round","status":"publish","type":"product","link":"https:\/\/www.linktonkitchen.com\/de\/product\/wholesale-chafing-dish-round\/","title":{"rendered":"Gro\u00dfhandel Chafing Dish Runde, elektrische Edelstahl Buffet Set Custom"},"content":{"rendered":"<div class=\"wp-block-columns is-layout-flex wp-container-core-columns-is-layout-9d6595d7 wp-block-columns-is-layout-flex\">\n<div class=\"wp-block-column is-layout-flow wp-block-column-is-layout-flow\">\n<h2 class=\"wp-block-heading\">Chafing Dish Rund Merkmale:<\/h2>\n\n\n\n<p><strong>Praktische Erscheinung:<\/strong> Die elegante runde Form mit dem transparenten Glasdeckel erm\u00f6glicht einen einfachen Blick auf den Status der Speisen und verbessert das visuelle Gesamterlebnis auf dem Tisch.<\/p>\n\n\n\n<p><strong>Intelligentes digitales Bedienfeld<\/strong>: Ausgestattet mit einem digitalen Touchscreen-Display passt er die Temperatur pr\u00e4zise an, um sicherzustellen, dass die Speisen \u00fcber einen l\u00e4ngeren Zeitraum hinweg die perfekte Temperatur haben.<\/p>\n\n\n\n<p><strong>Mehrere Optionen f\u00fcr den Innentopf: <\/strong>Erh\u00e4ltlich mit einem Innentopf aus Keramik oder Edelstahl, um den Anforderungen verschiedener Gerichte gerecht zu werden, und um sowohl W\u00e4rmespeicherung als auch Haltbarkeit zu gew\u00e4hrleisten.<\/p>\n\n\n\n<p><strong>Hochfester rostfreier Stahl<\/strong>: Korrosionsbest\u00e4ndig und leicht zu reinigen, geeignet f\u00fcr stark beanspruchte Hotel- und Restaurantbereiche.<\/p>\n\n\n\n<p><strong>Stabiles und energiesparendes Heizen:<\/strong> Das effiziente elektrische Heizsystem sorgt f\u00fcr eine schnelle und gleichm\u00e4\u00dfige Erw\u00e4rmung, spart Energie und schont die Umwelt.<\/p>\n\n\n\n<p><strong>Anpassung an Kundenw\u00fcnsche:<\/strong> Wir bieten ma\u00dfgeschneiderte L\u00f6sungen, die auf die Bed\u00fcrfnisse Ihres Restaurants zugeschnitten sind, einschlie\u00dflich der Anpassung von Gr\u00f6\u00dfe, Kapazit\u00e4t, Logo und mehr.<\/p>\n<\/div>\n\n\n\n<div class=\"wp-block-column is-layout-flow wp-block-column-is-layout-flow\">\n<figure class=\"wp-block-image size-full\"><img fetchpriority=\"high\" decoding=\"async\" width=\"749\" height=\"749\" src=\"https:\/\/www.linktonkitchen.com\/wp-content\/uploads\/2025\/09\/wholesale-chafing-dish-round.webp\" alt=\"Gro\u00dfhandel Chafing Dish rund\" class=\"wp-image-6822\" srcset=\"https:\/\/www.linktonkitchen.com\/wp-content\/uploads\/2025\/09\/wholesale-chafing-dish-round.webp 749w, https:\/\/www.linktonkitchen.com\/wp-content\/uploads\/2025\/09\/wholesale-chafing-dish-round-300x300.webp 300w, https:\/\/www.linktonkitchen.com\/wp-content\/uploads\/2025\/09\/wholesale-chafing-dish-round-150x150.webp 150w, https:\/\/www.linktonkitchen.com\/wp-content\/uploads\/2025\/09\/wholesale-chafing-dish-round-12x12.webp 12w, https:\/\/www.linktonkitchen.com\/wp-content\/uploads\/2025\/09\/wholesale-chafing-dish-round-285x285.webp 285w, https:\/\/www.linktonkitchen.com\/wp-content\/uploads\/2025\/09\/wholesale-chafing-dish-round-270x270.webp 270w, https:\/\/www.linktonkitchen.com\/wp-content\/uploads\/2025\/09\/wholesale-chafing-dish-round-540x540.webp 540w, https:\/\/www.linktonkitchen.com\/wp-content\/uploads\/2025\/09\/wholesale-chafing-dish-round-660x660.webp 660w\" sizes=\"(max-width: 749px) 100vw, 749px\" \/><\/figure>\n<\/div>\n<\/div>\n\n\n\n<div class=\"wp-block-columns is-layout-flex wp-container-core-columns-is-layout-9d6595d7 wp-block-columns-is-layout-flex\">\n<div class=\"wp-block-column is-vertically-aligned-center is-layout-flow wp-block-column-is-layout-flow\">\n<h2 class=\"wp-block-heading\">Kundenspezifische Chafing Dish Rund\uff1a<\/h2>\n\n\n\n<p>Wir bieten sowohl ODM- als auch OEM-Dienstleistungen an, die kundenspezifische Produktlogos und Verpackungen erm\u00f6glichen. Wir unterst\u00fctzen verschiedene Verpackungsoptionen, darunter Beutel, Kartons oder individuelle Verpackungen nach Ihren W\u00fcnschen. Dar\u00fcber hinaus bieten wir flexible Farboptionen, einschlie\u00dflich Silber-, Gold- oder Halbgoldbeschichtung.<\/p>\n<\/div>\n<\/div>","protected":false},"excerpt":{"rendered":"<p>Gro\u00dfhandel Chafing Dish rund Edelstahl elektrisch mit digitalem Bedienfeld, Keramik oder Edelstahl-Einsatz optional. Ideal f\u00fcr Hotels, Catering und Restaurants. Lieferung von Linkton Buffet Ausr\u00fcstung Hersteller, Unterst\u00fctzung kundenspezifische Auftr\u00e4ge. Willkommen bei uns heute f\u00fcr Gro\u00dfhandelspreise zu kontaktieren!<\/p>\n<h2>Parameter von Chafing Dish Round:<\/h2>\n<table width=\"402\">\n<tbody>\n<tr>\n<td width=\"145\">Hersteller<\/td>\n<td width=\"257\">Linkton<\/td>\n<\/tr>\n<tr>\n<td>Material<\/td>\n<td>Rostfreier Stahl<\/td>\n<\/tr>\n<tr>\n<td>Konfiguration<\/td>\n<td width=\"257\">Kochtopf\/Wassersch\u00fcssel<\/td>\n<\/tr>\n<tr>\n<td>Heizung<\/td>\n<td>\n<p>Elektrische Heizung<\/p>\n<\/td>\n<\/tr>\n<tr>\n<td>Deckel<\/td>\n<td width=\"257\">Hydraulischer Glasdeckel<\/td>\n<\/tr>\n<tr>\n<td>OEM\/ODM<\/td>\n<td>Annehmbar<\/td>\n<\/tr>\n<tr>\n<td>Muster<\/td>\n<td>MOQ 1 St\u00fcck<\/td>\n<\/tr>\n<\/tbody>\n<\/table>","protected":false},"featured_media":6822,"template":"","meta":{"_acf_changed":false},"product-application":[],"product-capacity":[],"product_brand":[],"product_cat":[58],"product_tag":[],"class_list":{"0":"post-6828","1":"product","2":"type-product","3":"status-publish","4":"has-post-thumbnail","6":"product_cat-wholesale-chafing-dishes","8":"first","9":"instock","10":"shipping-taxable","11":"product-type-simple"},"acf":[],"_links":{"self":[{"href":"https:\/\/www.linktonkitchen.com\/de\/wp-json\/wp\/v2\/product\/6828","targetHints":{"allow":["GET"]}}],"collection":[{"href":"https:\/\/www.linktonkitchen.com\/de\/wp-json\/wp\/v2\/product"}],"about":[{"href":"https:\/\/www.linktonkitchen.com\/de\/wp-json\/wp\/v2\/types\/product"}],"version-history":[{"count":0,"href":"https:\/\/www.linktonkitchen.com\/de\/wp-json\/wp\/v2\/product\/6828\/revisions"}],"wp:featuredmedia":[{"embeddable":true,"href":"https:\/\/www.linktonkitchen.com\/de\/wp-json\/wp\/v2\/media\/6822"}],"wp:attachment":[{"href":"https:\/\/www.linktonkitchen.com\/de\/wp-json\/wp\/v2\/media?parent=6828"}],"wp:term":[{"taxonomy":"product-application","embeddable":true,"href":"https:\/\/www.linktonkitchen.com\/de\/wp-json\/wp\/v2\/product-application?post=6828"},{"taxonomy":"product-capacity","embeddable":true,"href":"https:\/\/www.linktonkitchen.com\/de\/wp-json\/wp\/v2\/product-capacity?post=6828"},{"taxonomy":"product_brand","embeddable":true,"href":"https:\/\/www.linktonkitchen.com\/de\/wp-json\/wp\/v2\/product_brand?post=6828"},{"taxonomy":"product_cat","embeddable":true,"href":"https:\/\/www.linktonkitchen.com\/de\/wp-json\/wp\/v2\/product_cat?post=6828"},{"taxonomy":"product_tag","embeddable":true,"href":"https:\/\/www.linktonkitchen.com\/de\/wp-json\/wp\/v2\/product_tag?post=6828"}],"curies":[{"name":"wp","href":"https:\/\/api.w.org\/{rel}","templated":true}]}}