{"id":2809,"date":"2024-04-19T08:32:07","date_gmt":"2024-04-19T08:32:07","guid":{"rendered":"https:\/\/linktonkitchen.com\/?post_type=product&#038;p=2809"},"modified":"2026-02-03T08:14:57","modified_gmt":"2026-02-03T08:14:57","slug":"olla-a-presion-antideflagrante","status":"publish","type":"product","link":"https:\/\/www.linktonkitchen.com\/es\/producto\/olla-a-presion-antideflagrante\/","title":{"rendered":"Mayorista Olla a presi\u00f3n a prueba de explosi\u00f3n, Proveedor de olla a presi\u00f3n 5-80QT"},"content":{"rendered":"<div class=\"wp-block-columns is-layout-flex wp-container-core-columns-is-layout-9d6595d7 wp-block-columns-is-layout-flex\">\n<div class=\"wp-block-column is-layout-flow wp-block-column-is-layout-flow\">\n<figure class=\"wp-block-embed is-type-video is-provider-youtube wp-block-embed-youtube wp-embed-aspect-16-9 wp-has-aspect-ratio\"><div class=\"wp-block-embed__wrapper\">\n<iframe title=\"Olla a presi\u00f3n antiexplosi\u00f3n con protecci\u00f3n de m\u00faltiples detalles para garantizar una cocci\u00f3n segura.#cookware\" width=\"940\" height=\"529\" src=\"https:\/\/www.youtube.com\/embed\/03o9Urhxw1w?feature=oembed\" frameborder=\"0\" allow=\"accelerometer; autoplay; clipboard-write; encrypted-media; gyroscope; picture-in-picture; web-share\" referrerpolicy=\"strict-origin-when-cross-origin\" allowfullscreen><\/iframe>\n<\/div><\/figure>\n<\/div>\n\n\n\n<div class=\"wp-block-column is-layout-flow wp-block-column-is-layout-flow\">\n<h2 class=\"wp-block-heading\">Olla a presi\u00f3n a prueba de explosi\u00f3n Par\u00e1metros:<\/h2>\n\n\n\n<figure class=\"wp-block-table\"><table class=\"has-fixed-layout\"><tbody><tr><td>N\u00ba de modelo<\/td><td>Capacidad<\/td><td>Di\u00e1metro de la boca<\/td><td>Peso bruto (kg)<\/td><\/tr><tr><td rowspan=\"10\">LT-FB<\/td><td>5L<\/td><td>22 cm<\/td><td>3,23 kg<\/td><\/tr><tr><td>7L<\/td><td>24 cm<\/td><td>3,53 kg<\/td><\/tr><tr><td>9L<\/td><td>26 cm<\/td><td>4,35 kg<\/td><\/tr><tr><td>11L<\/td><td>28 cm<\/td><td>4,82 kg<\/td><\/tr><tr><td>13L<\/td><td>30 cm<\/td><td>5,84 kg<\/td><\/tr><tr><td>15L<\/td><td>32 cm<\/td><td>6,04 kg<\/td><\/tr><tr><td>26L<\/td><td>36 cm<\/td><td>9,8 kg<\/td><\/tr><tr><td>40L<\/td><td>40 cm<\/td><td>13,43 kg<\/td><\/tr><tr><td>50L<\/td><td>44 cm<\/td><td>16,27 kg<\/td><\/tr><tr><td>80L<\/td><td>50 cm<\/td><td>18,17 kg<\/td><\/tr><\/tbody><\/table><\/figure>\n<\/div>\n<\/div>\n\n\n\n<div class=\"wp-block-columns is-layout-flex wp-container-core-columns-is-layout-9d6595d7 wp-block-columns-is-layout-flex\">\n<div class=\"wp-block-column is-vertically-aligned-center is-layout-flow wp-block-column-is-layout-flow\">\n<h2 class=\"wp-block-heading\">Olla a presi\u00f3n a prueba de explosiones Caracter\u00edsticas:<\/h2>\n\n\n\n<p><strong>Travesa\u00f1o antideflagrante y sistema de anillo de bloqueo<\/strong><\/p>\n\n\n\n<p>El travesa\u00f1o horizontal conecta la tapa con el anillo de cierre reforzado para formar una estructura resistente a la presi\u00f3n, lo que garantiza un cierre seguro de la tapa incluso a alta presi\u00f3n.<\/p>\n\n\n\n<p><strong>Pomo de baquelita resistente al calor<\/strong><\/p>\n\n\n\n<p>Gire manualmente el giro de baquelita para sellar y desbloquear, seguro y c\u00f3modo.<\/p>\n\n\n\n<p><strong>Cocci\u00f3n eficiente a alta presi\u00f3n<\/strong><\/p>\n\n\n\n<p>Ahorre hasta 70% de tiempo de cocci\u00f3n, incluso para ingredientes m\u00e1s duros como la carne o las jud\u00edas.<\/p>\n\n\n\n<p><strong>Acero inoxidable de alta calidad<\/strong><\/p>\n\n\n\n<p>Fabricado en acero inoxidable engrosado de grado alimentario con superficie pulida a espejo, creando un aspecto moderno, duradero y adecuado para el uso diario.<\/p>\n\n\n\n<p><strong>Amplia gama de capacidades para m\u00faltiples aplicaciones<\/strong><\/p>\n\n\n\n<p>Disponible en capacidades de 5L a 80L, su amplia gama de capacidades la hace adecuada para hogares, servicios de catering, cocinas centrales, restaurantes y aplicaciones de procesamiento de alimentos.<\/p>\n\n\n\n<p>Ideal para compradores que buscan un \u00fanico proveedor que cubra m\u00faltiples segmentos de mercado y escenarios de uso.<\/p>\n<\/div>\n\n\n\n<div class=\"wp-block-column is-layout-flow wp-block-column-is-layout-flow\">\n<figure class=\"wp-block-image size-full\"><img fetchpriority=\"high\" decoding=\"async\" width=\"800\" height=\"800\" src=\"https:\/\/www.linktonkitchen.com\/wp-content\/uploads\/2025\/07\/Wholesale-Industrial-Pressure-Cooker-4.webp\" alt=\"Mayorista Olla a presi\u00f3n industrial (4)\" class=\"wp-image-6143\" srcset=\"https:\/\/www.linktonkitchen.com\/wp-content\/uploads\/2025\/07\/Wholesale-Industrial-Pressure-Cooker-4.webp 800w, https:\/\/www.linktonkitchen.com\/wp-content\/uploads\/2025\/07\/Wholesale-Industrial-Pressure-Cooker-4-300x300.webp 300w, https:\/\/www.linktonkitchen.com\/wp-content\/uploads\/2025\/07\/Wholesale-Industrial-Pressure-Cooker-4-150x150.webp 150w, https:\/\/www.linktonkitchen.com\/wp-content\/uploads\/2025\/07\/Wholesale-Industrial-Pressure-Cooker-4-768x768.webp 768w, https:\/\/www.linktonkitchen.com\/wp-content\/uploads\/2025\/07\/Wholesale-Industrial-Pressure-Cooker-4-12x12.webp 12w, https:\/\/www.linktonkitchen.com\/wp-content\/uploads\/2025\/07\/Wholesale-Industrial-Pressure-Cooker-4-285x285.webp 285w, https:\/\/www.linktonkitchen.com\/wp-content\/uploads\/2025\/07\/Wholesale-Industrial-Pressure-Cooker-4-270x270.webp 270w, https:\/\/www.linktonkitchen.com\/wp-content\/uploads\/2025\/07\/Wholesale-Industrial-Pressure-Cooker-4-540x540.webp 540w, https:\/\/www.linktonkitchen.com\/wp-content\/uploads\/2025\/07\/Wholesale-Industrial-Pressure-Cooker-4-660x660.webp 660w\" sizes=\"(max-width: 800px) 100vw, 800px\" \/><\/figure>\n<\/div>\n<\/div>\n\n\n\n<div class=\"wp-block-columns is-layout-flex wp-container-core-columns-is-layout-9d6595d7 wp-block-columns-is-layout-flex\">\n<div class=\"wp-block-column is-layout-flow wp-block-column-is-layout-flow\">\n<figure class=\"wp-block-image size-full\"><img decoding=\"async\" width=\"800\" height=\"800\" src=\"https:\/\/www.linktonkitchen.com\/wp-content\/uploads\/2025\/07\/Wholesale-explosion-proof-pressure-cookers-with-double-handles-for-commercial-restaurants-3.webp\" alt=\"Mayorista de ollas a presi\u00f3n antideflagrantes con doble asa para restaurantes comerciales\" class=\"wp-image-7197\" srcset=\"https:\/\/www.linktonkitchen.com\/wp-content\/uploads\/2025\/07\/Wholesale-explosion-proof-pressure-cookers-with-double-handles-for-commercial-restaurants-3.webp 800w, https:\/\/www.linktonkitchen.com\/wp-content\/uploads\/2025\/07\/Wholesale-explosion-proof-pressure-cookers-with-double-handles-for-commercial-restaurants-3-300x300.webp 300w, https:\/\/www.linktonkitchen.com\/wp-content\/uploads\/2025\/07\/Wholesale-explosion-proof-pressure-cookers-with-double-handles-for-commercial-restaurants-3-150x150.webp 150w, https:\/\/www.linktonkitchen.com\/wp-content\/uploads\/2025\/07\/Wholesale-explosion-proof-pressure-cookers-with-double-handles-for-commercial-restaurants-3-768x768.webp 768w, https:\/\/www.linktonkitchen.com\/wp-content\/uploads\/2025\/07\/Wholesale-explosion-proof-pressure-cookers-with-double-handles-for-commercial-restaurants-3-12x12.webp 12w, https:\/\/www.linktonkitchen.com\/wp-content\/uploads\/2025\/07\/Wholesale-explosion-proof-pressure-cookers-with-double-handles-for-commercial-restaurants-3-285x285.webp 285w, https:\/\/www.linktonkitchen.com\/wp-content\/uploads\/2025\/07\/Wholesale-explosion-proof-pressure-cookers-with-double-handles-for-commercial-restaurants-3-270x270.webp 270w, https:\/\/www.linktonkitchen.com\/wp-content\/uploads\/2025\/07\/Wholesale-explosion-proof-pressure-cookers-with-double-handles-for-commercial-restaurants-3-540x540.webp 540w, https:\/\/www.linktonkitchen.com\/wp-content\/uploads\/2025\/07\/Wholesale-explosion-proof-pressure-cookers-with-double-handles-for-commercial-restaurants-3-660x660.webp 660w\" sizes=\"(max-width: 800px) 100vw, 800px\" \/><\/figure>\n<\/div>\n\n\n\n<div class=\"wp-block-column is-layout-flow wp-block-column-is-layout-flow\">\n<figure class=\"wp-block-image size-full is-resized\"><img decoding=\"async\" width=\"746\" height=\"898\" src=\"https:\/\/www.linktonkitchen.com\/wp-content\/uploads\/2024\/04\/Wholesale-explosion-proof-pressure-cookers-with-double-handles.webp\" alt=\"Mayorista ollas a presi\u00f3n antideflagrantes con doble asa\" class=\"wp-image-7218\" style=\"aspect-ratio:0.6512846347607053;object-fit:cover;width:298px;height:auto\" srcset=\"https:\/\/www.linktonkitchen.com\/wp-content\/uploads\/2024\/04\/Wholesale-explosion-proof-pressure-cookers-with-double-handles.webp 746w, https:\/\/www.linktonkitchen.com\/wp-content\/uploads\/2024\/04\/Wholesale-explosion-proof-pressure-cookers-with-double-handles-249x300.webp 249w, https:\/\/www.linktonkitchen.com\/wp-content\/uploads\/2024\/04\/Wholesale-explosion-proof-pressure-cookers-with-double-handles-10x12.webp 10w, https:\/\/www.linktonkitchen.com\/wp-content\/uploads\/2024\/04\/Wholesale-explosion-proof-pressure-cookers-with-double-handles-285x343.webp 285w, https:\/\/www.linktonkitchen.com\/wp-content\/uploads\/2024\/04\/Wholesale-explosion-proof-pressure-cookers-with-double-handles-548x660.webp 548w, https:\/\/www.linktonkitchen.com\/wp-content\/uploads\/2024\/04\/Wholesale-explosion-proof-pressure-cookers-with-double-handles-125x150.webp 125w\" sizes=\"(max-width: 746px) 100vw, 746px\" \/><\/figure>\n<\/div>\n<\/div>\n\n\n\n<div class=\"wp-block-columns is-layout-flex wp-container-core-columns-is-layout-9d6595d7 wp-block-columns-is-layout-flex\">\n<div class=\"wp-block-column is-layout-flow wp-block-column-is-layout-flow\">\n<figure class=\"wp-block-image size-full\"><img loading=\"lazy\" decoding=\"async\" width=\"546\" height=\"462\" src=\"https:\/\/www.linktonkitchen.com\/wp-content\/uploads\/2025\/03\/custom-pressure-cooker-Color.webp\" alt=\"olla a presi\u00f3n personalizada Color\" class=\"wp-image-5270\" srcset=\"https:\/\/www.linktonkitchen.com\/wp-content\/uploads\/2025\/03\/custom-pressure-cooker-Color.webp 546w, https:\/\/www.linktonkitchen.com\/wp-content\/uploads\/2025\/03\/custom-pressure-cooker-Color-300x254.webp 300w, https:\/\/www.linktonkitchen.com\/wp-content\/uploads\/2025\/03\/custom-pressure-cooker-Color-14x12.webp 14w, https:\/\/www.linktonkitchen.com\/wp-content\/uploads\/2025\/03\/custom-pressure-cooker-Color-285x241.webp 285w, https:\/\/www.linktonkitchen.com\/wp-content\/uploads\/2025\/03\/custom-pressure-cooker-Color-150x127.webp 150w\" sizes=\"(max-width: 546px) 100vw, 546px\" \/><\/figure>\n<\/div>\n\n\n\n<div class=\"wp-block-column is-vertically-aligned-center is-layout-flow wp-block-column-is-layout-flow\">\n<h2 class=\"wp-block-heading\">Olla a presi\u00f3n a prueba de explosiones personalizada<\/h2>\n\n\n\n<p>Ofrecemos servicios flexibles de personalizaci\u00f3n OEM y ODM para satisfacer los distintos requisitos del mercado y el posicionamiento de la marca.<\/p>\n\n\n\n<p><strong>Rango de capacidad:\u00a0<\/strong>Elija entre 5-80L para satisfacer las diferentes necesidades de tama\u00f1o de las familias.<\/p>\n\n\n\n<p><strong>Acabado superficial:&nbsp;<\/strong>Disponible en pulido espejo (alto brillo), acabado satinado (aspecto cepillado) o revestimiento de color personalizado.<\/p>\n\n\n\n<p><strong>Marca y logotipo:<\/strong><\/p>\n\n\n\n<ul class=\"wp-block-list\">\n<li>Grabado por l\u00e1ser en el cuerpo de la maceta.<\/li>\n\n\n\n<li>Estampado en la parte inferior.<\/li>\n\n\n\n<li>Logotipo personalizado en asas y v\u00e1lvulas de presi\u00f3n.<\/li>\n<\/ul>\n\n\n\n<p><strong>Dise\u00f1o de envases:&nbsp;<\/strong>Cajas de color, manuales de instrucciones y cajas de env\u00edo totalmente personalizados con la identidad visual de su marca.<\/p>\n<\/div>\n<\/div>","protected":false},"excerpt":{"rendered":"<p>Mayorista olla a presi\u00f3n a prueba de explosiones con doble asa, capacidad de 5-15QT, adecuada para el hogar, peque\u00f1o catering, o cocina comercial. Dise\u00f1o a prueba de explosiones con perilla, es una opci\u00f3n segura y moderna olla a presi\u00f3n. Precio de f\u00e1brica, soporte de logotipo personalizado, servicio de log\u00edstica, \u00a1bienvenido a preguntar!<\/p>\n<h2>Especificaciones de la olla a presi\u00f3n a prueba de explosiones:<\/h2>\n<table width=\"402\">\n<tbody>\n<tr>\n<td width=\"145\">Fabricante<\/td>\n<td width=\"257\">Linkton<\/td>\n<\/tr>\n<tr>\n<td width=\"145\">N\u00ba de modelo<\/td>\n<td width=\"257\">LT-FB<\/td>\n<\/tr>\n<tr>\n<td>Capacidad<\/td>\n<td>5L\/ 7L\/ 9L\/ 11L\/ 13L\/ 15L\/26L\/ 40L\/ 50L\/ 80L<\/td>\n<\/tr>\n<tr>\n<td>Funci\u00f3n<\/td>\n<td width=\"257\">1. 60kPa cocci\u00f3n r\u00e1pida\u00a0<br \/>2. Sistema de seguridad a prueba de explosiones<br \/>3. Pomo giratorio de baquelita para una apertura f\u00e1cil y segura<br \/>4. Limpieza c\u00f3moda<\/td>\n<\/tr>\n<tr>\n<td>Estufa aplicable<\/td>\n<td>Cocina\/Estufa de inducci\u00f3n\/Estufa de gas\/Estufa el\u00e9ctrica\/Estufa de cer\u00e1mica\/Estufa hal\u00f3gena<\/td>\n<\/tr>\n<tr>\n<td width=\"145\">Configuraci\u00f3n<\/td>\n<td width=\"257\">Manual\/V\u00e1lvula limitadora de presi\u00f3n\/Taz\u00f3n antiderrame\/Aguja de limpieza<\/td>\n<\/tr>\n<tr>\n<td>OEM\/ODM<\/td>\n<td>Aceptable<\/td>\n<\/tr>\n<tr>\n<td>Muestra<\/td>\n<td>MOQ 1 pieza<\/td>\n<\/tr>\n<\/tbody>\n<\/table>","protected":false},"featured_media":2815,"template":"","meta":{"_acf_changed":false},"product-application":[],"product-capacity":[],"product_brand":[],"product_cat":[55],"product_tag":[85],"class_list":{"0":"post-2809","1":"product","2":"type-product","3":"status-publish","4":"has-post-thumbnail","6":"product_cat-pressure-cooker-wholesale","7":"product_tag-stainless-steel-pressure-cooker-wholesale","9":"first","10":"instock","11":"shipping-taxable","12":"product-type-simple"},"acf":[],"_links":{"self":[{"href":"https:\/\/www.linktonkitchen.com\/es\/wp-json\/wp\/v2\/product\/2809","targetHints":{"allow":["GET"]}}],"collection":[{"href":"https:\/\/www.linktonkitchen.com\/es\/wp-json\/wp\/v2\/product"}],"about":[{"href":"https:\/\/www.linktonkitchen.com\/es\/wp-json\/wp\/v2\/types\/product"}],"version-history":[{"count":16,"href":"https:\/\/www.linktonkitchen.com\/es\/wp-json\/wp\/v2\/product\/2809\/revisions"}],"predecessor-version":[{"id":7240,"href":"https:\/\/www.linktonkitchen.com\/es\/wp-json\/wp\/v2\/product\/2809\/revisions\/7240"}],"wp:featuredmedia":[{"embeddable":true,"href":"https:\/\/www.linktonkitchen.com\/es\/wp-json\/wp\/v2\/media\/2815"}],"wp:attachment":[{"href":"https:\/\/www.linktonkitchen.com\/es\/wp-json\/wp\/v2\/media?parent=2809"}],"wp:term":[{"taxonomy":"product-application","embeddable":true,"href":"https:\/\/www.linktonkitchen.com\/es\/wp-json\/wp\/v2\/product-application?post=2809"},{"taxonomy":"product-capacity","embeddable":true,"href":"https:\/\/www.linktonkitchen.com\/es\/wp-json\/wp\/v2\/product-capacity?post=2809"},{"taxonomy":"product_brand","embeddable":true,"href":"https:\/\/www.linktonkitchen.com\/es\/wp-json\/wp\/v2\/product_brand?post=2809"},{"taxonomy":"product_cat","embeddable":true,"href":"https:\/\/www.linktonkitchen.com\/es\/wp-json\/wp\/v2\/product_cat?post=2809"},{"taxonomy":"product_tag","embeddable":true,"href":"https:\/\/www.linktonkitchen.com\/es\/wp-json\/wp\/v2\/product_tag?post=2809"}],"curies":[{"name":"wp","href":"https:\/\/api.w.org\/{rel}","templated":true}]}}