{"id":3126,"date":"2024-04-21T06:17:30","date_gmt":"2024-04-21T06:17:30","guid":{"rendered":"https:\/\/linktonkitchen.com\/?post_type=product&#038;p=3126"},"modified":"2026-02-04T01:44:23","modified_gmt":"2026-02-04T01:44:23","slug":"wholesale-large-pressure-cooker","status":"publish","type":"product","link":"https:\/\/www.linktonkitchen.com\/es\/product\/wholesale-large-pressure-cooker\/","title":{"rendered":"Mayorista Olla a Presi\u00f3n Grande 10-84QT, Olla a Presi\u00f3n Inoxidable Comercial"},"content":{"rendered":"<div class=\"wp-block-columns is-layout-flex wp-container-core-columns-is-layout-9d6595d7 wp-block-columns-is-layout-flex\">\n<div class=\"wp-block-column is-layout-flow wp-block-column-is-layout-flow\">\n<figure class=\"wp-block-embed is-type-video is-provider-youtube wp-block-embed-youtube wp-embed-aspect-16-9 wp-has-aspect-ratio\"><div class=\"wp-block-embed__wrapper\">\n<iframe title=\"Olla a presi\u00f3n antiexplosi\u00f3n con protecci\u00f3n de m\u00faltiples detalles para garantizar una cocci\u00f3n segura.#cookware\" width=\"940\" height=\"529\" src=\"https:\/\/www.youtube.com\/embed\/03o9Urhxw1w?feature=oembed\" frameborder=\"0\" allow=\"accelerometer; autoplay; clipboard-write; encrypted-media; gyroscope; picture-in-picture; web-share\" referrerpolicy=\"strict-origin-when-cross-origin\" allowfullscreen><\/iframe>\n<\/div><\/figure>\n<\/div>\n\n\n\n<div class=\"wp-block-column is-layout-flow wp-block-column-is-layout-flow\">\n<h2 class=\"wp-block-heading\">Par\u00e1metro de la olla a presi\u00f3n grande:<\/h2>\n\n\n\n<figure class=\"wp-block-table\"><table class=\"has-fixed-layout\"><tbody><tr><td>N\u00ba de modelo<\/td><td>Capacidad<\/td><td>Di\u00e1metro de la boca<\/td><td>Peso bruto (kg)<\/td><\/tr><tr><td rowspan=\"7\">LT-FB<\/td><td>11L<\/td><td>28 cm<\/td><td>4,82 kg<\/td><\/tr><tr><td>13L<\/td><td>30 cm<\/td><td>5,84 kg<\/td><\/tr><tr><td>15L<\/td><td>32 cm<\/td><td>6,04 kg<\/td><\/tr><tr><td>26L<\/td><td>36 cm<\/td><td>9,8 kg<\/td><\/tr><tr><td>40L<\/td><td>40 cm<\/td><td>13,43 kg<\/td><\/tr><tr><td>50L<\/td><td>44 cm<\/td><td>16,27 kg<\/td><\/tr><tr><td>80L<\/td><td>50 cm<\/td><td>18,17 kg<\/td><\/tr><\/tbody><\/table><\/figure>\n<\/div>\n<\/div>\n\n\n\n<div class=\"wp-block-columns is-layout-flex wp-container-core-columns-is-layout-9d6595d7 wp-block-columns-is-layout-flex\">\n<div class=\"wp-block-column is-layout-flow wp-block-column-is-layout-flow\">\n<h2 class=\"wp-block-heading\">Olla a presi\u00f3n grande Caracter\u00edsticas:<\/h2>\n\n\n\n<p><strong>Opciones de gran capacidad para uso comercial<\/strong>: La capacidad oscila entre 20L y 80L, y est\u00e1 dise\u00f1ada para entornos de cocci\u00f3n de alta frecuencia como restaurantes, comedores, cocinas centrales y grandes banquetes.<\/p>\n\n\n\n<p><strong>Material de acero inoxidable pulido a espejo<\/strong>: El conjunto est\u00e1 hecho de acero inoxidable de alto brillo, que es resistente a la corrosi\u00f3n, a prueba de \u00f3xido, f\u00e1cil de limpiar y duradero.<\/p>\n\n\n\n<p><strong>Cuerpo de la olla engrosado<\/strong>: El dise\u00f1o engrosado del cuerpo de la olla mejora la resistencia general, mejora el rendimiento de conservaci\u00f3n del calor, tiene una fuerte capacidad de almacenamiento de calor y mantiene un estado de cocci\u00f3n a temperatura constante.<\/p>\n\n\n\n<p><strong>Estructura de la cubierta con cierre de seguridad resistente<\/strong>: Con un sistema de cierre reforzado y una v\u00e1lvula limitadora de presi\u00f3n precisa, las capas de protecci\u00f3n garantizan que la tapa de la olla est\u00e9 firme y sin preocupaciones durante la cocci\u00f3n a alta presi\u00f3n, y mejoran la estabilidad de uso.<\/p>\n\n\n\n<p><strong>Alta eficiencia y ahorro energ\u00e9tico<\/strong>: El ciclo de presi\u00f3n fija r\u00e1pidamente el calor y el sabor, reduce en gran medida el tiempo de guisado tradicional y ahorra gas y mano de obra.<\/p>\n\n\n\n<p><strong>Adaptable a una gran variedad de estufas<\/strong>: Adecuado para una variedad de m\u00e9todos de calefacci\u00f3n, tales como estufas de gas, estufas el\u00e9ctricas y estufas de cer\u00e1mica, la cocina es m\u00e1s flexible.<\/p>\n<\/div>\n\n\n\n<div class=\"wp-block-column is-vertically-aligned-top is-layout-flow wp-block-column-is-layout-flow\">\n<figure class=\"wp-block-image size-full\"><img fetchpriority=\"high\" decoding=\"async\" width=\"643\" height=\"643\" src=\"https:\/\/www.linktonkitchen.com\/wp-content\/uploads\/2024\/10\/large-pressure-cooker-manufacturer.webp\" alt=\"fabricante de ollas a presi\u00f3n grandes\" class=\"wp-image-4962\" srcset=\"https:\/\/www.linktonkitchen.com\/wp-content\/uploads\/2024\/10\/large-pressure-cooker-manufacturer.webp 643w, https:\/\/www.linktonkitchen.com\/wp-content\/uploads\/2024\/10\/large-pressure-cooker-manufacturer-300x300.webp 300w, https:\/\/www.linktonkitchen.com\/wp-content\/uploads\/2024\/10\/large-pressure-cooker-manufacturer-150x150.webp 150w, https:\/\/www.linktonkitchen.com\/wp-content\/uploads\/2024\/10\/large-pressure-cooker-manufacturer-12x12.webp 12w, https:\/\/www.linktonkitchen.com\/wp-content\/uploads\/2024\/10\/large-pressure-cooker-manufacturer-285x285.webp 285w, https:\/\/www.linktonkitchen.com\/wp-content\/uploads\/2024\/10\/large-pressure-cooker-manufacturer-270x270.webp 270w, https:\/\/www.linktonkitchen.com\/wp-content\/uploads\/2024\/10\/large-pressure-cooker-manufacturer-540x540.webp 540w\" sizes=\"(max-width: 643px) 100vw, 643px\" \/><\/figure>\n<\/div>\n<\/div>\n\n\n\n<div class=\"wp-block-columns is-layout-flex wp-container-core-columns-is-layout-9d6595d7 wp-block-columns-is-layout-flex\">\n<div class=\"wp-block-column is-layout-flow wp-block-column-is-layout-flow\">\n<figure class=\"wp-block-image size-full\"><img decoding=\"async\" width=\"546\" height=\"462\" src=\"https:\/\/www.linktonkitchen.com\/wp-content\/uploads\/2025\/03\/custom-pressure-cooker-Color.webp\" alt=\"olla a presi\u00f3n personalizada Color\" class=\"wp-image-5270\" srcset=\"https:\/\/www.linktonkitchen.com\/wp-content\/uploads\/2025\/03\/custom-pressure-cooker-Color.webp 546w, https:\/\/www.linktonkitchen.com\/wp-content\/uploads\/2025\/03\/custom-pressure-cooker-Color-300x254.webp 300w, https:\/\/www.linktonkitchen.com\/wp-content\/uploads\/2025\/03\/custom-pressure-cooker-Color-14x12.webp 14w, https:\/\/www.linktonkitchen.com\/wp-content\/uploads\/2025\/03\/custom-pressure-cooker-Color-285x241.webp 285w, https:\/\/www.linktonkitchen.com\/wp-content\/uploads\/2025\/03\/custom-pressure-cooker-Color-150x127.webp 150w\" sizes=\"(max-width: 546px) 100vw, 546px\" \/><\/figure>\n<\/div>\n\n\n\n<div class=\"wp-block-column is-vertically-aligned-center is-layout-flow wp-block-column-is-layout-flow\">\n<h2 class=\"wp-block-heading\">Olla a presi\u00f3n grande a medida:<\/h2>\n\n\n\n<p>Ofrecemos servicios flexibles de personalizaci\u00f3n OEM y ODM para satisfacer los distintos requisitos del mercado y el posicionamiento de la marca.<\/p>\n\n\n\n<p><strong>Rango de capacidad:&nbsp;<\/strong>Elija entre 5-80L para satisfacer las diferentes necesidades de tama\u00f1o de las familias.<\/p>\n\n\n\n<p><strong>Acabado superficial:&nbsp;<\/strong>Disponible en pulido espejo (alto brillo), acabado satinado (aspecto cepillado) o revestimiento de color personalizado.<\/p>\n\n\n\n<p><strong>Marca y logotipo:<\/strong><\/p>\n\n\n\n<ul class=\"wp-block-list\">\n<li>Grabado por l\u00e1ser en el cuerpo de la maceta.<\/li>\n\n\n\n<li>Estampado en la parte inferior.<\/li>\n\n\n\n<li>Logotipo personalizado en asas y v\u00e1lvulas de presi\u00f3n.<\/li>\n<\/ul>\n\n\n\n<p><strong>Dise\u00f1o de envases:&nbsp;<\/strong>Cajas de color, manuales de instrucciones y cajas de env\u00edo totalmente personalizados con la identidad visual de su marca.<\/p>\n<\/div>\n<\/div>","protected":false},"excerpt":{"rendered":"<p>La olla a presi\u00f3n grande al por mayor, dise\u00f1ada para uso comercial, est\u00e1 disponible en especificaciones de 10L-80L, y permite guisar, hervir, cocer al vapor y otras funciones para satisfacer las necesidades de la cocina a gran escala. Es segura, eficiente y ahorra energ\u00eda. P\u00f3ngase en contacto con nosotros para obtener cat\u00e1logos de productos y realizar consultas.<\/p>\n<h2>Olla a presi\u00f3n grande Caracter\u00edsticas:<\/h2>\n<table width=\"402\">\n<tbody>\n<tr>\n<td width=\"145\">Fabricante<\/td>\n<td width=\"257\">Linkton<\/td>\n<\/tr>\n<tr>\n<td width=\"145\">Capacidad<\/td>\n<td width=\"257\">11L\/13L\/15L\/22L\/26L\/34L\/40L\/50L\/80L<\/td>\n<\/tr>\n<tr>\n<td>Material<\/td>\n<td>Acero inoxidable<\/td>\n<\/tr>\n<tr>\n<td>Funci\u00f3n<\/td>\n<td width=\"257\">1. 60kpa cocci\u00f3n r\u00e1pida\u00a0<br \/>2. Sistema de seguridad a prueba de explosiones <br \/>3. Pomo de baquelita para facilitar el cierre y la apertura<br \/>4. Limpieza c\u00f3moda<\/td>\n<\/tr>\n<tr>\n<td>Estufa aplicable<\/td>\n<td>Cocina\/Estufa de inducci\u00f3n\/Estufa de gas\/Estufa el\u00e9ctrica\/Estufa de cer\u00e1mica\/Estufa hal\u00f3gena<\/td>\n<\/tr>\n<tr>\n<td>Configuraci\u00f3n<\/td>\n<td width=\"257\">Manual\/V\u00e1lvula limitadora de presi\u00f3n\/Taz\u00f3n antiderrame\/Aguja de limpieza<\/td>\n<\/tr>\n<tr>\n<td>OEM\/ODM<\/td>\n<td>Aceptable<\/td>\n<\/tr>\n<tr>\n<td>Muestra<\/td>\n<td>MOQ 1 pieza<\/td>\n<\/tr>\n<\/tbody>\n<\/table>","protected":false},"featured_media":6144,"template":"","meta":{"_acf_changed":false},"product-application":[],"product-capacity":[],"product_brand":[],"product_cat":[55],"product_tag":[82],"class_list":{"0":"post-3126","1":"product","2":"type-product","3":"status-publish","4":"has-post-thumbnail","6":"product_cat-pressure-cooker-wholesale","7":"product_tag-wholesale-large-pressure-cooker","9":"first","10":"instock","11":"shipping-taxable","12":"product-type-simple"},"acf":[],"_links":{"self":[{"href":"https:\/\/www.linktonkitchen.com\/es\/wp-json\/wp\/v2\/product\/3126","targetHints":{"allow":["GET"]}}],"collection":[{"href":"https:\/\/www.linktonkitchen.com\/es\/wp-json\/wp\/v2\/product"}],"about":[{"href":"https:\/\/www.linktonkitchen.com\/es\/wp-json\/wp\/v2\/types\/product"}],"version-history":[{"count":0,"href":"https:\/\/www.linktonkitchen.com\/es\/wp-json\/wp\/v2\/product\/3126\/revisions"}],"wp:featuredmedia":[{"embeddable":true,"href":"https:\/\/www.linktonkitchen.com\/es\/wp-json\/wp\/v2\/media\/6144"}],"wp:attachment":[{"href":"https:\/\/www.linktonkitchen.com\/es\/wp-json\/wp\/v2\/media?parent=3126"}],"wp:term":[{"taxonomy":"product-application","embeddable":true,"href":"https:\/\/www.linktonkitchen.com\/es\/wp-json\/wp\/v2\/product-application?post=3126"},{"taxonomy":"product-capacity","embeddable":true,"href":"https:\/\/www.linktonkitchen.com\/es\/wp-json\/wp\/v2\/product-capacity?post=3126"},{"taxonomy":"product_brand","embeddable":true,"href":"https:\/\/www.linktonkitchen.com\/es\/wp-json\/wp\/v2\/product_brand?post=3126"},{"taxonomy":"product_cat","embeddable":true,"href":"https:\/\/www.linktonkitchen.com\/es\/wp-json\/wp\/v2\/product_cat?post=3126"},{"taxonomy":"product_tag","embeddable":true,"href":"https:\/\/www.linktonkitchen.com\/es\/wp-json\/wp\/v2\/product_tag?post=3126"}],"curies":[{"name":"wp","href":"https:\/\/api.w.org\/{rel}","templated":true}]}}