{"id":3129,"date":"2024-04-21T06:24:12","date_gmt":"2024-04-21T06:24:12","guid":{"rendered":"https:\/\/linktonkitchen.com\/?post_type=product&#038;p=3129"},"modified":"2026-02-05T02:34:11","modified_gmt":"2026-02-05T02:34:11","slug":"olla-a-presion-de-espejo","status":"publish","type":"product","link":"https:\/\/www.linktonkitchen.com\/es\/product\/mirror-pressure-cooker\/","title":{"rendered":"Mayorista Olla a Presi\u00f3n de Espejo 2L-16L, Proveedor de Ollas a Presi\u00f3n de Acero Inoxidable"},"content":{"rendered":"<div class=\"wp-block-columns is-layout-flex wp-container-core-columns-is-layout-9d6595d7 wp-block-columns-is-layout-flex\">\n<div class=\"wp-block-column is-layout-flow wp-block-column-is-layout-flow\" style=\"flex-basis:30%\">\n<figure class=\"wp-block-embed is-type-video is-provider-youtube wp-block-embed-youtube wp-embed-aspect-9-16 wp-has-aspect-ratio\"><div class=\"wp-block-embed__wrapper\">\n<iframe title=\"Nuevo producto Elegante olla a presi\u00f3n en forma de U con superficie de colores.1TP5Cocina a presi\u00f3n #cocina\" width=\"563\" height=\"1000\" src=\"https:\/\/www.youtube.com\/embed\/knFUvh7YfIw?feature=oembed\" frameborder=\"0\" allow=\"accelerometer; autoplay; clipboard-write; encrypted-media; gyroscope; picture-in-picture; web-share\" referrerpolicy=\"strict-origin-when-cross-origin\" allowfullscreen><\/iframe>\n<\/div><\/figure>\n<\/div>\n\n\n\n<div class=\"wp-block-column is-layout-flow wp-block-column-is-layout-flow\">\n<h2 class=\"wp-block-heading\">Espejo Olla a presi\u00f3n Par\u00e1metro:<\/h2>\n\n\n\n<figure class=\"wp-block-table\"><table><tbody><tr><td>N\u00ba de modelo<\/td><td>Di\u00e1metro de la boca<\/td><td>Capacidad<\/td><td>Peso <\/td><\/tr><tr><td rowspan=\"9\">LT-UPC<\/td><td>16 cm<\/td><td>2L<\/td><td>1,79 kg<\/td><\/tr><tr><td>18 cm<\/td><td>3L<\/td><td>1,87 kg<\/td><\/tr><tr><td>20 cm<\/td><td>4L<\/td><td>2,17 kg<\/td><\/tr><tr><td>22 cm<\/td><td>5L<\/td><td>2,53 kg<\/td><\/tr><tr><td>24 cm<\/td><td>6L<\/td><td>2,91 kg<\/td><\/tr><tr><td>26 cm<\/td><td>8L<\/td><td>3,59 kg<\/td><\/tr><tr><td>28 cm<\/td><td>10L<\/td><td>4,2 kg<\/td><\/tr><tr><td>30 cm<\/td><td>12L<\/td><td>2,25 kg<\/td><\/tr><tr><td>32 cm<\/td><td>16L<\/td><td>5,61 kg<\/td><\/tr><\/tbody><\/table><\/figure>\n\n\n\n<h2 class=\"wp-block-heading\">Espejo Olla a presi\u00f3n Caracter\u00edsticas:<\/h2>\n\n\n\n<p><span style=\"box-sizing: border-box; margin: 0px; padding: 0px;\"><strong>Gama completa:\u00a0<\/strong>2L a 16L, desde cocinas dom\u00e9sticas compactas a cocinas comerciales de gran capacidad, la gama cubre el hogar, el restaurante,<\/span> y de catering.<\/p>\n\n\n\n<p><strong>Dise\u00f1o del cuerpo de la olla en forma de U:<\/strong> garantiza una distribuci\u00f3n uniforme del calor y mejora la resistencia a la presi\u00f3n.<\/p>\n\n\n\n<p><strong>Pulido espejo: <\/strong>Carcasa de acero inoxidable pulido a espejo, de aspecto elegante y moderno. La superficie lisa es m\u00e1s f\u00e1cil de limpiar y ayuda a mantener un brillo duradero.<\/p>\n\n\n\n<p><strong>V\u00e1lvula de bloqueo de seguridad de punto rojo: <\/strong>Llamativa v\u00e1lvula de punto rojo, garantiza un uso seguro para el control de apertura de la tapa. Al cerrar la tapa, \u00e9sta salta hacia arriba, y la parte posterior de la v\u00e1lvula indica que la tapa puede abrirse con seguridad, evitando que la tapa se abra bajo presi\u00f3n, aumentando la seguridad del usuario y evitando accidentes.<\/p>\n\n\n\n<p><strong>Fabricado en acero inoxidable de calidad alimentaria:<\/strong> seguro y no t\u00f3xico, a prueba de \u00f3xido y duradero, conforme a las normas internacionales de seguridad.<\/p>\n\n\n\n<p><strong>Compatible con m\u00faltiples fuentes de calor: <\/strong>apto para cocinas de gas, de inducci\u00f3n, el\u00e9ctricas y vitrocer\u00e1micas.<\/p>\n<\/div>\n<\/div>\n\n\n\n<div class=\"wp-block-columns is-layout-flex wp-container-core-columns-is-layout-9d6595d7 wp-block-columns-is-layout-flex\">\n<div class=\"wp-block-column is-vertically-aligned-top is-layout-flow wp-block-column-is-layout-flow\">\n<h2 class=\"wp-block-heading\">Olla a presi\u00f3n con espejo a medida:<\/h2>\n\n\n\n<p>Ofrecemos servicios flexibles de personalizaci\u00f3n OEM y ODM para satisfacer las distintas necesidades del mercado y el posicionamiento de la marca.<\/p>\n\n\n\n<p><strong>Rango de capacidad:&nbsp;<\/strong>Elija entre 5-80L para satisfacer las diferentes necesidades de tama\u00f1o de las familias.<\/p>\n\n\n\n<p><strong>Acabado superficial:\u00a0<\/strong>Disponible en pulido espejo (alto brillo), acabado satinado (aspecto cepillado) o revestimiento de color personalizado.<\/p>\n\n\n\n<p><strong>Marca y logotipo:<\/strong><\/p>\n\n\n\n<ul class=\"wp-block-list\">\n<li>Grabado por l\u00e1ser en el cuerpo de la maceta.<\/li>\n\n\n\n<li>Estampado en la parte inferior.<\/li>\n\n\n\n<li>Logotipo personalizado en asas y v\u00e1lvulas de presi\u00f3n.<\/li>\n<\/ul>\n\n\n\n<p><strong>Dise\u00f1o de envases:&nbsp;<\/strong>Cajas de color, manuales de instrucciones y cajas de env\u00edo totalmente personalizados con la identidad visual de su marca.<\/p>\n<\/div>\n\n\n\n<div class=\"wp-block-column is-vertically-aligned-top is-layout-flow wp-block-column-is-layout-flow\">\n<figure class=\"wp-block-image size-full\"><img fetchpriority=\"high\" decoding=\"async\" width=\"800\" height=\"800\" src=\"https:\/\/www.linktonkitchen.com\/wp-content\/uploads\/2024\/04\/Wholesale-Stainless-Steel-Pressure-Cooker-Mirror-2-16QT-for-Home-Commercial-3.webp\" alt=\"Mayorista Olla a Presi\u00f3n de Acero Inoxidable Espejo 2-16QT para Hogar Comercial\" class=\"wp-image-7353\" srcset=\"https:\/\/www.linktonkitchen.com\/wp-content\/uploads\/2024\/04\/Wholesale-Stainless-Steel-Pressure-Cooker-Mirror-2-16QT-for-Home-Commercial-3.webp 800w, https:\/\/www.linktonkitchen.com\/wp-content\/uploads\/2024\/04\/Wholesale-Stainless-Steel-Pressure-Cooker-Mirror-2-16QT-for-Home-Commercial-3-300x300.webp 300w, https:\/\/www.linktonkitchen.com\/wp-content\/uploads\/2024\/04\/Wholesale-Stainless-Steel-Pressure-Cooker-Mirror-2-16QT-for-Home-Commercial-3-150x150.webp 150w, https:\/\/www.linktonkitchen.com\/wp-content\/uploads\/2024\/04\/Wholesale-Stainless-Steel-Pressure-Cooker-Mirror-2-16QT-for-Home-Commercial-3-768x768.webp 768w, https:\/\/www.linktonkitchen.com\/wp-content\/uploads\/2024\/04\/Wholesale-Stainless-Steel-Pressure-Cooker-Mirror-2-16QT-for-Home-Commercial-3-12x12.webp 12w, https:\/\/www.linktonkitchen.com\/wp-content\/uploads\/2024\/04\/Wholesale-Stainless-Steel-Pressure-Cooker-Mirror-2-16QT-for-Home-Commercial-3-285x285.webp 285w, https:\/\/www.linktonkitchen.com\/wp-content\/uploads\/2024\/04\/Wholesale-Stainless-Steel-Pressure-Cooker-Mirror-2-16QT-for-Home-Commercial-3-270x270.webp 270w, https:\/\/www.linktonkitchen.com\/wp-content\/uploads\/2024\/04\/Wholesale-Stainless-Steel-Pressure-Cooker-Mirror-2-16QT-for-Home-Commercial-3-540x540.webp 540w, https:\/\/www.linktonkitchen.com\/wp-content\/uploads\/2024\/04\/Wholesale-Stainless-Steel-Pressure-Cooker-Mirror-2-16QT-for-Home-Commercial-3-660x660.webp 660w\" sizes=\"(max-width: 800px) 100vw, 800px\" \/><\/figure>\n<\/div>\n<\/div>\n\n\n\n<div class=\"wp-block-columns is-layout-flex wp-container-core-columns-is-layout-9d6595d7 wp-block-columns-is-layout-flex\">\n<div class=\"wp-block-column is-layout-flow wp-block-column-is-layout-flow\"><div class=\"wp-block-image\">\n<figure class=\"aligncenter size-full\"><img decoding=\"async\" width=\"800\" height=\"800\" src=\"https:\/\/linktonkitchen.com\/wp-content\/uploads\/2024\/04\/U-shape-Pressure-Cooker-3.webp\" alt=\"Olla a presi\u00f3n de acero inoxidable\" class=\"wp-image-3158\" style=\"object-fit:cover\" srcset=\"https:\/\/www.linktonkitchen.com\/wp-content\/uploads\/2024\/04\/U-shape-Pressure-Cooker-3.webp 800w, https:\/\/www.linktonkitchen.com\/wp-content\/uploads\/2024\/04\/U-shape-Pressure-Cooker-3-300x300.webp 300w, https:\/\/www.linktonkitchen.com\/wp-content\/uploads\/2024\/04\/U-shape-Pressure-Cooker-3-150x150.webp 150w, https:\/\/www.linktonkitchen.com\/wp-content\/uploads\/2024\/04\/U-shape-Pressure-Cooker-3-768x768.webp 768w, https:\/\/www.linktonkitchen.com\/wp-content\/uploads\/2024\/04\/U-shape-Pressure-Cooker-3-285x285.webp 285w, https:\/\/www.linktonkitchen.com\/wp-content\/uploads\/2024\/04\/U-shape-Pressure-Cooker-3-270x270.webp 270w, https:\/\/www.linktonkitchen.com\/wp-content\/uploads\/2024\/04\/U-shape-Pressure-Cooker-3-540x540.webp 540w, https:\/\/www.linktonkitchen.com\/wp-content\/uploads\/2024\/04\/U-shape-Pressure-Cooker-3-660x660.webp 660w\" sizes=\"(max-width: 800px) 100vw, 800px\" \/><\/figure>\n<\/div><\/div>\n\n\n\n<div class=\"wp-block-column is-layout-flow wp-block-column-is-layout-flow\"><div class=\"wp-block-image\">\n<figure class=\"aligncenter size-full\"><img decoding=\"async\" width=\"800\" height=\"800\" src=\"https:\/\/linktonkitchen.com\/wp-content\/uploads\/2024\/04\/U-shape-Pressure-Cooker-4.webp\" alt=\"Olla a presi\u00f3n de acero inoxidable\" class=\"wp-image-3159\" style=\"object-fit:cover\" srcset=\"https:\/\/www.linktonkitchen.com\/wp-content\/uploads\/2024\/04\/U-shape-Pressure-Cooker-4.webp 800w, https:\/\/www.linktonkitchen.com\/wp-content\/uploads\/2024\/04\/U-shape-Pressure-Cooker-4-300x300.webp 300w, https:\/\/www.linktonkitchen.com\/wp-content\/uploads\/2024\/04\/U-shape-Pressure-Cooker-4-150x150.webp 150w, https:\/\/www.linktonkitchen.com\/wp-content\/uploads\/2024\/04\/U-shape-Pressure-Cooker-4-768x768.webp 768w, https:\/\/www.linktonkitchen.com\/wp-content\/uploads\/2024\/04\/U-shape-Pressure-Cooker-4-285x285.webp 285w, https:\/\/www.linktonkitchen.com\/wp-content\/uploads\/2024\/04\/U-shape-Pressure-Cooker-4-270x270.webp 270w, https:\/\/www.linktonkitchen.com\/wp-content\/uploads\/2024\/04\/U-shape-Pressure-Cooker-4-540x540.webp 540w, https:\/\/www.linktonkitchen.com\/wp-content\/uploads\/2024\/04\/U-shape-Pressure-Cooker-4-660x660.webp 660w\" sizes=\"(max-width: 800px) 100vw, 800px\" \/><\/figure>\n<\/div><\/div>\n<\/div>\n\n\n\n<p><\/p>","protected":false},"excerpt":{"rendered":"<p>Al por mayor espejo olla a presi\u00f3n, de peque\u00f1o a grande 2-16L m\u00faltiples opciones de capacidad, es la mejor opci\u00f3n de olla a presi\u00f3n para uso dom\u00e9stico y comercial. Linkton suministro de f\u00e1brica, precio al por mayor, el apoyo personalizado, y el servicio de Amazon FBA. \u00a1Bienvenido a contactarnos y obtener una consulta gratuita!<\/p>\n<h2>Especificaciones de la olla a presi\u00f3n Mirror:<\/h2>\n<table width=\"402\">\n<tbody>\n<tr>\n<td width=\"145\">Fabricante<\/td>\n<td width=\"257\">Linkton<\/td>\n<\/tr>\n<tr>\n<td>N\u00ba de modelo<\/td>\n<td>LT-UPC<\/td>\n<\/tr>\n<tr>\n<td width=\"145\">Capacidad<\/td>\n<td width=\"257\">Linkton<\/td>\n<\/tr>\n<tr>\n<td>Material<\/td>\n<td>2L\/ 3L\/ 4L\/ 5L\/ 6L\/ 8L\/ 10L\/ 12L\/ 16L<\/td>\n<\/tr>\n<tr>\n<td>Funci\u00f3n<\/td>\n<td width=\"257\">1. 80kpa cocci\u00f3n r\u00e1pida<br \/>2. V\u00e1lvula de bloqueo de seguridad de punto rojo para mayor seguridad de uso<br \/>3. Sistema de seguridad a prueba de explosiones<br \/>4. Limpieza c\u00f3moda<\/td>\n<\/tr>\n<tr>\n<td>Configuraci\u00f3n<\/td>\n<td width=\"257\">Manual\/V\u00e1lvula limitadora de presi\u00f3n\/Taz\u00f3n antiderrame\/Aguja de limpieza<\/td>\n<\/tr>\n<tr>\n<td>Estufa aplicable<\/td>\n<td>Cocina\/ Cocina de inducci\u00f3n\/ Cocina de gas\/ Cocina el\u00e9ctrica\/ Cocina vitrocer\u00e1mica\/ Cocina hal\u00f3gena<\/td>\n<\/tr>\n<tr>\n<td>OEM\/ODM<\/td>\n<td>Aceptable<\/td>\n<\/tr>\n<tr>\n<td>Muestra<\/td>\n<td>MOQ 1 pieza<\/td>\n<\/tr>\n<\/tbody>\n<\/table>","protected":false},"featured_media":7351,"template":"","meta":{"_acf_changed":false},"product-application":[],"product-capacity":[],"product_brand":[],"product_cat":[55],"product_tag":[85],"class_list":{"0":"post-3129","1":"product","2":"type-product","3":"status-publish","4":"has-post-thumbnail","6":"product_cat-pressure-cooker-wholesale","7":"product_tag-stainless-steel-pressure-cooker-wholesale","9":"first","10":"instock","11":"shipping-taxable","12":"product-type-simple"},"acf":[],"_links":{"self":[{"href":"https:\/\/www.linktonkitchen.com\/es\/wp-json\/wp\/v2\/product\/3129","targetHints":{"allow":["GET"]}}],"collection":[{"href":"https:\/\/www.linktonkitchen.com\/es\/wp-json\/wp\/v2\/product"}],"about":[{"href":"https:\/\/www.linktonkitchen.com\/es\/wp-json\/wp\/v2\/types\/product"}],"version-history":[{"count":0,"href":"https:\/\/www.linktonkitchen.com\/es\/wp-json\/wp\/v2\/product\/3129\/revisions"}],"wp:featuredmedia":[{"embeddable":true,"href":"https:\/\/www.linktonkitchen.com\/es\/wp-json\/wp\/v2\/media\/7351"}],"wp:attachment":[{"href":"https:\/\/www.linktonkitchen.com\/es\/wp-json\/wp\/v2\/media?parent=3129"}],"wp:term":[{"taxonomy":"product-application","embeddable":true,"href":"https:\/\/www.linktonkitchen.com\/es\/wp-json\/wp\/v2\/product-application?post=3129"},{"taxonomy":"product-capacity","embeddable":true,"href":"https:\/\/www.linktonkitchen.com\/es\/wp-json\/wp\/v2\/product-capacity?post=3129"},{"taxonomy":"product_brand","embeddable":true,"href":"https:\/\/www.linktonkitchen.com\/es\/wp-json\/wp\/v2\/product_brand?post=3129"},{"taxonomy":"product_cat","embeddable":true,"href":"https:\/\/www.linktonkitchen.com\/es\/wp-json\/wp\/v2\/product_cat?post=3129"},{"taxonomy":"product_tag","embeddable":true,"href":"https:\/\/www.linktonkitchen.com\/es\/wp-json\/wp\/v2\/product_tag?post=3129"}],"curies":[{"name":"wp","href":"https:\/\/api.w.org\/{rel}","templated":true}]}}