{"id":3164,"date":"2024-04-21T07:26:37","date_gmt":"2024-04-21T07:26:37","guid":{"rendered":"https:\/\/linktonkitchen.com\/?post_type=product&#038;p=3164"},"modified":"2026-02-05T03:45:48","modified_gmt":"2026-02-05T03:45:48","slug":"wholesale-pressure-cooker-with-double-handle","status":"publish","type":"product","link":"https:\/\/www.linktonkitchen.com\/es\/product\/wholesale-pressure-cooker-with-double-handle\/","title":{"rendered":"Mayorista Olla a Presi\u00f3n con Doble Asa, Fabricante de Ollas a Presi\u00f3n Grandes"},"content":{"rendered":"<div class=\"wp-block-columns is-layout-flex wp-container-core-columns-is-layout-9d6595d7 wp-block-columns-is-layout-flex\">\n<div class=\"wp-block-column is-layout-flow wp-block-column-is-layout-flow\">\n<h2 class=\"wp-block-heading\">Par\u00e1metro de la olla a presi\u00f3n:<\/h2>\n\n\n\n<figure class=\"wp-block-table\"><table><tbody><tr><td>N\u00ba de modelo<\/td><td>Di\u00e1metro de la boca<\/td><td>Capacidad<\/td><td>Peso <\/td><\/tr><tr><td rowspan=\"3\">LT-SB<\/td><td>28 cm<\/td><td>10L<\/td><td>3,76 kg<\/td><\/tr><tr><td>30 cm<\/td><td>12L<\/td><td>4,69 kg<\/td><\/tr><tr><td>32 cm<\/td><td>16L<\/td><td>5,15 kg<\/td><\/tr><\/tbody><\/table><\/figure>\n\n\n\n<h2 class=\"wp-block-heading\">Olla a presi\u00f3n Caracter\u00edsticas:<\/h2>\n\n\n\n<p><strong>Capacidad extragrande para uso comercial y familiar: <\/strong>Disponible en tama\u00f1os de 10, 12 y 16 litros. Ideal para familias numerosas, restaurantes, servicios de catering y necesidades de cocina a granel.<\/p>\n\n\n\n<p><strong>Indicador de presi\u00f3n de punto rojo inteligente y bloqueo de seguridad: <\/strong>Incorpora un sistema inteligente de punto rojo que se activa cuando la presi\u00f3n interna alcanza los 4 kPa, el punto rojo se eleva y bloquea autom\u00e1ticamente la tapa, garantizando la seguridad durante la cocci\u00f3n a alta presi\u00f3n.<\/p>\n\n\n\n<p><strong>Dise\u00f1o de doble asa para una elevaci\u00f3n f\u00e1cil y segura: <\/strong>Dise\u00f1ada con dos asas laterales ergon\u00f3micas para levantarla y transportarla con estabilidad.<\/p>\n\n\n\n<p><strong>Fabricado con acero inoxidable de alta calidad: <\/strong>Resistentes a la corrosi\u00f3n, f\u00e1ciles de limpiar y fabricadas para durar bajo un uso frecuente a alta presi\u00f3n.<\/p>\n\n\n\n<p><strong>Compatible con varias fuentes de calor: <\/strong>Apto para cocinas de gas, inducci\u00f3n y placas el\u00e9ctricas, por lo que es ideal para la distribuci\u00f3n mundial.<\/p>\n<\/div>\n\n\n\n<div class=\"wp-block-column is-layout-flow wp-block-column-is-layout-flow\">\n<figure class=\"wp-block-image size-full\"><img fetchpriority=\"high\" decoding=\"async\" width=\"800\" height=\"800\" src=\"https:\/\/www.linktonkitchen.com\/wp-content\/uploads\/2024\/04\/Double-Handle-Pressure-Cooker-3.webp\" alt=\"Olla a presi\u00f3n 10 qt Granel\" class=\"wp-image-3134\" srcset=\"https:\/\/www.linktonkitchen.com\/wp-content\/uploads\/2024\/04\/Double-Handle-Pressure-Cooker-3.webp 800w, https:\/\/www.linktonkitchen.com\/wp-content\/uploads\/2024\/04\/Double-Handle-Pressure-Cooker-3-300x300.webp 300w, https:\/\/www.linktonkitchen.com\/wp-content\/uploads\/2024\/04\/Double-Handle-Pressure-Cooker-3-150x150.webp 150w, https:\/\/www.linktonkitchen.com\/wp-content\/uploads\/2024\/04\/Double-Handle-Pressure-Cooker-3-768x768.webp 768w, https:\/\/www.linktonkitchen.com\/wp-content\/uploads\/2024\/04\/Double-Handle-Pressure-Cooker-3-285x285.webp 285w, https:\/\/www.linktonkitchen.com\/wp-content\/uploads\/2024\/04\/Double-Handle-Pressure-Cooker-3-270x270.webp 270w, https:\/\/www.linktonkitchen.com\/wp-content\/uploads\/2024\/04\/Double-Handle-Pressure-Cooker-3-540x540.webp 540w, https:\/\/www.linktonkitchen.com\/wp-content\/uploads\/2024\/04\/Double-Handle-Pressure-Cooker-3-660x660.webp 660w\" sizes=\"(max-width: 800px) 100vw, 800px\" \/><\/figure>\n<\/div>\n<\/div>\n\n\n\n<div class=\"wp-block-columns is-layout-flex wp-container-core-columns-is-layout-9d6595d7 wp-block-columns-is-layout-flex\">\n<div class=\"wp-block-column is-layout-flow wp-block-column-is-layout-flow\">\n<figure class=\"wp-block-image size-full\"><img decoding=\"async\" width=\"748\" height=\"748\" src=\"https:\/\/www.linktonkitchen.com\/wp-content\/uploads\/2024\/04\/Wholesale-Stainless-Steel-Pressure-Cooker-with-Double-Handle-for-Home-Commercial-2.webp\" alt=\"Mayorista Olla a presi\u00f3n de acero inoxidable con doble asa para uso dom\u00e9stico y comercial\" class=\"wp-image-7382\" srcset=\"https:\/\/www.linktonkitchen.com\/wp-content\/uploads\/2024\/04\/Wholesale-Stainless-Steel-Pressure-Cooker-with-Double-Handle-for-Home-Commercial-2.webp 748w, https:\/\/www.linktonkitchen.com\/wp-content\/uploads\/2024\/04\/Wholesale-Stainless-Steel-Pressure-Cooker-with-Double-Handle-for-Home-Commercial-2-300x300.webp 300w, https:\/\/www.linktonkitchen.com\/wp-content\/uploads\/2024\/04\/Wholesale-Stainless-Steel-Pressure-Cooker-with-Double-Handle-for-Home-Commercial-2-150x150.webp 150w, https:\/\/www.linktonkitchen.com\/wp-content\/uploads\/2024\/04\/Wholesale-Stainless-Steel-Pressure-Cooker-with-Double-Handle-for-Home-Commercial-2-12x12.webp 12w, https:\/\/www.linktonkitchen.com\/wp-content\/uploads\/2024\/04\/Wholesale-Stainless-Steel-Pressure-Cooker-with-Double-Handle-for-Home-Commercial-2-285x285.webp 285w, https:\/\/www.linktonkitchen.com\/wp-content\/uploads\/2024\/04\/Wholesale-Stainless-Steel-Pressure-Cooker-with-Double-Handle-for-Home-Commercial-2-270x270.webp 270w, https:\/\/www.linktonkitchen.com\/wp-content\/uploads\/2024\/04\/Wholesale-Stainless-Steel-Pressure-Cooker-with-Double-Handle-for-Home-Commercial-2-540x540.webp 540w, https:\/\/www.linktonkitchen.com\/wp-content\/uploads\/2024\/04\/Wholesale-Stainless-Steel-Pressure-Cooker-with-Double-Handle-for-Home-Commercial-2-660x660.webp 660w\" sizes=\"(max-width: 748px) 100vw, 748px\" \/><\/figure>\n<\/div>\n\n\n\n<div class=\"wp-block-column is-layout-flow wp-block-column-is-layout-flow\">\n<figure class=\"wp-block-image size-full\"><img decoding=\"async\" width=\"748\" height=\"748\" src=\"https:\/\/www.linktonkitchen.com\/wp-content\/uploads\/2024\/04\/Wholesale-Stainless-Steel-Pressure-Cooker-with-Double-Handle-for-Home-Commercial-3-1.webp\" alt=\"Mayorista Olla a presi\u00f3n de acero inoxidable con doble asa para uso dom\u00e9stico y comercial\" class=\"wp-image-7391\" srcset=\"https:\/\/www.linktonkitchen.com\/wp-content\/uploads\/2024\/04\/Wholesale-Stainless-Steel-Pressure-Cooker-with-Double-Handle-for-Home-Commercial-3-1.webp 748w, https:\/\/www.linktonkitchen.com\/wp-content\/uploads\/2024\/04\/Wholesale-Stainless-Steel-Pressure-Cooker-with-Double-Handle-for-Home-Commercial-3-1-300x300.webp 300w, https:\/\/www.linktonkitchen.com\/wp-content\/uploads\/2024\/04\/Wholesale-Stainless-Steel-Pressure-Cooker-with-Double-Handle-for-Home-Commercial-3-1-150x150.webp 150w, https:\/\/www.linktonkitchen.com\/wp-content\/uploads\/2024\/04\/Wholesale-Stainless-Steel-Pressure-Cooker-with-Double-Handle-for-Home-Commercial-3-1-12x12.webp 12w, https:\/\/www.linktonkitchen.com\/wp-content\/uploads\/2024\/04\/Wholesale-Stainless-Steel-Pressure-Cooker-with-Double-Handle-for-Home-Commercial-3-1-285x285.webp 285w, https:\/\/www.linktonkitchen.com\/wp-content\/uploads\/2024\/04\/Wholesale-Stainless-Steel-Pressure-Cooker-with-Double-Handle-for-Home-Commercial-3-1-270x270.webp 270w, https:\/\/www.linktonkitchen.com\/wp-content\/uploads\/2024\/04\/Wholesale-Stainless-Steel-Pressure-Cooker-with-Double-Handle-for-Home-Commercial-3-1-540x540.webp 540w, https:\/\/www.linktonkitchen.com\/wp-content\/uploads\/2024\/04\/Wholesale-Stainless-Steel-Pressure-Cooker-with-Double-Handle-for-Home-Commercial-3-1-660x660.webp 660w\" sizes=\"(max-width: 748px) 100vw, 748px\" \/><\/figure>\n<\/div>\n<\/div>\n\n\n\n<div class=\"wp-block-columns is-layout-flex wp-container-core-columns-is-layout-9d6595d7 wp-block-columns-is-layout-flex\">\n<div class=\"wp-block-column is-vertically-aligned-top is-layout-flow wp-block-column-is-layout-flow\">\n<figure class=\"wp-block-image size-full\"><img loading=\"lazy\" decoding=\"async\" width=\"800\" height=\"800\" src=\"https:\/\/www.linktonkitchen.com\/wp-content\/uploads\/2024\/04\/Double-Handle-Pressure-Cooker-4.webp\" alt=\"mayorista ollas a presion con doble asa 10 qt\" class=\"wp-image-3135\" srcset=\"https:\/\/www.linktonkitchen.com\/wp-content\/uploads\/2024\/04\/Double-Handle-Pressure-Cooker-4.webp 800w, https:\/\/www.linktonkitchen.com\/wp-content\/uploads\/2024\/04\/Double-Handle-Pressure-Cooker-4-300x300.webp 300w, https:\/\/www.linktonkitchen.com\/wp-content\/uploads\/2024\/04\/Double-Handle-Pressure-Cooker-4-150x150.webp 150w, https:\/\/www.linktonkitchen.com\/wp-content\/uploads\/2024\/04\/Double-Handle-Pressure-Cooker-4-768x768.webp 768w, https:\/\/www.linktonkitchen.com\/wp-content\/uploads\/2024\/04\/Double-Handle-Pressure-Cooker-4-285x285.webp 285w, https:\/\/www.linktonkitchen.com\/wp-content\/uploads\/2024\/04\/Double-Handle-Pressure-Cooker-4-270x270.webp 270w, https:\/\/www.linktonkitchen.com\/wp-content\/uploads\/2024\/04\/Double-Handle-Pressure-Cooker-4-540x540.webp 540w, https:\/\/www.linktonkitchen.com\/wp-content\/uploads\/2024\/04\/Double-Handle-Pressure-Cooker-4-660x660.webp 660w\" sizes=\"(max-width: 800px) 100vw, 800px\" \/><\/figure>\n<\/div>\n\n\n\n<div class=\"wp-block-column is-vertically-aligned-center is-layout-flow wp-block-column-is-layout-flow\">\n<h2 class=\"wp-block-heading\">Olla a presi\u00f3n de acero inoxidable a medida:<\/h2>\n\n\n\n<p>Ofrecemos servicios flexibles de personalizaci\u00f3n OEM y ODM para satisfacer los distintos requisitos del mercado y el posicionamiento de la marca.<\/p>\n\n\n\n<p><strong>Rango de capacidad:\u00a0<\/strong>Elija entre 10-16L para satisfacer las diferentes necesidades de tama\u00f1o de la familia.<\/p>\n\n\n\n<p><strong>Acabado superficial:\u00a0<\/strong>Disponible en pulido espejo (alto brillo), acabado satinado (aspecto cepillado) o revestimiento de color personalizado.<\/p>\n\n\n\n<p><strong>Marca y logotipo:<\/strong><\/p>\n\n\n\n<ul class=\"wp-block-list\">\n<li>Grabado por l\u00e1ser en el cuerpo de la maceta.<\/li>\n\n\n\n<li>Estampado en la parte inferior.<\/li>\n\n\n\n<li>Logotipo personalizado en asas y v\u00e1lvulas de presi\u00f3n.<\/li>\n<\/ul>\n\n\n\n<p><strong>Dise\u00f1o de envases:\u00a0<\/strong>Cajas de colores, manuales de instrucciones y cajas de env\u00edo totalmente personalizados con la identidad visual de su marca.<\/p>\n<\/div>\n<\/div>","protected":false},"excerpt":{"rendered":"<p>Como gran fabricante de ollas a presi\u00f3n, vendemos al por mayor ollas a presi\u00f3n con doble asa y dise\u00f1o inteligente de cierre a presi\u00f3n, seguras y pr\u00e1cticas, adecuadas para uso comercial y dom\u00e9stico. Precio de f\u00e1brica, personalizaci\u00f3n OEM, suministro estable. \u00a1Bienvenido a preguntar hoy!<\/p>\n<h2>Especificaciones de la olla a presi\u00f3n:<\/h2>\n<table width=\"402\">\n<tbody>\n<tr>\n<td width=\"145\">Fabricante<\/td>\n<td width=\"257\">Linkton<\/td>\n<\/tr>\n<tr>\n<td width=\"145\">N\u00ba de modelo<\/td>\n<td width=\"257\">LT-SB<\/td>\n<\/tr>\n<tr>\n<td width=\"145\">Capacidad<\/td>\n<td width=\"257\">10L\/ 12L\/ 16L<\/td>\n<\/tr>\n<tr>\n<td>Material<\/td>\n<td>Acero inoxidable<\/td>\n<\/tr>\n<tr>\n<td>Funci\u00f3n<\/td>\n<td width=\"257\">\n<p>1. Dise\u00f1o de doble asa<br \/>2. Indicador de presi\u00f3n de punto rojo inteligente y bloqueo de seguridad<br \/>3. Seis protecciones pesadas<br \/>4. 80 kpa de presi\u00f3n<br \/>5. Seguridad a prueba de explosiones<br \/>7. Limpieza c\u00f3moda<\/p>\n<\/td>\n<\/tr>\n<tr>\n<td>Estufa aplicable<\/td>\n<td>Cocina\/Estufa de inducci\u00f3n\/Estufa de gas\/Estufa el\u00e9ctrica\/Estufa de cer\u00e1mica\/Estufa hal\u00f3gena<\/td>\n<\/tr>\n<tr>\n<td>Configuraci\u00f3n<\/td>\n<td width=\"257\">Manual\/V\u00e1lvula limitadora de presi\u00f3n\/Taz\u00f3n antiderrame\/Aguja de limpieza<\/td>\n<\/tr>\n<tr>\n<td>OEM\/ODM<\/td>\n<td>Aceptable<\/td>\n<\/tr>\n<tr>\n<td>Muestra<\/td>\n<td>MOQ 1 pieza<\/td>\n<\/tr>\n<\/tbody>\n<\/table>","protected":false},"featured_media":3137,"template":"","meta":{"_acf_changed":false},"product-application":[],"product-capacity":[],"product_brand":[],"product_cat":[55],"product_tag":[85],"class_list":{"0":"post-3164","1":"product","2":"type-product","3":"status-publish","4":"has-post-thumbnail","6":"product_cat-pressure-cooker-wholesale","7":"product_tag-stainless-steel-pressure-cooker-wholesale","9":"first","10":"instock","11":"shipping-taxable","12":"product-type-simple"},"acf":[],"_links":{"self":[{"href":"https:\/\/www.linktonkitchen.com\/es\/wp-json\/wp\/v2\/product\/3164","targetHints":{"allow":["GET"]}}],"collection":[{"href":"https:\/\/www.linktonkitchen.com\/es\/wp-json\/wp\/v2\/product"}],"about":[{"href":"https:\/\/www.linktonkitchen.com\/es\/wp-json\/wp\/v2\/types\/product"}],"version-history":[{"count":0,"href":"https:\/\/www.linktonkitchen.com\/es\/wp-json\/wp\/v2\/product\/3164\/revisions"}],"wp:featuredmedia":[{"embeddable":true,"href":"https:\/\/www.linktonkitchen.com\/es\/wp-json\/wp\/v2\/media\/3137"}],"wp:attachment":[{"href":"https:\/\/www.linktonkitchen.com\/es\/wp-json\/wp\/v2\/media?parent=3164"}],"wp:term":[{"taxonomy":"product-application","embeddable":true,"href":"https:\/\/www.linktonkitchen.com\/es\/wp-json\/wp\/v2\/product-application?post=3164"},{"taxonomy":"product-capacity","embeddable":true,"href":"https:\/\/www.linktonkitchen.com\/es\/wp-json\/wp\/v2\/product-capacity?post=3164"},{"taxonomy":"product_brand","embeddable":true,"href":"https:\/\/www.linktonkitchen.com\/es\/wp-json\/wp\/v2\/product_brand?post=3164"},{"taxonomy":"product_cat","embeddable":true,"href":"https:\/\/www.linktonkitchen.com\/es\/wp-json\/wp\/v2\/product_cat?post=3164"},{"taxonomy":"product_tag","embeddable":true,"href":"https:\/\/www.linktonkitchen.com\/es\/wp-json\/wp\/v2\/product_tag?post=3164"}],"curies":[{"name":"wp","href":"https:\/\/api.w.org\/{rel}","templated":true}]}}