{"id":3216,"date":"2024-04-21T09:38:19","date_gmt":"2024-04-21T09:38:19","guid":{"rendered":"https:\/\/linktonkitchen.com\/?post_type=product&#038;p=3216"},"modified":"2024-06-01T12:26:35","modified_gmt":"2024-06-01T12:26:35","slug":"gn-pan","status":"publish","type":"product","link":"https:\/\/www.linktonkitchen.com\/es\/product\/gn-pan\/","title":{"rendered":"Tama\u00f1o completo GN Pan Almacenamiento de alimentos de acero inoxidable"},"content":{"rendered":"<div class=\"wp-block-columns is-layout-flex wp-container-core-columns-is-layout-9d6595d7 wp-block-columns-is-layout-flex\">\n<div class=\"wp-block-column is-vertically-aligned-center is-layout-flow wp-block-column-is-layout-flow\">\n<h3 class=\"wp-block-heading\"><strong>GN Pan para Hotel, <\/strong>Restaurante, Escuela, <strong><strong>Cafeter\u00edas Buffet Servir<\/strong><\/strong><\/h3>\n\n\n\n<p>Linkton ofrece una gama de sartenes GN que son uno de los equipos de cocci\u00f3n, almacenamiento, calentamiento y transporte m\u00e1s utilizados en hoteles, restaurantes, escuelas, hospitales, cafeter\u00edas y cocinas.<\/p>\n\n\n\n<h3 class=\"wp-block-heading\"><br><strong>GN Pan<\/strong> Materiales:<\/h3>\n\n\n\n<p>Las sartenes GN de Linkton est\u00e1n fabricadas en acero inoxidable de calidad alimentaria, que es duradero, f\u00e1cil de limpiar y resistente a la corrosi\u00f3n.<\/p>\n<\/div>\n\n\n\n<div class=\"wp-block-column is-vertically-aligned-center is-layout-flow wp-block-column-is-layout-flow\"><div class=\"wp-block-image\">\n<figure class=\"aligncenter size-full is-resized\"><img fetchpriority=\"high\" decoding=\"async\" width=\"800\" height=\"800\" src=\"https:\/\/linktonkitchen.com\/wp-content\/uploads\/2024\/04\/GN-pan-wholesale-3.webp\" alt=\"GN pan al por mayor\" class=\"wp-image-3227\" style=\"width:342px;height:auto\" srcset=\"https:\/\/www.linktonkitchen.com\/wp-content\/uploads\/2024\/04\/GN-pan-wholesale-3.webp 800w, https:\/\/www.linktonkitchen.com\/wp-content\/uploads\/2024\/04\/GN-pan-wholesale-3-300x300.webp 300w, https:\/\/www.linktonkitchen.com\/wp-content\/uploads\/2024\/04\/GN-pan-wholesale-3-150x150.webp 150w, https:\/\/www.linktonkitchen.com\/wp-content\/uploads\/2024\/04\/GN-pan-wholesale-3-768x768.webp 768w, https:\/\/www.linktonkitchen.com\/wp-content\/uploads\/2024\/04\/GN-pan-wholesale-3-285x285.webp 285w, https:\/\/www.linktonkitchen.com\/wp-content\/uploads\/2024\/04\/GN-pan-wholesale-3-270x270.webp 270w, https:\/\/www.linktonkitchen.com\/wp-content\/uploads\/2024\/04\/GN-pan-wholesale-3-540x540.webp 540w, https:\/\/www.linktonkitchen.com\/wp-content\/uploads\/2024\/04\/GN-pan-wholesale-3-660x660.webp 660w\" sizes=\"(max-width: 800px) 100vw, 800px\" \/><\/figure>\n<\/div><\/div>\n<\/div>\n\n\n\n<div class=\"wp-block-columns is-layout-flex wp-container-core-columns-is-layout-9d6595d7 wp-block-columns-is-layout-flex\">\n<div class=\"wp-block-column is-vertically-aligned-center is-layout-flow wp-block-column-is-layout-flow\"><\/div>\n<\/div>\n\n\n\n<div class=\"wp-block-columns is-layout-flex wp-container-core-columns-is-layout-9d6595d7 wp-block-columns-is-layout-flex\">\n<div class=\"wp-block-column is-layout-flow wp-block-column-is-layout-flow\">\n<figure class=\"wp-block-image size-full\"><img decoding=\"async\" width=\"800\" height=\"800\" src=\"https:\/\/linktonkitchen.com\/wp-content\/uploads\/2024\/04\/GN-pan-wholesale-6.webp\" alt=\"GN pan al por mayor\" class=\"wp-image-3230\" srcset=\"https:\/\/www.linktonkitchen.com\/wp-content\/uploads\/2024\/04\/GN-pan-wholesale-6.webp 800w, https:\/\/www.linktonkitchen.com\/wp-content\/uploads\/2024\/04\/GN-pan-wholesale-6-300x300.webp 300w, https:\/\/www.linktonkitchen.com\/wp-content\/uploads\/2024\/04\/GN-pan-wholesale-6-150x150.webp 150w, https:\/\/www.linktonkitchen.com\/wp-content\/uploads\/2024\/04\/GN-pan-wholesale-6-768x768.webp 768w, https:\/\/www.linktonkitchen.com\/wp-content\/uploads\/2024\/04\/GN-pan-wholesale-6-285x285.webp 285w, https:\/\/www.linktonkitchen.com\/wp-content\/uploads\/2024\/04\/GN-pan-wholesale-6-270x270.webp 270w, https:\/\/www.linktonkitchen.com\/wp-content\/uploads\/2024\/04\/GN-pan-wholesale-6-540x540.webp 540w, https:\/\/www.linktonkitchen.com\/wp-content\/uploads\/2024\/04\/GN-pan-wholesale-6-660x660.webp 660w\" sizes=\"(max-width: 800px) 100vw, 800px\" \/><\/figure>\n<\/div>\n\n\n\n<div class=\"wp-block-column is-layout-flow wp-block-column-is-layout-flow\">\n<h3 class=\"wp-block-heading\"><strong>GN Pan<\/strong> Materiales <strong>Caracter\u00edsticas:<\/strong><\/h3>\n\n\n\n<p>* F\u00e1cil de limpiar y se seca r\u00e1pidamente.<br>* Resistente a la corrosi\u00f3n, ins\u00edpido e inodoro.<\/p>\n\n\n\n<p>* Las sartenes GN pueden calentarse y hornearse uniformemente gracias a la conductividad t\u00e9rmica superior del acero inoxidable.\u00a0<\/p>\n\n\n\n<p>* Con el dise\u00f1o de borde alto, las cacerolas GN pueden ser a prueba de fugas y evitar que el l\u00edquido fluya por todas partes.\u00a0<\/p>\n\n\n\n<p>* Con un dise\u00f1o en forma de rizo alrededor, GN Pans es ideal para facilitar el manejo y evitar ara\u00f1azos en las manos.<\/p>\n\n\n\n<p>* Adecuado para cocinas, hoteles, restaurantes, etc.<\/p>\n<\/div>\n<\/div>","protected":false},"excerpt":{"rendered":"<p>linkon, fabricante de la sart\u00e9n GN, vende al por mayor sartenes GN de tama\u00f1o normal en acero inoxidable apto para uso alimentario, duraderas y f\u00e1ciles de limpiar. Proporcionamos soluciones de envasado con logotipo personalizadas para cada cliente.<\/p>\n<h2>Especificaciones de <strong>GN Pan<\/strong>:<\/h2>\n<table border=\"0\" width=\"146\" cellspacing=\"0\" cellpadding=\"0\">\n<tbody>\n<tr>\n<td width=\"73\" height=\"23\">Fabricante<\/td>\n<td width=\"73\">Linkton<\/td>\n<\/tr>\n<tr>\n<td height=\"23\">Material<\/td>\n<td>Acero inoxidable<\/td>\n<\/tr>\n<tr>\n<td height=\"69\">Talla<\/td>\n<td>1\/1,1\/2, 1\/3, 1\/4, 1\/6, 1\/9 recipiente gastronorm<\/td>\n<\/tr>\n<tr>\n<td height=\"23\">Espesor<\/td>\n<td>0,7 mm, 0,8 mm, 1,0 mm, 1,2 mm Espesor de la bandeja gn<\/td>\n<\/tr>\n<tr>\n<td height=\"115\">Muestra<\/td>\n<td>Gratis<\/td>\n<\/tr>\n<tr>\n<td height=\"30\">Personalizaci\u00f3n<\/td>\n<td>Soporta LOGO personalizado en el producto y el paquete, y soporta diferentes paquetes, tales como bolsa \/ bulto \/ cart\u00f3n o como las peticiones del cliente<\/td>\n<\/tr>\n<\/tbody>\n<\/table>","protected":false},"featured_media":3229,"template":"","meta":{"_acf_changed":false},"product-application":[],"product-capacity":[],"product_brand":[],"product_cat":[57],"product_tag":[],"class_list":{"0":"post-3216","1":"product","2":"type-product","3":"status-publish","4":"has-post-thumbnail","6":"product_cat-gn-pan-wholesale","8":"first","9":"instock","10":"shipping-taxable","11":"product-type-simple"},"acf":[],"_links":{"self":[{"href":"https:\/\/www.linktonkitchen.com\/es\/wp-json\/wp\/v2\/product\/3216","targetHints":{"allow":["GET"]}}],"collection":[{"href":"https:\/\/www.linktonkitchen.com\/es\/wp-json\/wp\/v2\/product"}],"about":[{"href":"https:\/\/www.linktonkitchen.com\/es\/wp-json\/wp\/v2\/types\/product"}],"version-history":[{"count":0,"href":"https:\/\/www.linktonkitchen.com\/es\/wp-json\/wp\/v2\/product\/3216\/revisions"}],"wp:featuredmedia":[{"embeddable":true,"href":"https:\/\/www.linktonkitchen.com\/es\/wp-json\/wp\/v2\/media\/3229"}],"wp:attachment":[{"href":"https:\/\/www.linktonkitchen.com\/es\/wp-json\/wp\/v2\/media?parent=3216"}],"wp:term":[{"taxonomy":"product-application","embeddable":true,"href":"https:\/\/www.linktonkitchen.com\/es\/wp-json\/wp\/v2\/product-application?post=3216"},{"taxonomy":"product-capacity","embeddable":true,"href":"https:\/\/www.linktonkitchen.com\/es\/wp-json\/wp\/v2\/product-capacity?post=3216"},{"taxonomy":"product_brand","embeddable":true,"href":"https:\/\/www.linktonkitchen.com\/es\/wp-json\/wp\/v2\/product_brand?post=3216"},{"taxonomy":"product_cat","embeddable":true,"href":"https:\/\/www.linktonkitchen.com\/es\/wp-json\/wp\/v2\/product_cat?post=3216"},{"taxonomy":"product_tag","embeddable":true,"href":"https:\/\/www.linktonkitchen.com\/es\/wp-json\/wp\/v2\/product_tag?post=3216"}],"curies":[{"name":"wp","href":"https:\/\/api.w.org\/{rel}","templated":true}]}}