{"id":3293,"date":"2024-04-22T09:54:34","date_gmt":"2024-04-22T09:54:34","guid":{"rendered":"https:\/\/linktonkitchen.com\/?post_type=product&#038;p=3293"},"modified":"2026-02-05T07:18:38","modified_gmt":"2026-02-05T07:18:38","slug":"olla-a-presion-china","status":"publish","type":"product","link":"https:\/\/www.linktonkitchen.com\/es\/product\/china-pressure-cooker\/","title":{"rendered":"Mayorista China Olla a presi\u00f3n,Olla de acero inoxidable con asa roja a granel"},"content":{"rendered":"<div class=\"wp-block-columns is-layout-flex wp-container-core-columns-is-layout-9d6595d7 wp-block-columns-is-layout-flex\">\n<div class=\"wp-block-column is-layout-flow wp-block-column-is-layout-flow\">\n<h2 class=\"wp-block-heading\">Par\u00e1metros de la olla a presi\u00f3n de China: <\/h2>\n\n\n\n<figure class=\"wp-block-table\"><table><tbody><tr><td>N\u00ba de modelo<\/td><td>Capacidad<\/td><td>Di\u00e1metro de la boca<\/td><td>Peso bruto (kg)<\/td><\/tr><tr><td rowspan=\"4\">LT-OX<\/td><td>6L<\/td><td>22 cm<\/td><td>2,67 kg<\/td><\/tr><tr><td>7L<\/td><td>24 cm<\/td><td>3,25 kg<\/td><\/tr><tr><td>9L<\/td><td>26 cm<\/td><td>4,01 kg<\/td><\/tr><tr><td>11L<\/td><td>28 cm<\/td><td>4,41 kg<\/td><\/tr><\/tbody><\/table><\/figure>\n\n\n\n<h2 class=\"wp-block-heading\">Olla a presi\u00f3n China Caracter\u00edsticas:<\/h2>\n\n\n\n<p><strong>Cuerpo cl\u00e1sico en forma de O: <\/strong>Dise\u00f1o tradicional del cuerpo de la olla en forma de O, que garantiza una transferencia uniforme del calor y un rendimiento estable de la cocci\u00f3n a presi\u00f3n, y se adapta a una amplia gama de mercados internacionales.<\/p>\n\n\n\n<p><strong>Sistema de tapa Push-and-Lock f\u00e1cil de usar: <\/strong>Equipado con un sistema de tapa de empuje para bloquear y tirar para abrir para un funcionamiento r\u00e1pido y seguro.<\/p>\n\n\n\n<p><strong>Llamativo dise\u00f1o floral de la tapa: <\/strong>La tapa est\u00e1 decorada con un bonito estampado de flores rojas, que a\u00f1ade atractivo visual y una elegante est\u00e9tica a la bater\u00eda de cocina.<\/p>\n\n\n\n<p><strong>Mango ergon\u00f3mico rojo: <\/strong>Mango duradero de color rojo que proporciona un agarre c\u00f3modo y resistente al calor.<\/p>\n\n\n\n<p><strong>Construcci\u00f3n de acero inoxidable de alta calidad:<\/strong> Fabricada en acero inoxidable de calidad alimentaria, resistente a la oxidaci\u00f3n y al desgaste diario. Superficie pulida para una limpieza f\u00e1cil y un brillo duradero.<\/p>\n\n\n\n<p><strong>Compatible con m\u00faltiples fuentes de calor: <\/strong>Apto para cocinas de gas, inducci\u00f3n y vitrocer\u00e1mica, ofrece flexibilidad para un uso dom\u00e9stico global.<\/p>\n<\/div>\n\n\n\n<div class=\"wp-block-column is-layout-flow wp-block-column-is-layout-flow\">\n<figure class=\"wp-block-image size-full\"><img fetchpriority=\"high\" decoding=\"async\" width=\"800\" height=\"800\" src=\"https:\/\/www.linktonkitchen.com\/wp-content\/uploads\/2024\/04\/wholesale-china-pressure-cooker-stainless-steel.webp\" alt=\"venta al por mayor olla a presion de acero inoxidable china\" class=\"wp-image-7416\" srcset=\"https:\/\/www.linktonkitchen.com\/wp-content\/uploads\/2024\/04\/wholesale-china-pressure-cooker-stainless-steel.webp 800w, https:\/\/www.linktonkitchen.com\/wp-content\/uploads\/2024\/04\/wholesale-china-pressure-cooker-stainless-steel-300x300.webp 300w, https:\/\/www.linktonkitchen.com\/wp-content\/uploads\/2024\/04\/wholesale-china-pressure-cooker-stainless-steel-150x150.webp 150w, https:\/\/www.linktonkitchen.com\/wp-content\/uploads\/2024\/04\/wholesale-china-pressure-cooker-stainless-steel-768x768.webp 768w, https:\/\/www.linktonkitchen.com\/wp-content\/uploads\/2024\/04\/wholesale-china-pressure-cooker-stainless-steel-12x12.webp 12w, https:\/\/www.linktonkitchen.com\/wp-content\/uploads\/2024\/04\/wholesale-china-pressure-cooker-stainless-steel-285x285.webp 285w, https:\/\/www.linktonkitchen.com\/wp-content\/uploads\/2024\/04\/wholesale-china-pressure-cooker-stainless-steel-270x270.webp 270w, https:\/\/www.linktonkitchen.com\/wp-content\/uploads\/2024\/04\/wholesale-china-pressure-cooker-stainless-steel-540x540.webp 540w, https:\/\/www.linktonkitchen.com\/wp-content\/uploads\/2024\/04\/wholesale-china-pressure-cooker-stainless-steel-660x660.webp 660w\" sizes=\"(max-width: 800px) 100vw, 800px\" \/><\/figure>\n<\/div>\n<\/div>\n\n\n\n<div class=\"wp-block-columns is-layout-flex wp-container-core-columns-is-layout-9d6595d7 wp-block-columns-is-layout-flex\">\n<div class=\"wp-block-column is-vertically-aligned-top is-layout-flow wp-block-column-is-layout-flow\">\n<figure class=\"wp-block-image size-full\"><img decoding=\"async\" width=\"750\" height=\"750\" src=\"https:\/\/www.linktonkitchen.com\/wp-content\/uploads\/2024\/04\/wholesale-stainless-steel-pressure-cooker-china-3.webp\" alt=\"venta al por mayor olla a presion de acero inoxidable china\" class=\"wp-image-7419\" srcset=\"https:\/\/www.linktonkitchen.com\/wp-content\/uploads\/2024\/04\/wholesale-stainless-steel-pressure-cooker-china-3.webp 750w, https:\/\/www.linktonkitchen.com\/wp-content\/uploads\/2024\/04\/wholesale-stainless-steel-pressure-cooker-china-3-300x300.webp 300w, https:\/\/www.linktonkitchen.com\/wp-content\/uploads\/2024\/04\/wholesale-stainless-steel-pressure-cooker-china-3-150x150.webp 150w, https:\/\/www.linktonkitchen.com\/wp-content\/uploads\/2024\/04\/wholesale-stainless-steel-pressure-cooker-china-3-12x12.webp 12w, https:\/\/www.linktonkitchen.com\/wp-content\/uploads\/2024\/04\/wholesale-stainless-steel-pressure-cooker-china-3-285x285.webp 285w, https:\/\/www.linktonkitchen.com\/wp-content\/uploads\/2024\/04\/wholesale-stainless-steel-pressure-cooker-china-3-270x270.webp 270w, https:\/\/www.linktonkitchen.com\/wp-content\/uploads\/2024\/04\/wholesale-stainless-steel-pressure-cooker-china-3-540x540.webp 540w, https:\/\/www.linktonkitchen.com\/wp-content\/uploads\/2024\/04\/wholesale-stainless-steel-pressure-cooker-china-3-660x660.webp 660w\" sizes=\"(max-width: 750px) 100vw, 750px\" \/><\/figure>\n<\/div>\n\n\n\n<div class=\"wp-block-column is-vertically-aligned-top is-layout-flow wp-block-column-is-layout-flow\">\n<h2 class=\"wp-block-heading\">Olla a presi\u00f3n a medida:<\/h2>\n\n\n\n<p>Linkton ofrece servicios flexibles de personalizaci\u00f3n OEM y ODM para satisfacer las diferentes necesidades del mercado y el posicionamiento de la marca.<\/p>\n\n\n\n<p><strong>Rango de capacidad:\u00a0<\/strong>Elija entre 6-11L para satisfacer las necesidades de diferentes tama\u00f1os de familias.<\/p>\n\n\n\n<p><strong>Acabado superficial:&nbsp;<\/strong>Disponible en pulido espejo (alto brillo), acabado satinado (aspecto cepillado) o revestimiento de color personalizado.<\/p>\n\n\n\n<p><strong>Marca y logotipo:<\/strong><\/p>\n\n\n\n<ul class=\"wp-block-list\">\n<li>Grabado por l\u00e1ser en el cuerpo de la maceta.<\/li>\n\n\n\n<li>Estampado en la parte inferior.<\/li>\n\n\n\n<li>Logotipo personalizado en asas y v\u00e1lvulas de presi\u00f3n.<\/li>\n<\/ul>\n\n\n\n<p><strong>Dise\u00f1o de envases:&nbsp;<\/strong>Cajas de color, manuales de instrucciones y cajas de env\u00edo totalmente personalizados con la identidad visual de su marca.<\/p>\n<\/div>\n<\/div>\n\n\n\n<div class=\"wp-block-columns is-layout-flex wp-container-core-columns-is-layout-9d6595d7 wp-block-columns-is-layout-flex\">\n<div class=\"wp-block-column is-layout-flow wp-block-column-is-layout-flow\">\n<figure class=\"wp-block-image size-full\"><img decoding=\"async\" width=\"750\" height=\"750\" src=\"https:\/\/linktonkitchen.com\/wp-content\/uploads\/2024\/04\/O-shape-Pressure-Cooker-4-1.webp\" alt=\"Mayorista de ollas a presi\u00f3n\" class=\"wp-image-3335\" srcset=\"https:\/\/www.linktonkitchen.com\/wp-content\/uploads\/2024\/04\/O-shape-Pressure-Cooker-4-1.webp 750w, https:\/\/www.linktonkitchen.com\/wp-content\/uploads\/2024\/04\/O-shape-Pressure-Cooker-4-1-300x300.webp 300w, https:\/\/www.linktonkitchen.com\/wp-content\/uploads\/2024\/04\/O-shape-Pressure-Cooker-4-1-150x150.webp 150w, https:\/\/www.linktonkitchen.com\/wp-content\/uploads\/2024\/04\/O-shape-Pressure-Cooker-4-1-285x285.webp 285w, https:\/\/www.linktonkitchen.com\/wp-content\/uploads\/2024\/04\/O-shape-Pressure-Cooker-4-1-270x270.webp 270w, https:\/\/www.linktonkitchen.com\/wp-content\/uploads\/2024\/04\/O-shape-Pressure-Cooker-4-1-540x540.webp 540w, https:\/\/www.linktonkitchen.com\/wp-content\/uploads\/2024\/04\/O-shape-Pressure-Cooker-4-1-660x660.webp 660w\" sizes=\"(max-width: 750px) 100vw, 750px\" \/><\/figure>\n<\/div>\n\n\n\n<div class=\"wp-block-column is-layout-flow wp-block-column-is-layout-flow\">\n<figure class=\"wp-block-image size-full\"><img loading=\"lazy\" decoding=\"async\" width=\"3000\" height=\"3000\" src=\"https:\/\/linktonkitchen.com\/wp-content\/uploads\/2024\/04\/O-shape-Pressure-Cooker-3-1.webp\" alt=\"Mayorista de ollas a presi\u00f3n\" class=\"wp-image-3334\" srcset=\"https:\/\/www.linktonkitchen.com\/wp-content\/uploads\/2024\/04\/O-shape-Pressure-Cooker-3-1.webp 3000w, https:\/\/www.linktonkitchen.com\/wp-content\/uploads\/2024\/04\/O-shape-Pressure-Cooker-3-1-300x300.webp 300w, https:\/\/www.linktonkitchen.com\/wp-content\/uploads\/2024\/04\/O-shape-Pressure-Cooker-3-1-150x150.webp 150w, https:\/\/www.linktonkitchen.com\/wp-content\/uploads\/2024\/04\/O-shape-Pressure-Cooker-3-1-768x768.webp 768w, https:\/\/www.linktonkitchen.com\/wp-content\/uploads\/2024\/04\/O-shape-Pressure-Cooker-3-1-285x285.webp 285w, https:\/\/www.linktonkitchen.com\/wp-content\/uploads\/2024\/04\/O-shape-Pressure-Cooker-3-1-1600x1600.webp 1600w, https:\/\/www.linktonkitchen.com\/wp-content\/uploads\/2024\/04\/O-shape-Pressure-Cooker-3-1-270x270.webp 270w, https:\/\/www.linktonkitchen.com\/wp-content\/uploads\/2024\/04\/O-shape-Pressure-Cooker-3-1-540x540.webp 540w, https:\/\/www.linktonkitchen.com\/wp-content\/uploads\/2024\/04\/O-shape-Pressure-Cooker-3-1-660x660.webp 660w\" sizes=\"(max-width: 3000px) 100vw, 3000px\" \/><\/figure>\n<\/div>\n<\/div>","protected":false},"excerpt":{"rendered":"<p>Mayorista de China olla a presi\u00f3n, hecha de acero inoxidable de alta calidad, con una superficie pulida y patrones de rosa, un mango rojo, hermoso y pr\u00e1ctico. 6-11L opiniones de capacidad, gran capacidad adecuada para cualquier escena. \u00a1Suministro a granel, apoyar la personalizaci\u00f3n OEM, bienvenido a preguntar!<\/p>\n<h2><strong>China<\/strong> <strong>Olla a presi\u00f3n <\/strong>Especificaciones:<\/h2>\n<p>Configuraci\u00f3nManual\/V\u00e1lvula limitadora de presi\u00f3n\/Taz\u00f3n antiderrame\/Aguja de limpieza<\/p>\n<table width=\"402\">\n<tbody>\n<tr>\n<td width=\"145\">Fabricante<\/td>\n<td width=\"257\">Linkton<\/td>\n<\/tr>\n<tr>\n<td width=\"145\">N\u00ba de modelo<\/td>\n<td width=\"257\">LT-OX<\/td>\n<\/tr>\n<tr>\n<td width=\"145\">Capacidad<\/td>\n<td width=\"257\">6L\/ 7L\/ 9L\/ 11L\/<\/td>\n<\/tr>\n<tr>\n<td>Material<\/td>\n<td>Acero inoxidable<\/td>\n<\/tr>\n<tr>\n<td>Funci\u00f3n<\/td>\n<td width=\"257\">1. Tapa con cierre a presi\u00f3n<br \/>2. Seis protecciones pesadas<br \/>3. 80 kpa de presi\u00f3n<br \/>4. Seguridad a prueba de explosiones<br \/>5. Limpieza c\u00f3moda<\/td>\n<\/tr>\n<tr>\n<td>Estufa aplicable<\/td>\n<td>Cocina\/Estufa de inducci\u00f3n\/Estufa de gas\/Estufa el\u00e9ctrica\/Estufa de cer\u00e1mica\/Estufa hal\u00f3gena<\/td>\n<\/tr>\n<tr>\n<td>OEM\/ODM<\/td>\n<td>Aceptable<\/td>\n<\/tr>\n<tr>\n<td>Muestra<\/td>\n<td>MOQ 1 pieza<\/td>\n<\/tr>\n<\/tbody>\n<\/table>","protected":false},"featured_media":7420,"template":"","meta":{"_acf_changed":false},"product-application":[],"product-capacity":[],"product_brand":[],"product_cat":[55],"product_tag":[85],"class_list":{"0":"post-3293","1":"product","2":"type-product","3":"status-publish","4":"has-post-thumbnail","6":"product_cat-pressure-cooker-wholesale","7":"product_tag-stainless-steel-pressure-cooker-wholesale","9":"first","10":"instock","11":"shipping-taxable","12":"product-type-simple"},"acf":[],"_links":{"self":[{"href":"https:\/\/www.linktonkitchen.com\/es\/wp-json\/wp\/v2\/product\/3293","targetHints":{"allow":["GET"]}}],"collection":[{"href":"https:\/\/www.linktonkitchen.com\/es\/wp-json\/wp\/v2\/product"}],"about":[{"href":"https:\/\/www.linktonkitchen.com\/es\/wp-json\/wp\/v2\/types\/product"}],"version-history":[{"count":0,"href":"https:\/\/www.linktonkitchen.com\/es\/wp-json\/wp\/v2\/product\/3293\/revisions"}],"wp:featuredmedia":[{"embeddable":true,"href":"https:\/\/www.linktonkitchen.com\/es\/wp-json\/wp\/v2\/media\/7420"}],"wp:attachment":[{"href":"https:\/\/www.linktonkitchen.com\/es\/wp-json\/wp\/v2\/media?parent=3293"}],"wp:term":[{"taxonomy":"product-application","embeddable":true,"href":"https:\/\/www.linktonkitchen.com\/es\/wp-json\/wp\/v2\/product-application?post=3293"},{"taxonomy":"product-capacity","embeddable":true,"href":"https:\/\/www.linktonkitchen.com\/es\/wp-json\/wp\/v2\/product-capacity?post=3293"},{"taxonomy":"product_brand","embeddable":true,"href":"https:\/\/www.linktonkitchen.com\/es\/wp-json\/wp\/v2\/product_brand?post=3293"},{"taxonomy":"product_cat","embeddable":true,"href":"https:\/\/www.linktonkitchen.com\/es\/wp-json\/wp\/v2\/product_cat?post=3293"},{"taxonomy":"product_tag","embeddable":true,"href":"https:\/\/www.linktonkitchen.com\/es\/wp-json\/wp\/v2\/product_tag?post=3293"}],"curies":[{"name":"wp","href":"https:\/\/api.w.org\/{rel}","templated":true}]}}