{"id":3327,"date":"2024-04-22T10:55:50","date_gmt":"2024-04-22T10:55:50","guid":{"rendered":"https:\/\/linktonkitchen.com\/?post_type=product&#038;p=3327"},"modified":"2024-06-01T11:12:51","modified_gmt":"2024-06-01T11:12:51","slug":"calientaplatos-cuadrado","status":"publish","type":"product","link":"https:\/\/www.linktonkitchen.com\/es\/product\/square-chafing-dish\/","title":{"rendered":"Chafing Dish Cuadrado Personalizado Acero Inoxidable 6L"},"content":{"rendered":"<p><\/p>\n\n\n\n<div class=\"wp-block-columns is-layout-flex wp-container-core-columns-is-layout-9d6595d7 wp-block-columns-is-layout-flex\">\n<div class=\"wp-block-column is-vertically-aligned-center is-layout-flow wp-block-column-is-layout-flow\">\n<h3 class=\"wp-block-heading\"><strong>Par\u00e1metros del plato hondo cuadrado<\/strong><\/h3>\n\n\n\n<figure class=\"wp-block-table\"><table><tbody><tr><td>N\u00ba de modelo<\/td><td>Talla<\/td><td>Capacidad<\/td><td>Peso<\/td><\/tr><tr><td>LT-422<\/td><td>38*35*18<\/td><td>6L<\/td><td>5,3 kg\/unidad<\/td><\/tr><\/tbody><\/table><\/figure>\n<\/div>\n\n\n\n<div class=\"wp-block-column is-vertically-aligned-center is-layout-flow wp-block-column-is-layout-flow\"><div class=\"wp-block-image\">\n<figure class=\"aligncenter size-full is-resized\"><img fetchpriority=\"high\" decoding=\"async\" width=\"800\" height=\"800\" src=\"https:\/\/linktonkitchen.com\/wp-content\/uploads\/2024\/04\/buffet-set-wholesale-4.webp\" alt=\"juego de buffet al por mayor\" class=\"wp-image-3302\" style=\"width:404px;height:auto\" srcset=\"https:\/\/www.linktonkitchen.com\/wp-content\/uploads\/2024\/04\/buffet-set-wholesale-4.webp 800w, https:\/\/www.linktonkitchen.com\/wp-content\/uploads\/2024\/04\/buffet-set-wholesale-4-300x300.webp 300w, https:\/\/www.linktonkitchen.com\/wp-content\/uploads\/2024\/04\/buffet-set-wholesale-4-150x150.webp 150w, https:\/\/www.linktonkitchen.com\/wp-content\/uploads\/2024\/04\/buffet-set-wholesale-4-768x768.webp 768w, https:\/\/www.linktonkitchen.com\/wp-content\/uploads\/2024\/04\/buffet-set-wholesale-4-285x285.webp 285w, https:\/\/www.linktonkitchen.com\/wp-content\/uploads\/2024\/04\/buffet-set-wholesale-4-270x270.webp 270w, https:\/\/www.linktonkitchen.com\/wp-content\/uploads\/2024\/04\/buffet-set-wholesale-4-540x540.webp 540w, https:\/\/www.linktonkitchen.com\/wp-content\/uploads\/2024\/04\/buffet-set-wholesale-4-660x660.webp 660w\" sizes=\"(max-width: 800px) 100vw, 800px\" \/><\/figure>\n<\/div><\/div>\n<\/div>\n\n\n\n<div class=\"wp-block-columns is-layout-flex wp-container-core-columns-is-layout-9d6595d7 wp-block-columns-is-layout-flex\">\n<div class=\"wp-block-column is-vertically-aligned-center is-layout-flow wp-block-column-is-layout-flow\">\n<h3 class=\"wp-block-heading\">A medida <strong><strong>Chafing Dish cuadrado<\/strong><\/strong><\/h3>\n\n\n\n<p>Ofrecemos servicios ODM y OEM. Apoyo LOGO personalizado en el producto y el paquete, y el apoyo a diferentes paquetes, tales como bolsa \/ caja o como las peticiones del cliente. El color se puede personalizar con color plata o color oro o semi-oro plateado.<\/p>\n<\/div>\n<\/div>\n\n\n\n<div class=\"wp-block-columns is-layout-flex wp-container-core-columns-is-layout-9d6595d7 wp-block-columns-is-layout-flex\">\n<div class=\"wp-block-column is-layout-flow wp-block-column-is-layout-flow\">\n<figure class=\"wp-block-image size-full\"><img decoding=\"async\" width=\"800\" height=\"800\" src=\"https:\/\/linktonkitchen.com\/wp-content\/uploads\/2024\/04\/buffet-set-wholesale-1.webp\" alt=\"juego de buffet al por mayor\" class=\"wp-image-3299\" srcset=\"https:\/\/www.linktonkitchen.com\/wp-content\/uploads\/2024\/04\/buffet-set-wholesale-1.webp 800w, https:\/\/www.linktonkitchen.com\/wp-content\/uploads\/2024\/04\/buffet-set-wholesale-1-300x300.webp 300w, https:\/\/www.linktonkitchen.com\/wp-content\/uploads\/2024\/04\/buffet-set-wholesale-1-150x150.webp 150w, https:\/\/www.linktonkitchen.com\/wp-content\/uploads\/2024\/04\/buffet-set-wholesale-1-768x768.webp 768w, https:\/\/www.linktonkitchen.com\/wp-content\/uploads\/2024\/04\/buffet-set-wholesale-1-285x285.webp 285w, https:\/\/www.linktonkitchen.com\/wp-content\/uploads\/2024\/04\/buffet-set-wholesale-1-270x270.webp 270w, https:\/\/www.linktonkitchen.com\/wp-content\/uploads\/2024\/04\/buffet-set-wholesale-1-540x540.webp 540w, https:\/\/www.linktonkitchen.com\/wp-content\/uploads\/2024\/04\/buffet-set-wholesale-1-660x660.webp 660w\" sizes=\"(max-width: 800px) 100vw, 800px\" \/><\/figure>\n<\/div>\n\n\n\n<div class=\"wp-block-column is-layout-flow wp-block-column-is-layout-flow\">\n<figure class=\"wp-block-image size-full\"><img decoding=\"async\" width=\"800\" height=\"800\" src=\"https:\/\/linktonkitchen.com\/wp-content\/uploads\/2024\/04\/buffet-set-wholesale-2.webp\" alt=\"juego de buffet al por mayor\" class=\"wp-image-3300\" srcset=\"https:\/\/www.linktonkitchen.com\/wp-content\/uploads\/2024\/04\/buffet-set-wholesale-2.webp 800w, https:\/\/www.linktonkitchen.com\/wp-content\/uploads\/2024\/04\/buffet-set-wholesale-2-300x300.webp 300w, https:\/\/www.linktonkitchen.com\/wp-content\/uploads\/2024\/04\/buffet-set-wholesale-2-150x150.webp 150w, https:\/\/www.linktonkitchen.com\/wp-content\/uploads\/2024\/04\/buffet-set-wholesale-2-768x768.webp 768w, https:\/\/www.linktonkitchen.com\/wp-content\/uploads\/2024\/04\/buffet-set-wholesale-2-285x285.webp 285w, https:\/\/www.linktonkitchen.com\/wp-content\/uploads\/2024\/04\/buffet-set-wholesale-2-270x270.webp 270w, https:\/\/www.linktonkitchen.com\/wp-content\/uploads\/2024\/04\/buffet-set-wholesale-2-540x540.webp 540w, https:\/\/www.linktonkitchen.com\/wp-content\/uploads\/2024\/04\/buffet-set-wholesale-2-660x660.webp 660w\" sizes=\"(max-width: 800px) 100vw, 800px\" \/><\/figure>\n<\/div>\n<\/div>","protected":false},"excerpt":{"rendered":"<p>De alta calidad Cuadrado Chafing Dish de Linkton proveedor de equipos de catering de acero inoxidable, tiene una opci\u00f3n de 5-6qt, se puede personalizar el logotipo, tama\u00f1o, embalaje para chafing dish soluciones a granel. P\u00f3ngase en contacto para el precio barato y bajo MOQ.<\/p>\n<h2>Especificaciones del Chafing Dish cuadrado:<\/h2>\n<table width=\"402\">\n<tbody>\n<tr>\n<td width=\"145\">Fabricante<\/td>\n<td width=\"257\">Linkton<\/td>\n<\/tr>\n<tr>\n<td>Material<\/td>\n<td>Acero inoxidable<\/td>\n<\/tr>\n<tr>\n<td>Configuraci\u00f3n<\/td>\n<td width=\"257\">Bandeja de comida\/agua<\/td>\n<\/tr>\n<tr>\n<td>Calefacci\u00f3n<\/td>\n<td>\n<p>Calefacci\u00f3n el\u00e9ctrica<\/p>\n<\/td>\n<\/tr>\n<tr>\n<td>Tapa<\/td>\n<td width=\"257\">Tapa de cristal hidr\u00e1ulica<\/td>\n<\/tr>\n<tr>\n<td>OEM\/ODM<\/td>\n<td>Aceptable<\/td>\n<\/tr>\n<tr>\n<td>Muestra<\/td>\n<td>MOQ 1 pieza<\/td>\n<\/tr>\n<\/tbody>\n<\/table>","protected":false},"featured_media":3302,"template":"","meta":{"_acf_changed":false},"product-application":[],"product-capacity":[],"product_brand":[],"product_cat":[58],"product_tag":[],"class_list":{"0":"post-3327","1":"product","2":"type-product","3":"status-publish","4":"has-post-thumbnail","6":"product_cat-wholesale-chafing-dishes","8":"first","9":"instock","10":"shipping-taxable","11":"product-type-simple"},"acf":[],"_links":{"self":[{"href":"https:\/\/www.linktonkitchen.com\/es\/wp-json\/wp\/v2\/product\/3327","targetHints":{"allow":["GET"]}}],"collection":[{"href":"https:\/\/www.linktonkitchen.com\/es\/wp-json\/wp\/v2\/product"}],"about":[{"href":"https:\/\/www.linktonkitchen.com\/es\/wp-json\/wp\/v2\/types\/product"}],"version-history":[{"count":0,"href":"https:\/\/www.linktonkitchen.com\/es\/wp-json\/wp\/v2\/product\/3327\/revisions"}],"wp:featuredmedia":[{"embeddable":true,"href":"https:\/\/www.linktonkitchen.com\/es\/wp-json\/wp\/v2\/media\/3302"}],"wp:attachment":[{"href":"https:\/\/www.linktonkitchen.com\/es\/wp-json\/wp\/v2\/media?parent=3327"}],"wp:term":[{"taxonomy":"product-application","embeddable":true,"href":"https:\/\/www.linktonkitchen.com\/es\/wp-json\/wp\/v2\/product-application?post=3327"},{"taxonomy":"product-capacity","embeddable":true,"href":"https:\/\/www.linktonkitchen.com\/es\/wp-json\/wp\/v2\/product-capacity?post=3327"},{"taxonomy":"product_brand","embeddable":true,"href":"https:\/\/www.linktonkitchen.com\/es\/wp-json\/wp\/v2\/product_brand?post=3327"},{"taxonomy":"product_cat","embeddable":true,"href":"https:\/\/www.linktonkitchen.com\/es\/wp-json\/wp\/v2\/product_cat?post=3327"},{"taxonomy":"product_tag","embeddable":true,"href":"https:\/\/www.linktonkitchen.com\/es\/wp-json\/wp\/v2\/product_tag?post=3327"}],"curies":[{"name":"wp","href":"https:\/\/api.w.org\/{rel}","templated":true}]}}