{"id":3358,"date":"2024-04-22T11:49:03","date_gmt":"2024-04-22T11:49:03","guid":{"rendered":"https:\/\/linktonkitchen.com\/?post_type=product&#038;p=3358"},"modified":"2026-02-05T07:00:28","modified_gmt":"2026-02-05T07:00:28","slug":"juego-de-olla-a-presion","status":"publish","type":"product","link":"https:\/\/www.linktonkitchen.com\/es\/product\/pressure-cooker-set\/","title":{"rendered":"Mayorista Juego de olla a presi\u00f3n, Fabricante chino de olla a presi\u00f3n"},"content":{"rendered":"<div class=\"wp-block-columns is-layout-flex wp-container-core-columns-is-layout-9d6595d7 wp-block-columns-is-layout-flex\">\n<div class=\"wp-block-column is-vertically-aligned-top is-layout-flow wp-block-column-is-layout-flow\">\n<h2 class=\"wp-block-heading\">Par\u00e1metro de la olla a presi\u00f3n:<\/h2>\n\n\n\n<figure class=\"wp-block-table\"><table><tbody><tr><td>N\u00ba de modelo<\/td><td>Capacidad<\/td><td>Di\u00e1metro de la boca<\/td><td>Peso<\/td><\/tr><tr><td rowspan=\"5\">LT-CX<\/td><td>4L<\/td><td>20 cm<\/td><td>2,36 kg<\/td><\/tr><tr><td>6L<\/td><td>22 cm<\/td><td>2,78 kg<\/td><\/tr><tr><td>7L<\/td><td>24 cm<\/td><td>3,06 kg<\/td><\/tr><tr><td>9L<\/td><td>26 cm<\/td><td>3,78 kg<\/td><\/tr><tr><td>11L<\/td><td>28 cm<\/td><td>4,12 kg<\/td><\/tr><\/tbody><\/table><\/figure>\n\n\n\n<h2 class=\"wp-block-heading\">Olla a presi\u00f3n Caracter\u00edsticas:<\/h2>\n\n\n\n<p><strong>Forma cl\u00e1sica de olla a presi\u00f3n:<\/strong> El cuerpo de la olla adopta una estructura \u00fanica en forma de C, que calienta m\u00e1s uniformemente y mejora la resistencia del cuerpo de la olla. El dise\u00f1o rojo del asa es atractivo y goza de gran popularidad en el Sudeste Asi\u00e1tico, Oriente Medio, Sudam\u00e9rica y otros mercados.<\/p>\n\n\n\n<p><strong>V\u00e1lvula de bloqueo autom\u00e1tico, protecci\u00f3n de seguridad m\u00faltiple: <\/strong>que incluyen v\u00e1lvula limitadora de presi\u00f3n, v\u00e1lvula de seguridad, tapa antibloqueo, etc., para garantizar la seguridad de la cocci\u00f3n. Entre ellos, el dispositivo de v\u00e1lvula de bloqueo autom\u00e1tico no puede abrir la tapa de la olla a alta presi\u00f3n para garantizar un uso seguro.<\/p>\n\n\n\n<p><strong>Set multifuncional: <\/strong>Contiene ollas a presi\u00f3n, vaporeras y ollas para satisfacer las distintas necesidades culinarias diarias. Puede combinarse y venderse libremente para satisfacer las diferentes preferencias de combinaci\u00f3n de compra de los clientes.<\/p>\n\n\n\n<p><strong>Material de acero inoxidable de alta calidad:<\/strong> Fabricado en acero inoxidable de calidad alimentaria, con una superficie lisa, f\u00e1cil de limpiar, y se puede utilizar durante mucho tiempo.<\/p>\n\n\n\n<p><strong>Se adaptan a diversas fuentes de calor: <\/strong>Puede utilizarse para las principales fuentes de calor, como estufas de gas, cocinas de inducci\u00f3n y cocinas vitrocer\u00e1micas.<\/p>\n<\/div>\n\n\n\n<div class=\"wp-block-column is-vertically-aligned-top is-layout-flow wp-block-column-is-layout-flow\">\n<figure class=\"wp-block-image size-full\"><img fetchpriority=\"high\" decoding=\"async\" width=\"1500\" height=\"1399\" src=\"https:\/\/www.linktonkitchen.com\/wp-content\/uploads\/2024\/04\/C-Shape-Pressure-Cooker-1.webp\" alt=\"Juego de olla a presi\u00f3n al por mayor\" class=\"wp-image-3130\" style=\"object-fit:cover\" srcset=\"https:\/\/www.linktonkitchen.com\/wp-content\/uploads\/2024\/04\/C-Shape-Pressure-Cooker-1.webp 1500w, https:\/\/www.linktonkitchen.com\/wp-content\/uploads\/2024\/04\/C-Shape-Pressure-Cooker-1-300x280.webp 300w, https:\/\/www.linktonkitchen.com\/wp-content\/uploads\/2024\/04\/C-Shape-Pressure-Cooker-1-768x716.webp 768w, https:\/\/www.linktonkitchen.com\/wp-content\/uploads\/2024\/04\/C-Shape-Pressure-Cooker-1-285x266.webp 285w, https:\/\/www.linktonkitchen.com\/wp-content\/uploads\/2024\/04\/C-Shape-Pressure-Cooker-1-660x616.webp 660w, https:\/\/www.linktonkitchen.com\/wp-content\/uploads\/2024\/04\/C-Shape-Pressure-Cooker-1-150x140.webp 150w\" sizes=\"(max-width: 1500px) 100vw, 1500px\" \/><\/figure>\n<\/div>\n<\/div>\n\n\n\n<div class=\"wp-block-columns is-layout-flex wp-container-core-columns-is-layout-9d6595d7 wp-block-columns-is-layout-flex\">\n<div class=\"wp-block-column is-layout-flow wp-block-column-is-layout-flow\">\n<figure class=\"wp-block-image size-full\"><img decoding=\"async\" width=\"800\" height=\"800\" src=\"https:\/\/www.linktonkitchen.com\/wp-content\/uploads\/2024\/04\/Wholesale-Stianless-Steel-Pressure-Cooker-Set-3.webp\" alt=\"Mayorista Juego de olla a presi\u00f3n de acero inoxidable\" class=\"wp-image-7402\" srcset=\"https:\/\/www.linktonkitchen.com\/wp-content\/uploads\/2024\/04\/Wholesale-Stianless-Steel-Pressure-Cooker-Set-3.webp 800w, https:\/\/www.linktonkitchen.com\/wp-content\/uploads\/2024\/04\/Wholesale-Stianless-Steel-Pressure-Cooker-Set-3-300x300.webp 300w, https:\/\/www.linktonkitchen.com\/wp-content\/uploads\/2024\/04\/Wholesale-Stianless-Steel-Pressure-Cooker-Set-3-150x150.webp 150w, https:\/\/www.linktonkitchen.com\/wp-content\/uploads\/2024\/04\/Wholesale-Stianless-Steel-Pressure-Cooker-Set-3-768x768.webp 768w, https:\/\/www.linktonkitchen.com\/wp-content\/uploads\/2024\/04\/Wholesale-Stianless-Steel-Pressure-Cooker-Set-3-12x12.webp 12w, https:\/\/www.linktonkitchen.com\/wp-content\/uploads\/2024\/04\/Wholesale-Stianless-Steel-Pressure-Cooker-Set-3-285x285.webp 285w, https:\/\/www.linktonkitchen.com\/wp-content\/uploads\/2024\/04\/Wholesale-Stianless-Steel-Pressure-Cooker-Set-3-270x270.webp 270w, https:\/\/www.linktonkitchen.com\/wp-content\/uploads\/2024\/04\/Wholesale-Stianless-Steel-Pressure-Cooker-Set-3-540x540.webp 540w, https:\/\/www.linktonkitchen.com\/wp-content\/uploads\/2024\/04\/Wholesale-Stianless-Steel-Pressure-Cooker-Set-3-660x660.webp 660w\" sizes=\"(max-width: 800px) 100vw, 800px\" \/><\/figure>\n<\/div>\n\n\n\n<div class=\"wp-block-column is-layout-flow wp-block-column-is-layout-flow\">\n<h2 class=\"wp-block-heading\">Juego de olla a presi\u00f3n personalizado:<\/h2>\n\n\n\n<p>Ofrecemos servicios flexibles de personalizaci\u00f3n OEM y ODM para satisfacer los distintos requisitos del mercado y el posicionamiento de la marca.<\/p>\n\n\n\n<p><strong>Rango de capacidad:\u00a0<\/strong>Elija entre 4-11L para satisfacer las necesidades de diferentes tama\u00f1os de familias.<\/p>\n\n\n\n<p><strong>Acabado superficial:&nbsp;<\/strong>Disponible en pulido espejo (alto brillo), acabado satinado (aspecto cepillado) o revestimiento de color personalizado.<\/p>\n\n\n\n<p><strong>Marca y logotipo:<\/strong><\/p>\n\n\n\n<ul class=\"wp-block-list\">\n<li>Grabado por l\u00e1ser en el cuerpo de la maceta.<\/li>\n\n\n\n<li>Estampado en la parte inferior.<\/li>\n\n\n\n<li>Logotipo personalizado en asas y v\u00e1lvulas de presi\u00f3n.<\/li>\n<\/ul>\n\n\n\n<p><strong>Dise\u00f1o de envases:\u00a0<\/strong>Cajas de colores, manuales de instrucciones y cajas de env\u00edo totalmente personalizados con la identidad visual de su marca.<\/p>\n<\/div>\n<\/div>","protected":false},"excerpt":{"rendered":"<p>Juego de olla a presi\u00f3n al por mayor con placa de vapor y olla de cocci\u00f3n, en forma de c con dise\u00f1o de asa roja, tama\u00f1os de 4-6 QT para elegir. Material de acero inoxidable de alta calidad, sistema de seguridad de v\u00e1lvula de bloqueo autom\u00e1tico. Es la olla a presi\u00f3n china m\u00e1s vendida. Suministro directo de f\u00e1brica y servicio personalizado est\u00e1n disponibles. P\u00f3ngase en contacto con nosotros para obtener un presupuesto gratuito.<\/p>\n<h2>Especificaciones del juego de olla a presi\u00f3n:<\/h2>\n<table width=\"402\">\n<tbody>\n<tr>\n<td width=\"145\">Fabricante<\/td>\n<td width=\"257\">Linkton<\/td>\n<\/tr>\n<tr>\n<td width=\"145\">N\u00ba de modelo<\/td>\n<td width=\"257\">LT-CX<\/td>\n<\/tr>\n<tr>\n<td width=\"145\">Capacidad<\/td>\n<td width=\"257\">4L\/ 6L\/ 7L\/ 9L\/ 11L<\/td>\n<\/tr>\n<tr>\n<td>Material<\/td>\n<td>Acero inoxidable<\/td>\n<\/tr>\n<tr>\n<td>Funci\u00f3n<\/td>\n<td width=\"257\">\n<p>1. El juego incluye ollas a presi\u00f3n, rejilla para cocinar al vapor y ollas de cocci\u00f3n<br \/>2. 80 kpa de presi\u00f3n<br \/>3. Seguridad a prueba de explosiones<br \/>4. Limpieza c\u00f3moda<\/p>\n<\/td>\n<\/tr>\n<tr>\n<td>Estufa aplicable<\/td>\n<td>Cocina\/Estufa de inducci\u00f3n\/Estufa de gas\/Estufa el\u00e9ctrica\/Estufa de cer\u00e1mica\/Estufa hal\u00f3gena<\/td>\n<\/tr>\n<tr>\n<td>Configuraci\u00f3n<\/td>\n<td width=\"257\">Manual\/V\u00e1lvula limitadora de presi\u00f3n\/Taz\u00f3n antiderrame\/Aguja de limpieza<\/td>\n<\/tr>\n<tr>\n<td>OEM\/ODM<\/td>\n<td>Aceptable<\/td>\n<\/tr>\n<tr>\n<td>Muestra<\/td>\n<td>MOQ 1 pieza<\/td>\n<\/tr>\n<\/tbody>\n<\/table>","protected":false},"featured_media":3131,"template":"","meta":{"_acf_changed":false},"product-application":[],"product-capacity":[],"product_brand":[],"product_cat":[55],"product_tag":[85],"class_list":{"0":"post-3358","1":"product","2":"type-product","3":"status-publish","4":"has-post-thumbnail","6":"product_cat-pressure-cooker-wholesale","7":"product_tag-stainless-steel-pressure-cooker-wholesale","9":"first","10":"instock","11":"shipping-taxable","12":"product-type-simple"},"acf":[],"_links":{"self":[{"href":"https:\/\/www.linktonkitchen.com\/es\/wp-json\/wp\/v2\/product\/3358","targetHints":{"allow":["GET"]}}],"collection":[{"href":"https:\/\/www.linktonkitchen.com\/es\/wp-json\/wp\/v2\/product"}],"about":[{"href":"https:\/\/www.linktonkitchen.com\/es\/wp-json\/wp\/v2\/types\/product"}],"version-history":[{"count":0,"href":"https:\/\/www.linktonkitchen.com\/es\/wp-json\/wp\/v2\/product\/3358\/revisions"}],"wp:featuredmedia":[{"embeddable":true,"href":"https:\/\/www.linktonkitchen.com\/es\/wp-json\/wp\/v2\/media\/3131"}],"wp:attachment":[{"href":"https:\/\/www.linktonkitchen.com\/es\/wp-json\/wp\/v2\/media?parent=3358"}],"wp:term":[{"taxonomy":"product-application","embeddable":true,"href":"https:\/\/www.linktonkitchen.com\/es\/wp-json\/wp\/v2\/product-application?post=3358"},{"taxonomy":"product-capacity","embeddable":true,"href":"https:\/\/www.linktonkitchen.com\/es\/wp-json\/wp\/v2\/product-capacity?post=3358"},{"taxonomy":"product_brand","embeddable":true,"href":"https:\/\/www.linktonkitchen.com\/es\/wp-json\/wp\/v2\/product_brand?post=3358"},{"taxonomy":"product_cat","embeddable":true,"href":"https:\/\/www.linktonkitchen.com\/es\/wp-json\/wp\/v2\/product_cat?post=3358"},{"taxonomy":"product_tag","embeddable":true,"href":"https:\/\/www.linktonkitchen.com\/es\/wp-json\/wp\/v2\/product_tag?post=3358"}],"curies":[{"name":"wp","href":"https:\/\/api.w.org\/{rel}","templated":true}]}}