{"id":4650,"date":"2024-07-15T08:21:59","date_gmt":"2024-07-15T08:21:59","guid":{"rendered":"https:\/\/www.linktonkitchen.com\/?post_type=product&#038;p=4650"},"modified":"2026-02-05T08:48:39","modified_gmt":"2026-02-05T08:48:39","slug":"juego-de-olla-a-presion-2","status":"publish","type":"product","link":"https:\/\/www.linktonkitchen.com\/es\/product\/mini-pressure-cooker-wholesale\/","title":{"rendered":"Mayorista Mini Olla a Presi\u00f3n, Fabricante de Ollas a Presi\u00f3n Peque\u00f1as de Acero Triplicado"},"content":{"rendered":"<div class=\"wp-block-columns is-layout-flex wp-container-core-columns-is-layout-9d6595d7 wp-block-columns-is-layout-flex\">\n<div class=\"wp-block-column is-vertically-aligned-top is-layout-flow wp-block-column-is-layout-flow\">\n<h2 class=\"wp-block-heading\">Mini olla a presi\u00f3n Par\u00e1metros:<\/h2>\n\n\n\n<figure class=\"wp-block-table\"><table><tbody><tr><td>N\u00ba de modelo<\/td><td>Capacidad<\/td><td>Di\u00e1metro<\/td><\/tr><tr><td rowspan=\"4\">LT-XFKH<\/td><td>0.8 L<\/td><td>13cm\/15cm<\/td><\/tr><tr><td>1.2 L<\/td><td>13cm\/15cm<\/td><\/tr><tr><td>1.6 L<\/td><td>13cm\/15cm<\/td><\/tr><tr><td>2.0 L<\/td><td>13cm\/15cm<\/td><\/tr><\/tbody><\/table><\/figure>\n\n\n\n<h2 class=\"wp-block-heading\">Mini olla a presi\u00f3n Caracter\u00edsticas:<\/h2>\n\n\n\n<p><strong>Innovadora tapa con cierre de pinza: <\/strong>Exclusivo dise\u00f1o de tapa con bloqueo Pinch-Grip, puede abrir y cerrar la tapa con una sola mano. F\u00e1cil uso y garant\u00eda de seguridad.<\/p>\n\n\n\n<p><strong>Estructura triple de acero inoxidable de alta calidad:<\/strong> Calentamiento r\u00e1pido y uniforme, ahorro de energ\u00eda y eficiente, duradero.<\/p>\n\n\n\n<p><strong>Opciones de peque\u00f1a capacidad:<\/strong> 0,8L, 1,2L, 1,6L, 2,0L. Muy adecuadas para comidas de una sola persona y para cocinar en campings al aire libre.<\/p>\n\n\n\n<p><strong>Cocci\u00f3n r\u00e1pida y eficaz: <\/strong>La presurizaci\u00f3n r\u00e1pida acorta el tiempo de cocci\u00f3n. Conserva el sabor y la nutrici\u00f3n para que los alimentos sean m\u00e1s sanos.<\/p>\n\n\n\n<p><strong>M\u00faltiples protecciones de seguridad: <\/strong>Equipado con un regulador de presi\u00f3n, una v\u00e1lvula de seguridad y un orificio de escape antiobstrucci\u00f3n. Anillo de sellado resistente al calor que garantiza un sellado firme incluso a alta presi\u00f3n.<\/p>\n\n\n\n<p><strong>Compatibilidad con m\u00faltiples fuentes de calor: <\/strong>Apto para cocinas de inducci\u00f3n, de gas, el\u00e9ctricas y vitrocer\u00e1micas.<\/p>\n<\/div>\n\n\n\n<div class=\"wp-block-column is-vertically-aligned-top is-layout-flow wp-block-column-is-layout-flow\">\n<figure class=\"wp-block-image size-full\"><img fetchpriority=\"high\" decoding=\"async\" width=\"800\" height=\"800\" src=\"https:\/\/www.linktonkitchen.com\/wp-content\/uploads\/2024\/07\/Wholesale-mini-triply-stainless-steel-pressure-cookers-5.webp\" alt=\"Mayorista mini ollas a presi\u00f3n triples de acero inoxidable\" class=\"wp-image-7441\" style=\"object-fit:cover\" srcset=\"https:\/\/www.linktonkitchen.com\/wp-content\/uploads\/2024\/07\/Wholesale-mini-triply-stainless-steel-pressure-cookers-5.webp 800w, https:\/\/www.linktonkitchen.com\/wp-content\/uploads\/2024\/07\/Wholesale-mini-triply-stainless-steel-pressure-cookers-5-300x300.webp 300w, https:\/\/www.linktonkitchen.com\/wp-content\/uploads\/2024\/07\/Wholesale-mini-triply-stainless-steel-pressure-cookers-5-150x150.webp 150w, https:\/\/www.linktonkitchen.com\/wp-content\/uploads\/2024\/07\/Wholesale-mini-triply-stainless-steel-pressure-cookers-5-768x768.webp 768w, https:\/\/www.linktonkitchen.com\/wp-content\/uploads\/2024\/07\/Wholesale-mini-triply-stainless-steel-pressure-cookers-5-12x12.webp 12w, https:\/\/www.linktonkitchen.com\/wp-content\/uploads\/2024\/07\/Wholesale-mini-triply-stainless-steel-pressure-cookers-5-285x285.webp 285w, https:\/\/www.linktonkitchen.com\/wp-content\/uploads\/2024\/07\/Wholesale-mini-triply-stainless-steel-pressure-cookers-5-270x270.webp 270w, https:\/\/www.linktonkitchen.com\/wp-content\/uploads\/2024\/07\/Wholesale-mini-triply-stainless-steel-pressure-cookers-5-540x540.webp 540w, https:\/\/www.linktonkitchen.com\/wp-content\/uploads\/2024\/07\/Wholesale-mini-triply-stainless-steel-pressure-cookers-5-660x660.webp 660w\" sizes=\"(max-width: 800px) 100vw, 800px\" \/><\/figure>\n<\/div>\n<\/div>\n\n\n\n<div class=\"wp-block-columns is-layout-flex wp-container-core-columns-is-layout-9d6595d7 wp-block-columns-is-layout-flex\">\n<div class=\"wp-block-column is-layout-flow wp-block-column-is-layout-flow\">\n<figure class=\"wp-block-image size-full\"><img decoding=\"async\" width=\"3120\" height=\"3120\" src=\"https:\/\/www.linktonkitchen.com\/wp-content\/uploads\/2025\/04\/mini-pressure-cooker-manufacturer-3-edited.webp\" alt=\"fabricante de mini ollas a presi\u00f3n\" class=\"wp-image-5619\" srcset=\"https:\/\/www.linktonkitchen.com\/wp-content\/uploads\/2025\/04\/mini-pressure-cooker-manufacturer-3-edited.webp 3120w, https:\/\/www.linktonkitchen.com\/wp-content\/uploads\/2025\/04\/mini-pressure-cooker-manufacturer-3-edited-300x300.webp 300w, https:\/\/www.linktonkitchen.com\/wp-content\/uploads\/2025\/04\/mini-pressure-cooker-manufacturer-3-edited-150x150.webp 150w, https:\/\/www.linktonkitchen.com\/wp-content\/uploads\/2025\/04\/mini-pressure-cooker-manufacturer-3-edited-768x768.webp 768w, https:\/\/www.linktonkitchen.com\/wp-content\/uploads\/2025\/04\/mini-pressure-cooker-manufacturer-3-edited-12x12.webp 12w, https:\/\/www.linktonkitchen.com\/wp-content\/uploads\/2025\/04\/mini-pressure-cooker-manufacturer-3-edited-285x285.webp 285w, https:\/\/www.linktonkitchen.com\/wp-content\/uploads\/2025\/04\/mini-pressure-cooker-manufacturer-3-edited-1600x1600.webp 1600w, https:\/\/www.linktonkitchen.com\/wp-content\/uploads\/2025\/04\/mini-pressure-cooker-manufacturer-3-edited-270x270.webp 270w, https:\/\/www.linktonkitchen.com\/wp-content\/uploads\/2025\/04\/mini-pressure-cooker-manufacturer-3-edited-540x540.webp 540w, https:\/\/www.linktonkitchen.com\/wp-content\/uploads\/2025\/04\/mini-pressure-cooker-manufacturer-3-edited-660x660.webp 660w\" sizes=\"(max-width: 3120px) 100vw, 3120px\" \/><\/figure>\n<\/div>\n\n\n\n<div class=\"wp-block-column is-vertically-aligned-center is-layout-flow wp-block-column-is-layout-flow\">\n<h2 class=\"wp-block-heading\">Mini olla a presi\u00f3n personalizada:<\/h2>\n\n\n\n<p>Ofrecemos servicios flexibles de personalizaci\u00f3n OEM y ODM para satisfacer los distintos requisitos del mercado y el posicionamiento de la marca.<\/p>\n\n\n\n<p><strong>Rango de capacidad:\u00a0<\/strong>Elija entre 0,8-2L para satisfacer las necesidades de diferentes tama\u00f1os de familias.<\/p>\n\n\n\n<p><strong>Acabado superficial:&nbsp;<\/strong>Disponible en pulido espejo (alto brillo), acabado satinado (aspecto cepillado) o revestimiento de color personalizado.<\/p>\n\n\n\n<p><strong>Marca y logotipo:<\/strong><\/p>\n\n\n\n<ul class=\"wp-block-list\">\n<li>Grabado por l\u00e1ser en el cuerpo de la maceta.<\/li>\n\n\n\n<li>Estampado en la parte inferior.<\/li>\n\n\n\n<li>Logotipo personalizado en asas y v\u00e1lvulas de presi\u00f3n.<\/li>\n<\/ul>\n\n\n\n<p><strong>Dise\u00f1o de envases:&nbsp;<\/strong>Cajas de color, manuales de instrucciones y cajas de env\u00edo totalmente personalizados con la identidad visual de su marca.<\/p>\n<\/div>\n<\/div>","protected":false},"excerpt":{"rendered":"<p>Mini olla a presi\u00f3n al por mayor con tapa de bloqueo, f\u00e1cil de manejar, segura y r\u00e1pida de cocinar, adecuada para peque\u00f1as porciones o para acampar. \u00a1Las ventas directas de f\u00e1brica, el apoyo personalizado logotipo de embalaje, el mejor descuento para pedidos al por mayor, bienvenido a preguntar hoy!<\/p>\n<h2>Especificaciones de la mini olla a presi\u00f3n:<\/h2>\n<table width=\"402\">\n<tbody>\n<tr>\n<td width=\"145\">Fabricante<\/td>\n<td width=\"257\">Linkton<\/td>\n<\/tr>\n<tr>\n<td width=\"145\">N\u00ba de modelo<\/td>\n<td width=\"257\">LT-XFKH<\/td>\n<\/tr>\n<tr>\n<td width=\"145\">Capacidad<\/td>\n<td width=\"257\">0,8L\/ 1,2L\/ 1,6L\/ 2L<\/td>\n<\/tr>\n<tr>\n<td>Material<\/td>\n<td>Triple acero inoxidable<\/td>\n<\/tr>\n<tr>\n<td>Funci\u00f3n<\/td>\n<td width=\"257\">1. Dise\u00f1o de bot\u00f3n de bloqueo de seguridad<br \/>2. Cocci\u00f3n r\u00e1pida<br \/>3. Seguridad a prueba de explosiones<br \/>4. Limpieza c\u00f3moda<\/td>\n<\/tr>\n<tr>\n<td>Estufa aplicable<\/td>\n<td>Cocina de inducci\u00f3n\/de llama abierta\/de gas<\/td>\n<\/tr>\n<tr>\n<td>OEM\/ODM<\/td>\n<td>Aceptable<\/td>\n<\/tr>\n<tr>\n<td>Muestra<\/td>\n<td>MOQ 1 pieza<\/td>\n<\/tr>\n<\/tbody>\n<\/table>","protected":false},"featured_media":5662,"template":"","meta":{"_acf_changed":false},"product-application":[],"product-capacity":[],"product_brand":[],"product_cat":[55],"product_tag":[85],"class_list":{"0":"post-4650","1":"product","2":"type-product","3":"status-publish","4":"has-post-thumbnail","6":"product_cat-pressure-cooker-wholesale","7":"product_tag-stainless-steel-pressure-cooker-wholesale","9":"first","10":"instock","11":"shipping-taxable","12":"product-type-simple"},"acf":[],"_links":{"self":[{"href":"https:\/\/www.linktonkitchen.com\/es\/wp-json\/wp\/v2\/product\/4650","targetHints":{"allow":["GET"]}}],"collection":[{"href":"https:\/\/www.linktonkitchen.com\/es\/wp-json\/wp\/v2\/product"}],"about":[{"href":"https:\/\/www.linktonkitchen.com\/es\/wp-json\/wp\/v2\/types\/product"}],"version-history":[{"count":0,"href":"https:\/\/www.linktonkitchen.com\/es\/wp-json\/wp\/v2\/product\/4650\/revisions"}],"wp:featuredmedia":[{"embeddable":true,"href":"https:\/\/www.linktonkitchen.com\/es\/wp-json\/wp\/v2\/media\/5662"}],"wp:attachment":[{"href":"https:\/\/www.linktonkitchen.com\/es\/wp-json\/wp\/v2\/media?parent=4650"}],"wp:term":[{"taxonomy":"product-application","embeddable":true,"href":"https:\/\/www.linktonkitchen.com\/es\/wp-json\/wp\/v2\/product-application?post=4650"},{"taxonomy":"product-capacity","embeddable":true,"href":"https:\/\/www.linktonkitchen.com\/es\/wp-json\/wp\/v2\/product-capacity?post=4650"},{"taxonomy":"product_brand","embeddable":true,"href":"https:\/\/www.linktonkitchen.com\/es\/wp-json\/wp\/v2\/product_brand?post=4650"},{"taxonomy":"product_cat","embeddable":true,"href":"https:\/\/www.linktonkitchen.com\/es\/wp-json\/wp\/v2\/product_cat?post=4650"},{"taxonomy":"product_tag","embeddable":true,"href":"https:\/\/www.linktonkitchen.com\/es\/wp-json\/wp\/v2\/product_tag?post=4650"}],"curies":[{"name":"wp","href":"https:\/\/api.w.org\/{rel}","templated":true}]}}